{"id":24765,"date":"2016-11-24T08:41:56","date_gmt":"2016-11-24T08:41:56","guid":{"rendered":"http:\/\/www.goinstyle.se\/mer-om-instyle\/om-cookies\/"},"modified":"2025-02-11T17:13:11","modified_gmt":"2025-02-11T15:13:11","slug":"om-cookies","status":"publish","type":"page","link":"https:\/\/www.goinstyle.se\/anguilla\/mer-om-instyle\/om-cookies\/","title":{"rendered":"Om Cookies"},"content":{"rendered":"\n<style type=\"text\/css\" data-created_by=\"avia_inline_auto\" id=\"style-css-av-ajw3oi-64d0bc1493704f2552741e18b288f002\">\n.avia-section.av-ajw3oi-64d0bc1493704f2552741e18b288f002{\nbackground-repeat:no-repeat;\nbackground-image:url(https:\/\/www.goinstyle.se\/wp-content\/uploads\/2024\/04\/Spanien-golf-camiral-catalunya-restaurants-gallery-3675-1030x686.jpg);\nbackground-position:50% 50%;\nbackground-attachment:scroll;\n}\n<\/style>\n<div id='av_section_1'  class='avia-section av-ajw3oi-64d0bc1493704f2552741e18b288f002 main_color avia-section-default avia-no-shadow  avia-builder-el-0  el_before_av_one_full  avia-builder-el-first  avia-full-stretch avia-bg-style-scroll container_wrap fullsize'  data-section-bg-repeat='stretch'><div class='container av-section-cont-open' ><main  role=\"main\" itemprop=\"mainContentOfPage\"  class='template-page content  av-content-full alpha units'><div class='post-entry post-entry-type-page post-entry-24765'><div class='entry-content-wrapper clearfix'>\n\n<style type=\"text\/css\" data-created_by=\"avia_inline_auto\" id=\"style-css-av-8vje36-cf248ecf72ef017f2b5d1d38b945fe3e\">\n#top .hr.hr-invisible.av-8vje36-cf248ecf72ef017f2b5d1d38b945fe3e{\nheight:20px;\n}\n<\/style>\n<div  class='hr av-8vje36-cf248ecf72ef017f2b5d1d38b945fe3e hr-invisible  avia-builder-el-1  el_before_av_heading  avia-builder-el-first '><span class='hr-inner '><span class=\"hr-inner-style\"><\/span><\/span><\/div>\n\n<style type=\"text\/css\" data-created_by=\"avia_inline_auto\" id=\"style-css-av-77jbqq-01f1bb558403c70b5160eeb1e9679e19\">\n#top .av-special-heading.av-77jbqq-01f1bb558403c70b5160eeb1e9679e19{\npadding-bottom:10px;\ncolor:#ffffff;\nfont-size:40px;\n}\nbody .av-special-heading.av-77jbqq-01f1bb558403c70b5160eeb1e9679e19 .av-special-heading-tag .heading-char{\nfont-size:25px;\n}\n#top #wrap_all .av-special-heading.av-77jbqq-01f1bb558403c70b5160eeb1e9679e19 .av-special-heading-tag{\nfont-size:40px;\n}\n.av-special-heading.av-77jbqq-01f1bb558403c70b5160eeb1e9679e19 .special-heading-inner-border{\nborder-color:#ffffff;\n}\n.av-special-heading.av-77jbqq-01f1bb558403c70b5160eeb1e9679e19 .av-subheading{\nfont-size:15px;\n}\n\n@media only screen and (min-width: 480px) and (max-width: 767px){ \n#top #wrap_all .av-special-heading.av-77jbqq-01f1bb558403c70b5160eeb1e9679e19 .av-special-heading-tag{\nfont-size:0.8em;\n}\n}\n\n@media only screen and (max-width: 479px){ \n#top #wrap_all .av-special-heading.av-77jbqq-01f1bb558403c70b5160eeb1e9679e19 .av-special-heading-tag{\nfont-size:0.8em;\n}\n}\n<\/style>\n<div  class='av-special-heading av-77jbqq-01f1bb558403c70b5160eeb1e9679e19 av-special-heading-h6 custom-color-heading blockquote modern-quote modern-centered  avia-builder-el-2  el_after_av_hr  avia-builder-el-last  av-inherit-size'><h6 class='av-special-heading-tag '  itemprop=\"headline\"  >Om Cookies<\/h6><div class=\"special-heading-border\"><div class=\"special-heading-inner-border\"><\/div><\/div><\/div>\n<\/div><\/div><\/main><!-- close content main element --><\/div><\/div><div id='after_section_1'  class='main_color av_default_container_wrap container_wrap fullsize'  ><div class='container av-section-cont-open' ><div class='template-page content  av-content-full alpha units'><div class='post-entry post-entry-type-page post-entry-24765'><div class='entry-content-wrapper clearfix'>\n\n<style type=\"text\/css\" data-created_by=\"avia_inline_auto\" id=\"style-css-av-5zij9u-36bdfbc1b98996b27859b5092b2bad37\">\n.flex_column.av-5zij9u-36bdfbc1b98996b27859b5092b2bad37{\nborder-radius:0px 0px 0px 0px;\npadding:0px 0px 0px 0px;\n}\n<\/style>\n<div  class='flex_column av-5zij9u-36bdfbc1b98996b27859b5092b2bad37 av_one_full  avia-builder-el-3  el_after_av_section  avia-builder-el-no-sibling  first flex_column_div av-zero-column-padding  '     ><section  class='av_textblock_section av-4m5hia-a06f808f87e83dc12ee0eebf71024992 '   itemscope=\"itemscope\" itemtype=\"https:\/\/schema.org\/CreativeWork\" ><div class='avia_textblock'  itemprop=\"text\" ><h1>Om Cookies<\/h1>\n<p>P\u00e5 denna webbsida anv\u00e4nds cookies. Enligt lagen om elektronisk kommunikation fr\u00e5n den 25 juli 2003, ska alla som bes\u00f6ker webbsidor informeras om att cookies anv\u00e4nds och vad de anv\u00e4nds till. Bes\u00f6karen ska \u00e4ven samtycka till s\u00e5dan anv\u00e4ndning.<\/p>\n<p><strong>Vad \u00e4r cookies<\/strong>? En cookie \u00e4r en liten textfil som lagras p\u00e5 bes\u00f6karens dator och inneh\u00e5ller textinformation.<\/p>\n<p><strong>Vad anv\u00e4nds cookies till p\u00e5 denna sajt<\/strong>? Cookies anv\u00e4nds f\u00f6r vissa funktioner som f\u00f6rb\u00e4ttrar webbsidan f\u00f6r anv\u00e4ndaren eller ger oss statistik om anv\u00e4ndandet av sajten. Statistiken kan bara utl\u00e4sas som siffror och kopplas inte ihop med abonnemang eller person. Vi sparar ingen personlig information via cookies och information om bes\u00f6karen kan inte sp\u00e5ras via cookies. En cookie kan inte starta program.<\/p>\n<p><strong>Olika typer av cookies<\/strong>: Webbsidan anv\u00e4nder cookies som kallas <em>session cookies<\/em>. Under tiden bes\u00f6karen \u00e4r inne och surfar p\u00e5 en webbsida, skickas den h\u00e4r typen av cookie mellan bes\u00f6karens dator och servern f\u00f6r att kunna koppla information, exempelvis om vilka f\u00f6rinst\u00e4llningar bes\u00f6karen har valt p\u00e5 webbsidan. Session cookies lagras inte permanent p\u00e5 bes\u00f6karens dator\u00a0och\u00a0f\u00f6rsvinner n\u00e4r du st\u00e4nger din webbl\u00e4sare.<\/p>\n<p><strong>Samtycke<\/strong>: Varje bes\u00f6kare kan sj\u00e4lv v\u00e4lja att\u00a0acceptera att ta emot cookies, eller inte. De flesta webbl\u00e4sare tar emot cookies automatiskt, men det g\u00e5r att \u00e4ndra inst\u00e4llningarna s\u00e5 att de inte accepterar dem eller ger bes\u00f6karen ett val om han eller hon vill acceptera eller inte. Genom\u00a0att ange i webbl\u00e4saren att den ska ta emot cookies anses bes\u00f6karen samtycka till anv\u00e4ndningen.<\/p>\n<p><strong>Om bes\u00f6karen inte samtycker<\/strong> ska denna funktion i webbl\u00e4saren st\u00e4ngas av. Om cookiefunktionen st\u00e4ngs av kommer dock inte webbsidan att kunna utnyttjas till fullo.<\/p>\n<p><strong>Blockera alla cookies<\/strong>: De flesta webbl\u00e4sare ger dig m\u00f6jlighet att blockera alla cookies. Mer information om hur du \u00e4ndrar inst\u00e4llningarna f\u00f6r cookies i andra webbl\u00e4sare finns under hj\u00e4lp-menyn i webbl\u00e4saren.<\/p>\n<p>Mer information om cookies finns p\u00e5 <a href=\"http:\/\/www.pts.se\/sv\/Bransch\/Regler\/Lagar\/Lag-om-elektronisk-kommunikation\/Cookies-kakor\/Fragor-och-svar-om-kakor-for-webbplatsinnehavare\/\">Post- och Telestyrelsens hemsida<\/a>.<\/p>\n<\/div><\/section><\/div>\n","protected":false},"excerpt":{"rendered":"","protected":false},"author":2,"featured_media":0,"parent":24760,"menu_order":0,"comment_status":"closed","ping_status":"closed","template":"","meta":{"_vp_format_video_url":"","_vp_image_focal_point":[],"footnotes":""},"class_list":["post-24765","page","type-page","status-publish","hentry"],"_links":{"self":[{"href":"https:\/\/www.goinstyle.se\/anguilla\/wp-json\/wp\/v2\/pages\/24765","targetHints":{"allow":["GET"]}}],"collection":[{"href":"https:\/\/www.goinstyle.se\/anguilla\/wp-json\/wp\/v2\/pages"}],"about":[{"href":"https:\/\/www.goinstyle.se\/anguilla\/wp-json\/wp\/v2\/types\/page"}],"author":[{"embeddable":true,"href":"https:\/\/www.goinstyle.se\/anguilla\/wp-json\/wp\/v2\/users\/2"}],"replies":[{"embeddable":true,"href":"https:\/\/www.goinstyle.se\/anguilla\/wp-json\/wp\/v2\/comments?post=24765"}],"version-history":[{"count":4,"href":"https:\/\/www.goinstyle.se\/anguilla\/wp-json\/wp\/v2\/pages\/24765\/revisions"}],"predecessor-version":[{"id":54524,"href":"https:\/\/www.goinstyle.se\/anguilla\/wp-json\/wp\/v2\/pages\/24765\/revisions\/54524"}],"up":[{"embeddable":true,"href":"https:\/\/www.goinstyle.se\/anguilla\/wp-json\/wp\/v2\/pages\/24760"}],"wp:attachment":[{"href":"https:\/\/www.goinstyle.se\/anguilla\/wp-json\/wp\/v2\/media?parent=24765"}],"curies":[{"name":"wp","href":"https:\/\/api.w.org\/{rel}","templated":true}]}}