{"id":24785,"date":"2016-11-24T12:42:35","date_gmt":"2016-11-24T12:42:35","guid":{"rendered":"http:\/\/www.goinstyle.se\/om-instyle\/kontakta-oss\/"},"modified":"2022-05-12T13:43:44","modified_gmt":"2022-05-12T11:43:44","slug":"kontakta-oss","status":"publish","type":"page","link":"https:\/\/www.goinstyle.se\/anguilla\/om-instyle\/kontakta-oss\/","title":{"rendered":"Kontakta oss"},"content":{"rendered":"\n<style type=\"text\/css\" data-created_by=\"avia_inline_auto\" id=\"style-css-av-av_section-52b07f2947546f06cef88d437d8c830d\">\n.avia-section.av-av_section-52b07f2947546f06cef88d437d8c830d{\nbackground-repeat:no-repeat;\nbackground-image:url(https:\/\/www.goinstyle.se\/wp-content\/uploads\/2014\/02\/Maldiverna-instyle-5.jpg);\nbackground-position:50% 0%;\nbackground-attachment:scroll;\n}\n<\/style>\n<div id='av_section_1'  class='avia-section av-av_section-52b07f2947546f06cef88d437d8c830d main_color avia-section-default avia-no-shadow  avia-builder-el-0  el_before_av_textblock  avia-builder-el-first  avia-full-stretch avia-bg-style-scroll container_wrap fullsize'  data-section-bg-repeat='stretch'><div class='container av-section-cont-open' ><main  role=\"main\" itemprop=\"mainContentOfPage\"  class='template-page content  av-content-full alpha units'><div class='post-entry post-entry-type-page post-entry-24785'><div class='entry-content-wrapper clearfix'>\n\n<style type=\"text\/css\" data-created_by=\"avia_inline_auto\" id=\"style-css-av-av_hr-a6de236e6c183bbbd700292deacd2b52\">\n#top .hr.hr-invisible.av-av_hr-a6de236e6c183bbbd700292deacd2b52{\nheight:20px;\n}\n<\/style>\n<div  class='hr av-av_hr-a6de236e6c183bbbd700292deacd2b52 hr-invisible  avia-builder-el-1  el_before_av_heading  avia-builder-el-first '><span class='hr-inner '><span class=\"hr-inner-style\"><\/span><\/span><\/div>\n\n<style type=\"text\/css\" data-created_by=\"avia_inline_auto\" id=\"style-css-av-av_heading-1c8fec1d972ae009b801795f13d88d86\">\n#top .av-special-heading.av-av_heading-1c8fec1d972ae009b801795f13d88d86{\npadding-bottom:10px;\ncolor:#ffffff;\nfont-size:40px;\n}\nbody .av-special-heading.av-av_heading-1c8fec1d972ae009b801795f13d88d86 .av-special-heading-tag .heading-char{\nfont-size:25px;\n}\n#top #wrap_all .av-special-heading.av-av_heading-1c8fec1d972ae009b801795f13d88d86 .av-special-heading-tag{\nfont-size:40px;\n}\n.av-special-heading.av-av_heading-1c8fec1d972ae009b801795f13d88d86 .special-heading-inner-border{\nborder-color:#ffffff;\n}\n.av-special-heading.av-av_heading-1c8fec1d972ae009b801795f13d88d86 .av-subheading{\nfont-size:15px;\n}\n\n@media only screen and (min-width: 480px) and (max-width: 767px){ \n#top #wrap_all .av-special-heading.av-av_heading-1c8fec1d972ae009b801795f13d88d86 .av-special-heading-tag{\nfont-size:0.8em;\n}\n}\n\n@media only screen and (max-width: 479px){ \n#top #wrap_all .av-special-heading.av-av_heading-1c8fec1d972ae009b801795f13d88d86 .av-special-heading-tag{\nfont-size:0.8em;\n}\n}\n<\/style>\n<div  class='av-special-heading av-av_heading-1c8fec1d972ae009b801795f13d88d86 av-special-heading-h6 custom-color-heading blockquote modern-quote modern-centered  avia-builder-el-2  el_after_av_hr  avia-builder-el-last  av-inherit-size'><h6 class='av-special-heading-tag '  itemprop=\"headline\"  >Kontakta oss<\/h6><div class=\"special-heading-border\"><div class=\"special-heading-inner-border\"><\/div><\/div><\/div>\n<\/div><\/div><\/main><!-- close content main element --><\/div><\/div><div id='after_section_1'  class='main_color av_default_container_wrap container_wrap fullsize'  ><div class='container av-section-cont-open' ><div class='template-page content  av-content-full alpha units'><div class='post-entry post-entry-type-page post-entry-24785'><div class='entry-content-wrapper clearfix'>\n<section  class='av_textblock_section av-l32xzbtx-e956571c569c42961d36a1359d947043 '   itemscope=\"itemscope\" itemtype=\"https:\/\/schema.org\/CreativeWork\" ><div class='avia_textblock'  itemprop=\"text\" ><p><strong>H\u00e4r n\u00e5r du oss p\u00e5 Go InStyle:<\/strong><\/p>\n<p>031-846480<br \/>\n08-846460<\/p>\n<p><a href=\"mailto:info@goinstyle.se\">info@goinstyle.se<\/a><\/p>\n<p>Anv\u00e4nd g\u00e4rna <a href=\"https:\/\/www.goinstyle.se\/kontakta-oss\/\"><span style=\"color: #ff0000;\">kontaktformul\u00e4ret<\/span><\/a> om du vill kontakta oss!<\/p>\n<\/div><\/section>\n","protected":false},"excerpt":{"rendered":"","protected":false},"author":2,"featured_media":0,"parent":24782,"menu_order":0,"comment_status":"closed","ping_status":"closed","template":"","meta":{"_vp_format_video_url":"","_vp_image_focal_point":[],"footnotes":""},"class_list":["post-24785","page","type-page","status-publish","hentry"],"_links":{"self":[{"href":"https:\/\/www.goinstyle.se\/anguilla\/wp-json\/wp\/v2\/pages\/24785","targetHints":{"allow":["GET"]}}],"collection":[{"href":"https:\/\/www.goinstyle.se\/anguilla\/wp-json\/wp\/v2\/pages"}],"about":[{"href":"https:\/\/www.goinstyle.se\/anguilla\/wp-json\/wp\/v2\/types\/page"}],"author":[{"embeddable":true,"href":"https:\/\/www.goinstyle.se\/anguilla\/wp-json\/wp\/v2\/users\/2"}],"replies":[{"embeddable":true,"href":"https:\/\/www.goinstyle.se\/anguilla\/wp-json\/wp\/v2\/comments?post=24785"}],"version-history":[{"count":4,"href":"https:\/\/www.goinstyle.se\/anguilla\/wp-json\/wp\/v2\/pages\/24785\/revisions"}],"predecessor-version":[{"id":24853,"href":"https:\/\/www.goinstyle.se\/anguilla\/wp-json\/wp\/v2\/pages\/24785\/revisions\/24853"}],"up":[{"embeddable":true,"href":"https:\/\/www.goinstyle.se\/anguilla\/wp-json\/wp\/v2\/pages\/24782"}],"wp:attachment":[{"href":"https:\/\/www.goinstyle.se\/anguilla\/wp-json\/wp\/v2\/media?parent=24785"}],"curies":[{"name":"wp","href":"https:\/\/api.w.org\/{rel}","templated":true}]}}