{"id":3477,"date":"2016-11-24T09:10:37","date_gmt":"2016-11-24T09:10:37","guid":{"rendered":"http:\/\/www.goinstyle.se\/om-maldiverna\/"},"modified":"2018-06-28T13:25:36","modified_gmt":"2018-06-28T11:25:36","slug":"om-antigua-2","status":"publish","type":"page","link":"https:\/\/www.goinstyle.se\/antigua\/om-antigua-2\/","title":{"rendered":"Om Antigua"},"content":{"rendered":"\n<style type=\"text\/css\" data-created_by=\"avia_inline_auto\" id=\"style-css-av-av_section-adad05057ce3e675e8500b468a004c35\">\n.avia-section.av-av_section-adad05057ce3e675e8500b468a004c35{\nbackground-repeat:no-repeat;\nbackground-image:url(https:\/\/www.goinstyle.se\/wp-content\/uploads\/2016\/11\/antigua_toppbild-2.jpg);\nbackground-position:50% 0%;\nbackground-attachment:scroll;\n}\n<\/style>\n<div id='av_section_1'  class='avia-section av-av_section-adad05057ce3e675e8500b468a004c35 main_color avia-section-default avia-no-shadow  avia-builder-el-0  el_before_av_section  avia-builder-el-first  avia-full-stretch avia-bg-style-scroll container_wrap fullsize'  data-section-bg-repeat='stretch'><div class='container av-section-cont-open' ><main  role=\"main\" itemprop=\"mainContentOfPage\"  class='template-page content  av-content-full alpha units'><div class='post-entry post-entry-type-page post-entry-3477'><div class='entry-content-wrapper clearfix'>\n\n<style type=\"text\/css\" data-created_by=\"avia_inline_auto\" id=\"style-css-av-av_hr-a6de236e6c183bbbd700292deacd2b52\">\n#top .hr.hr-invisible.av-av_hr-a6de236e6c183bbbd700292deacd2b52{\nheight:20px;\n}\n<\/style>\n<div  class='hr av-av_hr-a6de236e6c183bbbd700292deacd2b52 hr-invisible  avia-builder-el-1  el_before_av_heading  avia-builder-el-first '><span class='hr-inner '><span class=\"hr-inner-style\"><\/span><\/span><\/div>\n\n<style type=\"text\/css\" data-created_by=\"avia_inline_auto\" id=\"style-css-av-av_heading-98be63588c79732dd75c8d4200085333\">\n#top .av-special-heading.av-av_heading-98be63588c79732dd75c8d4200085333{\npadding-bottom:10px;\ncolor:#ffffff;\nfont-size:40px;\n}\nbody .av-special-heading.av-av_heading-98be63588c79732dd75c8d4200085333 .av-special-heading-tag .heading-char{\nfont-size:25px;\n}\n#top #wrap_all .av-special-heading.av-av_heading-98be63588c79732dd75c8d4200085333 .av-special-heading-tag{\nfont-size:40px;\n}\n.av-special-heading.av-av_heading-98be63588c79732dd75c8d4200085333 .special-heading-inner-border{\nborder-color:#ffffff;\n}\n.av-special-heading.av-av_heading-98be63588c79732dd75c8d4200085333 .av-subheading{\nfont-size:15px;\n}\n\n@media only screen and (min-width: 480px) and (max-width: 767px){ \n#top #wrap_all .av-special-heading.av-av_heading-98be63588c79732dd75c8d4200085333 .av-special-heading-tag{\nfont-size:0.8em;\n}\n}\n\n@media only screen and (max-width: 479px){ \n#top #wrap_all .av-special-heading.av-av_heading-98be63588c79732dd75c8d4200085333 .av-special-heading-tag{\nfont-size:0.8em;\n}\n}\n<\/style>\n<div  class='av-special-heading av-av_heading-98be63588c79732dd75c8d4200085333 av-special-heading-h6 custom-color-heading blockquote modern-quote modern-centered  avia-builder-el-2  el_after_av_hr  avia-builder-el-last  av-inherit-size'><h6 class='av-special-heading-tag '  itemprop=\"headline\"  >Om Antigua<\/h6><div class=\"special-heading-border\"><div class=\"special-heading-inner-border\"><\/div><\/div><\/div>\n\n<\/div><\/div><\/main><!-- close content main element --><\/div><\/div><div id='divbred'  class='avia-section av-av_section-f69f9b9995685ee5a4eaf64d6d9c3d13 main_color avia-section-default avia-no-shadow  avia-builder-el-3  el_after_av_section  el_before_av_one_full  avia-bg-style-scroll container_wrap fullsize'  ><div class='container av-section-cont-open' ><div class='template-page content  av-content-full alpha units'><div class='post-entry post-entry-type-page post-entry-3477'><div class='entry-content-wrapper clearfix'>\n<section  class='av_textblock_section av-av_textblock-0366cc7376be6c9e82a3e9cc8987b64f '   itemscope=\"itemscope\" itemtype=\"https:\/\/schema.org\/CreativeWork\" ><div class='avia_textblock'  itemprop=\"text\" ><pre><code><nav aria-label=\"breadcrumbs\">\n            <div class=\"breadcrumb-container theme1\">\n                <ol>\n                    <li><a title=\"Du \u00e4r h\u00e4r:\" href=\"#\"><span>Du \u00e4r h\u00e4r:<\/span><\/a><span class=\"separator\">\u00bb<\/span><\/li>\n                    <\/ol>\n            <\/div>\n        <\/nav>    <script type=\"application\/ld+json\">\n        {\n            \"@context\": \"http:\/\/schema.org\",\n            \"@type\": \"BreadcrumbList\",\n            \"itemListElement\": [\n                 {\n                            \"@type\": \"ListItem\",\n                            \"position\": 1,\n                            \"item\": {\n                                \"@id\": \"#\",\n                                \"name\": \"Du \u00e4r h\u00e4r:\"\n                            }\n                        }\n                                                    ]\n        }\n    <\/script>\n   \n    <script>\n            <\/script>\n<\/code><\/pre>\n<\/div><\/section>\n<\/div><\/div><\/div><!-- close content main div --><\/div><\/div><div id='after_section_2'  class='main_color av_default_container_wrap container_wrap fullsize'  ><div class='container av-section-cont-open' ><div class='template-page content  av-content-full alpha units'><div class='post-entry post-entry-type-page post-entry-3477'><div class='entry-content-wrapper clearfix'>\n\n<style type=\"text\/css\" data-created_by=\"avia_inline_auto\" id=\"style-css-av-av_one_full-c3f0f78c26a863dc60f14a52019fd8b2\">\n#top .flex_column.av-av_one_full-c3f0f78c26a863dc60f14a52019fd8b2{\nmargin-top:0px;\nmargin-bottom:0px;\n}\n.flex_column.av-av_one_full-c3f0f78c26a863dc60f14a52019fd8b2{\nborder-radius:0px 0px 0px 0px;\npadding:0px 0px 0px 0px;\n}\n.responsive #top #wrap_all .flex_column.av-av_one_full-c3f0f78c26a863dc60f14a52019fd8b2{\nmargin-top:0px;\nmargin-bottom:0px;\n}\n<\/style>\n<div  class='flex_column av-av_one_full-c3f0f78c26a863dc60f14a52019fd8b2 av_one_full  avia-builder-el-5  el_after_av_section  el_before_av_hr  avia-builder-el-first  first flex_column_div av-zero-column-padding  '     ><section  class='av_textblock_section av-av_textblock-0366cc7376be6c9e82a3e9cc8987b64f '   itemscope=\"itemscope\" itemtype=\"https:\/\/schema.org\/CreativeWork\" ><div class='avia_textblock'  itemprop=\"text\" ><h4>Romantik, gr\u00f6nska och 365 l\u00e5nggrunda str\u00e4nder att v\u00e4lja p\u00e5!<\/h4>\n<p>Antigua erbjuder dig h\u00e4rligt inbjudande vita sandstr\u00e4nder med turkosbl\u00e5tt hav. Ett riktigt semesterparadis f\u00f6r s\u00e5v\u00e4l barnfamiljer som smekm\u00e5nadspar. H\u00e4r kan alla hitta sin favoritstrand. Bes\u00f6k den mysiga staden St Johns med butiker, marknad och ett sjudande folkliv. Med hyrbil hittar du l\u00e4tt din egen favoritplats!<\/p>\n<h4>N\u00f6jesliv, mat &amp; dryck<\/h4>\n<p>F\u00f6r den som vill spendera tiden i vattnet till mer \u00e4n bad, s\u00e5 \u00e4r dykning och snorkling perfekt att ut\u00f6va p\u00e5 den av korallrev, omgivna \u00f6n Antiqua.<br \/>\nHuvudstaden St Johns, med ca 30 000 inv\u00e5nare, \u00e4r trivsam och intim med m\u00e5nga sm\u00e5 butiker. Slink g\u00e4rna in p\u00e5 en vinbar f\u00f6r ett gott glas vin. Staden \u00e4r liten och l\u00e4tt att utforska till fots. Vid hamnen ligger popul\u00e4ra Redcliffe Quay med trevliga restauranger, butiker och barer. I slutet p\u00e5 Market Street hittar du den livliga och f\u00e4rgfyllda marknaden, fylld till bredden med exotiska frukter, gr\u00f6nsaker och dagsf\u00e4rsk fisk.<\/p>\n<h4>Sol &amp; bad<\/h4>\n<p>Med m\u00f6jlighet till en ny strand per dag i ett helt \u00e5r, sl\u00e5r Antigua det mesta i sol och badv\u00e4g! Att sola, bada och njuta av ett behagligt strandliv, \u00e4r ett m\u00e5ste p\u00e5 Antigua. Det finns str\u00e4nder f\u00f6r alla \u00f6nskem\u00e5l \u2013 m\u00e5nga \u00e4r l\u00e5nggrunda och passar fint f\u00f6r barnfamiljer. \u00c4ven par reser g\u00e4rna hit f\u00f6r att bo p\u00e5 n\u00e5got rofyllt och romantiskt hotell, n\u00e4ra stranden.<br \/>\nEftersom \u00f6n \u00e4r omgiven av korallrev, g\u00e5r det utm\u00e4rkt att \u00e4ven snorkla och dyka med stor beh\u00e5llning!<\/p>\n<h4>Sev\u00e4rdheter och aktiviteter<\/h4>\n<p>St John\u00b4s fina naturhamn bes\u00f6ks ofta av kryssningsfartyg. Runt English Harbours vackra omgivningar, ligger det v\u00e4lbevarade Nelsons Dockyard d\u00e4r den engelska flottan hade en milit\u00e4rbas s\u00e5 tidigt som p\u00e5 1700-talet.<br \/>\nShirley Heights, en utsiktsklippa p\u00e5 s\u00f6dra Antigua, ger dig en fantastisk utsikt \u00f6ver English Harbour och \u00e4nda bort till grann\u00f6arna Guadeloupe och Montserrat.<\/p>\n<p>St John\u00b4s \u00e4r en gemytlig plats med sjudande folkliv, med aff\u00e4rer, restauranger och marknad. Perfekt att strosa runt i!<\/p>\n<h4>Historia<\/h4>\n<p>Antigua tillh\u00f6r tillsammans med grann\u00f6n Barbuda samma land, som s\u00e5 sent som 1981 blev sj\u00e4lvst\u00e4ndigt fr\u00e5n Storbritannien.<\/p>\n<p>\u00d6n beboddes fr\u00e5n b\u00f6rjan av det fredliga sl\u00e4ktet Arawakindianer men blev senare \u2013 i likhet med flertalet karibiska \u00f6ar \u2013 invaderade av de mindre fredliga Karibindianerna. Christopher Columbus d\u00f6pte \u00f6n 1493 till Antigua efter en kyrka i Sevilla. P\u00e5 1630-talet blev Antigua koloniserad av engelsm\u00e4nnen och bland det f\u00f6r sta som b\u00f6rjade odlas, var tobak och n\u00e5got senare startade sockerr\u00f6rsplantager som varit en av \u00f6ns fr\u00e4msta inkomstk\u00e4llor \u00e4nda fram till 1960.<br \/>\nSlaveriet avskaffades allra f\u00f6rst 1834 p\u00e5 Antigua, vilket g\u00f6r att dagens befolkning \u00e4r \u00e4ttlingar till slavarna.<\/p>\n<h4>Bra att veta:<\/h4>\n<p>Antigua har ett relativt platt landskap med en mer kuperad terr\u00e4ng p\u00e5 den sydv\u00e4stra delen av \u00f6n. D\u00e4r ligger ocks\u00e5 vulkanen Boggy Peak med en h\u00f6jd av 405 m \u00f6 h. Kusten runt Antigua best\u00e5r av ett or\u00e4kneligt antal vikar och bukter, vilket ocks\u00e5 berikar \u00f6n med s\u00e5 m\u00e5nga fina str\u00e4nder.<\/p>\n<h4>Destinationsfakta:<\/h4>\n<p><strong>Yta<\/strong><br \/>\n280 kvadratkilometer<\/p>\n<p><strong>Inv\u00e5nare<\/strong><br \/>\nca 85 000<\/p>\n<p><strong>Spr\u00e5k<\/strong><br \/>\nEngelska, blandspr\u00e5ket Patois<\/p>\n<p><strong>Huvudstad<\/strong><br \/>\nSt John\u00b4s, ca 25000 inv\u00e5nare<\/p>\n<p><strong>Klimat<\/strong><br \/>\n\u00d6n har ett subtropiskt klimat med en st\u00e4ndigt n\u00e4rvarande bris med dagstemperaturer mellan 25 \u2013 30c som varierar med \u00e5rstiderna. V\u00e4dret kan v\u00e4xla ganska snabbt mellan sol och korta regnskurar. Solen \u00e4r dock klart dominerande! Orkans\u00e4songen infaller i perioden augusti \u2013 november.<\/p>\n<p><strong>Valuta<\/strong><br \/>\nUS Dollar och EC (East Caribbean) Dollar<\/p>\n<p><strong>Kreditkort<\/strong><br \/>\nAlla stora kreditkort accepteras som betalning p\u00e5 hotell, restauranger och de flesta aff\u00e4rer.<\/p>\n<p><strong>Dricks<\/strong><br \/>\nOftast ing\u00e5r 10% serviceavgift p\u00e5 hotell och restauranger men i de fall det inte \u00e4r inkluderat, rekommenderas man att betala 10-15% dricks. V\u00e4skb\u00e4rare ers\u00e4tts med ca 1 USD\/v\u00e4ska.<\/p>\n<p><span style=\"color: #000000;\"><strong>Tidsskillnad<\/strong><br \/>\n<\/span>-5 timmar under vinterhalv\u00e5ret och -6 timmar under sommarhalv\u00e5ret, j\u00e4mf\u00f6rt med svensk tid.<\/p>\n<p><span style=\"color: #000000;\"><strong>V\u00e4gar, trafik<\/strong><br \/>\n<\/span>Det r\u00e5der v\u00e4nstertrafik p\u00e5 Antigua. F\u00f6r att se sig omkring rekommenderas hyrbil eller motorcykel. OBS! V\u00e4garna \u00e4r dock smala och inte alltid av v\u00e4sterl\u00e4ndsk standard!<\/p>\n<p><span style=\"color: #000000;\"><strong>Elektricitet<\/strong><br \/>\n<\/span>110 volt. Ta med internationell adapter.<\/p>\n<\/div><\/section><\/div>\n<style type=\"text\/css\" data-created_by=\"avia_inline_auto\" id=\"style-css-av-av_hr-0688d0b0b6ed2f8b057db7a8270206df\">\n#top .hr.hr-invisible.av-av_hr-0688d0b0b6ed2f8b057db7a8270206df{\nheight:50px;\n}\n<\/style>\n<div  class='hr av-av_hr-0688d0b0b6ed2f8b057db7a8270206df hr-invisible  avia-builder-el-7  el_after_av_one_full  el_before_av_one_half '><span class='hr-inner '><span class=\"hr-inner-style\"><\/span><\/span><\/div><\/p>\n<div class='flex_column_table av-av_one_half-eb22d586db4aa8536998fa6076f87d77 sc-av_one_half av-equal-height-column-flextable'>\n<style type=\"text\/css\" data-created_by=\"avia_inline_auto\" id=\"style-css-av-av_one_half-eb22d586db4aa8536998fa6076f87d77\">\n.flex_column.av-av_one_half-eb22d586db4aa8536998fa6076f87d77{\nborder-radius:0px 0px 0px 0px;\npadding:20px 20px 20px 20px;\nbackground-color:#f7f7f7;\n}\n<\/style>\n<div  class='flex_column av-av_one_half-eb22d586db4aa8536998fa6076f87d77 av_one_half  avia-builder-el-8  el_after_av_hr  el_before_av_one_half  first flex_column_table_cell av-equal-height-column av-align-top  '     ><p>\n<style type=\"text\/css\" data-created_by=\"avia_inline_auto\" id=\"style-css-av-av_heading-5e1bb4e2c977e97b14645873cdebaa13\">\n#top .av-special-heading.av-av_heading-5e1bb4e2c977e97b14645873cdebaa13{\npadding-bottom:10px;\n}\nbody .av-special-heading.av-av_heading-5e1bb4e2c977e97b14645873cdebaa13 .av-special-heading-tag .heading-char{\nfont-size:25px;\n}\n.av-special-heading.av-av_heading-5e1bb4e2c977e97b14645873cdebaa13 .av-subheading{\nfont-size:15px;\n}\n<\/style>\n<div  class='av-special-heading av-av_heading-5e1bb4e2c977e97b14645873cdebaa13 av-special-heading-h3  avia-builder-el-9  el_before_av_iconlist  avia-builder-el-first '><h3 class='av-special-heading-tag '  itemprop=\"headline\"  >Fakta<\/h3><div class=\"special-heading-border\"><div class=\"special-heading-inner-border\"><\/div><\/div><\/div><br \/>\n\n<style type=\"text\/css\" data-created_by=\"avia_inline_auto\" id=\"style-css-av-av_iconlist-999a2d681d06b0992925b5a008e74484\">\n#top .avia-icon-list-container.av-av_iconlist-999a2d681d06b0992925b5a008e74484 .iconlist_icon{\ncolor:#3a3a3a;\nbackground-color:#f7f7f7;\nborder:1px solid #3a3a3a;\n}\n<\/style>\n<div  class='avia-icon-list-container av-av_iconlist-999a2d681d06b0992925b5a008e74484  avia-builder-el-10  el_after_av_heading  avia-builder-el-last '><ul class='avia-icon-list avia_animate_when_almost_visible avia-icon-list-left av-iconlist-big av-av_iconlist-999a2d681d06b0992925b5a008e74484 avia-iconlist-animate'>\n<li><div class='iconlist_icon av-av_iconlist_item-39b279e8171f6829e56095a29a82e327 avia-font-entypo-fontello'><span class='iconlist-char' aria-hidden='true' data-av_icon='\ue84d' data-av_iconfont='entypo-fontello'><\/span><\/div><article class=\"article-icon-entry \"  itemscope=\"itemscope\" itemtype=\"https:\/\/schema.org\/CreativeWork\" ><div class=\"iconlist_content_wrap\"><header class=\"entry-content-header\" aria-label=\"Icon: Visum\"><h4 class='av_iconlist_title iconlist_title  '  itemprop=\"headline\" >Visum<\/h4><\/header><div class='iconlist_content '  itemprop=\"text\" ><p><em>text.<\/em><\/p>\n<\/div><\/div><footer class=\"entry-footer\"><\/footer><\/article><div class=\"iconlist-timeline\"><\/div><\/li>\n<li><div class='iconlist_icon av-av_iconlist_item-e2f1d09a1cbbc00a097234998041fc3d avia-font-entypo-fontello'><span class='iconlist-char' aria-hidden='true' data-av_icon='\ue8cf' data-av_iconfont='entypo-fontello'><\/span><\/div><article class=\"article-icon-entry \"  itemscope=\"itemscope\" itemtype=\"https:\/\/schema.org\/CreativeWork\" ><div class=\"iconlist_content_wrap\"><header class=\"entry-content-header\" aria-label=\"Icon: Valuta\"><h4 class='av_iconlist_title iconlist_title  '  itemprop=\"headline\" >Valuta<\/h4><\/header><div class='iconlist_content '  itemprop=\"text\" ><p><em>Valuta<\/em><\/p>\n<\/div><\/div><footer class=\"entry-footer\"><\/footer><\/article><div class=\"iconlist-timeline\"><\/div><\/li>\n<li><div class='iconlist_icon av-av_iconlist_item-8d5312078593b0174c29e7a8047add13 avia-font-entypo-fontello'><span class='iconlist-char' aria-hidden='true' data-av_icon='\ue866' data-av_iconfont='entypo-fontello'><\/span><\/div><article class=\"article-icon-entry \"  itemscope=\"itemscope\" itemtype=\"https:\/\/schema.org\/CreativeWork\" ><div class=\"iconlist_content_wrap\"><header class=\"entry-content-header\" aria-label=\"Icon: Klimat\"><h4 class='av_iconlist_title iconlist_title  '  itemprop=\"headline\" >Klimat<\/h4><\/header><div class='iconlist_content '  itemprop=\"text\" ><p><em>Klimat<\/em><\/p>\n<\/div><\/div><footer class=\"entry-footer\"><\/footer><\/article><div class=\"iconlist-timeline\"><\/div><\/li>\n<\/ul><\/div><\/p><\/div>\n<div class='av-flex-placeholder'><\/div>\n<style type=\"text\/css\" data-created_by=\"avia_inline_auto\" id=\"style-css-av-av_one_half-c99897e014b6ac50785e16af58e9b83d\">\n.flex_column.av-av_one_half-c99897e014b6ac50785e16af58e9b83d{\nborder-radius:0px 0px 0px 0px;\npadding:20px 20px 20px 20px;\nbackground-color:#f7f7f7;\n}\n<\/style>\n<div  class='flex_column av-av_one_half-c99897e014b6ac50785e16af58e9b83d av_one_half  avia-builder-el-11  el_after_av_one_half  avia-builder-el-last  flex_column_table_cell av-equal-height-column av-align-top  '     ><p>\n<style type=\"text\/css\" data-created_by=\"avia_inline_auto\" id=\"style-css-av-av_heading-a8f60ef72849b8b0cf4d08e012dead90\">\n#top .av-special-heading.av-av_heading-a8f60ef72849b8b0cf4d08e012dead90{\npadding-bottom:10px;\n}\nbody .av-special-heading.av-av_heading-a8f60ef72849b8b0cf4d08e012dead90 .av-special-heading-tag .heading-char{\nfont-size:25px;\n}\n.av-special-heading.av-av_heading-a8f60ef72849b8b0cf4d08e012dead90 .av-subheading{\nfont-size:15px;\n}\n<\/style>\n<div  class='av-special-heading av-av_heading-a8f60ef72849b8b0cf4d08e012dead90 av-special-heading-h3  avia-builder-el-12  el_before_av_sidebar  avia-builder-el-first '><h3 class='av-special-heading-tag '  itemprop=\"headline\"  >V\u00e4der<\/h3><div class=\"special-heading-border\"><div class=\"special-heading-inner-border\"><\/div><\/div><\/div><br \/>\n<div  class='avia-builder-widget-area clearfix  avia-builder-el-13  el_after_av_heading  avia-builder-el-last '><div id=\"weer_widget-3\" class=\"widget clearfix weer_widget\">\n        <div id=\"\"\n             class=\"weather_widget_wrap weer-widget weather_widget_style1\"\n             data-text-color='#000000'\n             data-background=\"#f7f7f7\"\n             data-width=\"100\"\n             data-header=\"\"\n             data-days=\"3\"\n             data-sunrise=\"false\"\n             data-wind=\"false\"\n             data-current=\"on\"\n             data-language=\"english\"\n             data-city=\"Saint John's\"\n             data-country=\"Antigua\">\n\n            <div class=\"weather_widget_placeholder\"><\/div>\n            <div style=\"font-size: 14px;text-align: center;padding-top: 6px;padding-bottom: 4px;background: rgba(0,0,0,0.03);\">\n                Powered by <a target=\"_blank\" href=\"https:\/\/www.weer1.com\">Weer1.com<\/a>\n            <\/div>\n        <\/div>\n        <\/div><\/div><\/p><\/div><\/div><!--close column table wrapper. Autoclose: 1 -->\n","protected":false},"excerpt":{"rendered":"","protected":false},"author":2,"featured_media":0,"parent":0,"menu_order":0,"comment_status":"open","ping_status":"open","template":"","meta":{"_vp_format_video_url":"","_vp_image_focal_point":[],"footnotes":""},"class_list":["post-3477","page","type-page","status-publish","hentry"],"_links":{"self":[{"href":"https:\/\/www.goinstyle.se\/antigua\/wp-json\/wp\/v2\/pages\/3477","targetHints":{"allow":["GET"]}}],"collection":[{"href":"https:\/\/www.goinstyle.se\/antigua\/wp-json\/wp\/v2\/pages"}],"about":[{"href":"https:\/\/www.goinstyle.se\/antigua\/wp-json\/wp\/v2\/types\/page"}],"author":[{"embeddable":true,"href":"https:\/\/www.goinstyle.se\/antigua\/wp-json\/wp\/v2\/users\/2"}],"replies":[{"embeddable":true,"href":"https:\/\/www.goinstyle.se\/antigua\/wp-json\/wp\/v2\/comments?post=3477"}],"version-history":[{"count":20,"href":"https:\/\/www.goinstyle.se\/antigua\/wp-json\/wp\/v2\/pages\/3477\/revisions"}],"predecessor-version":[{"id":20317,"href":"https:\/\/www.goinstyle.se\/antigua\/wp-json\/wp\/v2\/pages\/3477\/revisions\/20317"}],"wp:attachment":[{"href":"https:\/\/www.goinstyle.se\/antigua\/wp-json\/wp\/v2\/media?parent=3477"}],"curies":[{"name":"wp","href":"https:\/\/api.w.org\/{rel}","templated":true}]}}