{"id":33296,"date":"2018-06-28T13:24:31","date_gmt":"2018-06-28T11:24:31","guid":{"rendered":"http:\/\/www.goinstyle.se\/?page_id=33296"},"modified":"2024-02-21T16:28:58","modified_gmt":"2024-02-21T14:28:58","slug":"om-aruba-3","status":"publish","type":"page","link":"https:\/\/www.goinstyle.se\/aruba\/om-aruba-3\/","title":{"rendered":"Om Aruba"},"content":{"rendered":"\n<style type=\"text\/css\" data-created_by=\"avia_inline_auto\" id=\"style-css-av-7ryr2q8-c9573fabbc8f7bedba353a6d3ae71c84\">\n.avia-section.av-7ryr2q8-c9573fabbc8f7bedba353a6d3ae71c84{\nbackground-repeat:no-repeat;\nbackground-image:url(https:\/\/www.goinstyle.se\/wp-content\/uploads\/2016\/11\/aruba_toppbild_surfing_vattensport.jpg);\nbackground-position:50% 0%;\nbackground-attachment:scroll;\n}\n<\/style>\n<div id='av_section_1'  class='avia-section av-7ryr2q8-c9573fabbc8f7bedba353a6d3ae71c84 main_color avia-section-default avia-no-shadow  avia-builder-el-0  el_before_av_section  avia-builder-el-first  avia-full-stretch avia-bg-style-scroll container_wrap fullsize'  data-section-bg-repeat='stretch'><div class='container av-section-cont-open' ><main  role=\"main\" itemprop=\"mainContentOfPage\"  class='template-page content  av-content-full alpha units'><div class='post-entry post-entry-type-page post-entry-33296'><div class='entry-content-wrapper clearfix'>\n\n<style type=\"text\/css\" data-created_by=\"avia_inline_auto\" id=\"style-css-av-74quhe8-77ff0582cfe938206996ee570433e838\">\n#top .hr.hr-invisible.av-74quhe8-77ff0582cfe938206996ee570433e838{\nheight:20px;\n}\n<\/style>\n<div  class='hr av-74quhe8-77ff0582cfe938206996ee570433e838 hr-invisible  avia-builder-el-1  el_before_av_heading  avia-builder-el-first '><span class='hr-inner '><span class=\"hr-inner-style\"><\/span><\/span><\/div>\n\n<style type=\"text\/css\" data-created_by=\"avia_inline_auto\" id=\"style-css-av-6uwcztc-c1b3a942de40b1bea13088fd6fb209de\">\n#top .av-special-heading.av-6uwcztc-c1b3a942de40b1bea13088fd6fb209de{\npadding-bottom:10px;\ncolor:#ffffff;\nfont-size:40px;\n}\nbody .av-special-heading.av-6uwcztc-c1b3a942de40b1bea13088fd6fb209de .av-special-heading-tag .heading-char{\nfont-size:25px;\n}\n#top #wrap_all .av-special-heading.av-6uwcztc-c1b3a942de40b1bea13088fd6fb209de .av-special-heading-tag{\nfont-size:40px;\n}\n.av-special-heading.av-6uwcztc-c1b3a942de40b1bea13088fd6fb209de .special-heading-inner-border{\nborder-color:#ffffff;\n}\n.av-special-heading.av-6uwcztc-c1b3a942de40b1bea13088fd6fb209de .av-subheading{\nfont-size:15px;\n}\n\n@media only screen and (min-width: 480px) and (max-width: 767px){ \n#top #wrap_all .av-special-heading.av-6uwcztc-c1b3a942de40b1bea13088fd6fb209de .av-special-heading-tag{\nfont-size:0.8em;\n}\n}\n\n@media only screen and (max-width: 479px){ \n#top #wrap_all .av-special-heading.av-6uwcztc-c1b3a942de40b1bea13088fd6fb209de .av-special-heading-tag{\nfont-size:0.8em;\n}\n}\n<\/style>\n<div  class='av-special-heading av-6uwcztc-c1b3a942de40b1bea13088fd6fb209de av-special-heading-h6 custom-color-heading blockquote modern-quote modern-centered  avia-builder-el-2  el_after_av_hr  avia-builder-el-last  av-inherit-size'><h6 class='av-special-heading-tag '  itemprop=\"headline\"  >Om Aruba<\/h6><div class=\"special-heading-border\"><div class=\"special-heading-inner-border\"><\/div><\/div><\/div>\n\n<\/div><\/div><\/main><!-- close content main element --><\/div><\/div><div id='av_section_2'  class='avia-section av-637n7zk-1da77ee99cd67a7c711f54b11340370a main_color avia-section-default avia-no-shadow  avia-builder-el-3  el_after_av_section  avia-builder-el-last  avia-bg-style-scroll container_wrap fullsize'  ><div class='container av-section-cont-open' ><div class='template-page content  av-content-full alpha units'><div class='post-entry post-entry-type-page post-entry-33296'><div class='entry-content-wrapper clearfix'>\n<section  class='av_textblock_section av-5qwqv2o-8bf99d170e6b8be0bd113526434d2f5d '   itemscope=\"itemscope\" itemtype=\"https:\/\/schema.org\/CreativeWork\" ><div class='avia_textblock'  itemprop=\"text\" ><pre><code><nav aria-label=\"breadcrumbs\">\n            <div class=\"breadcrumb-container theme1\">\n                <ol>\n                    <li><a title=\"Du \u00e4r h\u00e4r:\" href=\"#\"><span>Du \u00e4r h\u00e4r:<\/span><\/a><span class=\"separator\">\u00bb<\/span><\/li>\n                    <\/ol>\n            <\/div>\n        <\/nav>    <script type=\"application\/ld+json\">\n        {\n            \"@context\": \"http:\/\/schema.org\",\n            \"@type\": \"BreadcrumbList\",\n            \"itemListElement\": [\n                 {\n                            \"@type\": \"ListItem\",\n                            \"position\": 1,\n                            \"item\": {\n                                \"@id\": \"#\",\n                                \"name\": \"Du \u00e4r h\u00e4r:\"\n                            }\n                        }\n                                                    ]\n        }\n    <\/script>\n   \n    <script>\n            <\/script>\n<\/code><\/pre>\n<\/div><\/section>\n\n<style type=\"text\/css\" data-created_by=\"avia_inline_auto\" id=\"style-css-av-5ev95io-3ca5f3f19889759750bf1f30692f3a36\">\n#top .flex_column.av-5ev95io-3ca5f3f19889759750bf1f30692f3a36{\nmargin-top:0px;\nmargin-bottom:0px;\n}\n.flex_column.av-5ev95io-3ca5f3f19889759750bf1f30692f3a36{\nborder-radius:0px 0px 0px 0px;\npadding:0px 0px 0px 0px;\n}\n.responsive #top #wrap_all .flex_column.av-5ev95io-3ca5f3f19889759750bf1f30692f3a36{\nmargin-top:0px;\nmargin-bottom:0px;\n}\n<\/style>\n<div  class='flex_column av-5ev95io-3ca5f3f19889759750bf1f30692f3a36 av_one_full  avia-builder-el-5  el_after_av_textblock  el_before_av_hr  first flex_column_div av-zero-column-padding  column-top-margin'     ><section  class='av_textblock_section av-hlwxgw-e0054f101d2d91f003a1eb73fcdfbfc9 '   itemscope=\"itemscope\" itemtype=\"https:\/\/schema.org\/CreativeWork\" ><div class='avia_textblock'  itemprop=\"text\" ><h3>Kritvita sandstr\u00e4nder, vattensporter och djuphavsfiske<\/h3>\n<p>Aruba \u00e4r \u00f6n f\u00f6r dig som s\u00f6ker sol och bad med m\u00f6jligheter till vattensportaktiviteter, djuphavsfiske, golf och kanske en runda vid roulettebordet. H\u00e4r finns det mesta du kan \u00f6nska dig med en varierande natur och starkt skiftande landskapsbild!<\/p>\n<h3>N\u00f6jesliv, mat och dryck<\/h3>\n<p>Det mesta i n\u00f6jesv\u00e4g koncentrerar sig till huvudstaden Oranjestad som \u00e4r en modern, mindre hamnstad, uppbyggd i gammal kolonialstil. Gatorna \u00e4r breda och h\u00e4r finner du ett stort utbud av butiker d\u00e4r du handlar skattefritt! H\u00e4r kan du ocks\u00e5 dansa salsa och l\u00e4ra k\u00e4nna den v\u00e4nliga lokala befolkningen p\u00e5 klubben Mambo-Jambo.<\/p>\n<h3>Sol &amp; Bad<\/h3>\n<p>Str\u00e4nderna \u00e4r kritvita och h\u00e4r badar du i klart turkosbl\u00e5tt vatten med sikt upp till 30 meters djup. De mest k\u00e4nda str\u00e4nderna \u00e4r Eagle Beach och Palm Beach p\u00e5 \u00f6ns v\u00e4stra del, norr om Oranjestad.<\/p>\n<h3>Sev\u00e4rdheter och aktiviteter<\/h3>\n<p>Aruba \u00e4r en aktiv \u00f6 d\u00e4r vattensporter st\u00e5r i centrum med windsurfing, kitesurfing, katamaranturer. Djuphavsfiske, snorkling och dykning \u00e4r andra aktiviteter som \u00e4r i toppklass h\u00e4r. Det finns ocks\u00e5 bra m\u00f6jligheter till golf och kv\u00e4llsn\u00f6jen \u2013 varf\u00f6r inte prova lyckan p\u00e5 n\u00e5got av \u00f6ns m\u00e5nga casinon.<\/p>\n<p>Bes\u00f6k g\u00e4rna Arikok National Park med grottor, kaktusskogar och tusen\u00e5riga indianm\u00e5lningar. Naturen p\u00e5 Aruba \u00e4r speciell och p\u00e5 intet s\u00e4tt typisk f\u00f6r alla karibiska \u00f6ar.<\/p>\n<p>P\u00e5 ostkusten kan du utforska de stora grottsystemen med sina stora grottsalar och g\u00e5ngar d\u00e4r fantastiska grottm\u00e5lningar och annat intressant kan upplevas.<\/p>\n<h3>Historia<\/h3>\n<p>Aruba och de anda tv\u00e5 \u00f6arna Bonaire och Curacao som tillh\u00f6r ABC-\u00f6arna, beboddes ursprungligen av Caiquetios, en fredlig stam av Arawakindianerna. Man levde av fiske och salt som anv\u00e4ndes som handelsvaror. Aruba kontrollerades av spanjorerna fr\u00e5n 1499 fram till 1636 d\u00e5 holl\u00e4ndarna tog \u00f6ver. Ett resultat av jakten p\u00e5 salt och tr\u00e4. Historien visar att saltet och slavhandel varit grunden f\u00f6r ekonomin, med frekventa inslag som m\u00f6tesplats f\u00f6r pirater. Idag \u00e4r Aruba en del av Konungariket Nederl\u00e4nderna och holl\u00e4ndska \u00e4r det officiella spr\u00e5ket. Det inhemska spr\u00e5ket papiamento, som \u00e4r ett lokalt blandspr\u00e5k, \u00e4r dock det som talas mest. Spanska och engelska talas ocks\u00e5 relativt allm\u00e4nt.<\/p>\n<h3>Bra att veta:<\/h3>\n<p>Naturen p\u00e5 Aruba \u00e4r speciell och p\u00e5 intet s\u00e4tt typisk f\u00f6r alla karibiska \u00f6ar. P\u00e5 v\u00e4st och sydkusten hittar du l\u00e5ngstr\u00e4ckta, vita str\u00e4nder. P\u00e5 nordostkusten, \u00f6ns vindsida, \u00e4r str\u00e4nderna karga och klippiga.\u2028 Landskapet \u00e4r flackt och vegetationen \u00e4r bitvis \u00f6kenliknande med inslag av stora kaktusar och dividivitr\u00e4d. En stor del av \u00f6n \u00e4r nationalpark och skyddat omr\u00e5de.<\/p>\n<h3 class=\"western\">Destinationsfakta:<\/h3>\n<p><strong>L\u00e4ngd\/Bredd:<\/strong><br \/>\n30 km\/10 km<\/p>\n<p><strong>Inv\u00e5nare:<\/strong><br \/>\n90 000<\/p>\n<p><strong>Spr\u00e5k:<\/strong><br \/>\nHoll\u00e4ndska och Engelska<\/p>\n<p><strong>Huvudstad:<\/strong><br \/>\nOranjestad<\/p>\n<p><strong>Klimat:<\/strong><br \/>\n\u00d6n har ett subtropiskt klimat med en st\u00e4ndigt n\u00e4rvarande bris med dagstemperaturer mellan 25 \u2013 30c som varierar med \u00e5rstiderna. V\u00e4dret kan v\u00e4xla ganska snabbt mellan sol och korta regnskurar. Aruba ligger utanf\u00f6r orkanb\u00e4ltet.<\/p>\n<p><strong>Valuta:<\/strong><br \/>\nArubaflorentiner (AFI)<\/p>\n<p><strong>Kreditkort:<\/strong><br \/>\nAlla stora kreditkort accepteras som betalning p\u00e5 hotell, restauranger och de flesta aff\u00e4rer.<\/p>\n<p><strong>Dricks:<\/strong><br \/>\nOftast ing\u00e5r 10% serviceavgift p\u00e5 hotell och restauranger men i de fall det inte \u00e4r inkluderat, rekommenderas man att betala 10-15% dricks. V\u00e4skb\u00e4rare ers\u00e4tts med ca 1 USD\/v\u00e4ska.<\/p>\n<p><strong>Tidsskillnad:<\/strong><br \/>\n-5 timmar under vinterhalv\u00e5ret och -6 timmar under sommarhalv\u00e5ret, j\u00e4mf\u00f6rt med svensk tid<\/p>\n<p><strong>V\u00e4gar, trafik:<\/strong><br \/>\nH\u00f6gertrafik. Allm\u00e4nna transportmedel: Bussar och taxi. M\u00f6jligheter att hyra bil, motorcykel eller cykel.<\/p>\n<p><strong>Elektricitet:<\/strong><br \/>\n110 volt.<\/p>\n<\/div><\/section><\/div>\n<style type=\"text\/css\" data-created_by=\"avia_inline_auto\" id=\"style-css-av-476c2fk-de463089b38f411036e125b6a7de19d2\">\n#top .hr.hr-invisible.av-476c2fk-de463089b38f411036e125b6a7de19d2{\nheight:50px;\n}\n<\/style>\n<div  class='hr av-476c2fk-de463089b38f411036e125b6a7de19d2 hr-invisible  avia-builder-el-7  el_after_av_one_full  el_before_av_two_fifth '><span class='hr-inner '><span class=\"hr-inner-style\"><\/span><\/span><\/div>\n<div class='flex_column_table av-dkivjk-149db9881210d568b900919e3aac6c67 sc-av_two_fifth av-equal-height-column-flextable'>\n<style type=\"text\/css\" data-created_by=\"avia_inline_auto\" id=\"style-css-av-dkivjk-149db9881210d568b900919e3aac6c67\">\n.flex_column.av-dkivjk-149db9881210d568b900919e3aac6c67{\nborder-radius:0px 0px 0px 0px;\npadding:20px 20px 20px 20px;\nbackground-color:#f7f7f7;\n}\n<\/style>\n<div  class='flex_column av-dkivjk-149db9881210d568b900919e3aac6c67 av_two_fifth  avia-builder-el-8  el_after_av_hr  el_before_av_three_fifth  first flex_column_table_cell av-equal-height-column av-align-top  '     ><p>\n<style type=\"text\/css\" data-created_by=\"avia_inline_auto\" id=\"style-css-av-3hhygls-776c04cf4f57df9d31f4d9628850e06f\">\n#top .av-special-heading.av-3hhygls-776c04cf4f57df9d31f4d9628850e06f{\npadding-bottom:10px;\n}\nbody .av-special-heading.av-3hhygls-776c04cf4f57df9d31f4d9628850e06f .av-special-heading-tag .heading-char{\nfont-size:25px;\n}\n.av-special-heading.av-3hhygls-776c04cf4f57df9d31f4d9628850e06f .av-subheading{\nfont-size:15px;\n}\n<\/style>\n<div  class='av-special-heading av-3hhygls-776c04cf4f57df9d31f4d9628850e06f av-special-heading-h3  avia-builder-el-9  el_before_av_iconlist  avia-builder-el-first '><h3 class='av-special-heading-tag '  itemprop=\"headline\"  >Fakta<\/h3><div class=\"special-heading-border\"><div class=\"special-heading-inner-border\"><\/div><\/div><\/div><br \/>\n\n<style type=\"text\/css\" data-created_by=\"avia_inline_auto\" id=\"style-css-av-32rydw0-3461a28461de6e8b0e8e522046928317\">\n#top .avia-icon-list-container.av-32rydw0-3461a28461de6e8b0e8e522046928317 .iconlist_icon{\ncolor:#3a3a3a;\nbackground-color:#f7f7f7;\nborder:1px solid #3a3a3a;\n}\n<\/style>\n<div  class='avia-icon-list-container av-32rydw0-3461a28461de6e8b0e8e522046928317  avia-builder-el-10  el_after_av_heading  avia-builder-el-last '><ul class='avia-icon-list avia_animate_when_almost_visible avia-icon-list-left av-iconlist-big av-32rydw0-3461a28461de6e8b0e8e522046928317 avia-iconlist-animate'>\n<li><div class='iconlist_icon av-2jvuxkg-d921bdff6c53169f7d044c494ff5fe00 avia-font-entypo-fontello'><span class='iconlist-char' aria-hidden='true' data-av_icon='\ue84d' data-av_iconfont='entypo-fontello'><\/span><\/div><article class=\"article-icon-entry \"  itemscope=\"itemscope\" itemtype=\"https:\/\/schema.org\/CreativeWork\" ><div class=\"iconlist_content_wrap\"><header class=\"entry-content-header\" aria-label=\"Icon: Visum\"><h4 class='av_iconlist_title iconlist_title  '  itemprop=\"headline\" >Visum<\/h4><\/header><div class='iconlist_content '  itemprop=\"text\" ><p><em>Visum beh\u00f6vs inte f\u00f6r svenska medborgare<\/em><\/p>\n<\/div><\/div><footer class=\"entry-footer\"><\/footer><\/article><div class=\"iconlist-timeline\"><\/div><\/li>\n<li><div class='iconlist_icon av-1vtj380-57122eb47e07bb3c65041a4757b178e9 avia-font-entypo-fontello'><span class='iconlist-char' aria-hidden='true' data-av_icon='\ue8cf' data-av_iconfont='entypo-fontello'><\/span><\/div><article class=\"article-icon-entry \"  itemscope=\"itemscope\" itemtype=\"https:\/\/schema.org\/CreativeWork\" ><div class=\"iconlist_content_wrap\"><header class=\"entry-content-header\" aria-label=\"Icon: Valuta\"><h4 class='av_iconlist_title iconlist_title  '  itemprop=\"headline\" >Valuta<\/h4><\/header><div class='iconlist_content '  itemprop=\"text\" ><p><em>Arubaflorentiner (AFI)<\/em><\/p>\n<\/div><\/div><footer class=\"entry-footer\"><\/footer><\/article><div class=\"iconlist-timeline\"><\/div><\/li>\n<li><div class='iconlist_icon av-1sllzqo-3e60d5144a2718e35205d6ab155d11bf avia-font-entypo-fontello'><span class='iconlist-char' aria-hidden='true' data-av_icon='\ue866' data-av_iconfont='entypo-fontello'><\/span><\/div><article class=\"article-icon-entry \"  itemscope=\"itemscope\" itemtype=\"https:\/\/schema.org\/CreativeWork\" ><div class=\"iconlist_content_wrap\"><header class=\"entry-content-header\" aria-label=\"Icon: Klimat\"><h4 class='av_iconlist_title iconlist_title  '  itemprop=\"headline\" >Klimat<\/h4><\/header><div class='iconlist_content '  itemprop=\"text\" ><p>Subtropiskt klimat med en st\u00e4ndigt n\u00e4rvarande bris med dagstemperaturer mellan 25 \u2013 30c som varierar med \u00e5rstiderna. Aruba ligger utanf\u00f6r det s k orkanb\u00e4ltet.<\/p>\n<\/div><\/div><footer class=\"entry-footer\"><\/footer><\/article><div class=\"iconlist-timeline\"><\/div><\/li>\n<\/ul><\/div><\/p><\/div><div class='av-flex-placeholder'><\/div>\n<style type=\"text\/css\" data-created_by=\"avia_inline_auto\" id=\"style-css-av-lsvva0xc-df534961c3fa52f3775f7bec7bd6a54a\">\n.flex_column.av-lsvva0xc-df534961c3fa52f3775f7bec7bd6a54a{\nborder-radius:0px 0px 0px 0px;\npadding:20px 20px 20px 20px;\nbackground:url(https:\/\/www.goinstyle.se\/wp-content\/uploads\/2024\/02\/Aruba-vader.png.webp) 0% 100% no-repeat scroll #f7f7f7;\n}\n<\/style>\n<div  class='flex_column av-lsvva0xc-df534961c3fa52f3775f7bec7bd6a54a av_three_fifth  avia-builder-el-11  el_after_av_two_fifth  avia-builder-el-last  flex_column_table_cell av-equal-height-column av-align-top  '     ><style type=\"text\/css\" data-created_by=\"avia_inline_auto\" id=\"style-css-av-1beu6q8-988ed7d594b2d93e5c17705af579e16a\">\n#top .av-special-heading.av-1beu6q8-988ed7d594b2d93e5c17705af579e16a{\npadding-bottom:10px;\n}\nbody .av-special-heading.av-1beu6q8-988ed7d594b2d93e5c17705af579e16a .av-special-heading-tag .heading-char{\nfont-size:25px;\n}\n.av-special-heading.av-1beu6q8-988ed7d594b2d93e5c17705af579e16a .av-subheading{\nfont-size:15px;\n}\n<\/style>\n<div  class='av-special-heading av-1beu6q8-988ed7d594b2d93e5c17705af579e16a av-special-heading-h5  avia-builder-el-12  avia-builder-el-no-sibling '><h5 class='av-special-heading-tag '  itemprop=\"headline\"  >V\u00e4der<\/h5><div class=\"special-heading-border\"><div class=\"special-heading-inner-border\"><\/div><\/div><\/div><\/div><\/div><!--close column table wrapper. Autoclose: 1 -->\n","protected":false},"excerpt":{"rendered":"","protected":false},"author":2,"featured_media":0,"parent":0,"menu_order":0,"comment_status":"open","ping_status":"open","template":"","meta":{"_vp_format_video_url":"","_vp_image_focal_point":[],"footnotes":""},"class_list":["post-33296","page","type-page","status-publish","hentry"],"_links":{"self":[{"href":"https:\/\/www.goinstyle.se\/aruba\/wp-json\/wp\/v2\/pages\/33296","targetHints":{"allow":["GET"]}}],"collection":[{"href":"https:\/\/www.goinstyle.se\/aruba\/wp-json\/wp\/v2\/pages"}],"about":[{"href":"https:\/\/www.goinstyle.se\/aruba\/wp-json\/wp\/v2\/types\/page"}],"author":[{"embeddable":true,"href":"https:\/\/www.goinstyle.se\/aruba\/wp-json\/wp\/v2\/users\/2"}],"replies":[{"embeddable":true,"href":"https:\/\/www.goinstyle.se\/aruba\/wp-json\/wp\/v2\/comments?post=33296"}],"version-history":[{"count":9,"href":"https:\/\/www.goinstyle.se\/aruba\/wp-json\/wp\/v2\/pages\/33296\/revisions"}],"predecessor-version":[{"id":48370,"href":"https:\/\/www.goinstyle.se\/aruba\/wp-json\/wp\/v2\/pages\/33296\/revisions\/48370"}],"wp:attachment":[{"href":"https:\/\/www.goinstyle.se\/aruba\/wp-json\/wp\/v2\/media?parent=33296"}],"curies":[{"name":"wp","href":"https:\/\/api.w.org\/{rel}","templated":true}]}}