{"id":37439,"date":"2024-02-22T11:45:18","date_gmt":"2024-02-22T09:45:18","guid":{"rendered":"http:\/\/www.goinstyle.se\/?page_id=37439"},"modified":"2024-02-22T12:19:32","modified_gmt":"2024-02-22T10:19:32","slug":"om-aruba","status":"publish","type":"page","link":"https:\/\/www.goinstyle.se\/aruba\/om-aruba\/","title":{"rendered":"Om Aruba"},"content":{"rendered":"\n<style type=\"text\/css\" data-created_by=\"avia_inline_auto\" id=\"style-css-av-7oftjr3-33b4c360e19d7d713cabeb9cfbe48c05\">\n.avia-section.av-7oftjr3-33b4c360e19d7d713cabeb9cfbe48c05{\nbackground-repeat:no-repeat;\nbackground-image:url(https:\/\/www.goinstyle.se\/wp-content\/uploads\/2016\/11\/aruba_toppbild_surfing_vattensport.jpg);\nbackground-position:50% 0%;\nbackground-attachment:scroll;\n}\n<\/style>\n<div id='av_section_1'  class='avia-section av-7oftjr3-33b4c360e19d7d713cabeb9cfbe48c05 main_color avia-section-default avia-no-shadow  avia-builder-el-0  el_before_av_section  avia-builder-el-first  avia-full-stretch avia-bg-style-scroll container_wrap fullsize'  data-section-bg-repeat='stretch'><div class='container av-section-cont-open' ><main  role=\"main\" itemprop=\"mainContentOfPage\"  class='template-page content  av-content-full alpha units'><div class='post-entry post-entry-type-page post-entry-37439'><div class='entry-content-wrapper clearfix'>\n\n<style type=\"text\/css\" data-created_by=\"avia_inline_auto\" id=\"style-css-av-73eqqwv-3bfafd30aa555ec4554896f94f96093d\">\n#top .hr.hr-invisible.av-73eqqwv-3bfafd30aa555ec4554896f94f96093d{\nheight:20px;\n}\n<\/style>\n<div  class='hr av-73eqqwv-3bfafd30aa555ec4554896f94f96093d hr-invisible  avia-builder-el-1  el_before_av_heading  avia-builder-el-first '><span class='hr-inner '><span class=\"hr-inner-style\"><\/span><\/span><\/div>\n\n<style type=\"text\/css\" data-created_by=\"avia_inline_auto\" id=\"style-css-av-6r6ejwf-e01ceff93c01a05d5660f58b6b9dab2c\">\n#top .av-special-heading.av-6r6ejwf-e01ceff93c01a05d5660f58b6b9dab2c{\npadding-bottom:10px;\ncolor:#ffffff;\nfont-size:40px;\n}\nbody .av-special-heading.av-6r6ejwf-e01ceff93c01a05d5660f58b6b9dab2c .av-special-heading-tag .heading-char{\nfont-size:25px;\n}\n#top #wrap_all .av-special-heading.av-6r6ejwf-e01ceff93c01a05d5660f58b6b9dab2c .av-special-heading-tag{\nfont-size:40px;\n}\n.av-special-heading.av-6r6ejwf-e01ceff93c01a05d5660f58b6b9dab2c .special-heading-inner-border{\nborder-color:#ffffff;\n}\n.av-special-heading.av-6r6ejwf-e01ceff93c01a05d5660f58b6b9dab2c .av-subheading{\nfont-size:15px;\n}\n\n@media only screen and (min-width: 480px) and (max-width: 767px){ \n#top #wrap_all .av-special-heading.av-6r6ejwf-e01ceff93c01a05d5660f58b6b9dab2c .av-special-heading-tag{\nfont-size:0.8em;\n}\n}\n\n@media only screen and (max-width: 479px){ \n#top #wrap_all .av-special-heading.av-6r6ejwf-e01ceff93c01a05d5660f58b6b9dab2c .av-special-heading-tag{\nfont-size:0.8em;\n}\n}\n<\/style>\n<div  class='av-special-heading av-6r6ejwf-e01ceff93c01a05d5660f58b6b9dab2c av-special-heading-h6 custom-color-heading blockquote modern-quote modern-centered  avia-builder-el-2  el_after_av_hr  avia-builder-el-last  av-inherit-size'><h6 class='av-special-heading-tag '  itemprop=\"headline\"  >Om Aruba<\/h6><div class=\"special-heading-border\"><div class=\"special-heading-inner-border\"><\/div><\/div><\/div>\n\n<\/div><\/div><\/main><!-- close content main element --><\/div><\/div><div id='av_section_2'  class='avia-section av-6brmuf3-18eca924f825f11ed5092fd0e996b043 main_color avia-section-default avia-no-shadow  avia-builder-el-3  el_after_av_section  avia-builder-el-last  avia-bg-style-scroll container_wrap fullsize'  ><div class='container av-section-cont-open' ><div class='template-page content  av-content-full alpha units'><div class='post-entry post-entry-type-page post-entry-37439'><div class='entry-content-wrapper clearfix'>\n<section  class='av_textblock_section av-5usyj8f-89334e823d07275fa12db106e91d6b88 '   itemscope=\"itemscope\" itemtype=\"https:\/\/schema.org\/CreativeWork\" ><div class='avia_textblock'  itemprop=\"text\" ><pre><code><nav aria-label=\"breadcrumbs\">\n            <div class=\"breadcrumb-container theme1\">\n                <ol>\n                    <li><a title=\"Du \u00e4r h\u00e4r:\" href=\"#\"><span>Du \u00e4r h\u00e4r:<\/span><\/a><span class=\"separator\">\u00bb<\/span><\/li>\n                    <\/ol>\n            <\/div>\n        <\/nav>    <script type=\"application\/ld+json\">\n        {\n            \"@context\": \"http:\/\/schema.org\",\n            \"@type\": \"BreadcrumbList\",\n            \"itemListElement\": [\n                 {\n                            \"@type\": \"ListItem\",\n                            \"position\": 1,\n                            \"item\": {\n                                \"@id\": \"#\",\n                                \"name\": \"Du \u00e4r h\u00e4r:\"\n                            }\n                        }\n                                                    ]\n        }\n    <\/script>\n   \n    <script>\n            <\/script>\n<\/code><\/pre>\n<\/div><\/section>\n\n<style type=\"text\/css\" data-created_by=\"avia_inline_auto\" id=\"style-css-av-5ewqtq7-a79d97935c776e6b35eac810d04ebec3\">\n#top .flex_column.av-5ewqtq7-a79d97935c776e6b35eac810d04ebec3{\nmargin-top:0px;\nmargin-bottom:0px;\n}\n.flex_column.av-5ewqtq7-a79d97935c776e6b35eac810d04ebec3{\nborder-radius:0px 0px 0px 0px;\npadding:0px 0px 0px 0px;\n}\n.responsive #top #wrap_all .flex_column.av-5ewqtq7-a79d97935c776e6b35eac810d04ebec3{\nmargin-top:0px;\nmargin-bottom:0px;\n}\n<\/style>\n<div  class='flex_column av-5ewqtq7-a79d97935c776e6b35eac810d04ebec3 av_one_full  avia-builder-el-5  el_after_av_textblock  el_before_av_hr  first flex_column_div av-zero-column-padding  column-top-margin'     ><section  class='av_textblock_section av-4u83zfj-5923799c3facd3ac13f3c89758e3efa2 '   itemscope=\"itemscope\" itemtype=\"https:\/\/schema.org\/CreativeWork\" ><div class='avia_textblock'  itemprop=\"text\" ><h3>Kritvita sandstr\u00e4nder, vattensporter och djuphavsfiske<\/h3>\n<p>Aruba \u00e4r \u00f6n f\u00f6r dig som s\u00f6ker sol och bad med m\u00f6jligheter till vattensportaktiviteter, djuphavsfiske, golf och kanske en runda vid roulettebordet. H\u00e4r finns det mesta du kan \u00f6nska dig med en varierande natur och starkt skiftande landskapsbild!<\/p>\n<h3>N\u00f6jesliv, mat och dryck<\/h3>\n<p>Det mesta i n\u00f6jesv\u00e4g koncentrerar sig till huvudstaden Oranjestad som \u00e4r en modern, mindre hamnstad, uppbyggd i gammal kolonialstil. Gatorna \u00e4r breda och h\u00e4r finner du ett stort utbud av butiker d\u00e4r du handlar skattefritt! H\u00e4r kan du ocks\u00e5 dansa salsa och l\u00e4ra k\u00e4nna den v\u00e4nliga lokala befolkningen p\u00e5 klubben Mambo-Jambo.<\/p>\n<h3>Sol &amp; Bad<\/h3>\n<p>Str\u00e4nderna \u00e4r kritvita och h\u00e4r badar du i klart turkosbl\u00e5tt vatten med sikt upp till 30 meters djup. De mest k\u00e4nda str\u00e4nderna \u00e4r Eagle Beach och Palm Beach p\u00e5 \u00f6ns v\u00e4stra del, norr om Oranjestad.<\/p>\n<h3>Sev\u00e4rdheter och aktiviteter<\/h3>\n<p>Aruba \u00e4r en aktiv \u00f6 d\u00e4r vattensporter st\u00e5r i centrum med windsurfing, kitesurfing, katamaranturer. Djuphavsfiske, snorkling och dykning \u00e4r andra aktiviteter som \u00e4r i toppklass h\u00e4r. Det finns ocks\u00e5 bra m\u00f6jligheter till golf och kv\u00e4llsn\u00f6jen \u2013 varf\u00f6r inte prova lyckan p\u00e5 n\u00e5got av \u00f6ns m\u00e5nga casinon.<\/p>\n<p>Bes\u00f6k g\u00e4rna Arikok National Park med grottor, kaktusskogar och tusen\u00e5riga indianm\u00e5lningar. Naturen p\u00e5 Aruba \u00e4r speciell och p\u00e5 intet s\u00e4tt typisk f\u00f6r alla karibiska \u00f6ar.<\/p>\n<p>P\u00e5 ostkusten kan du utforska de stora grottsystemen med sina stora grottsalar och g\u00e5ngar d\u00e4r fantastiska grottm\u00e5lningar och annat intressant kan upplevas.<\/p>\n<h3>Historia<\/h3>\n<p>Aruba och de anda tv\u00e5 \u00f6arna Bonaire och Curacao som tillh\u00f6r ABC-\u00f6arna, beboddes ursprungligen av Caiquetios, en fredlig stam av Arawakindianerna. Man levde av fiske och salt som anv\u00e4ndes som handelsvaror. Aruba kontrollerades av spanjorerna fr\u00e5n 1499 fram till 1636 d\u00e5 holl\u00e4ndarna tog \u00f6ver. Ett resultat av jakten p\u00e5 salt och tr\u00e4. Historien visar att saltet och slavhandel varit grunden f\u00f6r ekonomin, med frekventa inslag som m\u00f6tesplats f\u00f6r pirater. Idag \u00e4r Aruba en del av Konungariket Nederl\u00e4nderna och holl\u00e4ndska \u00e4r det officiella spr\u00e5ket. Det inhemska spr\u00e5ket papiamento, som \u00e4r ett lokalt blandspr\u00e5k, \u00e4r dock det som talas mest. Spanska och engelska talas ocks\u00e5 relativt allm\u00e4nt.<\/p>\n<h3>Bra att veta:<\/h3>\n<p>Naturen p\u00e5 Aruba \u00e4r speciell och p\u00e5 intet s\u00e4tt typisk f\u00f6r alla karibiska \u00f6ar. P\u00e5 v\u00e4st och sydkusten hittar du l\u00e5ngstr\u00e4ckta, vita str\u00e4nder. P\u00e5 nordostkusten, \u00f6ns vindsida, \u00e4r str\u00e4nderna karga och klippiga.\u2028 Landskapet \u00e4r flackt och vegetationen \u00e4r bitvis \u00f6kenliknande med inslag av stora kaktusar och dividivitr\u00e4d. En stor del av \u00f6n \u00e4r nationalpark och skyddat omr\u00e5de.<\/p>\n<h3 class=\"western\">Destinationsfakta:<\/h3>\n<p><strong>L\u00e4ngd\/Bredd:<\/strong><br \/>\n30 km\/10 km<\/p>\n<p><strong>Inv\u00e5nare:<\/strong><br \/>\n90 000<\/p>\n<p><strong>Spr\u00e5k:<\/strong><br \/>\nHoll\u00e4ndska och Engelska<\/p>\n<p><strong>Huvudstad:<\/strong><br \/>\nOranjestad<\/p>\n<p><strong>Klimat:<\/strong><br \/>\n\u00d6n har ett subtropiskt klimat med en st\u00e4ndigt n\u00e4rvarande bris med dagstemperaturer mellan 25 \u2013 30c som varierar med \u00e5rstiderna. V\u00e4dret kan v\u00e4xla ganska snabbt mellan sol och korta regnskurar. Aruba ligger utanf\u00f6r orkanb\u00e4ltet.<\/p>\n<p><strong>Valuta:<\/strong><br \/>\nArubaflorentiner (AFI)<\/p>\n<p><strong>Kreditkort:<\/strong><br \/>\nAlla stora kreditkort accepteras som betalning p\u00e5 hotell, restauranger och de flesta aff\u00e4rer.<\/p>\n<p><strong>Dricks:<\/strong><br \/>\nOftast ing\u00e5r 10% serviceavgift p\u00e5 hotell och restauranger men i de fall det inte \u00e4r inkluderat, rekommenderas man att betala 10-15% dricks. V\u00e4skb\u00e4rare ers\u00e4tts med ca 1 USD\/v\u00e4ska.<\/p>\n<p><strong>Tidsskillnad:<\/strong><br \/>\n-5 timmar under vinterhalv\u00e5ret och -6 timmar under sommarhalv\u00e5ret, j\u00e4mf\u00f6rt med svensk tid<\/p>\n<p><strong>V\u00e4gar, trafik:<\/strong><br \/>\nH\u00f6gertrafik. Allm\u00e4nna transportmedel: Bussar och taxi. M\u00f6jligheter att hyra bil, motorcykel eller cykel.<\/p>\n<p><strong>Elektricitet:<\/strong><br \/>\n110 volt.<\/p>\n<\/div><\/section><\/div>\n<style type=\"text\/css\" data-created_by=\"avia_inline_auto\" id=\"style-css-av-48op15r-5313e78a9f9e1d8199606ccca106c60a\">\n#top .hr.hr-invisible.av-48op15r-5313e78a9f9e1d8199606ccca106c60a{\nheight:50px;\n}\n<\/style>\n<div  class='hr av-48op15r-5313e78a9f9e1d8199606ccca106c60a hr-invisible  avia-builder-el-7  el_after_av_one_full  el_before_av_one_half '><span class='hr-inner '><span class=\"hr-inner-style\"><\/span><\/span><\/div>\n<div class='flex_column_table av-3xp0cin-207869e5b2a262d58737ad4e477f75a3 sc-av_one_half av-equal-height-column-flextable'>\n<style type=\"text\/css\" data-created_by=\"avia_inline_auto\" id=\"style-css-av-3xp0cin-207869e5b2a262d58737ad4e477f75a3\">\n.flex_column.av-3xp0cin-207869e5b2a262d58737ad4e477f75a3{\nborder-radius:0px 0px 0px 0px;\npadding:20px 20px 20px 20px;\nbackground-color:#f7f7f7;\n}\n<\/style>\n<div  class='flex_column av-3xp0cin-207869e5b2a262d58737ad4e477f75a3 av_one_half  avia-builder-el-8  el_after_av_hr  el_before_av_one_half  first flex_column_table_cell av-equal-height-column av-align-top  '     ><p>\n<style type=\"text\/css\" data-created_by=\"avia_inline_auto\" id=\"style-css-av-3mehknz-674ac93190ceead7526737d6e13ec255\">\n#top .av-special-heading.av-3mehknz-674ac93190ceead7526737d6e13ec255{\npadding-bottom:10px;\n}\nbody .av-special-heading.av-3mehknz-674ac93190ceead7526737d6e13ec255 .av-special-heading-tag .heading-char{\nfont-size:25px;\n}\n.av-special-heading.av-3mehknz-674ac93190ceead7526737d6e13ec255 .av-subheading{\nfont-size:15px;\n}\n<\/style>\n<div  class='av-special-heading av-3mehknz-674ac93190ceead7526737d6e13ec255 av-special-heading-h3  avia-builder-el-9  el_before_av_iconlist  avia-builder-el-first '><h3 class='av-special-heading-tag '  itemprop=\"headline\"  >Fakta<\/h3><div class=\"special-heading-border\"><div class=\"special-heading-inner-border\"><\/div><\/div><\/div><br \/>\n\n<style type=\"text\/css\" data-created_by=\"avia_inline_auto\" id=\"style-css-av-2tat3gf-8dc672210a1b7c573396d15adca221c1\">\n#top .avia-icon-list-container.av-2tat3gf-8dc672210a1b7c573396d15adca221c1 .iconlist_icon{\ncolor:#3a3a3a;\nbackground-color:#f7f7f7;\nborder:1px solid #3a3a3a;\n}\n<\/style>\n<div  class='avia-icon-list-container av-2tat3gf-8dc672210a1b7c573396d15adca221c1  avia-builder-el-10  el_after_av_heading  avia-builder-el-last '><ul class='avia-icon-list avia_animate_when_almost_visible avia-icon-list-left av-iconlist-big av-2tat3gf-8dc672210a1b7c573396d15adca221c1 avia-iconlist-animate'>\n<li><div class='iconlist_icon av-2nkkji7-bef3977b2cc95fdf5262a6b38928c12d avia-font-entypo-fontello'><span class='iconlist-char' aria-hidden='true' data-av_icon='\ue84d' data-av_iconfont='entypo-fontello'><\/span><\/div><article class=\"article-icon-entry \"  itemscope=\"itemscope\" itemtype=\"https:\/\/schema.org\/CreativeWork\" ><div class=\"iconlist_content_wrap\"><header class=\"entry-content-header\" aria-label=\"Icon: Visum\"><h4 class='av_iconlist_title iconlist_title  '  itemprop=\"headline\" >Visum<\/h4><\/header><div class='iconlist_content '  itemprop=\"text\" ><p><em>text.<\/em><\/p>\n<\/div><\/div><footer class=\"entry-footer\"><\/footer><\/article><div class=\"iconlist-timeline\"><\/div><\/li>\n<li><div class='iconlist_icon av-26mddlr-e8180cf4fb55d870cad0aaef7c16b8ad avia-font-entypo-fontello'><span class='iconlist-char' aria-hidden='true' data-av_icon='\ue8cf' data-av_iconfont='entypo-fontello'><\/span><\/div><article class=\"article-icon-entry \"  itemscope=\"itemscope\" itemtype=\"https:\/\/schema.org\/CreativeWork\" ><div class=\"iconlist_content_wrap\"><header class=\"entry-content-header\" aria-label=\"Icon: Valuta\"><h4 class='av_iconlist_title iconlist_title  '  itemprop=\"headline\" >Valuta<\/h4><\/header><div class='iconlist_content '  itemprop=\"text\" ><p><em>Valuta<\/em><\/p>\n<\/div><\/div><footer class=\"entry-footer\"><\/footer><\/article><div class=\"iconlist-timeline\"><\/div><\/li>\n<li><div class='iconlist_icon av-1njdanz-a32d5e30c99cdeb5fd575f898601924b avia-font-entypo-fontello'><span class='iconlist-char' aria-hidden='true' data-av_icon='\ue866' data-av_iconfont='entypo-fontello'><\/span><\/div><article class=\"article-icon-entry \"  itemscope=\"itemscope\" itemtype=\"https:\/\/schema.org\/CreativeWork\" ><div class=\"iconlist_content_wrap\"><header class=\"entry-content-header\" aria-label=\"Icon: Klimat\"><h4 class='av_iconlist_title iconlist_title  '  itemprop=\"headline\" >Klimat<\/h4><\/header><div class='iconlist_content '  itemprop=\"text\" ><p><em>Klimat<\/em><\/p>\n<\/div><\/div><footer class=\"entry-footer\"><\/footer><\/article><div class=\"iconlist-timeline\"><\/div><\/li>\n<\/ul><\/div><\/p><\/div><div class='av-flex-placeholder'><\/div>\n<style type=\"text\/css\" data-created_by=\"avia_inline_auto\" id=\"style-css-av-q5d9gf-81ae840c2dc83771a27e523eda7c77a0\">\n.flex_column.av-q5d9gf-81ae840c2dc83771a27e523eda7c77a0{\nborder-radius:0px 0px 0px 0px;\npadding:20px 20px 20px 20px;\nbackground-color:#f7f7f7;\n}\n<\/style>\n<div  class='flex_column av-q5d9gf-81ae840c2dc83771a27e523eda7c77a0 av_one_half  avia-builder-el-11  el_after_av_one_half  avia-builder-el-last  flex_column_table_cell av-equal-height-column av-align-top  '     ><p>\n<style type=\"text\/css\" data-created_by=\"avia_inline_auto\" id=\"style-css-av-nrxk5b-5e8482e6d753b2c641758edb91057758\">\n#top .av-special-heading.av-nrxk5b-5e8482e6d753b2c641758edb91057758{\npadding-bottom:10px;\n}\nbody .av-special-heading.av-nrxk5b-5e8482e6d753b2c641758edb91057758 .av-special-heading-tag .heading-char{\nfont-size:25px;\n}\n.av-special-heading.av-nrxk5b-5e8482e6d753b2c641758edb91057758 .av-subheading{\nfont-size:15px;\n}\n<\/style>\n<div  class='av-special-heading av-nrxk5b-5e8482e6d753b2c641758edb91057758 av-special-heading-h3  avia-builder-el-12  el_before_av_image  avia-builder-el-first '><h3 class='av-special-heading-tag '  itemprop=\"headline\"  >V\u00e4der<\/h3><div class=\"special-heading-border\"><div class=\"special-heading-inner-border\"><\/div><\/div><\/div><br \/>\n\n<style type=\"text\/css\" data-created_by=\"avia_inline_auto\" id=\"style-css-av-lsx1eof8-0a6f9202526bde50a40507a96f2d3bcc\">\n.avia-image-container.av-lsx1eof8-0a6f9202526bde50a40507a96f2d3bcc img.avia_image{\nbox-shadow:none;\n}\n.avia-image-container.av-lsx1eof8-0a6f9202526bde50a40507a96f2d3bcc .av-image-caption-overlay-center{\ncolor:#ffffff;\n}\n<\/style>\n<div  class='avia-image-container av-lsx1eof8-0a6f9202526bde50a40507a96f2d3bcc av-styling- avia-align-center  avia-builder-el-13  el_after_av_heading  avia-builder-el-last '   itemprop=\"image\" itemscope=\"itemscope\" itemtype=\"https:\/\/schema.org\/ImageObject\" ><div class=\"avia-image-container-inner\"><div class=\"avia-image-overlay-wrap\"><img decoding=\"async\" fetchpriority=\"high\" class='wp-image-48355 avia-img-lazy-loading-not-48355 avia_image ' src=\"https:\/\/www.goinstyle.se\/wp-content\/uploads\/2024\/02\/Aruba-vader.png.webp\" alt='' title='Aruba-v\u00e4der.png'  height=\"500\" width=\"800\"  itemprop=\"thumbnailUrl\" srcset=\"https:\/\/www.goinstyle.se\/wp-content\/uploads\/2024\/02\/Aruba-vader.png.webp 800w, https:\/\/www.goinstyle.se\/wp-content\/uploads\/2024\/02\/Aruba-vader.png-300x188.webp 300w, https:\/\/www.goinstyle.se\/wp-content\/uploads\/2024\/02\/Aruba-vader.png-768x480.webp 768w, https:\/\/www.goinstyle.se\/wp-content\/uploads\/2024\/02\/Aruba-vader.png-705x441.webp 705w, https:\/\/www.goinstyle.se\/wp-content\/uploads\/2024\/02\/Aruba-vader.png-450x281.webp 450w, https:\/\/www.goinstyle.se\/wp-content\/uploads\/2024\/02\/Aruba-vader.png-500x313.webp 500w, https:\/\/www.goinstyle.se\/wp-content\/uploads\/2024\/02\/Aruba-vader.png-400x250.webp 400w, https:\/\/www.goinstyle.se\/wp-content\/uploads\/2024\/02\/Aruba-vader.png-600x375.webp 600w\" sizes=\"(max-width: 800px) 100vw, 800px\" \/><\/div><\/div><\/div><\/p><\/div><\/div><!--close column table wrapper. Autoclose: 1 -->\n","protected":false},"excerpt":{"rendered":"","protected":false},"author":2,"featured_media":0,"parent":0,"menu_order":0,"comment_status":"open","ping_status":"open","template":"","meta":{"_vp_format_video_url":"","_vp_image_focal_point":[],"footnotes":""},"class_list":["post-37439","page","type-page","status-publish","hentry"],"_links":{"self":[{"href":"https:\/\/www.goinstyle.se\/aruba\/wp-json\/wp\/v2\/pages\/37439","targetHints":{"allow":["GET"]}}],"collection":[{"href":"https:\/\/www.goinstyle.se\/aruba\/wp-json\/wp\/v2\/pages"}],"about":[{"href":"https:\/\/www.goinstyle.se\/aruba\/wp-json\/wp\/v2\/types\/page"}],"author":[{"embeddable":true,"href":"https:\/\/www.goinstyle.se\/aruba\/wp-json\/wp\/v2\/users\/2"}],"replies":[{"embeddable":true,"href":"https:\/\/www.goinstyle.se\/aruba\/wp-json\/wp\/v2\/comments?post=37439"}],"version-history":[{"count":12,"href":"https:\/\/www.goinstyle.se\/aruba\/wp-json\/wp\/v2\/pages\/37439\/revisions"}],"predecessor-version":[{"id":48398,"href":"https:\/\/www.goinstyle.se\/aruba\/wp-json\/wp\/v2\/pages\/37439\/revisions\/48398"}],"wp:attachment":[{"href":"https:\/\/www.goinstyle.se\/aruba\/wp-json\/wp\/v2\/media?parent=37439"}],"curies":[{"name":"wp","href":"https:\/\/api.w.org\/{rel}","templated":true}]}}