{"id":26458,"date":"2016-11-24T08:25:39","date_gmt":"2016-11-24T08:25:39","guid":{"rendered":"http:\/\/www.goinstyle.se\/bra-att-veta\/resegarantilagen\/"},"modified":"2023-08-15T16:32:51","modified_gmt":"2023-08-15T14:32:51","slug":"resegarantilagen","status":"publish","type":"page","link":"https:\/\/www.goinstyle.se\/chile\/bra-att-veta\/resegarantilagen\/","title":{"rendered":"Resegarantilagen"},"content":{"rendered":"\n<style type=\"text\/css\" data-created_by=\"avia_inline_auto\" id=\"style-css-av-av_section-52b07f2947546f06cef88d437d8c830d\">\n.avia-section.av-av_section-52b07f2947546f06cef88d437d8c830d{\nbackground-repeat:no-repeat;\nbackground-image:url(https:\/\/www.goinstyle.se\/wp-content\/uploads\/2014\/02\/Maldiverna-instyle-5.jpg);\nbackground-position:50% 0%;\nbackground-attachment:scroll;\n}\n<\/style>\n<div id='av_section_1'  class='avia-section av-av_section-52b07f2947546f06cef88d437d8c830d main_color avia-section-default avia-no-shadow  avia-builder-el-0  el_before_av_one_half  avia-builder-el-first  avia-full-stretch avia-bg-style-scroll container_wrap fullsize'  data-section-bg-repeat='stretch'><div class='container av-section-cont-open' ><main  role=\"main\" itemprop=\"mainContentOfPage\"  class='template-page content  av-content-full alpha units'><div class='post-entry post-entry-type-page post-entry-26458'><div class='entry-content-wrapper clearfix'>\n\n<style type=\"text\/css\" data-created_by=\"avia_inline_auto\" id=\"style-css-av-av_hr-a6de236e6c183bbbd700292deacd2b52\">\n#top .hr.hr-invisible.av-av_hr-a6de236e6c183bbbd700292deacd2b52{\nheight:20px;\n}\n<\/style>\n<div  class='hr av-av_hr-a6de236e6c183bbbd700292deacd2b52 hr-invisible  avia-builder-el-1  el_before_av_heading  avia-builder-el-first '><span class='hr-inner '><span class=\"hr-inner-style\"><\/span><\/span><\/div>\n\n<style type=\"text\/css\" data-created_by=\"avia_inline_auto\" id=\"style-css-av-av_heading-a7080400e8e6d5975c344ec1d587b2d2\">\n#top .av-special-heading.av-av_heading-a7080400e8e6d5975c344ec1d587b2d2{\npadding-bottom:10px;\ncolor:#ffffff;\nfont-size:40px;\n}\nbody .av-special-heading.av-av_heading-a7080400e8e6d5975c344ec1d587b2d2 .av-special-heading-tag .heading-char{\nfont-size:25px;\n}\n#top #wrap_all .av-special-heading.av-av_heading-a7080400e8e6d5975c344ec1d587b2d2 .av-special-heading-tag{\nfont-size:40px;\n}\n.av-special-heading.av-av_heading-a7080400e8e6d5975c344ec1d587b2d2 .special-heading-inner-border{\nborder-color:#ffffff;\n}\n.av-special-heading.av-av_heading-a7080400e8e6d5975c344ec1d587b2d2 .av-subheading{\nfont-size:15px;\n}\n\n@media only screen and (min-width: 480px) and (max-width: 767px){ \n#top #wrap_all .av-special-heading.av-av_heading-a7080400e8e6d5975c344ec1d587b2d2 .av-special-heading-tag{\nfont-size:0.8em;\n}\n}\n\n@media only screen and (max-width: 479px){ \n#top #wrap_all .av-special-heading.av-av_heading-a7080400e8e6d5975c344ec1d587b2d2 .av-special-heading-tag{\nfont-size:0.8em;\n}\n}\n<\/style>\n<div  class='av-special-heading av-av_heading-a7080400e8e6d5975c344ec1d587b2d2 av-special-heading-h6 custom-color-heading blockquote modern-quote modern-centered  avia-builder-el-2  el_after_av_hr  avia-builder-el-last  av-inherit-size'><h6 class='av-special-heading-tag '  itemprop=\"headline\"  >Resegarantilagen<\/h6><div class=\"special-heading-border\"><div class=\"special-heading-inner-border\"><\/div><\/div><\/div>\n<\/div><\/div><\/main><!-- close content main element --><\/div><\/div><div id='after_section_1'  class='main_color av_default_container_wrap container_wrap fullsize'  ><div class='container av-section-cont-open' ><div class='template-page content  av-content-full alpha units'><div class='post-entry post-entry-type-page post-entry-26458'><div class='entry-content-wrapper clearfix'>\n\n<style type=\"text\/css\" data-created_by=\"avia_inline_auto\" id=\"style-css-av-av_one_half-6126cab7d8fab8d08143dd2dacdf673c\">\n.flex_column.av-av_one_half-6126cab7d8fab8d08143dd2dacdf673c{\nborder-radius:0px 0px 0px 0px;\npadding:0px 0px 0px 0px;\n}\n<\/style>\n<div  class='flex_column av-av_one_half-6126cab7d8fab8d08143dd2dacdf673c av_one_half  avia-builder-el-3  el_after_av_section  el_before_av_one_half  avia-builder-el-first  first flex_column_div av-zero-column-padding  '     ><section  class='av_textblock_section av-av_textblock-0366cc7376be6c9e82a3e9cc8987b64f '   itemscope=\"itemscope\" itemtype=\"https:\/\/schema.org\/CreativeWork\" ><div class='avia_textblock'  itemprop=\"text\" ><h1>Resegarantilagen<\/h1>\n<p>Go InStyle AB (Org. nr: 556584-6317) har st\u00e4llt erforderlig resegaranti till Kammarkollegiet.<\/p>\n<p>Resegarantin \u00e4r ett ekonomiskt skydd f\u00f6r resen\u00e4rer n\u00e4r en resa blir inst\u00e4lld eller avbruten. Resen\u00e4ren kan d\u00e5 ans\u00f6ka om ers\u00e4ttning ur resegarantin. Resegarantilagen g\u00e4ller f\u00f6r:<\/p>\n<p><strong>Paketresor:<br \/>\n<\/strong>En paketresa \u00e4r ett arrangemang som best\u00e5r av transport och inkvartering eller n\u00e5gon av dessa tj\u00e4nster i kombination med en turisttj\u00e4nst, som utg\u00f6r en inte ov\u00e4sentlig del av arrangemanget och som inte \u00e4r direkt knuten till transporten eller inkvarteringen, som t.ex. hyrbil, teaterbiljetter eller intr\u00e4de till ett idrottsevenemang. En paketresa m\u00e5ste vara l\u00e4ngre \u00e4n 24 timmar eller inneh\u00e5lla inkvartering. \u00a0En paketresa s\u00e4ljs till ett helhetspris eller till skilda priser som \u00e4r knutna till varandra. Resegaranti ska finnas f\u00f6r alla paketresor, oavsett om de s\u00e4ljs till privatpersoner eller f\u00f6retag.<\/p>\n<p><strong>Paketliknande resor:<\/strong><\/p>\n<p>Resegarantin omfattar de som k\u00f6per paketliknande resor, d.v.s. resor som best\u00e5r av separata transport- och inkvarteringstj\u00e4nster som tillsammans uppvisar v\u00e4sentlig likhet med en paketresa. Kombinationen b\u00f6r framst\u00e5 som en naturlig enhet.<\/p>\n<p>F\u00f6r mer information g\u00e5 in p\u00e5 <a href=\"http:\/\/www.kammarkollegiet.se\/\">www.kammarkollegiet.se\u00a0<\/a>eller ring Kammarkollegiet\/ Resegarantin\u00e4mnden p\u00e5 +46 (0) 8-700 08 00<\/p>\n<\/div><\/section><\/div>\n\n<style type=\"text\/css\" data-created_by=\"avia_inline_auto\" id=\"style-css-av-av_one_half-0aa7055fe62c3622faec82866afbaeb2\">\n.flex_column.av-av_one_half-0aa7055fe62c3622faec82866afbaeb2{\nborder-radius:0px 0px 0px 0px;\npadding:0px 0px 0px 0px;\n}\n<\/style>\n<div  class='flex_column av-av_one_half-0aa7055fe62c3622faec82866afbaeb2 av_one_half  avia-builder-el-5  el_after_av_one_half  avia-builder-el-last  flex_column_div av-zero-column-padding  '     ><section  class='av_textblock_section av-av_textblock-0366cc7376be6c9e82a3e9cc8987b64f '   itemscope=\"itemscope\" itemtype=\"https:\/\/schema.org\/CreativeWork\" ><div class='avia_textblock'  itemprop=\"text\" ><\/div><\/section><\/div>\n","protected":false},"excerpt":{"rendered":"","protected":false},"author":2,"featured_media":0,"parent":26445,"menu_order":0,"comment_status":"closed","ping_status":"closed","template":"","meta":{"_vp_format_video_url":"","_vp_image_focal_point":[],"footnotes":""},"class_list":["post-26458","page","type-page","status-publish","hentry"],"_links":{"self":[{"href":"https:\/\/www.goinstyle.se\/chile\/wp-json\/wp\/v2\/pages\/26458","targetHints":{"allow":["GET"]}}],"collection":[{"href":"https:\/\/www.goinstyle.se\/chile\/wp-json\/wp\/v2\/pages"}],"about":[{"href":"https:\/\/www.goinstyle.se\/chile\/wp-json\/wp\/v2\/types\/page"}],"author":[{"embeddable":true,"href":"https:\/\/www.goinstyle.se\/chile\/wp-json\/wp\/v2\/users\/2"}],"replies":[{"embeddable":true,"href":"https:\/\/www.goinstyle.se\/chile\/wp-json\/wp\/v2\/comments?post=26458"}],"version-history":[{"count":2,"href":"https:\/\/www.goinstyle.se\/chile\/wp-json\/wp\/v2\/pages\/26458\/revisions"}],"predecessor-version":[{"id":26839,"href":"https:\/\/www.goinstyle.se\/chile\/wp-json\/wp\/v2\/pages\/26458\/revisions\/26839"}],"up":[{"embeddable":true,"href":"https:\/\/www.goinstyle.se\/chile\/wp-json\/wp\/v2\/pages\/26445"}],"wp:attachment":[{"href":"https:\/\/www.goinstyle.se\/chile\/wp-json\/wp\/v2\/media?parent=26458"}],"curies":[{"name":"wp","href":"https:\/\/api.w.org\/{rel}","templated":true}]}}