{"id":26526,"date":"2016-11-24T12:41:41","date_gmt":"2016-11-24T12:41:41","guid":{"rendered":"http:\/\/www.goinstyle.se\/om-instyle\/"},"modified":"2024-03-01T15:25:42","modified_gmt":"2024-03-01T13:25:42","slug":"om-instyle","status":"publish","type":"page","link":"https:\/\/www.goinstyle.se\/chile\/om-instyle\/","title":{"rendered":"Om InStyle"},"content":{"rendered":"\n<style type=\"text\/css\" data-created_by=\"avia_inline_auto\" id=\"style-css-av-c1soyw-7a90fcc20d9f2432fb7a64e332b3c4ee\">\n.avia-section.av-c1soyw-7a90fcc20d9f2432fb7a64e332b3c4ee{\nbackground-repeat:no-repeat;\nbackground-image:url(https:\/\/www.goinstyle.se\/wp-content\/uploads\/2015\/03\/Andiamo_Bistro.jpg);\nbackground-position:50% 0%;\nbackground-attachment:scroll;\n}\n<\/style>\n<div id='av_section_1'  class='avia-section av-c1soyw-7a90fcc20d9f2432fb7a64e332b3c4ee main_color avia-section-default avia-no-shadow  avia-builder-el-0  el_before_av_one_half  avia-builder-el-first  avia-full-stretch avia-bg-style-scroll container_wrap fullsize'  data-section-bg-repeat='stretch'><div class='container av-section-cont-open' ><main  role=\"main\" itemprop=\"mainContentOfPage\"  class='template-page content  av-content-full alpha units'><div class='post-entry post-entry-type-page post-entry-26526'><div class='entry-content-wrapper clearfix'>\n\n<style type=\"text\/css\" data-created_by=\"avia_inline_auto\" id=\"style-css-av-aoh57s-b827c375408f94968ee2fe848adc7bb2\">\n#top .hr.hr-invisible.av-aoh57s-b827c375408f94968ee2fe848adc7bb2{\nheight:20px;\n}\n<\/style>\n<div  class='hr av-aoh57s-b827c375408f94968ee2fe848adc7bb2 hr-invisible  avia-builder-el-1  el_before_av_heading  avia-builder-el-first '><span class='hr-inner '><span class=\"hr-inner-style\"><\/span><\/span><\/div>\n\n<style type=\"text\/css\" data-created_by=\"avia_inline_auto\" id=\"style-css-av-9rqay0-ed6895ba560ef65129f06d4b05a8867a\">\n#top .av-special-heading.av-9rqay0-ed6895ba560ef65129f06d4b05a8867a{\npadding-bottom:10px;\ncolor:#ffffff;\nfont-size:40px;\n}\nbody .av-special-heading.av-9rqay0-ed6895ba560ef65129f06d4b05a8867a .av-special-heading-tag .heading-char{\nfont-size:25px;\n}\n#top #wrap_all .av-special-heading.av-9rqay0-ed6895ba560ef65129f06d4b05a8867a .av-special-heading-tag{\nfont-size:40px;\n}\n.av-special-heading.av-9rqay0-ed6895ba560ef65129f06d4b05a8867a .special-heading-inner-border{\nborder-color:#ffffff;\n}\n.av-special-heading.av-9rqay0-ed6895ba560ef65129f06d4b05a8867a .av-subheading{\nfont-size:15px;\n}\n\n@media only screen and (min-width: 480px) and (max-width: 767px){ \n#top #wrap_all .av-special-heading.av-9rqay0-ed6895ba560ef65129f06d4b05a8867a .av-special-heading-tag{\nfont-size:0.8em;\n}\n}\n\n@media only screen and (max-width: 479px){ \n#top #wrap_all .av-special-heading.av-9rqay0-ed6895ba560ef65129f06d4b05a8867a .av-special-heading-tag{\nfont-size:0.8em;\n}\n}\n<\/style>\n<div  class='av-special-heading av-9rqay0-ed6895ba560ef65129f06d4b05a8867a av-special-heading-h6 custom-color-heading blockquote modern-quote modern-centered  avia-builder-el-2  el_after_av_hr  avia-builder-el-last  av-inherit-size'><h6 class='av-special-heading-tag '  itemprop=\"headline\"  >Om Go InStyle<\/h6><div class=\"special-heading-border\"><div class=\"special-heading-inner-border\"><\/div><\/div><\/div>\n<\/div><\/div><\/main><!-- close content main element --><\/div><\/div><div id='after_section_1'  class='main_color av_default_container_wrap container_wrap fullsize'  ><div class='container av-section-cont-open' ><div class='template-page content  av-content-full alpha units'><div class='post-entry post-entry-type-page post-entry-26526'><div class='entry-content-wrapper clearfix'>\n\n<style type=\"text\/css\" data-created_by=\"avia_inline_auto\" id=\"style-css-av-721pq0-a65ef9ec83d3b657b54a2512638ad5eb\">\n.flex_column.av-721pq0-a65ef9ec83d3b657b54a2512638ad5eb{\nborder-radius:0px 0px 0px 0px;\npadding:0px 0px 0px 0px;\n}\n<\/style>\n<div  class='flex_column av-721pq0-a65ef9ec83d3b657b54a2512638ad5eb av_one_half  avia-builder-el-3  el_after_av_section  el_before_av_one_half  avia-builder-el-first  first flex_column_div av-zero-column-padding  '     ><section  class='av_textblock_section av-5x7t20-b96dc4443c00eddbf6d5bf51fcffb1bf '   itemscope=\"itemscope\" itemtype=\"https:\/\/schema.org\/CreativeWork\" ><div class='avia_textblock'  itemprop=\"text\" ><p><strong>V\u00e4lkommen till Go InStyle &#8211; Sm\u00e5skaligt storslaget!<\/strong><\/p>\n<p>Go InStyle v\u00e4nder sig till dig som s\u00f6ker n\u00e5got mer \u00e4n det f\u00f6ruts\u00e4gbara och uppskattar resor med upplevelser som s\u00e4tter sig i ditt sinne som n\u00e5got extra fint. H\u00e4r t\u00e4nker vi inte i f\u00f6rsta hand p\u00e5 volymer &#8211; hos oss \u00e4r det just du som \u00e4r viktig. Vi vill skapa en \u00e5terkommande och n\u00e4ra reserelation med dig som varar. L\u00e4nge!<\/p>\n<p>V\u00e5r branscherfarenhet, service och v\u00e5ra kontakter \u00e4r grundstenarna till att ge dig unika upplevelser som ger mersmak och sol i ditt sinne. Vi inriktar oss till stora delar p\u00e5 fantastiska \u00f6ar f\u00f6retr\u00e4desvis i Karibien och Oceanien, lite mer h\u00f6gprofilerade kryssningar och \u00e4ven alpina destinationer som har det lilla extra.<\/p>\n<p>Om framtiden vet vi inte mycket, men v\u00e5ra ambitioner \u00e4r att hitta nya sp\u00e5r som ligger r\u00e4tt i tiden &#8211; f\u00f6rmodligen med en profil som har inslag av teman med aktiviteter och upplevelser f\u00f6r sinnet. Det du kan vara f\u00f6rvissad om, \u00e4r att allt sker \u201dInStyle\u201d!<\/p>\n<p>V\u00e5rt motto \u00e4r att tillhandah\u00e5lla en upplevelse av lyx, utan att servera dig de stora lyxhotellens koncept. Ist\u00e4llet handplockar vi med noggrannhet s\u00e5v\u00e4l v\u00e5ra resm\u00e5l som hotellen d\u00e4r kriteriet \u00e4r en kombination av standard, service och inte minst atmosf\u00e4r och trivsel. D\u00e4rf\u00f6r hittar du i regel lite mindre hotell &#8211; ofta privat- och familje\u00e4gda &#8211; som ger dig allt och lite till, med extra omtanke. F\u00f6r oss \u00e4r det k\u00e4rnan i v\u00e5rt erbjudande!<\/p>\n<p>F\u00f6r att kunna leva upp till v\u00e5ra h\u00f6ga ambitioner och rykte samt att finna nya p\u00e4rlor, reser vi sj\u00e4lva till v\u00e5ra destinationer f\u00f6r att med egna \u00f6gon s\u00e4kerst\u00e4lla alla faktorer som \u00e4r viktiga f\u00f6r oss. Det g\u00f6r ocks\u00e5 att vi undviker obehagliga \u00f6verraskningar d\u00e4r \u201dkartan inte st\u00e4mmer med verkligheten\u201d!<\/p>\n<p>Ut\u00f6ver ett unikt och minnesv\u00e4rt boende, hj\u00e4lper vi g\u00e4rna till med att skapa en helhetsupplevelse med bokning av l\u00e4mpligt flyg, transfer, utflykter, hyrbil och annat som g\u00f6r din resa perfekt!<\/p>\n<p>V\u00e4lkommen att kontakta Go InStyle!<br \/>\nDu n\u00e5r oss p\u00e5:\u2028 031-846480 eller <a href=\"mailto:info@goinstyle.se?subject=GoInStyle.se webbmail\">info@goinstyle.se<\/a><\/p>\n<\/div><\/section><\/div>\n<style type=\"text\/css\" data-created_by=\"avia_inline_auto\" id=\"style-css-av-4sq47c-3bdc15481adcbf55dd488eb56f05e619\">\n.flex_column.av-4sq47c-3bdc15481adcbf55dd488eb56f05e619{\nborder-radius:0px 0px 0px 0px;\npadding:0px 0px 0px 0px;\n}\n<\/style>\n<div  class='flex_column av-4sq47c-3bdc15481adcbf55dd488eb56f05e619 av_one_half  avia-builder-el-5  el_after_av_one_half  avia-builder-el-last  flex_column_div av-zero-column-padding  '     ><section  class='av_textblock_section av-1w2brs-24a75b84e7081e68ae02fc93eb39a7dc '   itemscope=\"itemscope\" itemtype=\"https:\/\/schema.org\/CreativeWork\" ><div class='avia_textblock'  itemprop=\"text\" ><p><img loading=\"lazy\" decoding=\"async\" class=\"alignnone size-full wp-image-22764\" src=\"http:\/\/www.goinstyle.se\/wp-content\/uploads\/2016\/11\/the_palm_junior-suite.jpg\" alt=\"\" width=\"3500\" height=\"2333\" srcset=\"https:\/\/www.goinstyle.se\/wp-content\/uploads\/2016\/11\/the_palm_junior-suite.jpg 3500w, https:\/\/www.goinstyle.se\/wp-content\/uploads\/2016\/11\/the_palm_junior-suite-400x267.jpg 400w, https:\/\/www.goinstyle.se\/wp-content\/uploads\/2016\/11\/the_palm_junior-suite-600x400.jpg 600w, https:\/\/www.goinstyle.se\/wp-content\/uploads\/2016\/11\/the_palm_junior-suite-300x200.jpg 300w, https:\/\/www.goinstyle.se\/wp-content\/uploads\/2016\/11\/the_palm_junior-suite-768x512.jpg 768w, https:\/\/www.goinstyle.se\/wp-content\/uploads\/2016\/11\/the_palm_junior-suite-1030x687.jpg 1030w, https:\/\/www.goinstyle.se\/wp-content\/uploads\/2016\/11\/the_palm_junior-suite-1500x1000.jpg 1500w, https:\/\/www.goinstyle.se\/wp-content\/uploads\/2016\/11\/the_palm_junior-suite-705x470.jpg 705w\" sizes=\"auto, (max-width: 3500px) 100vw, 3500px\" \/><\/p>\n<\/div><\/section><\/div><\/p>\n","protected":false},"excerpt":{"rendered":"","protected":false},"author":2,"featured_media":0,"parent":0,"menu_order":0,"comment_status":"closed","ping_status":"closed","template":"","meta":{"_vp_format_video_url":"","_vp_image_focal_point":[],"footnotes":""},"class_list":["post-26526","page","type-page","status-publish","hentry"],"_links":{"self":[{"href":"https:\/\/www.goinstyle.se\/chile\/wp-json\/wp\/v2\/pages\/26526","targetHints":{"allow":["GET"]}}],"collection":[{"href":"https:\/\/www.goinstyle.se\/chile\/wp-json\/wp\/v2\/pages"}],"about":[{"href":"https:\/\/www.goinstyle.se\/chile\/wp-json\/wp\/v2\/types\/page"}],"author":[{"embeddable":true,"href":"https:\/\/www.goinstyle.se\/chile\/wp-json\/wp\/v2\/users\/2"}],"replies":[{"embeddable":true,"href":"https:\/\/www.goinstyle.se\/chile\/wp-json\/wp\/v2\/comments?post=26526"}],"version-history":[{"count":11,"href":"https:\/\/www.goinstyle.se\/chile\/wp-json\/wp\/v2\/pages\/26526\/revisions"}],"predecessor-version":[{"id":49437,"href":"https:\/\/www.goinstyle.se\/chile\/wp-json\/wp\/v2\/pages\/26526\/revisions\/49437"}],"wp:attachment":[{"href":"https:\/\/www.goinstyle.se\/chile\/wp-json\/wp\/v2\/media?parent=26526"}],"curies":[{"name":"wp","href":"https:\/\/api.w.org\/{rel}","templated":true}]}}