{"id":42963,"date":"2016-12-16T09:59:43","date_gmt":"2016-12-16T09:59:43","guid":{"rendered":"http:\/\/www.goinstyle.se\/home-2-2\/"},"modified":"2020-02-07T11:23:06","modified_gmt":"2020-02-07T09:23:06","slug":"home-2-2","status":"publish","type":"page","link":"https:\/\/www.goinstyle.se\/collection\/","title":{"rendered":"Home"},"content":{"rendered":"<div id='full_slider_1'  class='avia-fullwidth-slider main_color avia-shadow   avia-builder-el-0  el_before_av_section  avia-builder-el-first   container_wrap fullsize'  >\n<style type=\"text\/css\" data-created_by=\"avia_inline_auto\" id=\"style-css-av-av_slideshow_full-e530ffd7e10fc565116293d041e409e2\">\n#top .avia-slideshow .av-slideshow-caption.av-av_slideshow_full-e530ffd7e10fc565116293d041e409e2__0 .avia-caption-content{\nfont-size:20px;\n}\n#top .avia-slideshow .av-slideshow-caption.av-av_slideshow_full-e530ffd7e10fc565116293d041e409e2__0 .avia-caption-content p{\nfont-size:20px;\n}\n<\/style>\n<div  class='avia-slideshow av-av_slideshow_full-e530ffd7e10fc565116293d041e409e2 avia-slideshow-extra_large av_slideshow_full avia-fade-slider av-slideshow-ui av-control-default av-slideshow-manual av-loop-once av-loop-manual-endless av-default-height-applied   avia-slideshow-1' data-slideshow-options=\"{&quot;animation&quot;:&quot;fade&quot;,&quot;autoplay&quot;:false,&quot;loop_autoplay&quot;:&quot;once&quot;,&quot;interval&quot;:7,&quot;loop_manual&quot;:&quot;manual-endless&quot;,&quot;autoplay_stopper&quot;:false,&quot;noNavigation&quot;:false,&quot;bg_slider&quot;:false,&quot;keep_padding&quot;:false,&quot;hoverpause&quot;:false,&quot;show_slide_delay&quot;:0}\"  itemprop=\"image\" itemscope=\"itemscope\" itemtype=\"https:\/\/schema.org\/ImageObject\" ><ul class='avia-slideshow-inner ' style='padding-bottom: 54.666666666667%;'><li  class='avia-slideshow-slide av-av_slideshow_full-e530ffd7e10fc565116293d041e409e2__0  av-single-slide slide-1 slide-odd'><div data-rel='slideshow-1' class='avia-slide-wrap '   ><div class='av-slideshow-caption av-av_slideshow_full-e530ffd7e10fc565116293d041e409e2__0 caption_fullwidth caption_center'><div class=\"container caption_container\"><div class=\"slideshow_caption\"><div class=\"slideshow_inner_caption\"><div class=\"slideshow_align_caption\"><h2 class='avia-caption-title '  itemprop=\"name\" >V\u00e4lkommen till Collection<\/h2><div class='avia-caption-content '  itemprop=\"description\" ><p>The ultimate lifestyle!<\/p>\n<\/div><\/div><\/div><\/div><\/div><\/div><img decoding=\"async\" fetchpriority=\"high\" class=\"wp-image-33623 avia-img-lazy-loading-not-33623\"  src=\"https:\/\/www.goinstyle.se\/wp-content\/uploads\/2018\/08\/cruise_instyle_startbild4-1500x820.jpg\" width=\"1500\" height=\"820\" title='' alt=''  itemprop=\"thumbnailUrl\" srcset=\"https:\/\/www.goinstyle.se\/wp-content\/uploads\/2018\/08\/cruise_instyle_startbild4-1500x820.jpg 1500w, https:\/\/www.goinstyle.se\/wp-content\/uploads\/2018\/08\/cruise_instyle_startbild4-400x219.jpg 400w, https:\/\/www.goinstyle.se\/wp-content\/uploads\/2018\/08\/cruise_instyle_startbild4-600x328.jpg 600w, https:\/\/www.goinstyle.se\/wp-content\/uploads\/2018\/08\/cruise_instyle_startbild4-300x164.jpg 300w, https:\/\/www.goinstyle.se\/wp-content\/uploads\/2018\/08\/cruise_instyle_startbild4-768x420.jpg 768w, https:\/\/www.goinstyle.se\/wp-content\/uploads\/2018\/08\/cruise_instyle_startbild4-1030x563.jpg 1030w, https:\/\/www.goinstyle.se\/wp-content\/uploads\/2018\/08\/cruise_instyle_startbild4-705x385.jpg 705w\" sizes=\"(max-width: 1500px) 100vw, 1500px\" \/><\/div><\/li><\/ul><\/div><\/div>\n<div id='start'  class='avia-section av-av_section-ddd28c15f86e965f1cfdc0559b270443 main_color avia-section-default avia-no-shadow  avia-builder-el-1  el_after_av_slideshow_full  avia-builder-el-last  avia-bg-style-scroll container_wrap fullsize'  ><div class='container av-section-cont-open' ><div class='template-page content  av-content-full alpha units'><div class='post-entry post-entry-type-page post-entry-42963'><div class='entry-content-wrapper clearfix'>\n\n<style type=\"text\/css\" data-created_by=\"avia_inline_auto\" id=\"style-css-av-av_one_full-a65d98804894989765c6eb277227030a\">\n#top .flex_column.av-av_one_full-a65d98804894989765c6eb277227030a{\nmargin-top:-30px;\nmargin-bottom:0px;\n}\n.flex_column.av-av_one_full-a65d98804894989765c6eb277227030a{\nborder-radius:0px 0px 0px 0px;\npadding:0px 0px 0px 0px;\n}\n.responsive #top #wrap_all .flex_column.av-av_one_full-a65d98804894989765c6eb277227030a{\nmargin-top:-30px;\nmargin-bottom:0px;\n}\n<\/style>\n<div  class='flex_column av-av_one_full-a65d98804894989765c6eb277227030a av_one_full  avia-builder-el-2  el_before_av_hr  avia-builder-el-first  first flex_column_div av-zero-column-padding  '     ><p><section  class='av_textblock_section av-av_textblock-0366cc7376be6c9e82a3e9cc8987b64f '   itemscope=\"itemscope\" itemtype=\"https:\/\/schema.org\/CreativeWork\" ><div class='avia_textblock'  itemprop=\"text\" ><p>Precis som med v\u00e5ra fina semesterdestinationer, d\u00e4r vi noga handplockat v\u00e5ra favoritplatser och valt hotell med allra st\u00f6rsta omsorg f\u00f6r en optimal semesterupplevelse, har vi valt kryssningsrederier som skiljer sig fr\u00e5n m\u00e4ngden. Vi har varit m\u00e5na om att ge dig storslagna, upplevelserika kryssningar med b\u00e4sta komfort och service inom respektive kategori, samtidigt som vi vinnlagt oss om att servicen, destinationerna och ombordupplevelserna skall bli dina b\u00e4sta kryssningsminnen n\u00e5gonsin. Oavsett om farvattnen \u00e4r Medelhavet, Karibien eller Indiska Oceanen!<\/p>\n<\/div><\/section><br \/>\n<section  class='av_textblock_section av-av_textblock-0366cc7376be6c9e82a3e9cc8987b64f '   itemscope=\"itemscope\" itemtype=\"https:\/\/schema.org\/CreativeWork\" ><div class='avia_textblock'  itemprop=\"text\" ><div id=\"pressrelease-link-42963\" class=\"sh-link pressrelease-link sh-hide\"><a href=\"#\" onclick=\"showhide_toggle('pressrelease', 42963, 'L\u00e4s mer', 'St\u00e4ng'); return false;\" aria-expanded=\"false\"><span id=\"pressrelease-toggle-42963\">L\u00e4s mer<\/span><\/a><\/div><div id=\"pressrelease-content-42963\" class=\"sh-content pressrelease-content sh-hide\" style=\"display: none;\"><\/p>\n<p><em>Vad \u00e4r det som g\u00f6r kryssningar till en semesterform som allt fler f\u00f6redrar?<\/em><br \/>\nDet \u00e4r m\u00e5nga faktorer som spelar in, men vi f\u00f6rmedlar g\u00e4rna n\u00e5gra av v\u00e5ra argument:<\/p>\n<p><em>Det \u00e4r prisv\u00e4rt.<\/em><br \/>\nI regel ing\u00e5r alla m\u00e5ltider. I vissa fall \u00e4ven drycker. Kostnaden r\u00e4knat per dag \u00f6vertr\u00e4ffar det mesta.<\/p>\n<p><em>Det \u00e4r varierande.<\/em><br \/>\nVarje dag ser du n\u00e5got nytt. En ny stad, hamn eller en fantastisk vik.<br \/>\nOmbord finns ofta m\u00e5nga aktiviteter f\u00f6r den som vill ha lite puls i tillvaron. Allt fr\u00e5n olika former av spel, finns motionsaktiviteter som g\u00f6r att en kryssning \u00e4ven passar paret eller familjen med olika intresen! Dessutom har de stora fartygen ofta shower ombord som h\u00e5ller h\u00f6g klass.<\/p>\n<p><em>Avkopplande.<\/em><br \/>\nS\u00e5 fort du kliver ombord, \u00e4r du en g\u00e4st som blir v\u00e4l omh\u00e4ndertagen. Vill du \u00e4ta gott, s\u00e5 ska du veta att k\u00f6ken ombord h\u00e5ller en utm\u00e4rkt standard och \u00e4ven erbjuder kulinariska upplevelser med profil fr\u00e5n v\u00e4rldens alla h\u00f6rn. Du kan variera dig och njuta varje stund, varje dag!<\/p>\n<p><em>Vilket omr\u00e5de \u00e4r b\u00e4st att kryssa i?<\/em><br \/>\nDet \u00e4r naturligtvis i f\u00f6rsta hand en smaksak och utbudet utvecklas undan f\u00f6r undan. De flesta kryssningarna g\u00e5r i Karibien, d\u00e4r det varit en tradition sedan l\u00e4nge. Det \u00e4r inte s\u00e5 konstigt med s\u00e5 m\u00e5nga fantastiska \u00f6ar med en varierande kultur och historia, ut\u00f6ver ett fantastiskt klimat \u00e5ret runt.<br \/>\nMedelhavet utvecklas starkt och en kryssning d\u00e4r kan ge dig en optimal kombination av att f\u00e5 bes\u00f6ka historiska sev\u00e4rdheter och avkoppling med sol och bad. Medelhavsl\u00e4nderna har ju en stark f\u00f6rankring i historien och l\u00e4ngs alla kuster finns avtryck fr\u00e5n antiken och andra tids\u00e5ldrar. Ett tips f\u00f6r den som vill ha flera syften tillfredsst\u00e4llda.<br \/>\nVill du t\u00e4nka lite mer p\u00e5 l\u00e4ngre kryssningar med exotisk pr\u00e4gel, finns fler och fler kryssningar i Indiska Oceanen och Sydostasien, d\u00e4r du ocks\u00e5 kan r\u00e4kna med m\u00e5nga sk\u00f6na stunder ombord, samtidigt som du kan bes\u00f6ka olika kulturer i den regionen. Passar precis som en kryssning i Medelhavet utm\u00e4rkt f\u00f6r dig som s\u00f6ker b\u00e5de kultur och sol &amp; bad.<\/p>\n<p>Vi l\u00e5ter dig g\u00f6ra valet mellan en paketresa med b\u00e5de flyg och kryssning eller en kryssning utan andra \u00e5taganden.<\/p>\n<p>Det b\u00e4sta du kan g\u00f6ra \u00e4r att kontakta oss, s\u00e5 \u00e4r du en bra bit p\u00e5 v\u00e4g till &#8220;the sunny side of life&#8221;. V\u00e4lkommen!<\/p>\n<p><\/div>\n<\/div><\/section><\/p><\/div>\n<style type=\"text\/css\" data-created_by=\"avia_inline_auto\" id=\"style-css-av-av_hr-c227a59b195829894f77aa465b32af95\">\n#top .hr.av-av_hr-c227a59b195829894f77aa465b32af95{\nmargin-top:0px;\nmargin-bottom:30px;\n}\n.hr.av-av_hr-c227a59b195829894f77aa465b32af95 .hr-inner{\nwidth:50px;\nborder-color:#f8f8f8;\nmax-width:45%;\n}\n.hr.av-av_hr-c227a59b195829894f77aa465b32af95 .av-seperator-icon{\ncolor:#e5c80c;\n}\n<\/style>\n<div  class='hr av-av_hr-c227a59b195829894f77aa465b32af95 hr-custom  avia-builder-el-5  el_after_av_one_full  el_before_av_productgrid  hr-center hr-icon-yes'><span class='hr-inner inner-border-av-border-fat'><span class=\"hr-inner-style\"><\/span><\/span><span class='av-seperator-icon' aria-hidden='true' data-av_icon='\ue8ce' data-av_iconfont='entypo-fontello'><\/span><span class='hr-inner inner-border-av-border-fat'><span class=\"hr-inner-style\"><\/span><\/span><\/div>\n<p>No products found which match your selection.<\/p><div class=\"clear\"><\/div>\n\n<style type=\"text\/css\" data-created_by=\"avia_inline_auto\" id=\"style-css-av-av_heading-434fee7dd52e24548f10d403c3f9ac5d\">\n#top .av-special-heading.av-av_heading-434fee7dd52e24548f10d403c3f9ac5d{\npadding-bottom:10px;\nfont-size:20px;\n}\nbody .av-special-heading.av-av_heading-434fee7dd52e24548f10d403c3f9ac5d .av-special-heading-tag .heading-char{\nfont-size:25px;\n}\n#top #wrap_all .av-special-heading.av-av_heading-434fee7dd52e24548f10d403c3f9ac5d .av-special-heading-tag{\nfont-size:20px;\n}\n.av-special-heading.av-av_heading-434fee7dd52e24548f10d403c3f9ac5d .av-subheading{\nfont-size:15px;\n}\n\n@media only screen and (min-width: 480px) and (max-width: 767px){ \n#top #wrap_all .av-special-heading.av-av_heading-434fee7dd52e24548f10d403c3f9ac5d .av-special-heading-tag{\nfont-size:0.8em;\n}\n}\n\n@media only screen and (max-width: 479px){ \n#top #wrap_all .av-special-heading.av-av_heading-434fee7dd52e24548f10d403c3f9ac5d .av-special-heading-tag{\nfont-size:0.8em;\n}\n}\n<\/style>\n<div  class='av-special-heading av-av_heading-434fee7dd52e24548f10d403c3f9ac5d av-special-heading-h3 blockquote modern-quote modern-centered  avia-builder-el-7  el_after_av_productgrid  el_before_av_hr  av-inherit-size'><h3 class='av-special-heading-tag '  itemprop=\"headline\"  >V\u00e5ra 5 Rederier<\/h3><div class=\"special-heading-border\"><div class=\"special-heading-inner-border\"><\/div><\/div><\/div>\n\n<style type=\"text\/css\" data-created_by=\"avia_inline_auto\" id=\"style-css-av-av_hr-c227a59b195829894f77aa465b32af95\">\n#top .hr.av-av_hr-c227a59b195829894f77aa465b32af95{\nmargin-top:0px;\nmargin-bottom:30px;\n}\n.hr.av-av_hr-c227a59b195829894f77aa465b32af95 .hr-inner{\nwidth:50px;\nborder-color:#f8f8f8;\nmax-width:45%;\n}\n.hr.av-av_hr-c227a59b195829894f77aa465b32af95 .av-seperator-icon{\ncolor:#e5c80c;\n}\n<\/style>\n<div  class='hr av-av_hr-c227a59b195829894f77aa465b32af95 hr-custom  avia-builder-el-8  el_after_av_heading  el_before_av_productgrid  hr-center hr-icon-yes'><span class='hr-inner inner-border-av-border-fat'><span class=\"hr-inner-style\"><\/span><\/span><span class='av-seperator-icon' aria-hidden='true' data-av_icon='\ue8ce' data-av_iconfont='entypo-fontello'><\/span><span class='hr-inner inner-border-av-border-fat'><span class=\"hr-inner-style\"><\/span><\/span><\/div>\n<div  class='avia-product-slider-container av-av_productgrid-8f083727c8bf577c22ca1953dbcd22f4 template-shop avia-content-slider avia-content-grid-active shop_columns_5  avia-builder-el-9  el_after_av_hr  el_before_av_hr  avia-content-slider-odd  avia-builder-el-9  el_after_av_hr  el_before_av_hr  av-slideshow-ui av-slider-hover-pause av-slideshow-manual av-loop-once av-loop-manual-endless avia-product-slider2' data-slideshow-options=\"{&quot;animation&quot;:&quot;fade&quot;,&quot;autoplay&quot;:false,&quot;loop_autoplay&quot;:&quot;once&quot;,&quot;interval&quot;:5,&quot;loop_manual&quot;:&quot;manual-endless&quot;,&quot;autoplay_stopper&quot;:false,&quot;noNavigation&quot;:false,&quot;bg_slider&quot;:false,&quot;keep_padding&quot;:false,&quot;hoverpause&quot;:true,&quot;show_slide_delay&quot;:0}\"><div class=\"product-sorting\"><ul class=\"sort-param sort-param-order\"><li><span class='currently-selected'>Sort by <strong>Default<\/strong><\/span><ul><li class=\"current-param\"><a href='?avia_extended_shop_select=yes&product_order=default' rel=\"nofollow\"><span class='avia-bullet'><\/span>Default<\/a><\/li><li><a href='?avia_extended_shop_select=yes&product_order=menu_order' rel=\"nofollow\"><span class='avia-bullet'><\/span>Custom<\/a><\/li><li><a href='?avia_extended_shop_select=yes&product_order=title' rel=\"nofollow\"><span class='avia-bullet'><\/span>Name<\/a><\/li><li><a href='?avia_extended_shop_select=yes&product_order=price' rel=\"nofollow\"><span class='avia-bullet'><\/span>Price<\/a><\/li><li><a href='?avia_extended_shop_select=yes&product_order=date' rel=\"nofollow\"><span class='avia-bullet'><\/span>Date<\/a><\/li><li><a href='?avia_extended_shop_select=yes&product_order=popularity' rel=\"nofollow\"><span class='avia-bullet'><\/span>Popularity (sales)<\/a><\/li><li><a href='?avia_extended_shop_select=yes&product_order=rating' rel=\"nofollow\"><span class='avia-bullet'><\/span>Average rating<\/a><\/li><li><a href='?avia_extended_shop_select=yes&product_order=relevance' rel=\"nofollow\"><span class='avia-bullet'><\/span>Relevance<\/a><\/li><li><a href='?avia_extended_shop_select=yes&product_order=rand' rel=\"nofollow\"><span class='avia-bullet'><\/span>Random<\/a><\/li><li><a href='?avia_extended_shop_select=yes&product_order=id' rel=\"nofollow\"><span class='avia-bullet'><\/span>Product ID<\/a><\/li><\/ul><\/li><\/ul><ul class='sort-param sort-param-count'><li><span class='currently-selected'>Display <strong>5 Products per page <\/strong><\/span><ul><li class=\"current-param\"><a href='?paged=1&avia_extended_shop_select=yes&product_count=5' rel=\"nofollow\">\t\t<span class='avia-bullet'><\/span>5 Products per page<\/a><\/li><li><a href='?paged=1&avia_extended_shop_select=yes&product_count=10' rel=\"nofollow\">\t<span class='avia-bullet'><\/span>10 Products per page<\/a><\/li><li><a href='?paged=1&avia_extended_shop_select=yes&product_count=15' rel=\"nofollow\">\t<span class='avia-bullet'><\/span>15 Products per page<\/a><\/li><\/ul><\/li><\/ul><\/div><div class='avia-content-slider-inner'><ul class=\"products\"><li class=\"post-43098 product type-product status-publish has-post-thumbnail product_cat-hotell-collection first instock shipping-taxable product-type-simple\">\n\t<div class='inner_product main_color wrapped_style noLightbox  av-product-class-'><a href=\"https:\/\/www.goinstyle.se\/collection\/boka\/hotell-collection\/hotell-2\/\" class=\"woocommerce-LoopProduct-link woocommerce-loop-product__link\"><div class=\"thumbnail_container\"><img decoding=\"async\" loading=\"lazy\" width=\"317\" height=\"211\" src=\"https:\/\/www.goinstyle.se\/wp-content\/uploads\/2019\/09\/Hotel-la-perla.jpg\" class=\"wp-image-42957 avia-img-lazy-loading-42957 attachment-shop_catalog size-shop_catalog wp-post-image\" alt=\"\" srcset=\"https:\/\/www.goinstyle.se\/wp-content\/uploads\/2019\/09\/Hotel-la-perla.jpg 317w, https:\/\/www.goinstyle.se\/wp-content\/uploads\/2019\/09\/Hotel-la-perla-300x200.jpg 300w\" sizes=\"auto, (max-width: 317px) 100vw, 317px\" \/><span class=\"cart-loading\"><\/span><\/div><div class='inner_product_header'><div class='avia-arrow'><\/div><div class='inner_product_header_table'><div class='inner_product_header_cell'><h2 class=\"woocommerce-loop-product__title\">Hotell<\/h2>\n<span CLASS='BOKA'><a class='room-link' href='https:\/\/www.goinstyle.se\/collection\/boka\/hotell-collection\/hotell-2\/'>L&auml;s mer och boka<\/a><\/span><\/div><\/div><\/div><\/a><div class='avia_cart_buttons '><a href=\"https:\/\/www.goinstyle.se\/collection\/boka\/hotell-collection\/hotell-2\/\" aria-describedby=\"woocommerce_loop_add_to_cart_link_describedby_43098\" data-quantity=\"1\" class=\"button product_type_simple\" data-product_id=\"43098\" data-product_sku=\"\" aria-label=\"Read more about &ldquo;Hotell&rdquo;\" rel=\"nofollow\" data-success_message=\"\"><span aria-hidden='true' data-av_icon='\ue859' data-av_iconfont='entypo-fontello'><\/span> Read more<\/a>\t<span id=\"woocommerce_loop_add_to_cart_link_describedby_43098\" class=\"screen-reader-text\">\n\t\t\t<\/span>\n<a class=\"button show_details_button\" href=\"https:\/\/www.goinstyle.se\/collection\/boka\/hotell-collection\/hotell-2\/\"><span aria-hidden='true' data-av_icon='\ue84b' data-av_iconfont='entypo-fontello'><\/span>  Show Details<\/a> <span class=\"button-mini-delimiter\"><\/span><\/div><\/div><\/li>\n<\/ul><\/div><\/div><div class=\"clear\"><\/div>\n\n<style type=\"text\/css\" data-created_by=\"avia_inline_auto\" id=\"style-css-av-av_hr-c227a59b195829894f77aa465b32af95\">\n#top .hr.av-av_hr-c227a59b195829894f77aa465b32af95{\nmargin-top:0px;\nmargin-bottom:30px;\n}\n.hr.av-av_hr-c227a59b195829894f77aa465b32af95 .hr-inner{\nwidth:50px;\nborder-color:#f8f8f8;\nmax-width:45%;\n}\n.hr.av-av_hr-c227a59b195829894f77aa465b32af95 .av-seperator-icon{\ncolor:#e5c80c;\n}\n<\/style>\n<div  class='hr av-av_hr-c227a59b195829894f77aa465b32af95 hr-custom hr-center hr-icon-yes'><span class='hr-inner inner-border-av-border-fat'><span class=\"hr-inner-style\"><\/span><\/span><span class='av-seperator-icon' aria-hidden='true' data-av_icon='\ue8ce' data-av_iconfont='entypo-fontello'><\/span><span class='hr-inner inner-border-av-border-fat'><span class=\"hr-inner-style\"><\/span><\/span><\/div>\n\n","protected":false},"excerpt":{"rendered":"","protected":false},"author":2,"featured_media":0,"parent":0,"menu_order":0,"comment_status":"closed","ping_status":"closed","template":"","meta":{"_vp_format_video_url":"","_vp_image_focal_point":[],"footnotes":""},"class_list":["post-42963","page","type-page","status-publish","hentry"],"_links":{"self":[{"href":"https:\/\/www.goinstyle.se\/collection\/wp-json\/wp\/v2\/pages\/42963","targetHints":{"allow":["GET"]}}],"collection":[{"href":"https:\/\/www.goinstyle.se\/collection\/wp-json\/wp\/v2\/pages"}],"about":[{"href":"https:\/\/www.goinstyle.se\/collection\/wp-json\/wp\/v2\/types\/page"}],"author":[{"embeddable":true,"href":"https:\/\/www.goinstyle.se\/collection\/wp-json\/wp\/v2\/users\/2"}],"replies":[{"embeddable":true,"href":"https:\/\/www.goinstyle.se\/collection\/wp-json\/wp\/v2\/comments?post=42963"}],"version-history":[{"count":3,"href":"https:\/\/www.goinstyle.se\/collection\/wp-json\/wp\/v2\/pages\/42963\/revisions"}],"predecessor-version":[{"id":43104,"href":"https:\/\/www.goinstyle.se\/collection\/wp-json\/wp\/v2\/pages\/42963\/revisions\/43104"}],"wp:attachment":[{"href":"https:\/\/www.goinstyle.se\/collection\/wp-json\/wp\/v2\/media?parent=42963"}],"curies":[{"name":"wp","href":"https:\/\/api.w.org\/{rel}","templated":true}]}}