{"id":42992,"date":"2020-02-07T10:45:26","date_gmt":"2020-02-07T08:45:26","guid":{"rendered":"http:\/\/www.goinstyle.se\/?page_id=42992"},"modified":"2020-02-07T10:45:26","modified_gmt":"2020-02-07T08:45:26","slug":"om-instyle","status":"publish","type":"page","link":"https:\/\/www.goinstyle.se\/collection\/om-instyle\/","title":{"rendered":"Om InStyle"},"content":{"rendered":"\n<style type=\"text\/css\" data-created_by=\"avia_inline_auto\" id=\"style-css-av-av_section-808d6e8f442c1355fefc421cb9197b84\">\n.avia-section.av-av_section-808d6e8f442c1355fefc421cb9197b84{\nbackground-repeat:no-repeat;\nbackground-image:url(https:\/\/www.goinstyle.se\/wp-content\/uploads\/2015\/03\/Andiamo_Bistro.jpg);\nbackground-position:50% 0%;\nbackground-attachment:scroll;\n}\n<\/style>\n<div id='av_section_1'  class='avia-section av-av_section-808d6e8f442c1355fefc421cb9197b84 main_color avia-section-default avia-no-shadow  avia-builder-el-0  el_before_av_one_half  avia-builder-el-first  avia-full-stretch avia-bg-style-scroll container_wrap fullsize'  data-section-bg-repeat='stretch'><div class='container av-section-cont-open' ><main  role=\"main\" itemprop=\"mainContentOfPage\"  class='template-page content  av-content-full alpha units'><div class='post-entry post-entry-type-page post-entry-42992'><div class='entry-content-wrapper clearfix'>\n\n<style type=\"text\/css\" data-created_by=\"avia_inline_auto\" id=\"style-css-av-av_hr-a6de236e6c183bbbd700292deacd2b52\">\n#top .hr.hr-invisible.av-av_hr-a6de236e6c183bbbd700292deacd2b52{\nheight:20px;\n}\n<\/style>\n<div  class='hr av-av_hr-a6de236e6c183bbbd700292deacd2b52 hr-invisible  avia-builder-el-1  el_before_av_heading  avia-builder-el-first '><span class='hr-inner '><span class=\"hr-inner-style\"><\/span><\/span><\/div>\n\n<style type=\"text\/css\" data-created_by=\"avia_inline_auto\" id=\"style-css-av-av_heading-dcd2148195d0081292edd83f4c3a2d5c\">\n#top .av-special-heading.av-av_heading-dcd2148195d0081292edd83f4c3a2d5c{\npadding-bottom:10px;\ncolor:#ffffff;\nfont-size:40px;\n}\nbody .av-special-heading.av-av_heading-dcd2148195d0081292edd83f4c3a2d5c .av-special-heading-tag .heading-char{\nfont-size:25px;\n}\n#top #wrap_all .av-special-heading.av-av_heading-dcd2148195d0081292edd83f4c3a2d5c .av-special-heading-tag{\nfont-size:40px;\n}\n.av-special-heading.av-av_heading-dcd2148195d0081292edd83f4c3a2d5c .special-heading-inner-border{\nborder-color:#ffffff;\n}\n.av-special-heading.av-av_heading-dcd2148195d0081292edd83f4c3a2d5c .av-subheading{\nfont-size:15px;\n}\n\n@media only screen and (min-width: 480px) and (max-width: 767px){ \n#top #wrap_all .av-special-heading.av-av_heading-dcd2148195d0081292edd83f4c3a2d5c .av-special-heading-tag{\nfont-size:0.8em;\n}\n}\n\n@media only screen and (max-width: 479px){ \n#top #wrap_all .av-special-heading.av-av_heading-dcd2148195d0081292edd83f4c3a2d5c .av-special-heading-tag{\nfont-size:0.8em;\n}\n}\n<\/style>\n<div  class='av-special-heading av-av_heading-dcd2148195d0081292edd83f4c3a2d5c av-special-heading-h6 custom-color-heading blockquote modern-quote modern-centered  avia-builder-el-2  el_after_av_hr  avia-builder-el-last  av-inherit-size'><h6 class='av-special-heading-tag '  itemprop=\"headline\"  >Om Go InStyle<\/h6><div class=\"special-heading-border\"><div class=\"special-heading-inner-border\"><\/div><\/div><\/div>\n<\/div><\/div><\/main><!-- close content main element --><\/div><\/div><div id='after_section_1'  class='main_color av_default_container_wrap container_wrap fullsize'  ><div class='container av-section-cont-open' ><div class='template-page content  av-content-full alpha units'><div class='post-entry post-entry-type-page post-entry-42992'><div class='entry-content-wrapper clearfix'>\n\n<style type=\"text\/css\" data-created_by=\"avia_inline_auto\" id=\"style-css-av-av_one_half-6126cab7d8fab8d08143dd2dacdf673c\">\n.flex_column.av-av_one_half-6126cab7d8fab8d08143dd2dacdf673c{\nborder-radius:0px 0px 0px 0px;\npadding:0px 0px 0px 0px;\n}\n<\/style>\n<div  class='flex_column av-av_one_half-6126cab7d8fab8d08143dd2dacdf673c av_one_half  avia-builder-el-3  el_after_av_section  el_before_av_one_half  avia-builder-el-first  first flex_column_div av-zero-column-padding  '     ><section  class='av_textblock_section av-av_textblock-0366cc7376be6c9e82a3e9cc8987b64f '   itemscope=\"itemscope\" itemtype=\"https:\/\/schema.org\/CreativeWork\" ><div class='avia_textblock'  itemprop=\"text\" ><p>V\u00e4lkommen till\u00a0en ny sp\u00e4nnande researrang\u00f6r! Vi som startat Go InStyle har \u201dalltid\u201d jobbat med resor \u00a0och har tillsammans en enorm kunskap och erfarenhet. Vi tror oss ha\u00a0f\u00f6rm\u00e5gan att f\u00f6rst\u00e5 dig som kund och hitta det d\u00e4r lilla extra som du s\u00f6ker f\u00f6r dina resor. Genom ypperlig personlig service och all v\u00e5r erfarenhet och v\u00e5ra kontakter, ska vi erbjuda dig de b\u00e4sta resm\u00e5len, det b\u00e4sta boendet och de unika reseupplevelserna.<\/p>\n<p class=\"p1\"><span class=\"s1\">Vi kommer fr\u00e5n b\u00f6rjan att fokusera p\u00e5 \u00f6ar,\u00a0huvudsakligen i V\u00e4stindien och Indiska Oceanen, samt kryssningar med fokus p\u00e5 ett mer exklusivt och smalare urval. Utbudet kommer efterhand att v\u00e4xa och omfatta fler destinationer samt aktiviteter, t. ex. Ski InStyle och Golf InStyle.<\/span><\/p>\n<p class=\"p1\"><span class=\"s1\">V\u00e5r ambition \u00e4r att erbjuda dig\u00a0destinationer och boenden\u00a0\u201dInStyle\u201d. Det betyder h\u00f6g kvalitet, g\u00e4rna lyx, men inte bara lyx utan t ex \u00e4ven\u00a0mindre\u00a0unika hotell som du inte hittar s\u00e5 l\u00e4tt och som erbjuder n\u00e5got ut\u00f6ver det vanliga. Vi har \u00e4ven valt att fokusera p\u00e5 TOP 5 p\u00e5 varje resm\u00e5l, vi vill ge dig ett \u00f6versk\u00e5dligt urval d\u00e4r vi vet att du kan hitta det du s\u00f6ker. \u00a0Sj\u00e4lvklart har vi sj\u00e4lva varit p\u00e5 alla resm\u00e5l och p\u00e5 alla v\u00e5ra hotell, det \u00e4r genom v\u00e5ra\u00a0egna upplevelser vi vet att du\u00a0kommer att vara n\u00f6jd.\u00a0<\/span><\/p>\n<p class=\"p1\"><span class=\"s1\">F\u00f6rutom boende kan du\u00a0givetvis boka flyg, service, transfers, hyrbil, upplevelser,\u00a0utflykter etc. Vi erbjuder \u00e4ven\u00a0attraktiva paketresor och kombinationsresor, t ex flera \u00f6ar,\u00a0kryssning kombinerat med \u00f6ar etc.\u00a0<\/span><\/p>\n<p class=\"p1\"><span class=\"s1\">Go InStyle AB \u00e4r v\u00e4l finansierat fr\u00e5n b\u00f6rjan med ett flertal finansiellt starka \u00e4gare. Vi st\u00e4ller givetvis erforderliga resegarantier till Kammarkollegiet. Har du fr\u00e5gor eller vill komma i kontakt med oss, ring +46 (0)31 846480,<\/span><span class=\"s1\">\u00a0+ 46 (0)8 846460 eller maila <a href=\"mailto:info@goinstyle.se\">info@goinstyle.se<\/a>.\u00a0<\/span><\/p>\n<h2><\/h2>\n<\/div><\/section><\/div>\n\n<style type=\"text\/css\" data-created_by=\"avia_inline_auto\" id=\"style-css-av-av_one_half-0aa7055fe62c3622faec82866afbaeb2\">\n.flex_column.av-av_one_half-0aa7055fe62c3622faec82866afbaeb2{\nborder-radius:0px 0px 0px 0px;\npadding:0px 0px 0px 0px;\n}\n<\/style>\n<div  class='flex_column av-av_one_half-0aa7055fe62c3622faec82866afbaeb2 av_one_half  avia-builder-el-5  el_after_av_one_half  avia-builder-el-last  flex_column_div av-zero-column-padding  '     ><section  class='av_textblock_section av-av_textblock-0366cc7376be6c9e82a3e9cc8987b64f '   itemscope=\"itemscope\" itemtype=\"https:\/\/schema.org\/CreativeWork\" ><div class='avia_textblock'  itemprop=\"text\" ><p><img loading=\"lazy\" decoding=\"async\" class=\"alignnone size-full wp-image-22764\" src=\"http:\/\/www.goinstyle.se\/wp-content\/uploads\/2016\/11\/the_palm_junior-suite.jpg\" alt=\"\" width=\"3500\" height=\"2333\" srcset=\"https:\/\/www.goinstyle.se\/wp-content\/uploads\/2016\/11\/the_palm_junior-suite.jpg 3500w, https:\/\/www.goinstyle.se\/wp-content\/uploads\/2016\/11\/the_palm_junior-suite-400x267.jpg 400w, https:\/\/www.goinstyle.se\/wp-content\/uploads\/2016\/11\/the_palm_junior-suite-600x400.jpg 600w, https:\/\/www.goinstyle.se\/wp-content\/uploads\/2016\/11\/the_palm_junior-suite-300x200.jpg 300w, https:\/\/www.goinstyle.se\/wp-content\/uploads\/2016\/11\/the_palm_junior-suite-768x512.jpg 768w, https:\/\/www.goinstyle.se\/wp-content\/uploads\/2016\/11\/the_palm_junior-suite-1030x687.jpg 1030w, https:\/\/www.goinstyle.se\/wp-content\/uploads\/2016\/11\/the_palm_junior-suite-1500x1000.jpg 1500w, https:\/\/www.goinstyle.se\/wp-content\/uploads\/2016\/11\/the_palm_junior-suite-705x470.jpg 705w\" sizes=\"auto, (max-width: 3500px) 100vw, 3500px\" \/><\/p>\n<\/div><\/section><\/div>\n","protected":false},"excerpt":{"rendered":"","protected":false},"author":2,"featured_media":0,"parent":0,"menu_order":0,"comment_status":"closed","ping_status":"closed","template":"","meta":{"_vp_format_video_url":"","_vp_image_focal_point":[],"footnotes":""},"class_list":["post-42992","page","type-page","status-publish","hentry"],"_links":{"self":[{"href":"https:\/\/www.goinstyle.se\/collection\/wp-json\/wp\/v2\/pages\/42992","targetHints":{"allow":["GET"]}}],"collection":[{"href":"https:\/\/www.goinstyle.se\/collection\/wp-json\/wp\/v2\/pages"}],"about":[{"href":"https:\/\/www.goinstyle.se\/collection\/wp-json\/wp\/v2\/types\/page"}],"author":[{"embeddable":true,"href":"https:\/\/www.goinstyle.se\/collection\/wp-json\/wp\/v2\/users\/2"}],"replies":[{"embeddable":true,"href":"https:\/\/www.goinstyle.se\/collection\/wp-json\/wp\/v2\/comments?post=42992"}],"version-history":[{"count":3,"href":"https:\/\/www.goinstyle.se\/collection\/wp-json\/wp\/v2\/pages\/42992\/revisions"}],"predecessor-version":[{"id":43026,"href":"https:\/\/www.goinstyle.se\/collection\/wp-json\/wp\/v2\/pages\/42992\/revisions\/43026"}],"wp:attachment":[{"href":"https:\/\/www.goinstyle.se\/collection\/wp-json\/wp\/v2\/media?parent=42992"}],"curies":[{"name":"wp","href":"https:\/\/api.w.org\/{rel}","templated":true}]}}