{"id":43083,"date":"2016-12-16T10:12:27","date_gmt":"2016-12-16T10:12:27","guid":{"rendered":"http:\/\/www.goinstyle.se\/boka\/"},"modified":"2020-02-07T11:08:33","modified_gmt":"2020-02-07T09:08:33","slug":"boka","status":"publish","type":"page","link":"https:\/\/www.goinstyle.se\/collection\/boka\/","title":{"rendered":"Boka"},"content":{"rendered":"\n<style type=\"text\/css\" data-created_by=\"avia_inline_auto\" id=\"style-css-av-av_section-362f1a5039cf94e161c906bba5472ac8\">\n.avia-section.av-av_section-362f1a5039cf94e161c906bba5472ac8{\nbackground-repeat:no-repeat;\nbackground-image:url(https:\/\/www.goinstyle.se\/wp-content\/uploads\/2018\/06\/go_ins.jpg);\nbackground-position:50% 50%;\nbackground-attachment:scroll;\n}\n<\/style>\n<div id='av_section_1'  class='avia-section av-av_section-362f1a5039cf94e161c906bba5472ac8 main_color avia-section-default avia-no-shadow  avia-builder-el-0  el_before_av_section  avia-builder-el-first  avia-full-stretch avia-bg-style-scroll container_wrap fullsize'  data-section-bg-repeat='stretch'><div class='container av-section-cont-open' ><main  role=\"main\" itemprop=\"mainContentOfPage\"  class='template-page content  av-content-full alpha units'><div class='post-entry post-entry-type-page post-entry-43083'><div class='entry-content-wrapper clearfix'>\n\n<style type=\"text\/css\" data-created_by=\"avia_inline_auto\" id=\"style-css-av-av_hr-a6de236e6c183bbbd700292deacd2b52\">\n#top .hr.hr-invisible.av-av_hr-a6de236e6c183bbbd700292deacd2b52{\nheight:20px;\n}\n<\/style>\n<div  class='hr av-av_hr-a6de236e6c183bbbd700292deacd2b52 hr-invisible  avia-builder-el-1  el_before_av_heading  avia-builder-el-first '><span class='hr-inner '><span class=\"hr-inner-style\"><\/span><\/span><\/div>\n\n<style type=\"text\/css\" data-created_by=\"avia_inline_auto\" id=\"style-css-av-av_heading-8b23e6ada4ea60861261a525fe8f19b3\">\n#top .av-special-heading.av-av_heading-8b23e6ada4ea60861261a525fe8f19b3{\npadding-bottom:10px;\ncolor:#ffffff;\nfont-size:40px;\n}\nbody .av-special-heading.av-av_heading-8b23e6ada4ea60861261a525fe8f19b3 .av-special-heading-tag .heading-char{\nfont-size:25px;\n}\n#top #wrap_all .av-special-heading.av-av_heading-8b23e6ada4ea60861261a525fe8f19b3 .av-special-heading-tag{\nfont-size:40px;\n}\n.av-special-heading.av-av_heading-8b23e6ada4ea60861261a525fe8f19b3 .special-heading-inner-border{\nborder-color:#ffffff;\n}\n.av-special-heading.av-av_heading-8b23e6ada4ea60861261a525fe8f19b3 .av-subheading{\nfont-size:15px;\n}\n\n@media only screen and (min-width: 480px) and (max-width: 767px){ \n#top #wrap_all .av-special-heading.av-av_heading-8b23e6ada4ea60861261a525fe8f19b3 .av-special-heading-tag{\nfont-size:0.8em;\n}\n}\n\n@media only screen and (max-width: 479px){ \n#top #wrap_all .av-special-heading.av-av_heading-8b23e6ada4ea60861261a525fe8f19b3 .av-special-heading-tag{\nfont-size:0.8em;\n}\n}\n<\/style>\n<div  class='av-special-heading av-av_heading-8b23e6ada4ea60861261a525fe8f19b3 av-special-heading-h6 custom-color-heading blockquote modern-quote modern-centered  avia-builder-el-2  el_after_av_hr  avia-builder-el-last  av-inherit-size'><h6 class='av-special-heading-tag '  itemprop=\"headline\"  >Boka<\/h6><div class=\"special-heading-border\"><div class=\"special-heading-inner-border\"><\/div><\/div><\/div>\n\n<\/div><\/div><\/main><!-- close content main element --><\/div><\/div><div id='av_section_2'  class='avia-section av-av_section-bb9bdb22c7f9e6bf1d52c155825dc7f7 main_color avia-section-default avia-no-shadow  avia-builder-el-3  el_after_av_section  avia-builder-el-last  avia-bg-style-scroll container_wrap fullsize'  ><div class='container av-section-cont-open' ><div class='template-page content  av-content-full alpha units'><div class='post-entry post-entry-type-page post-entry-43083'><div class='entry-content-wrapper clearfix'>\n<section  class='av_textblock_section av-av_textblock-0366cc7376be6c9e82a3e9cc8987b64f '   itemscope=\"itemscope\" itemtype=\"https:\/\/schema.org\/CreativeWork\" ><div class='avia_textblock'  itemprop=\"text\" ><pre><code><nav aria-label=\"breadcrumbs\">\n            <div class=\"breadcrumb-container theme1\">\n                <ol>\n                    <li><a title=\"Du \u00e4r h\u00e4r:\" href=\"#\"><span>Du \u00e4r h\u00e4r:<\/span><\/a><span class=\"separator\">\u00bb<\/span><\/li>\n                    <\/ol>\n            <\/div>\n        <\/nav>    <script type=\"application\/ld+json\">\n        {\n            \"@context\": \"http:\/\/schema.org\",\n            \"@type\": \"BreadcrumbList\",\n            \"itemListElement\": [\n                 {\n                            \"@type\": \"ListItem\",\n                            \"position\": 1,\n                            \"item\": {\n                                \"@id\": \"#\",\n                                \"name\": \"Du \u00e4r h\u00e4r:\"\n                            }\n                        }\n                                                    ]\n        }\n    <\/script>\n   \n    <script>\n            <\/script>\n<\/code><\/pre>\n<\/div><\/section>\n\n<style type=\"text\/css\" data-created_by=\"avia_inline_auto\" id=\"style-css-av-av_three_fifth-6126cab7d8fab8d08143dd2dacdf673c\">\n.flex_column.av-av_three_fifth-6126cab7d8fab8d08143dd2dacdf673c{\nborder-radius:0px 0px 0px 0px;\npadding:0px 0px 0px 0px;\n}\n<\/style>\n<div  class='flex_column av-av_three_fifth-6126cab7d8fab8d08143dd2dacdf673c av_three_fifth  avia-builder-el-5  el_after_av_textblock  avia-builder-el-last  first flex_column_div av-zero-column-padding  column-top-margin'     ><section  class='av_textblock_section av-av_textblock-0366cc7376be6c9e82a3e9cc8987b64f '   itemscope=\"itemscope\" itemtype=\"https:\/\/schema.org\/CreativeWork\" ><div class='avia_textblock'  itemprop=\"text\" >\n<div class=\"wpcf7 no-js\" id=\"wpcf7-f43082-o1\" lang=\"en-US\" dir=\"ltr\" data-wpcf7-id=\"43082\">\n<div class=\"screen-reader-response\"><p role=\"status\" aria-live=\"polite\" aria-atomic=\"true\"><\/p> <ul><\/ul><\/div>\n<form action=\"\/collection\/wp-json\/wp\/v2\/pages\/43083#wpcf7-f43082-o1\" method=\"post\" class=\"wpcf7-form init\" aria-label=\"Contact form\" novalidate=\"novalidate\" data-status=\"init\">\n<fieldset class=\"hidden-fields-container\"><input type=\"hidden\" name=\"_wpcf7\" value=\"43082\" \/><input type=\"hidden\" name=\"_wpcf7_version\" value=\"6.1.5\" \/><input type=\"hidden\" name=\"_wpcf7_locale\" value=\"en_US\" \/><input type=\"hidden\" name=\"_wpcf7_unit_tag\" value=\"wpcf7-f43082-o1\" \/><input type=\"hidden\" name=\"_wpcf7_container_post\" value=\"0\" \/><input type=\"hidden\" name=\"_wpcf7_posted_data_hash\" value=\"\" \/><input type=\"hidden\" name=\"_wpcf7_recaptcha_response\" value=\"\" \/>\n<\/fieldset>\n<div class=\"booking-inner row\">\n\t<div id=\"booking-form\" class=\"forfragan-form\" style=\"display: block;\">\n\t\t<div class=\"col-md-12\">\n\t\t\t<p><span class=\"text-label\"><i class=\"fa fa-bookmark\"><\/i>V\u00e4lj <\/span><span class=\"wpcf7-form-control-wrap\" data-name=\"menu-90\"><select class=\"wpcf7-form-control wpcf7-select\" id=\"hotell\" aria-invalid=\"false\" name=\"menu-90\"><option value=\"\"><\/option><\/select><\/span>\n\t\t\t<\/p>\n\t\t<\/div>\n\t\t<div class=\"col-md-6\" style=\"width: 50%!important;\">\n\t\t\t<p><span class=\"text-label\"><i class=\"fa fa-calendar\"><\/i>Avresa (dag eller period)<\/span><span class=\"wpcf7-form-control-wrap\" data-name=\"date-734\"><input size=\"40\" maxlength=\"400\" class=\"wpcf7-form-control wpcf7-text wpcf7-validates-as-required\" id=\"Datum\" aria-required=\"true\" aria-invalid=\"false\" value=\"\" type=\"text\" name=\"date-734\" \/><\/span>\n\t\t\t<\/p>\n\t\t<\/div>\n\t\t<div class=\"col-md-6\" style=\"width: 50%!important;\">\n\t\t\t<p><span class=\"text-label\"><i class=\"fa fa-calendar\"><\/i>Resl\u00e4ngd<\/span><span class=\"wpcf7-form-control-wrap\" data-name=\"date-735\"><input size=\"40\" maxlength=\"400\" class=\"wpcf7-form-control wpcf7-text wpcf7-validates-as-required\" id=\"outDatum\" aria-required=\"true\" aria-invalid=\"false\" value=\"\" type=\"text\" name=\"date-735\" \/><\/span>\n\t\t\t<\/p>\n\t\t<\/div>\n\t\t<div class=\"col-md-6\" style=\"width: 100%!important;\">\n\t\t\t<p><span class=\"text-label\"><i class=\"fa fa-plane\"><\/i>Ev. \u00f6nskem\u00e5l om flyg och avreseort <\/span><span class=\"wpcf7-form-control-wrap\" data-name=\"avreseort\"><input size=\"40\" maxlength=\"400\" class=\"wpcf7-form-control wpcf7-text\" aria-invalid=\"false\" value=\"\" type=\"text\" name=\"avreseort\" \/><\/span>\n\t\t\t<\/p>\n\t\t<\/div>\n\t\t<div class=\"col-md-6\" style=\"width: 100%!important;\">\n\t\t\t<p><span class=\"text-label\"><i class=\"fa fa-user\"><\/i>Namn<\/span><span class=\"wpcf7-form-control-wrap\" data-name=\"your-name\"><input size=\"40\" maxlength=\"400\" class=\"wpcf7-form-control wpcf7-text wpcf7-validates-as-required\" aria-required=\"true\" aria-invalid=\"false\" value=\"\" type=\"text\" name=\"your-name\" \/><\/span>\n\t\t\t<\/p>\n\t\t<\/div>\n\t\t<div class=\"col-md-6\" style=\"width: 50%!important;\">\n\t\t\t<p><span class=\"text-label\"><i class=\"fa fa-money\"><\/i>Ungef\u00e4rlig budget per person<\/span><span class=\"wpcf7-form-control-wrap\" data-name=\"budget\"><input size=\"40\" maxlength=\"400\" class=\"wpcf7-form-control wpcf7-text\" aria-invalid=\"false\" value=\"\" type=\"text\" name=\"budget\" \/><\/span>\n\t\t\t<\/p>\n\t\t<\/div>\n\t\t<div class=\"col-md-6\" style=\"width: 50%!important;\">\n\t\t\t<p><span class=\"text-label\"><i class=\"fa fa-group\"><\/i>Antal vuxna<\/span><span class=\"wpcf7-form-control-wrap\" data-name=\"antal\"><input size=\"40\" maxlength=\"400\" class=\"wpcf7-form-control wpcf7-text wpcf7-validates-as-required\" aria-required=\"true\" aria-invalid=\"false\" value=\"\" type=\"text\" name=\"antal\" \/><\/span>\n\t\t\t<\/p>\n\t\t<\/div>\n\t\t<div class=\"col-md-6\" style=\"width: 50%!important;\">\n\t\t\t<p><span class=\"text-label\"><i class=\"fa fa-group\"><\/i>Antal barn<\/span><span class=\"wpcf7-form-control-wrap\" data-name=\"antalbarn\"><input size=\"40\" maxlength=\"400\" class=\"wpcf7-form-control wpcf7-text\" aria-invalid=\"false\" value=\"\" type=\"text\" name=\"antalbarn\" \/><\/span>\n\t\t\t<\/p>\n\t\t<\/div>\n\t\t<div class=\"col-md-6\" style=\"width: 50%!important;\">\n\t\t\t<p><span class=\"text-label\"><i class=\"fa fa-group\"><\/i>Barnens \u00e5ldrar vid avresa<\/span><span class=\"wpcf7-form-control-wrap\" data-name=\"alder\"><input size=\"40\" maxlength=\"400\" class=\"wpcf7-form-control wpcf7-text\" aria-invalid=\"false\" value=\"\" type=\"text\" name=\"alder\" \/><\/span>\n\t\t\t<\/p>\n\t\t<\/div>\n\t\t<div class=\"col-md-6\" style=\"width: 50%!important;\">\n\t\t\t<p><span class=\"text-label\"><i class=\"fa fa-phone\"><\/i>Telefon<\/span><span class=\"wpcf7-form-control-wrap\" data-name=\"your-telefon\"><input size=\"40\" maxlength=\"400\" class=\"wpcf7-form-control wpcf7-text wpcf7-validates-as-required\" aria-required=\"true\" aria-invalid=\"false\" value=\"\" type=\"text\" name=\"your-telefon\" \/><\/span>\n\t\t\t<\/p>\n\t\t<\/div>\n\t\t<div class=\"col-md-6\" style=\"width: 50%!important;\">\n\t\t\t<p><span class=\"text-label\"><i class=\"fa fa-envelope\"><\/i>Email<\/span><span class=\"wpcf7-form-control-wrap\" data-name=\"your-email\"><input size=\"40\" maxlength=\"400\" class=\"wpcf7-form-control wpcf7-email wpcf7-validates-as-required wpcf7-text wpcf7-validates-as-email\" aria-required=\"true\" aria-invalid=\"false\" value=\"\" type=\"email\" name=\"your-email\" \/><\/span>\n\t\t\t<\/p>\n\t\t<\/div>\n\t\t<div class=\"col-md-12\">\n\t\t\t<p><span class=\"text-label\"><i class=\"fa fa-comment\"><\/i>\u00d6vrig information och \u00f6nskem\u00e5l<\/span><span class=\"wpcf7-form-control-wrap\" data-name=\"your-message\"><textarea cols=\"500\" rows=\"5\" maxlength=\"2000\" class=\"wpcf7-form-control wpcf7-textarea\" aria-invalid=\"false\" name=\"your-message\"><\/textarea><\/span>\n\t\t\t<\/p>\n\t\t<\/div>\n\t\t<div class=\"col-md-12\">\n\t\t\t<p><span class=\"wpcf7-form-control-wrap\" data-name=\"checkbox-7\"><span class=\"wpcf7-form-control wpcf7-checkbox checkbox2\" id=\"nyhetsbrev\"><span class=\"wpcf7-list-item first last\"><input type=\"checkbox\" name=\"checkbox-7[]\" value=\"Ring mig f\u00f6r mer information innan ni p\u00e5b\u00f6rjar offerten!\" \/><span class=\"wpcf7-list-item-label\">Ring mig f\u00f6r mer information innan ni p\u00e5b\u00f6rjar offerten!<\/span><\/span><\/span><\/span>\n\t\t\t<\/p>\n\t\t<\/div>\n\t\t<div class=\"col-md-12\">\n\t\t<\/div>\n\t\t<div class=\"col-md-12\">\n\t\t\t<p><span class=\"wpcf7-form-control-wrap\" data-name=\"checkbox-8\"><span class=\"wpcf7-form-control wpcf7-checkbox checkbox2\"><span class=\"wpcf7-list-item first last\"><input type=\"checkbox\" name=\"checkbox-8[]\" value=\"Ja tack, l\u00e5t Go InStyle&#039;s nyhetsbrev inspirera mig med restips, upplevelser och nya resm\u00e5l!\" checked=\"checked\" \/><span class=\"wpcf7-list-item-label\">Ja tack, l\u00e5t Go InStyle&#039;s nyhetsbrev inspirera mig med restips, upplevelser och nya resm\u00e5l!<\/span><\/span><\/span><\/span>\n\t\t\t<\/p>\n\t\t<\/div>\n\t\t<div class=\"col-md-12\">\n\t\t<\/div>\n\t\t<div class=\"col-md-12\">\n\t\t\t\n<!-- CF7 Modules -->\n<div style='display:none;'><input type=\"hidden\" class=\"wpcf7-form-control wpcf7-hidden\" name=\"hidden-274\" placeholder=\"\" value=\"https:\/\/www.goinstyle.se\/collection\/boka\/\" \/>\n<input type=\"hidden\" class=\"wpcf7-form-control wpcf7-hidden\" name=\"hidden-703\" placeholder=\"\" value=\"Boka\" \/>\n\t\t\t\n\t\t\t<\/div>\n<!-- End CF7 Modules -->\n\n\t\t\t<p><input class=\"wpcf7-form-control wpcf7-submit has-spinner btn btn-custom btn-large\" type=\"submit\" value=\"Skicka f\u00f6rfr\u00e5gan\" \/>\n\t\t\t<\/p>\n\t\t<\/div>\n\t<\/div>\n<\/div><div class=\"wpcf7-response-output\" aria-hidden=\"true\"><\/div>\n<\/form>\n<\/div>\n\n<div id=\"gtx-trans\" style=\"position: absolute; left: -246px; top: 0px;\">\n<div class=\"gtx-trans-icon\"><\/div>\n<\/div>\n<\/div><\/section><\/div>\n","protected":false},"excerpt":{"rendered":"","protected":false},"author":2,"featured_media":0,"parent":0,"menu_order":0,"comment_status":"closed","ping_status":"closed","template":"","meta":{"_vp_format_video_url":"","_vp_image_focal_point":[],"footnotes":""},"class_list":["post-43083","page","type-page","status-publish","hentry"],"_links":{"self":[{"href":"https:\/\/www.goinstyle.se\/collection\/wp-json\/wp\/v2\/pages\/43083","targetHints":{"allow":["GET"]}}],"collection":[{"href":"https:\/\/www.goinstyle.se\/collection\/wp-json\/wp\/v2\/pages"}],"about":[{"href":"https:\/\/www.goinstyle.se\/collection\/wp-json\/wp\/v2\/types\/page"}],"author":[{"embeddable":true,"href":"https:\/\/www.goinstyle.se\/collection\/wp-json\/wp\/v2\/users\/2"}],"replies":[{"embeddable":true,"href":"https:\/\/www.goinstyle.se\/collection\/wp-json\/wp\/v2\/comments?post=43083"}],"version-history":[{"count":2,"href":"https:\/\/www.goinstyle.se\/collection\/wp-json\/wp\/v2\/pages\/43083\/revisions"}],"predecessor-version":[{"id":43085,"href":"https:\/\/www.goinstyle.se\/collection\/wp-json\/wp\/v2\/pages\/43083\/revisions\/43085"}],"wp:attachment":[{"href":"https:\/\/www.goinstyle.se\/collection\/wp-json\/wp\/v2\/media?parent=43083"}],"curies":[{"name":"wp","href":"https:\/\/api.w.org\/{rel}","templated":true}]}}