{"id":34291,"date":"2018-09-28T08:04:50","date_gmt":"2018-09-28T06:04:50","guid":{"rendered":"http:\/\/www.goinstyle.se\/?page_id=34291"},"modified":"2018-11-06T16:20:28","modified_gmt":"2018-11-06T14:20:28","slug":"om-kroatien-2","status":"publish","type":"page","link":"https:\/\/www.goinstyle.se\/croatia\/om-kroatien-2\/","title":{"rendered":"Om Kroatien"},"content":{"rendered":"\n<style type=\"text\/css\" data-created_by=\"avia_inline_auto\" id=\"style-css-av-av_section-702c5edc1c085cd9734d860a70bda5ac\">\n.avia-section.av-av_section-702c5edc1c085cd9734d860a70bda5ac{\nbackground-repeat:no-repeat;\nbackground-image:url(https:\/\/www.goinstyle.se\/wp-content\/uploads\/2018\/11\/Kroatien_Vrsar-1.jpg);\nbackground-position:50% 0%;\nbackground-attachment:scroll;\n}\n<\/style>\n<div id='av_section_1'  class='avia-section av-av_section-702c5edc1c085cd9734d860a70bda5ac main_color avia-section-default avia-no-shadow  avia-builder-el-0  el_before_av_section  avia-builder-el-first  avia-full-stretch avia-bg-style-scroll container_wrap fullsize'  data-section-bg-repeat='stretch'><div class='container av-section-cont-open' ><main  role=\"main\" itemprop=\"mainContentOfPage\"  class='template-page content  av-content-full alpha units'><div class='post-entry post-entry-type-page post-entry-34291'><div class='entry-content-wrapper clearfix'>\n\n<style type=\"text\/css\" data-created_by=\"avia_inline_auto\" id=\"style-css-av-av_hr-a6de236e6c183bbbd700292deacd2b52\">\n#top .hr.hr-invisible.av-av_hr-a6de236e6c183bbbd700292deacd2b52{\nheight:20px;\n}\n<\/style>\n<div  class='hr av-av_hr-a6de236e6c183bbbd700292deacd2b52 hr-invisible  avia-builder-el-1  el_before_av_heading  avia-builder-el-first '><span class='hr-inner '><span class=\"hr-inner-style\"><\/span><\/span><\/div>\n\n<style type=\"text\/css\" data-created_by=\"avia_inline_auto\" id=\"style-css-av-av_heading-9562d48306b166f1ed27f94b6c2281b2\">\n#top .av-special-heading.av-av_heading-9562d48306b166f1ed27f94b6c2281b2{\npadding-bottom:10px;\ncolor:#ffffff;\nfont-size:40px;\n}\nbody .av-special-heading.av-av_heading-9562d48306b166f1ed27f94b6c2281b2 .av-special-heading-tag .heading-char{\nfont-size:25px;\n}\n#top #wrap_all .av-special-heading.av-av_heading-9562d48306b166f1ed27f94b6c2281b2 .av-special-heading-tag{\nfont-size:40px;\n}\n.av-special-heading.av-av_heading-9562d48306b166f1ed27f94b6c2281b2 .special-heading-inner-border{\nborder-color:#ffffff;\n}\n.av-special-heading.av-av_heading-9562d48306b166f1ed27f94b6c2281b2 .av-subheading{\nfont-size:15px;\n}\n\n@media only screen and (min-width: 480px) and (max-width: 767px){ \n#top #wrap_all .av-special-heading.av-av_heading-9562d48306b166f1ed27f94b6c2281b2 .av-special-heading-tag{\nfont-size:0.8em;\n}\n}\n\n@media only screen and (max-width: 479px){ \n#top #wrap_all .av-special-heading.av-av_heading-9562d48306b166f1ed27f94b6c2281b2 .av-special-heading-tag{\nfont-size:0.8em;\n}\n}\n<\/style>\n<div  class='av-special-heading av-av_heading-9562d48306b166f1ed27f94b6c2281b2 av-special-heading-h6 custom-color-heading blockquote modern-quote modern-centered  avia-builder-el-2  el_after_av_hr  avia-builder-el-last  av-inherit-size'><h6 class='av-special-heading-tag '  itemprop=\"headline\"  >Om Kroatien<\/h6><div class=\"special-heading-border\"><div class=\"special-heading-inner-border\"><\/div><\/div><\/div>\n\n<\/div><\/div><\/main><!-- close content main element --><\/div><\/div><div id='divbred'  class='avia-section av-av_section-f69f9b9995685ee5a4eaf64d6d9c3d13 main_color avia-section-default avia-no-shadow  avia-builder-el-3  el_after_av_section  el_before_av_one_full  avia-bg-style-scroll container_wrap fullsize'  ><div class='container av-section-cont-open' ><div class='template-page content  av-content-full alpha units'><div class='post-entry post-entry-type-page post-entry-34291'><div class='entry-content-wrapper clearfix'>\n<section  class='av_textblock_section av-av_textblock-0366cc7376be6c9e82a3e9cc8987b64f '   itemscope=\"itemscope\" itemtype=\"https:\/\/schema.org\/CreativeWork\" ><div class='avia_textblock'  itemprop=\"text\" ><pre><code><nav aria-label=\"breadcrumbs\">\n            <div class=\"breadcrumb-container theme1\">\n                <ol>\n                    <li><a title=\"Du \u00e4r h\u00e4r:\" href=\"#\"><span>Du \u00e4r h\u00e4r:<\/span><\/a><span class=\"separator\">\u00bb<\/span><\/li>\n                    <\/ol>\n            <\/div>\n        <\/nav>    <script type=\"application\/ld+json\">\n        {\n            \"@context\": \"http:\/\/schema.org\",\n            \"@type\": \"BreadcrumbList\",\n            \"itemListElement\": [\n                 {\n                            \"@type\": \"ListItem\",\n                            \"position\": 1,\n                            \"item\": {\n                                \"@id\": \"#\",\n                                \"name\": \"Du \u00e4r h\u00e4r:\"\n                            }\n                        }\n                                                    ]\n        }\n    <\/script>\n   \n    <script>\n            <\/script>\n<\/code><\/pre>\n<\/div><\/section>\n<\/div><\/div><\/div><!-- close content main div --><\/div><\/div><div id='after_section_2'  class='main_color av_default_container_wrap container_wrap fullsize'  ><div class='container av-section-cont-open' ><div class='template-page content  av-content-full alpha units'><div class='post-entry post-entry-type-page post-entry-34291'><div class='entry-content-wrapper clearfix'>\n\n<style type=\"text\/css\" data-created_by=\"avia_inline_auto\" id=\"style-css-av-av_one_full-c3f0f78c26a863dc60f14a52019fd8b2\">\n#top .flex_column.av-av_one_full-c3f0f78c26a863dc60f14a52019fd8b2{\nmargin-top:0px;\nmargin-bottom:0px;\n}\n.flex_column.av-av_one_full-c3f0f78c26a863dc60f14a52019fd8b2{\nborder-radius:0px 0px 0px 0px;\npadding:0px 0px 0px 0px;\n}\n.responsive #top #wrap_all .flex_column.av-av_one_full-c3f0f78c26a863dc60f14a52019fd8b2{\nmargin-top:0px;\nmargin-bottom:0px;\n}\n<\/style>\n<div  class='flex_column av-av_one_full-c3f0f78c26a863dc60f14a52019fd8b2 av_one_full  avia-builder-el-5  el_after_av_section  el_before_av_hr  avia-builder-el-first  first flex_column_div av-zero-column-padding  '     ><section  class='av_textblock_section av-av_textblock-0366cc7376be6c9e82a3e9cc8987b64f '   itemscope=\"itemscope\" itemtype=\"https:\/\/schema.org\/CreativeWork\" ><div class='avia_textblock'  itemprop=\"text\" ><h1>Om Kroatien<\/h1>\n<p><strong>Resm\u00e5let<br \/>\n<\/strong>Det h\u00e4r \u00e4r en gammal semesterklassiker som f\u00e5tt en ren\u00e4ssans under senare \u00e5r. I takt med landets positiva utveckling efter Balkankrigen, har Kroatien kl\u00e4ttrat raskt p\u00e5 popularitetsstegen och \u00e4r idag en av v\u00e5ra mest attraktiva semesterdestinationer. H\u00e4r finner du inte mindre \u00e4n ca 180 mils kuststr\u00e4cka som oftast skyddas av vackra kalkstensklippor och d\u00e4r vattnet r\u00e4knas som det renaste och klaraste i Medelhavet. Landets lite oregelbundna och kanske inte helt &#8220;fyrkantiga&#8221; gr\u00e4nser skvallrar ocks\u00e5 om att du finner ett b\u00e5de varierat, kuperat och fascinerande landskap som bjuder b\u00e5de dramatisk som romantik. St\u00e4derna vid kusten har stark p\u00e5verkan fr\u00e5n antikens och medeltidens dagar, vilket skapar en mycket anrik, st\u00e4mningsfull och trivsam atmosf\u00e4r. Prisniv\u00e5n \u00e4r fortfarande behaglig och levnadskostnaderna f\u00f6r semesterfirare \u00e4r l\u00e4gre h\u00e4r \u00e4n i de mer frekventerade grannl\u00e4nderna som t ex Italien och Spanien.<\/p>\n<p><strong>N\u00f6jesliv, mat och dryck<\/strong><br \/>\nMed sitt brokiga kulturarv, kan du uppleva sp\u00e4nnande och \u00e4ven kontrastrika matupplevelser h\u00e4r. L\u00e4ngs kusten \u00e4r pr\u00e4geln lite \u00e5t det italienska h\u00e5llet d\u00e4r man ofta erbjuds pasta, fisk och skaldjur med friska viner till. Inlandet har en lite mer rustik mattradition som h\u00e4rr\u00f6r sig fr\u00e5n den \u00d6sterrikisk-Ungerska tiden. Du finner hyggliga lokala viner och \u00f6l samt sj\u00e4lvklart mer k\u00e4nda, internationella m\u00e4rken. Prisniv\u00e5n \u00e4r generellt r\u00e4knad som relativt l\u00e5g och det finns goda m\u00f6jligheter att uppleva s\u00e5v\u00e4l v\u00e4lsmakande, goda som prisv\u00e4rda m\u00e5ltider p\u00e5 din semester!<\/p>\n<p class=\"western\"><strong>Sol och bad<\/strong><br \/>\nH\u00e4r finner du Medelhavets klaraste vatten i Adriatiska havet som dessutom h\u00e5ller en varm och behaglig temperatur stora delar av \u00e5ret. Om du i f\u00f6rsta hand s\u00f6ker mjuka, lena sandstr\u00e4nder \u00e4r Kroatien inte det b\u00e4sta alternativet. H\u00e4r dominerar s k klapperstensstr\u00e4nder som ofta kompletteras med murade badplattformar f\u00f6r solbad och umg\u00e4nge. Med ett par badskor \u00e4r en fantastisk badsemester n\u00e4stan garanterad!<\/p>\n<p class=\"western\"><strong>Sev\u00e4rdheter och aktiviteter<\/strong><br \/>\nDu finner en m\u00e4ngd kvarlevor och minnesm\u00e4rken fr\u00e5n landets historia lite \u00f6verallt. I Istriens huvudstad Pula kan du f\u00f6rledas att tro att du pl\u00f6tsligt \u00e4r i antikens Rom, d\u00e4r bl a den stora v\u00e4lbevarade amfiteatern Arena utg\u00f6r en av stadens starkaste profiler. Utanf\u00f6r Pula finns \u00f6ven \u00f6gruppen Brijuni\u00f6arna som \u00e4r en av landets nationalparker.<br \/>\nVid kustorterna kan du kombinera upplevelsen att vara mitt i v\u00e4rldshistorien samtidigt som du upplever ett modernt liv med b\u00e5de lokalt och mer internationellt restaurang- och barliv samt aktiviteter av marin karakt\u00e4r i strid- och havsmilj\u00f6n. F\u00f6r den som vill finns mycket kulturella sev\u00e4rdheter att uppleva, samtidigt som den som s\u00f6ker semesterliv i och vid vattnet knappast g\u00e5r lottl\u00f6s!<\/p>\n<p><strong>Historia<br \/>\n<\/strong>Omr\u00e5det som idag markerar Kroatien har en mycket brokig och m\u00e5ngfacetterad historia l\u00e5ngt tillbaka i tiden. H\u00e4r har funnit stark p\u00e5verkan fri det Romerska riket, det Turkiska och Habsburgska v\u00e4ldet. P\u00e5 500- och 600-talet blev omr\u00e5det som utg\u00f6r Kroatien, befolkat av slaver och kroater. Det utvecklades till tv\u00e5 furstend\u00f6men p\u00e5 800-talet som f\u00f6renades till ett omkring 925. I flera \u00e5rhundraden var landet involverat i flera slag och er\u00f6vrades av det Ungerska v\u00e4ldet p\u00e5 1100-talet, f\u00f6r att 1450 \u00e5terer\u00f6vras av det Osmanska riket. Napoleon styrde \u00f6ver omr\u00e5det en kort tid i b\u00f6rjan p\u00e5 1800-talet men man\u00f6vrerades ut 1866 efter ett slag om landet mellan Italien och \u00d6sterrike, vilket gjorde landet tillh\u00f6rigt \u00d6sterrike-Ungern och ledde till en blomstringsperiod f\u00f6r s\u00e5v\u00e4l handeln som skeppsbyggeri.<\/p>\n<p>Efter f\u00f6rsta v\u00e4rldskriget bildades en sydslavisk kungarikes som sedermera fick namnet Jugoslavien. Kroaterna var dock motvilliga till den Serbiska dominans som r\u00e5dde men inlemmades efter andra v\u00e4rldskrigets slut i socialistrepubliken Jugoslavien, vilken uppl\u00f6stes efter krigs\u00e5ren under 1990-talet som ledde fram till ett flertal sj\u00e4lvst\u00e4ndiga omr\u00e5den varav Kroatien idag utg\u00f6r ett.<\/p>\n<p><strong>Yta<\/strong><br \/>\n56594 kvadratkilometer<\/p>\n<p><strong>Inv\u00e5nare<\/strong><br \/>\nca 4,1 miljoner<\/p>\n<p><strong>Spr\u00e5k<\/strong><br \/>\nKroatiska. P\u00e5 turistorterna g\u00e5r det oftast att \u00e4ven kommunicera p\u00e5 engelska och tyska.<\/p>\n<p><strong>Huvudstad<\/strong><br \/>\nZagreb, ca 790000 inv\u00e5nare<\/p>\n<p><strong>Klimat<\/strong><br \/>\nMedelhavsklimat med soligt och torrt v\u00e4der fr\u00e5n ungef\u00e4r maj till slutet p\u00e5 september, med dagstemperaturer mellan 24 och 30 grader. Regnskurar med \u00e5ska f\u00f6rekommer \u00e4ven under sommaren, men \u00e4r i regel av snabbt \u00f6verg\u00e5ende karakt\u00e4r.<\/p>\n<p><strong>Valuta<\/strong><br \/>\nKroatiska Kuna (HRK). 1000 HRK motsvarar ca 1350 SEK<\/p>\n<p><strong>Kreditkort<\/strong><strong>:<\/strong><br \/>\nAlla st\u00f6rre kreditkort accepteras p\u00e5 m\u00e5nga platser och i st\u00f6rre aff\u00e4rer\/varuhus. Kontanter \u00e4r dock alltid bra att ha till hands.<\/p>\n<p class=\"western\"><strong>Dricks<\/strong><strong>:<\/strong><br \/>\nVid restaurangbes\u00f6k \u00e4r det vanligt att man l\u00e4mnar 10% i dricks<\/p>\n<p><strong>Tidsskillnad<\/strong><strong>:<\/strong><br \/>\nKroatien ligger i samma tidszon som Sverige.<\/p>\n<p><strong>V\u00e4gar, trafik, kommunikation<\/strong><strong>:<\/strong><br \/>\nV\u00e4gn\u00e4tet har byggts ut i rask takt och Kroatien har ocks\u00e5 ett v\u00e4ldigt v\u00e4l utbyggt motorv\u00e4gsn\u00e4t av h\u00f6g standard, d\u00e4r de statliga huvudv\u00e4garna ocks\u00e5 underh\u00e5lls kontinuerligt och rutinm\u00e4ssigt.<\/p>\n<p><strong>Elektricitet<\/strong><strong>:<\/strong><br \/>\n220V. Kontaktstandard som i Sverige<\/p>\n<p><strong>Lagar och lokala v\u00e4rderingar<\/strong><br \/>\nSom i alla l\u00e4nder finns nationella lagar, v\u00e4rderingar och lokala regler som man som bes\u00f6kare f\u00f6rv\u00e4ntas f\u00f6lja. Varje resen\u00e4r\/bes\u00f6kare har ansvar f\u00f6r att f\u00f6rvissa sig om aktuella f\u00f6rh\u00e5llningsregler och v\u00e4rderingar som ofta kan skilja sig en del mot vad vi \u00e4r vana vid. Vi rekommenderar dig att l\u00e4sa mer om regler, seder och bruk p\u00e5 respektive lands hemsida, samt \u00e4ven p\u00e5 Utrikesdepartementets hemsida med information om resor till utlandet. Dels \u00e4r det sk\u00f6nt att slippa otrevliga \u00f6verraskningar n\u00e4r du v\u00e4l \u00e4r p\u00e5 plats. Dessutom drar du dig l\u00e4rdom av landets kultur och traditioner.<\/p>\n<\/div><\/section><\/div>\n\n<style type=\"text\/css\" data-created_by=\"avia_inline_auto\" id=\"style-css-av-av_hr-0688d0b0b6ed2f8b057db7a8270206df\">\n#top .hr.hr-invisible.av-av_hr-0688d0b0b6ed2f8b057db7a8270206df{\nheight:50px;\n}\n<\/style>\n<div  class='hr av-av_hr-0688d0b0b6ed2f8b057db7a8270206df hr-invisible  avia-builder-el-7  el_after_av_one_full  el_before_av_one_half '><span class='hr-inner '><span class=\"hr-inner-style\"><\/span><\/span><\/div>\n<div class='flex_column_table av-av_one_half-eb22d586db4aa8536998fa6076f87d77 sc-av_one_half av-equal-height-column-flextable'>\n<style type=\"text\/css\" data-created_by=\"avia_inline_auto\" id=\"style-css-av-av_one_half-eb22d586db4aa8536998fa6076f87d77\">\n.flex_column.av-av_one_half-eb22d586db4aa8536998fa6076f87d77{\nborder-radius:0px 0px 0px 0px;\npadding:20px 20px 20px 20px;\nbackground-color:#f7f7f7;\n}\n<\/style>\n<div  class='flex_column av-av_one_half-eb22d586db4aa8536998fa6076f87d77 av_one_half  avia-builder-el-8  el_after_av_hr  el_before_av_one_half  first flex_column_table_cell av-equal-height-column av-align-top  '     ><p>\n<style type=\"text\/css\" data-created_by=\"avia_inline_auto\" id=\"style-css-av-av_heading-5e1bb4e2c977e97b14645873cdebaa13\">\n#top .av-special-heading.av-av_heading-5e1bb4e2c977e97b14645873cdebaa13{\npadding-bottom:10px;\n}\nbody .av-special-heading.av-av_heading-5e1bb4e2c977e97b14645873cdebaa13 .av-special-heading-tag .heading-char{\nfont-size:25px;\n}\n.av-special-heading.av-av_heading-5e1bb4e2c977e97b14645873cdebaa13 .av-subheading{\nfont-size:15px;\n}\n<\/style>\n<div  class='av-special-heading av-av_heading-5e1bb4e2c977e97b14645873cdebaa13 av-special-heading-h3  avia-builder-el-9  el_before_av_iconlist  avia-builder-el-first '><h3 class='av-special-heading-tag '  itemprop=\"headline\"  >Fakta<\/h3><div class=\"special-heading-border\"><div class=\"special-heading-inner-border\"><\/div><\/div><\/div><br \/>\n\n<style type=\"text\/css\" data-created_by=\"avia_inline_auto\" id=\"style-css-av-av_iconlist-999a2d681d06b0992925b5a008e74484\">\n#top .avia-icon-list-container.av-av_iconlist-999a2d681d06b0992925b5a008e74484 .iconlist_icon{\ncolor:#3a3a3a;\nbackground-color:#f7f7f7;\nborder:1px solid #3a3a3a;\n}\n<\/style>\n<div  class='avia-icon-list-container av-av_iconlist-999a2d681d06b0992925b5a008e74484  avia-builder-el-10  el_after_av_heading  avia-builder-el-last '><ul class='avia-icon-list avia_animate_when_almost_visible avia-icon-list-left av-iconlist-big av-av_iconlist-999a2d681d06b0992925b5a008e74484 avia-iconlist-animate'>\n<li><div class='iconlist_icon av-av_iconlist_item-39b279e8171f6829e56095a29a82e327 avia-font-entypo-fontello'><span class='iconlist-char' aria-hidden='true' data-av_icon='\ue84d' data-av_iconfont='entypo-fontello'><\/span><\/div><article class=\"article-icon-entry \"  itemscope=\"itemscope\" itemtype=\"https:\/\/schema.org\/CreativeWork\" ><div class=\"iconlist_content_wrap\"><header class=\"entry-content-header\" aria-label=\"Icon: Visum\"><h4 class='av_iconlist_title iconlist_title  '  itemprop=\"headline\" >Visum<\/h4><\/header><div class='iconlist_content '  itemprop=\"text\" ><p><em>Visum kr\u00e4vs inte f\u00f6r svenska medborgare. <\/em><\/p>\n<\/div><\/div><footer class=\"entry-footer\"><\/footer><\/article><div class=\"iconlist-timeline\"><\/div><\/li>\n<li><div class='iconlist_icon av-av_iconlist_item-e2f1d09a1cbbc00a097234998041fc3d avia-font-entypo-fontello'><span class='iconlist-char' aria-hidden='true' data-av_icon='\ue8cf' data-av_iconfont='entypo-fontello'><\/span><\/div><article class=\"article-icon-entry \"  itemscope=\"itemscope\" itemtype=\"https:\/\/schema.org\/CreativeWork\" ><div class=\"iconlist_content_wrap\"><header class=\"entry-content-header\" aria-label=\"Icon: Valuta\"><h4 class='av_iconlist_title iconlist_title  '  itemprop=\"headline\" >Valuta<\/h4><\/header><div class='iconlist_content '  itemprop=\"text\" ><p>Kuna.<br \/>\n1 Kuna motsvarar ca 1,32 SEK<\/p>\n<\/div><\/div><footer class=\"entry-footer\"><\/footer><\/article><div class=\"iconlist-timeline\"><\/div><\/li>\n<li><div class='iconlist_icon av-av_iconlist_item-8d5312078593b0174c29e7a8047add13 avia-font-entypo-fontello'><span class='iconlist-char' aria-hidden='true' data-av_icon='\ue866' data-av_iconfont='entypo-fontello'><\/span><\/div><article class=\"article-icon-entry \"  itemscope=\"itemscope\" itemtype=\"https:\/\/schema.org\/CreativeWork\" ><div class=\"iconlist_content_wrap\"><header class=\"entry-content-header\" aria-label=\"Icon: Klimat\"><h4 class='av_iconlist_title iconlist_title  '  itemprop=\"headline\" >Klimat<\/h4><\/header><div class='iconlist_content '  itemprop=\"text\" ><p><em>Medelhavsklimat.<br \/>\nB\u00e4sta tid att resa \u00e4r april-september. Oftast \u00e4ven behagligt n\u00e5gon m\u00e5nad b\u00e5de tidigare och senare.<br \/>\n<\/em><\/p>\n<\/div><\/div><footer class=\"entry-footer\"><\/footer><\/article><div class=\"iconlist-timeline\"><\/div><\/li>\n<\/ul><\/div><\/p><\/div><div class='av-flex-placeholder'><\/div>\n<style type=\"text\/css\" data-created_by=\"avia_inline_auto\" id=\"style-css-av-av_one_half-c99897e014b6ac50785e16af58e9b83d\">\n.flex_column.av-av_one_half-c99897e014b6ac50785e16af58e9b83d{\nborder-radius:0px 0px 0px 0px;\npadding:20px 20px 20px 20px;\nbackground-color:#f7f7f7;\n}\n<\/style>\n<div  class='flex_column av-av_one_half-c99897e014b6ac50785e16af58e9b83d av_one_half  avia-builder-el-11  el_after_av_one_half  el_before_av_hr  flex_column_table_cell av-equal-height-column av-align-top  '     ><p>\n<style type=\"text\/css\" data-created_by=\"avia_inline_auto\" id=\"style-css-av-av_heading-a8f60ef72849b8b0cf4d08e012dead90\">\n#top .av-special-heading.av-av_heading-a8f60ef72849b8b0cf4d08e012dead90{\npadding-bottom:10px;\n}\nbody .av-special-heading.av-av_heading-a8f60ef72849b8b0cf4d08e012dead90 .av-special-heading-tag .heading-char{\nfont-size:25px;\n}\n.av-special-heading.av-av_heading-a8f60ef72849b8b0cf4d08e012dead90 .av-subheading{\nfont-size:15px;\n}\n<\/style>\n<div  class='av-special-heading av-av_heading-a8f60ef72849b8b0cf4d08e012dead90 av-special-heading-h3  avia-builder-el-12  el_before_av_sidebar  avia-builder-el-first '><h3 class='av-special-heading-tag '  itemprop=\"headline\"  >V\u00e4der<\/h3><div class=\"special-heading-border\"><div class=\"special-heading-inner-border\"><\/div><\/div><\/div><br \/>\n<div  class='avia-builder-widget-area clearfix  avia-builder-el-13  el_after_av_heading  avia-builder-el-last '><div id=\"weer_widget-8\" class=\"widget clearfix weer_widget\">\n        <div id=\"\"\n             class=\"weather_widget_wrap weer-widget weather_widget_style1\"\n             data-text-color='#000000'\n             data-background=\"#f7f7f7\"\n             data-width=\"100\"\n             data-header=\"\"\n             data-days=\"3\"\n             data-sunrise=\"false\"\n             data-wind=\"false\"\n             data-current=\"on\"\n             data-language=\"english\"\n             data-city=\"Athens\"\n             data-country=\"Greece\">\n\n            <div class=\"weather_widget_placeholder\"><\/div>\n            <div style=\"font-size: 14px;text-align: center;padding-top: 6px;padding-bottom: 4px;background: rgba(0,0,0,0.03);\">\n                Powered by <a target=\"_blank\" href=\"https:\/\/www.weer1.com\">Weer1.com<\/a>\n            <\/div>\n        <\/div>\n        <\/div><\/div><\/p><\/div><\/div><!--close column table wrapper. Autoclose: 1 --><\/p>\n\n<style type=\"text\/css\" data-created_by=\"avia_inline_auto\" id=\"style-css-av-av_hr-0688d0b0b6ed2f8b057db7a8270206df\">\n#top .hr.hr-invisible.av-av_hr-0688d0b0b6ed2f8b057db7a8270206df{\nheight:50px;\n}\n<\/style>\n<div  class='hr av-av_hr-0688d0b0b6ed2f8b057db7a8270206df hr-invisible  avia-builder-el-14  el_after_av_one_half  avia-builder-el-last '><span class='hr-inner '><span class=\"hr-inner-style\"><\/span><\/span><\/div>\n","protected":false},"excerpt":{"rendered":"","protected":false},"author":2,"featured_media":0,"parent":0,"menu_order":0,"comment_status":"closed","ping_status":"closed","template":"","meta":{"_vp_format_video_url":"","_vp_image_focal_point":[],"footnotes":""},"class_list":["post-34291","page","type-page","status-publish","hentry"],"_links":{"self":[{"href":"https:\/\/www.goinstyle.se\/croatia\/wp-json\/wp\/v2\/pages\/34291","targetHints":{"allow":["GET"]}}],"collection":[{"href":"https:\/\/www.goinstyle.se\/croatia\/wp-json\/wp\/v2\/pages"}],"about":[{"href":"https:\/\/www.goinstyle.se\/croatia\/wp-json\/wp\/v2\/types\/page"}],"author":[{"embeddable":true,"href":"https:\/\/www.goinstyle.se\/croatia\/wp-json\/wp\/v2\/users\/2"}],"replies":[{"embeddable":true,"href":"https:\/\/www.goinstyle.se\/croatia\/wp-json\/wp\/v2\/comments?post=34291"}],"version-history":[{"count":9,"href":"https:\/\/www.goinstyle.se\/croatia\/wp-json\/wp\/v2\/pages\/34291\/revisions"}],"predecessor-version":[{"id":34909,"href":"https:\/\/www.goinstyle.se\/croatia\/wp-json\/wp\/v2\/pages\/34291\/revisions\/34909"}],"wp:attachment":[{"href":"https:\/\/www.goinstyle.se\/croatia\/wp-json\/wp\/v2\/media?parent=34291"}],"curies":[{"name":"wp","href":"https:\/\/api.w.org\/{rel}","templated":true}]}}