{"id":33304,"date":"2018-06-28T13:22:31","date_gmt":"2018-06-28T11:22:31","guid":{"rendered":"http:\/\/www.goinstyle.se\/?page_id=33304"},"modified":"2025-01-21T17:40:58","modified_gmt":"2025-01-21T15:40:58","slug":"om-dubai-3","status":"publish","type":"page","link":"https:\/\/www.goinstyle.se\/dubai\/om-dubai-3\/","title":{"rendered":"Om Dubai"},"content":{"rendered":"\n<style type=\"text\/css\" data-created_by=\"avia_inline_auto\" id=\"style-css-av-av_section-a76324db472eded5fafd3de0235004ef\">\n.avia-section.av-av_section-a76324db472eded5fafd3de0235004ef{\nbackground-repeat:no-repeat;\nbackground-image:url(https:\/\/www.goinstyle.se\/wp-content\/uploads\/2016\/11\/dubai_oken_bil.jpg);\nbackground-position:50% 0%;\nbackground-attachment:scroll;\n}\n<\/style>\n<div id='av_section_1'  class='avia-section av-av_section-a76324db472eded5fafd3de0235004ef main_color avia-section-default avia-no-shadow  avia-builder-el-0  el_before_av_section  avia-builder-el-first  avia-full-stretch avia-bg-style-scroll container_wrap fullsize'  data-section-bg-repeat='stretch'><div class='container av-section-cont-open' ><main  role=\"main\" itemprop=\"mainContentOfPage\"  class='template-page content  av-content-full alpha units'><div class='post-entry post-entry-type-page post-entry-33304'><div class='entry-content-wrapper clearfix'>\n\n<style type=\"text\/css\" data-created_by=\"avia_inline_auto\" id=\"style-css-av-av_hr-a6de236e6c183bbbd700292deacd2b52\">\n#top .hr.hr-invisible.av-av_hr-a6de236e6c183bbbd700292deacd2b52{\nheight:20px;\n}\n<\/style>\n<div  class='hr av-av_hr-a6de236e6c183bbbd700292deacd2b52 hr-invisible  avia-builder-el-1  el_before_av_heading  avia-builder-el-first '><span class='hr-inner '><span class=\"hr-inner-style\"><\/span><\/span><\/div>\n\n<style type=\"text\/css\" data-created_by=\"avia_inline_auto\" id=\"style-css-av-av_heading-da25731406dcb2bf7fe134693ad1eb8c\">\n#top .av-special-heading.av-av_heading-da25731406dcb2bf7fe134693ad1eb8c{\npadding-bottom:10px;\ncolor:#ffffff;\nfont-size:40px;\n}\nbody .av-special-heading.av-av_heading-da25731406dcb2bf7fe134693ad1eb8c .av-special-heading-tag .heading-char{\nfont-size:25px;\n}\n#top #wrap_all .av-special-heading.av-av_heading-da25731406dcb2bf7fe134693ad1eb8c .av-special-heading-tag{\nfont-size:40px;\n}\n.av-special-heading.av-av_heading-da25731406dcb2bf7fe134693ad1eb8c .special-heading-inner-border{\nborder-color:#ffffff;\n}\n.av-special-heading.av-av_heading-da25731406dcb2bf7fe134693ad1eb8c .av-subheading{\nfont-size:15px;\n}\n\n@media only screen and (min-width: 480px) and (max-width: 767px){ \n#top #wrap_all .av-special-heading.av-av_heading-da25731406dcb2bf7fe134693ad1eb8c .av-special-heading-tag{\nfont-size:0.8em;\n}\n}\n\n@media only screen and (max-width: 479px){ \n#top #wrap_all .av-special-heading.av-av_heading-da25731406dcb2bf7fe134693ad1eb8c .av-special-heading-tag{\nfont-size:0.8em;\n}\n}\n<\/style>\n<div  class='av-special-heading av-av_heading-da25731406dcb2bf7fe134693ad1eb8c av-special-heading-h6 custom-color-heading blockquote modern-quote modern-centered  avia-builder-el-2  el_after_av_hr  avia-builder-el-last  av-inherit-size'><h6 class='av-special-heading-tag '  itemprop=\"headline\"  >Om Dubai<\/h6><div class=\"special-heading-border\"><div class=\"special-heading-inner-border\"><\/div><\/div><\/div>\n\n<\/div><\/div><\/main><!-- close content main element --><\/div><\/div><div id='av_section_2'  class='avia-section av-av_section-4812a9956d6b860f6d215a53234f5880 main_color avia-section-default avia-no-shadow  avia-builder-el-3  el_after_av_section  avia-builder-el-last  avia-bg-style-scroll container_wrap fullsize'  ><div class='container av-section-cont-open' ><div class='template-page content  av-content-full alpha units'><div class='post-entry post-entry-type-page post-entry-33304'><div class='entry-content-wrapper clearfix'>\n\n<style type=\"text\/css\" data-created_by=\"avia_inline_auto\" id=\"style-css-av-av_one_full-c3f0f78c26a863dc60f14a52019fd8b2\">\n#top .flex_column.av-av_one_full-c3f0f78c26a863dc60f14a52019fd8b2{\nmargin-top:0px;\nmargin-bottom:0px;\n}\n.flex_column.av-av_one_full-c3f0f78c26a863dc60f14a52019fd8b2{\nborder-radius:0px 0px 0px 0px;\npadding:0px 0px 0px 0px;\n}\n.responsive #top #wrap_all .flex_column.av-av_one_full-c3f0f78c26a863dc60f14a52019fd8b2{\nmargin-top:0px;\nmargin-bottom:0px;\n}\n<\/style>\n<div  class='flex_column av-av_one_full-c3f0f78c26a863dc60f14a52019fd8b2 av_one_full  avia-builder-el-4  el_before_av_hr  avia-builder-el-first  first flex_column_div av-zero-column-padding  '     ><section  class='av_textblock_section av-av_textblock-0366cc7376be6c9e82a3e9cc8987b64f '   itemscope=\"itemscope\" itemtype=\"https:\/\/schema.org\/CreativeWork\" ><div class='avia_textblock'  itemprop=\"text\" ><p><strong>N\u00f6jesliv, mat och dryck<\/strong><br \/>\nH\u00e4r finner du v\u00e4sterlandet i orientens milj\u00f6, d\u00e4r alla stora hotellkedjor av betydelse har representation. Samma g\u00e4ller m\u00e5nga internationella varum\u00e4rken, varf\u00f6r du kan r\u00e4kna med att det finns f\u00f6rstr\u00f6else och n\u00f6jen f\u00f6r de flesta smaker. Ser vi till restauranger och hotell, \u00e4r dessutom ambitionsniv\u00e5n oerh\u00f6rt h\u00f6g, varf\u00f6r \u00e4ven standarden p\u00e5 etablissemang ligger i v\u00e4rldsklass. Du som reser hit kommer att m\u00f6tas av en standard och lyx som \u00e4r sv\u00e5r att m\u00e4ta med det vi \u00e4r vana vid.<\/p>\n<p><strong>Sol och bad<\/strong><br \/>\nDubai har ju ett mycket sols\u00e4kert klimat med badtemperatur \u00e5ret runt. Dessutom finner du str\u00e4nder \u00f6verallt &#8211; inte minst p\u00e5 den ber\u00f6mda konstgjorda \u00f6n Palm Jumeirah. M\u00e5nga av de b\u00e4sta hotellen som ligger vid vattnet, har privata str\u00e4nder f\u00f6r sina g\u00e4ster. Du b\u00f6r gardera dig och ta med solskydd!<\/p>\n<p><strong>Sev\u00e4rdheter och aktiviteter<\/strong><br \/>\nBara att bes\u00f6ka Dubai \u00e4r en upplevelse i sig och allt du ser kan nog betraktas som en sev\u00e4rdhet. H\u00e4r finner du v\u00e4rldens idag h\u00f6gsta byggnad &#8211; Burj Khalifa och en m\u00e4ngd spektakul\u00e4ra byggnader, d\u00e4r m\u00e5nga hotell tillh\u00f6r den &#8220;nykultur&#8221; som vuxit upp i Dubai. Du kan ocks\u00e5 uppleva den mer genuina arabiska kulturen och milj\u00f6n bara strax utanf\u00f6r stadens glans, d\u00e4r \u00f6knen snart g\u00f6r sig p\u00e5mind och man kan f\u00e5 upplevelser av beduinernas liv. I Dubai kan du aktivera dig med det mesta i sportv\u00e4g och g\u00f6ra turer med varierande profil ut i \u00f6knen.<\/p>\n<p><strong>Historia<\/strong><br \/>\nOmr\u00e5det har i alla tider historiskt varit v\u00e4ldigt viktigt f\u00f6r handel i och med sitt l\u00e4ge vid inloppet till Persiska Viken. F\u00f6rr var p\u00e4rlfisket en huvudinkomstk\u00e4lla, vilket f\u00f6rsvann efterhand under 1900-talet. 1971 blev F\u00f6renade Arabemiraten en sj\u00e4lvst\u00e4ndig federation och fr\u00e5n omkring 1990 har v\u00e4lst\u00e5ndet utvecklats v\u00e4ldigt starkt.<\/p>\n<p><strong>Yta<\/strong><strong>:<\/strong><br \/>\n3900 kvadratkilometer.<br \/>\n<strong>Inv\u00e5nare<\/strong><strong>:<\/strong><br \/>\nCa 2,4 miljoner.<br \/>\n<strong>Spr\u00e5k<\/strong><strong>:<\/strong><br \/>\nArabiska, engelska.<br \/>\n<strong>Huvudstad<\/strong><strong>:<\/strong><br \/>\nDubai.<br \/>\n<strong>Klimat<\/strong><strong>:<\/strong><br \/>\n\u00d6kenklimat med mycket lite nederb\u00f6rd, som i sm\u00e5 m\u00e4ngder kommer i januari, februari och mars. Sommarm\u00e5naderna \u00e4r mycket varma, med temperaturer \u00f6ver 30 grader och upp till 38\/39. Vintertid i december \u2013 mars ligger dagstemperaturerna p\u00e5 22-26 grader. Totalt infaller endast ca 100 mm nederb\u00f6rd \u00e5rsvis.<br \/>\nVattentemperaturerna ligger konstant \u00f6ver 20 grader som minst, och g\u00e5r \u00e4nda upp till 30 grader under sommarm\u00e5naderna juni \u2013 september.<br \/>\n<strong>Valuta<\/strong><strong>:<\/strong><br \/>\nRufiyaa (MVR). US dollar och kreditkort p\u00e5 hotell.<br \/>\n<strong>Kreditkort<\/strong><strong>:<\/strong><br \/>\nAlla st\u00f6rre kreditkort accepteras.<br \/>\n<strong>Dricks<\/strong><strong>:<\/strong><br \/>\nServiceavgift \u00e4r oftast med p\u00e5 restaurangnotan, kanske som separat post. Om service och upplevelse av m\u00e5ltid \u00e4r god, s\u00e5 till\u00e4mpas motsvarande i Sverige 10-15% i dricks. Betalas l\u00e4mpligast kontant f\u00f6r att servit\u00f6ren skall f\u00e5 personlig uppskattning.<br \/>\n<strong>Tidsskillnad<\/strong><strong>:<\/strong><br \/>\n+3 timmar under vinterhalv\u00e5ret och +2 timmar under sommarhalv\u00e5ret, j\u00e4mf\u00f6rt med svensk tid.<br \/>\n<strong>V\u00e4gar, trafik, kommunikation<\/strong><strong>:<\/strong><br \/>\nDet byggs mycket hela tiden och v\u00e4gar \u00e4r inget undantag. Det finns allt fr\u00e5n sexfiliga motorv\u00e4gar, till mindre enfiliga v\u00e4gar. De flesta verkar ha bil h\u00e4r och m\u00e5nga stora personbilar och SUV dominerar trafiken. R\u00e4kna med att det kan vara tr\u00e5ngt och sm\u00e5 avst\u00e5ndsmarginaler mellan fordonen.<br \/>\n<strong>Elektricitet<\/strong><strong>:<\/strong><br \/>\n220 V. Ta med internationell adapter.<\/p>\n<\/div><\/section><\/div>\n<style type=\"text\/css\" data-created_by=\"avia_inline_auto\" id=\"style-css-av-av_hr-0688d0b0b6ed2f8b057db7a8270206df\">\n#top .hr.hr-invisible.av-av_hr-0688d0b0b6ed2f8b057db7a8270206df{\nheight:50px;\n}\n<\/style>\n<div  class='hr av-av_hr-0688d0b0b6ed2f8b057db7a8270206df hr-invisible  avia-builder-el-6  el_after_av_one_full  el_before_av_one_half '><span class='hr-inner '><span class=\"hr-inner-style\"><\/span><\/span><\/div>\n<div class='flex_column_table av-av_one_half-eb22d586db4aa8536998fa6076f87d77 sc-av_one_half av-equal-height-column-flextable'>\n<style type=\"text\/css\" data-created_by=\"avia_inline_auto\" id=\"style-css-av-av_one_half-eb22d586db4aa8536998fa6076f87d77\">\n.flex_column.av-av_one_half-eb22d586db4aa8536998fa6076f87d77{\nborder-radius:0px 0px 0px 0px;\npadding:20px 20px 20px 20px;\nbackground-color:#f7f7f7;\n}\n<\/style>\n<div  class='flex_column av-av_one_half-eb22d586db4aa8536998fa6076f87d77 av_one_half  avia-builder-el-7  el_after_av_hr  el_before_av_one_half  first flex_column_table_cell av-equal-height-column av-align-top  '     ><p>\n<style type=\"text\/css\" data-created_by=\"avia_inline_auto\" id=\"style-css-av-av_heading-5e1bb4e2c977e97b14645873cdebaa13\">\n#top .av-special-heading.av-av_heading-5e1bb4e2c977e97b14645873cdebaa13{\npadding-bottom:10px;\n}\nbody .av-special-heading.av-av_heading-5e1bb4e2c977e97b14645873cdebaa13 .av-special-heading-tag .heading-char{\nfont-size:25px;\n}\n.av-special-heading.av-av_heading-5e1bb4e2c977e97b14645873cdebaa13 .av-subheading{\nfont-size:15px;\n}\n<\/style>\n<div  class='av-special-heading av-av_heading-5e1bb4e2c977e97b14645873cdebaa13 av-special-heading-h3  avia-builder-el-8  el_before_av_iconlist  avia-builder-el-first '><h3 class='av-special-heading-tag '  itemprop=\"headline\"  >Fakta<\/h3><div class=\"special-heading-border\"><div class=\"special-heading-inner-border\"><\/div><\/div><\/div><br \/>\n\n<style type=\"text\/css\" data-created_by=\"avia_inline_auto\" id=\"style-css-av-av_iconlist-999a2d681d06b0992925b5a008e74484\">\n#top .avia-icon-list-container.av-av_iconlist-999a2d681d06b0992925b5a008e74484 .iconlist_icon{\ncolor:#3a3a3a;\nbackground-color:#f7f7f7;\nborder:1px solid #3a3a3a;\n}\n<\/style>\n<div  class='avia-icon-list-container av-av_iconlist-999a2d681d06b0992925b5a008e74484  avia-builder-el-9  el_after_av_heading  avia-builder-el-last '><ul class='avia-icon-list avia_animate_when_almost_visible avia-icon-list-left av-iconlist-big av-av_iconlist-999a2d681d06b0992925b5a008e74484 avia-iconlist-animate'>\n<li><div class='iconlist_icon av-av_iconlist_item-39b279e8171f6829e56095a29a82e327 avia-font-entypo-fontello'><span class='iconlist-char' aria-hidden='true' data-av_icon='\ue84d' data-av_iconfont='entypo-fontello'><\/span><\/div><article class=\"article-icon-entry \"  itemscope=\"itemscope\" itemtype=\"https:\/\/schema.org\/CreativeWork\" ><div class=\"iconlist_content_wrap\"><header class=\"entry-content-header\" aria-label=\"Icon: Visum\"><h4 class='av_iconlist_title iconlist_title  '  itemprop=\"headline\" >Visum<\/h4><\/header><div class='iconlist_content '  itemprop=\"text\" ><p><em>text.<\/em><\/p>\n<\/div><\/div><footer class=\"entry-footer\"><\/footer><\/article><div class=\"iconlist-timeline\"><\/div><\/li>\n<li><div class='iconlist_icon av-av_iconlist_item-e2f1d09a1cbbc00a097234998041fc3d avia-font-entypo-fontello'><span class='iconlist-char' aria-hidden='true' data-av_icon='\ue8cf' data-av_iconfont='entypo-fontello'><\/span><\/div><article class=\"article-icon-entry \"  itemscope=\"itemscope\" itemtype=\"https:\/\/schema.org\/CreativeWork\" ><div class=\"iconlist_content_wrap\"><header class=\"entry-content-header\" aria-label=\"Icon: Valuta\"><h4 class='av_iconlist_title iconlist_title  '  itemprop=\"headline\" >Valuta<\/h4><\/header><div class='iconlist_content '  itemprop=\"text\" ><p><em>Valuta<\/em><\/p>\n<\/div><\/div><footer class=\"entry-footer\"><\/footer><\/article><div class=\"iconlist-timeline\"><\/div><\/li>\n<li><div class='iconlist_icon av-av_iconlist_item-8d5312078593b0174c29e7a8047add13 avia-font-entypo-fontello'><span class='iconlist-char' aria-hidden='true' data-av_icon='\ue866' data-av_iconfont='entypo-fontello'><\/span><\/div><article class=\"article-icon-entry \"  itemscope=\"itemscope\" itemtype=\"https:\/\/schema.org\/CreativeWork\" ><div class=\"iconlist_content_wrap\"><header class=\"entry-content-header\" aria-label=\"Icon: Klimat\"><h4 class='av_iconlist_title iconlist_title  '  itemprop=\"headline\" >Klimat<\/h4><\/header><div class='iconlist_content '  itemprop=\"text\" ><p><em>Klimat<\/em><\/p>\n<\/div><\/div><footer class=\"entry-footer\"><\/footer><\/article><div class=\"iconlist-timeline\"><\/div><\/li>\n<\/ul><\/div><\/p><\/div><div class='av-flex-placeholder'><\/div>\n<style type=\"text\/css\" data-created_by=\"avia_inline_auto\" id=\"style-css-av-av_one_half-c99897e014b6ac50785e16af58e9b83d\">\n.flex_column.av-av_one_half-c99897e014b6ac50785e16af58e9b83d{\nborder-radius:0px 0px 0px 0px;\npadding:20px 20px 20px 20px;\nbackground-color:#f7f7f7;\n}\n<\/style>\n<div  class='flex_column av-av_one_half-c99897e014b6ac50785e16af58e9b83d av_one_half  avia-builder-el-10  el_after_av_one_half  avia-builder-el-last  flex_column_table_cell av-equal-height-column av-align-top  '     ><p>\n<style type=\"text\/css\" data-created_by=\"avia_inline_auto\" id=\"style-css-av-av_heading-a8f60ef72849b8b0cf4d08e012dead90\">\n#top .av-special-heading.av-av_heading-a8f60ef72849b8b0cf4d08e012dead90{\npadding-bottom:10px;\n}\nbody .av-special-heading.av-av_heading-a8f60ef72849b8b0cf4d08e012dead90 .av-special-heading-tag .heading-char{\nfont-size:25px;\n}\n.av-special-heading.av-av_heading-a8f60ef72849b8b0cf4d08e012dead90 .av-subheading{\nfont-size:15px;\n}\n<\/style>\n<div  class='av-special-heading av-av_heading-a8f60ef72849b8b0cf4d08e012dead90 av-special-heading-h3  avia-builder-el-11  el_before_av_sidebar  avia-builder-el-first '><h3 class='av-special-heading-tag '  itemprop=\"headline\"  >V\u00e4der<\/h3><div class=\"special-heading-border\"><div class=\"special-heading-inner-border\"><\/div><\/div><\/div><br \/>\n<div  class='avia-builder-widget-area clearfix  avia-builder-el-12  el_after_av_heading  avia-builder-el-last '><div id=\"weer_widget-7\" class=\"widget clearfix weer_widget\">\n        <div id=\"\"\n             class=\"weather_widget_wrap weer-widget weather_widget_style1\"\n             data-text-color='#000000'\n             data-background=\"#f7f7f7\"\n             data-width=\"100\"\n             data-header=\"\"\n             data-days=\"3\"\n             data-sunrise=\"false\"\n             data-wind=\"false\"\n             data-current=\"on\"\n             data-language=\"english\"\n             data-city=\"Abu Dhabi\"\n             data-country=\"United Arab Emirates\">\n\n            <div class=\"weather_widget_placeholder\"><\/div>\n            <div style=\"font-size: 14px;text-align: center;padding-top: 6px;padding-bottom: 4px;background: rgba(0,0,0,0.03);\">\n                Powered by <a target=\"_blank\" href=\"https:\/\/www.weer1.com\">Weer1.com<\/a>\n            <\/div>\n        <\/div>\n        <\/div><\/div><\/p><\/div><\/div><!--close column table wrapper. Autoclose: 1 -->\n","protected":false},"excerpt":{"rendered":"","protected":false},"author":2,"featured_media":0,"parent":0,"menu_order":0,"comment_status":"open","ping_status":"open","template":"","meta":{"_vp_format_video_url":"","_vp_image_focal_point":[],"footnotes":""},"class_list":["post-33304","page","type-page","status-publish","hentry"],"_links":{"self":[{"href":"https:\/\/www.goinstyle.se\/dubai\/wp-json\/wp\/v2\/pages\/33304","targetHints":{"allow":["GET"]}}],"collection":[{"href":"https:\/\/www.goinstyle.se\/dubai\/wp-json\/wp\/v2\/pages"}],"about":[{"href":"https:\/\/www.goinstyle.se\/dubai\/wp-json\/wp\/v2\/types\/page"}],"author":[{"embeddable":true,"href":"https:\/\/www.goinstyle.se\/dubai\/wp-json\/wp\/v2\/users\/2"}],"replies":[{"embeddable":true,"href":"https:\/\/www.goinstyle.se\/dubai\/wp-json\/wp\/v2\/comments?post=33304"}],"version-history":[{"count":3,"href":"https:\/\/www.goinstyle.se\/dubai\/wp-json\/wp\/v2\/pages\/33304\/revisions"}],"predecessor-version":[{"id":53529,"href":"https:\/\/www.goinstyle.se\/dubai\/wp-json\/wp\/v2\/pages\/33304\/revisions\/53529"}],"wp:attachment":[{"href":"https:\/\/www.goinstyle.se\/dubai\/wp-json\/wp\/v2\/media?parent=33304"}],"curies":[{"name":"wp","href":"https:\/\/api.w.org\/{rel}","templated":true}]}}