{"id":3414,"date":"2016-12-02T10:54:41","date_gmt":"2016-12-02T10:54:41","guid":{"rendered":"http:\/\/www.goinstyle.se\/boka\/okategoriserad\/bo-pa-constance-moofushi\/"},"modified":"2017-04-03T11:29:33","modified_gmt":"2017-04-03T11:29:33","slug":"20-degres-sud-mauritius","status":"publish","type":"product","link":"https:\/\/www.goinstyle.se\/dubai\/boka\/okategoriserad\/20-degres-sud-mauritius\/","title":{"rendered":"20 degres Sud Mauritius"},"content":{"rendered":"<div id='full_slider_1'  class='avia-fullwidth-slider main_color avia-shadow   avia-builder-el-0  el_before_av_section  avia-builder-el-first   container_wrap fullsize'  ><div  class='avia-slideshow av-av_slideshow_full-49a80f3b4c4244dd11d9b660aac6bcbd avia-slideshow-featured av_slideshow_full avia-fade-slider av-slideshow-ui av-control-default av-slideshow-autoplay av-loop-endless av-loop-manual-endless av-default-height-applied   avia-slideshow-1' data-slideshow-options=\"{&quot;animation&quot;:&quot;fade&quot;,&quot;autoplay&quot;:true,&quot;loop_autoplay&quot;:&quot;endless&quot;,&quot;interval&quot;:6,&quot;loop_manual&quot;:&quot;manual-endless&quot;,&quot;autoplay_stopper&quot;:false,&quot;noNavigation&quot;:false,&quot;bg_slider&quot;:false,&quot;keep_padding&quot;:false,&quot;hoverpause&quot;:false,&quot;show_slide_delay&quot;:0}\"  itemprop=\"image\" itemscope=\"itemscope\" itemtype=\"https:\/\/schema.org\/ImageObject\" ><ul class='avia-slideshow-inner ' style='padding-bottom: 28.666666666667%;'><li  class='avia-slideshow-slide av-av_slideshow_full-49a80f3b4c4244dd11d9b660aac6bcbd__0  slide-1 slide-odd'><div data-rel='slideshow-1' class='avia-slide-wrap '   ><div class='av-slideshow-caption av-av_slideshow_full-49a80f3b4c4244dd11d9b660aac6bcbd__0 caption_fullwidth caption_bottom'><div class=\"container caption_container\"><div class=\"slideshow_caption\"><div class=\"slideshow_inner_caption\"><div class=\"slideshow_align_caption\"><h2 class='avia-caption-title '  itemprop=\"name\" >20 degres Sud<\/h2><\/div><\/div><\/div><\/div><\/div><img decoding=\"async\" fetchpriority=\"high\" class=\"wp-image-21938 avia-img-lazy-loading-not-21938\"  src=\"https:\/\/www.goinstyle.se\/wp-content\/uploads\/2017\/03\/20_degrees_sud_mauritius-1500x430.jpg\" width=\"1500\" height=\"430\" title='20_degrees_sud_mauritius' alt=''  itemprop=\"thumbnailUrl\" srcset=\"https:\/\/www.goinstyle.se\/wp-content\/uploads\/2017\/03\/20_degrees_sud_mauritius-1500x430.jpg 1500w, https:\/\/www.goinstyle.se\/wp-content\/uploads\/2017\/03\/20_degrees_sud_mauritius-400x115.jpg 400w, https:\/\/www.goinstyle.se\/wp-content\/uploads\/2017\/03\/20_degrees_sud_mauritius-600x172.jpg 600w, https:\/\/www.goinstyle.se\/wp-content\/uploads\/2017\/03\/20_degrees_sud_mauritius-300x86.jpg 300w, https:\/\/www.goinstyle.se\/wp-content\/uploads\/2017\/03\/20_degrees_sud_mauritius-768x220.jpg 768w, https:\/\/www.goinstyle.se\/wp-content\/uploads\/2017\/03\/20_degrees_sud_mauritius-1030x296.jpg 1030w, https:\/\/www.goinstyle.se\/wp-content\/uploads\/2017\/03\/20_degrees_sud_mauritius-705x202.jpg 705w, https:\/\/www.goinstyle.se\/wp-content\/uploads\/2017\/03\/20_degrees_sud_mauritius.jpg 1753w\" sizes=\"(max-width: 1500px) 100vw, 1500px\" \/><\/div><\/li><li  class='avia-slideshow-slide av-av_slideshow_full-49a80f3b4c4244dd11d9b660aac6bcbd__1  slide-2 slide-even'><div data-rel='slideshow-1' class='avia-slide-wrap '   ><div class='av-slideshow-caption av-av_slideshow_full-49a80f3b4c4244dd11d9b660aac6bcbd__1 caption_fullwidth caption_bottom'><div class=\"container caption_container\"><div class=\"slideshow_caption\"><div class=\"slideshow_inner_caption\"><div class=\"slideshow_align_caption\"><h2 class='avia-caption-title '  itemprop=\"name\" >Romantiska solnedg\u00e5ngar<\/h2><\/div><\/div><\/div><\/div><\/div><img decoding=\"async\" fetchpriority=\"high\" class=\"wp-image-21976 avia-img-lazy-loading-not-21976\"  src=\"https:\/\/www.goinstyle.se\/wp-content\/uploads\/2017\/03\/20_degres_sud_solnedgang-1500x430.jpg\" width=\"1500\" height=\"430\" title='20_degres_sud_solnedgang' alt=''  itemprop=\"thumbnailUrl\" srcset=\"https:\/\/www.goinstyle.se\/wp-content\/uploads\/2017\/03\/20_degres_sud_solnedgang-1500x430.jpg 1500w, https:\/\/www.goinstyle.se\/wp-content\/uploads\/2017\/03\/20_degres_sud_solnedgang-400x115.jpg 400w, https:\/\/www.goinstyle.se\/wp-content\/uploads\/2017\/03\/20_degres_sud_solnedgang-600x172.jpg 600w, https:\/\/www.goinstyle.se\/wp-content\/uploads\/2017\/03\/20_degres_sud_solnedgang-300x86.jpg 300w, https:\/\/www.goinstyle.se\/wp-content\/uploads\/2017\/03\/20_degres_sud_solnedgang-768x220.jpg 768w, https:\/\/www.goinstyle.se\/wp-content\/uploads\/2017\/03\/20_degres_sud_solnedgang-1030x296.jpg 1030w, https:\/\/www.goinstyle.se\/wp-content\/uploads\/2017\/03\/20_degres_sud_solnedgang-705x202.jpg 705w, https:\/\/www.goinstyle.se\/wp-content\/uploads\/2017\/03\/20_degres_sud_solnedgang.jpg 1753w\" sizes=\"(max-width: 1500px) 100vw, 1500px\" \/><\/div><\/li><\/ul><div class='avia-slideshow-arrows avia-slideshow-controls' ><a href='#prev' class='prev-slide ' aria-hidden='true' data-av_icon='\ue87c' data-av_iconfont='entypo-fontello'  tabindex='-1'>Previous<\/a><a href='#next' class='next-slide ' aria-hidden='true' data-av_icon='\ue87d' data-av_iconfont='entypo-fontello'  tabindex='-1'>Next<\/a><\/div><div class='avia-slideshow-dots avia-slideshow-controls'><a href='#1' class='goto-slide active' >1<\/a><a href='#2' class='goto-slide ' >2<\/a><\/div><\/div><\/div>\n<div id='av_section_1'  class='avia-section av-av_section-bb9bdb22c7f9e6bf1d52c155825dc7f7 main_color avia-section-default avia-no-shadow  avia-builder-el-1  el_after_av_slideshow_full  avia-builder-el-last  avia-bg-style-scroll container_wrap fullsize'  ><div class='container av-section-cont-open' ><div class='template-page content  av-content-full alpha units'><div class='post-entry post-entry-type-page post-entry-3414'><div class='entry-content-wrapper clearfix'>\n\n<style type=\"text\/css\" data-created_by=\"avia_inline_auto\" id=\"style-css-av-av_one_fourth-6126cab7d8fab8d08143dd2dacdf673c\">\n.flex_column.av-av_one_fourth-6126cab7d8fab8d08143dd2dacdf673c{\nborder-radius:0px 0px 0px 0px;\npadding:0px 0px 0px 0px;\n}\n<\/style>\n<div  class='flex_column av-av_one_fourth-6126cab7d8fab8d08143dd2dacdf673c av_one_fourth  avia-builder-el-2  el_before_av_one_fourth  avia-builder-el-first  first flex_column_div av-zero-column-padding  '     ><div  class='avia-icon-list-container av-av_iconlist-a98d21aa7682842f3ee59bf46c3a11b8  avia-builder-el-3  avia-builder-el-no-sibling '><ul class='avia-icon-list avia_animate_when_almost_visible avia-icon-list-left av-iconlist-big av-av_iconlist-a98d21aa7682842f3ee59bf46c3a11b8 avia-iconlist-animate'>\n<li><div class='iconlist_icon av-av_iconlist_item-ae22a30ee86aacc743789c8a44bc55be avia-font-entypo-fontello'><span class='iconlist-char' aria-hidden='true' data-av_icon='\ue862' data-av_iconfont='entypo-fontello'><\/span><\/div><article class=\"article-icon-entry \"  itemscope=\"itemscope\" itemtype=\"https:\/\/schema.org\/CreativeWork\" ><div class=\"iconlist_content_wrap\"><header class=\"entry-content-header\" aria-label=\"Icon: Reseperiod\"><h4 class='av_iconlist_title iconlist_title  '  itemprop=\"headline\" >Reseperiod<\/h4><\/header><div class='iconlist_content '  itemprop=\"text\" ><p>16 apr &#8211; 14 okt<\/p>\n<\/div><\/div><footer class=\"entry-footer\"><\/footer><\/article><div class=\"iconlist-timeline\"><\/div><\/li>\n<li><div class='iconlist_icon av-av_iconlist_item-c3192f40da20045fd8e29f5ebef138d7 avia-font-entypo-fontello'><span class='iconlist-char' aria-hidden='true' data-av_icon='\ue844' data-av_iconfont='entypo-fontello'><\/span><\/div><article class=\"article-icon-entry \"  itemscope=\"itemscope\" itemtype=\"https:\/\/schema.org\/CreativeWork\" ><div class=\"iconlist_content_wrap\"><header class=\"entry-content-header\" aria-label=\"Icon: Plats\"><h4 class='av_iconlist_title iconlist_title  '  itemprop=\"headline\" >Plats<\/h4><\/header><div class='iconlist_content '  itemprop=\"text\" ><p>Mauritius<\/p>\n<\/div><\/div><footer class=\"entry-footer\"><\/footer><\/article><div class=\"iconlist-timeline\"><\/div><\/li>\n<\/ul><\/div><\/div>\n<style type=\"text\/css\" data-created_by=\"avia_inline_auto\" id=\"style-css-av-av_one_fourth-0aa7055fe62c3622faec82866afbaeb2\">\n.flex_column.av-av_one_fourth-0aa7055fe62c3622faec82866afbaeb2{\nborder-radius:0px 0px 0px 0px;\npadding:0px 0px 0px 0px;\n}\n<\/style>\n<div  class='flex_column av-av_one_fourth-0aa7055fe62c3622faec82866afbaeb2 av_one_fourth  avia-builder-el-4  el_after_av_one_fourth  el_before_av_one_half  flex_column_div av-zero-column-padding  '     ><div  class='avia-icon-list-container av-av_iconlist-a98d21aa7682842f3ee59bf46c3a11b8  avia-builder-el-5  avia-builder-el-no-sibling '><ul class='avia-icon-list avia_animate_when_almost_visible avia-icon-list-left av-iconlist-big av-av_iconlist-a98d21aa7682842f3ee59bf46c3a11b8 avia-iconlist-animate'>\n<li><div class='iconlist_icon av-av_iconlist_item-336535602c1b1be54eb135b71457d32b avia-font-entypo-fontello'><span class='iconlist-char' aria-hidden='true' data-av_icon='\ue8cb' data-av_iconfont='entypo-fontello'><\/span><\/div><article class=\"article-icon-entry \"  itemscope=\"itemscope\" itemtype=\"https:\/\/schema.org\/CreativeWork\" ><div class=\"iconlist_content_wrap\"><header class=\"entry-content-header\" aria-label=\"Icon: Boka senast\"><h4 class='av_iconlist_title iconlist_title  '  itemprop=\"headline\" >Boka senast<\/h4><\/header><div class='iconlist_content '  itemprop=\"text\" ><p>&#8211;<\/p>\n<\/div><\/div><footer class=\"entry-footer\"><\/footer><\/article><div class=\"iconlist-timeline\"><\/div><\/li>\n<li><div class='iconlist_icon av-av_iconlist_item-8d192383eb15b85aa2ddde002827c056 avia-font-entypo-fontello'><span class='iconlist-char' aria-hidden='true' data-av_icon='\ue827' data-av_iconfont='entypo-fontello'><\/span><\/div><article class=\"article-icon-entry \"  itemscope=\"itemscope\" itemtype=\"https:\/\/schema.org\/CreativeWork\" ><div class=\"iconlist_content_wrap\"><header class=\"entry-content-header\" aria-label=\"Icon: Fr\u00e5npris\"><h4 class='av_iconlist_title iconlist_title  '  itemprop=\"headline\" >Fr\u00e5npris<\/h4><\/header><div class='iconlist_content '  itemprop=\"text\" ><p>29 250 kr\/pp<\/p>\n<\/div><\/div><footer class=\"entry-footer\"><\/footer><\/article><div class=\"iconlist-timeline\"><\/div><\/li>\n<\/ul><\/div><\/div>\n<style type=\"text\/css\" data-created_by=\"avia_inline_auto\" id=\"style-css-av-av_one_half-0aa7055fe62c3622faec82866afbaeb2\">\n.flex_column.av-av_one_half-0aa7055fe62c3622faec82866afbaeb2{\nborder-radius:0px 0px 0px 0px;\npadding:0px 0px 0px 0px;\n}\n<\/style>\n<div  class='flex_column av-av_one_half-0aa7055fe62c3622faec82866afbaeb2 av_one_half  avia-builder-el-6  el_after_av_one_fourth  el_before_av_heading  flex_column_div av-zero-column-padding  '     ><section  class='av_textblock_section av-av_textblock-0366cc7376be6c9e82a3e9cc8987b64f '   itemscope=\"itemscope\" itemtype=\"https:\/\/schema.org\/CreativeWork\" ><div class='avia_textblock'  itemprop=\"text\" ><h1>20 degres Sud p\u00e5 Mauritius<\/h1>\n<p class=\"p1\"><span class=\"s1\">V\u00e4lkommen till\u00a0en av Mauritius dolda skatter? Det \u00e4r med st\u00f6rsta n\u00f6je att kunna ber\u00e4tta om den h\u00e4r lilla p\u00e4rlan bland boutiquehotell! H\u00e4r \u00e4r det l\u00e4tt att passera utan att ens ana denna ljuvliga boning som heter 20 Degres sud (20 grader syd) d\u00e4r det ligger v\u00e4l dolt bakom en mur, diskret inb\u00e4ddat i en kokosn\u00f6tsplantage alldeles vid stranden. \u00a0<strong><a href=\"http:\/\/www.goinstyle.se\/mauritius\/boka\/hotell-mu\/20-degres-sud\/\">20 degres Sud<\/a><\/strong> erbjuder <\/span><span class=\"s1\">endast 36 rum med mottot\u00a0som \u00e4garna str\u00e4vat efter: exklusivitet, individualitet och familj\u00e4r hemmak\u00e4nsla.<\/span><\/p>\n<p class=\"p1\"><span class=\"s1\">Mauritius \u00e4r paradis\u00f6n som erbjuder sk\u00f6nhet med mycket tropisk gr\u00f6nska. \u00d6n \u00e4r vackert kuperad med b\u00e5de berg och dalar, \u00a0ut\u00f6ver dess m\u00e5nga fantastiska str\u00e4nder med kritvit sand och uts\u00f6kt badvatten. \u00a0Du blir alltid v\u00e4l bem\u00f6tt av den v\u00e4nliga befolkningen. Excellenta m\u00f6jligheter att f\u00e5 n\u00e5got riktigt stort p\u00e5 en djuphavsfisketur kan du ocks\u00e5 r\u00e4kna med. Sol, bad, vattensporter och en fantastisk, givmild natur \u00e4r n\u00e5gra av de saker man associerar Mauritius med!<\/span><\/p>\n<p class=\"p1\"><span class=\"s1\">I resan ing\u00e5r:<\/span><\/p>\n<ul class=\"ul1\">\n<li class=\"li1\"><span class=\"s1\">Flyg tur och retur med\u00a0Air France<\/span><\/li>\n<li class=\"li1\"><span class=\"s1\">10 n\u00e4tter i en Beach Front Room<\/span><\/li>\n<li class=\"li1\">Halvpension<\/li>\n<li class=\"li1\">Transfer tur och retur flygplats &#8211; hotell<\/li>\n<\/ul>\n<p class=\"p2\"><span class=\"s3\">Priset avser del i dubbelrum och \u00e4r ett fr\u00e5npris som kan komma att \u00e4ndras i m\u00e5n av platstillg\u00e5ng. H\u00f6gs\u00e4songstill\u00e4gg tillkommer mellan den 24\/6 \u2013 21\/8. \u00d6nskar ni resa under en annan period? Kontakta oss, s\u00e5 tar vi fram pris- och reseinformation.<\/span><\/p>\n<\/div><\/section><br \/>\n<div  class='togglecontainer av-av_toggle_container-8e0c6e39d39b619a829887bd54fff3ed  avia-builder-el-8  el_after_av_textblock  el_before_av_hr  toggle_close_all' >\n<section class='av_toggle_section av-av_toggle-93551ffa110190eac320740608ade8d7'  itemscope=\"itemscope\" itemtype=\"https:\/\/schema.org\/CreativeWork\" ><div role=\"tablist\" class=\"single_toggle\" data-tags=\"{All} \"  ><p id='toggle-toggle-id-1' data-fake-id='#toggle-id-1' class='toggler  av-title-above '  itemprop=\"headline\"  role='tab' tabindex='0' aria-controls='toggle-id-1' data-slide-speed=\"200\" data-title=\"Bokningsf\u00f6rfr\u00e5gan\" data-title-open=\"\" data-aria_collapsed=\"Click to expand: Bokningsf\u00f6rfr\u00e5gan\" data-aria_expanded=\"Click to collapse: Bokningsf\u00f6rfr\u00e5gan\">Bokningsf\u00f6rfr\u00e5gan<span class=\"toggle_icon\"><span class=\"vert_icon\"><\/span><span class=\"hor_icon\"><\/span><\/span><\/p><div id='toggle-id-1' aria-labelledby='toggle-toggle-id-1' role='region' class='toggle_wrap  av-title-above'  ><div class='toggle_content invers-color '  itemprop=\"text\" >\n<div class=\"wpcf7 no-js\" id=\"wpcf7-f713-o1\" lang=\"en-US\" dir=\"ltr\" data-wpcf7-id=\"713\">\n<div class=\"screen-reader-response\"><p role=\"status\" aria-live=\"polite\" aria-atomic=\"true\"><\/p> <ul><\/ul><\/div>\n<form action=\"\/dubai\/wp-json\/wp\/v2\/product\/3414#wpcf7-f713-o1\" method=\"post\" class=\"wpcf7-form init\" aria-label=\"Contact form\" novalidate=\"novalidate\" data-status=\"init\">\n<fieldset class=\"hidden-fields-container\"><input type=\"hidden\" name=\"_wpcf7\" value=\"713\" \/><input type=\"hidden\" name=\"_wpcf7_version\" value=\"6.1.5\" \/><input type=\"hidden\" name=\"_wpcf7_locale\" value=\"en_US\" \/><input type=\"hidden\" name=\"_wpcf7_unit_tag\" value=\"wpcf7-f713-o1\" \/><input type=\"hidden\" name=\"_wpcf7_container_post\" value=\"0\" \/><input type=\"hidden\" name=\"_wpcf7_posted_data_hash\" value=\"\" \/><input type=\"hidden\" name=\"_wpcf7_recaptcha_response\" value=\"\" \/>\n<\/fieldset>\n<div class=\"booking-inner row\">\n\t<div id=\"booking-form\" class=\"forfragan-form\" style=\"display: block;\">\n\t\t<div class=\"col-md-6\" style=\"width: 50%!important;\">\n\t\t\t<p><span class=\"text-label\"><i class=\"fa fa-calendar\"><\/i>Avresa (dag eller period)<\/span><span class=\"wpcf7-form-control-wrap\" data-name=\"date-734\"><input size=\"40\" maxlength=\"400\" class=\"wpcf7-form-control wpcf7-text wpcf7-validates-as-required\" id=\"Datum\" aria-required=\"true\" aria-invalid=\"false\" value=\"\" type=\"text\" name=\"date-734\" \/><\/span>\n\t\t\t<\/p>\n\t\t<\/div>\n\t\t<div class=\"col-md-6\" style=\"width: 50%!important;\">\n\t\t\t<p><span class=\"text-label\"><i class=\"fa fa-calendar\"><\/i>Resl\u00e4ngd<\/span><span class=\"wpcf7-form-control-wrap\" data-name=\"date-735\"><input size=\"40\" maxlength=\"400\" class=\"wpcf7-form-control wpcf7-text wpcf7-validates-as-required\" id=\"outDatum\" aria-required=\"true\" aria-invalid=\"false\" value=\"\" type=\"text\" name=\"date-735\" \/><\/span>\n\t\t\t<\/p>\n\t\t<\/div>\n\t\t<div class=\"col-md-6\" style=\"width: 100%!important;\">\n\t\t\t<p><span class=\"text-label\"><i class=\"fa fa-plane\"><\/i>Ev. \u00f6nskem\u00e5l om flyg och avreseort <\/span><span class=\"wpcf7-form-control-wrap\" data-name=\"avreseort\"><input size=\"40\" maxlength=\"400\" class=\"wpcf7-form-control wpcf7-text\" aria-invalid=\"false\" value=\"\" type=\"text\" name=\"avreseort\" \/><\/span>\n\t\t\t<\/p>\n\t\t<\/div>\n\t\t<div class=\"col-md-6\" style=\"width: 100%!important;\">\n\t\t\t<p><span class=\"text-label\"><i class=\"fa fa-user\"><\/i>Namn<\/span><span class=\"wpcf7-form-control-wrap\" data-name=\"your-name\"><input size=\"40\" maxlength=\"400\" class=\"wpcf7-form-control wpcf7-text wpcf7-validates-as-required\" aria-required=\"true\" aria-invalid=\"false\" value=\"\" type=\"text\" name=\"your-name\" \/><\/span>\n\t\t\t<\/p>\n\t\t<\/div>\n\t\t<div class=\"col-md-6\" style=\"width: 50%!important;\">\n\t\t\t<p><span class=\"text-label\"><i class=\"fa fa-money\"><\/i>Ungef\u00e4rlig budget per person<\/span><span class=\"wpcf7-form-control-wrap\" data-name=\"budget\"><input size=\"40\" maxlength=\"400\" class=\"wpcf7-form-control wpcf7-text\" aria-invalid=\"false\" value=\"\" type=\"text\" name=\"budget\" \/><\/span>\n\t\t\t<\/p>\n\t\t<\/div>\n\t\t<div class=\"col-md-6\" style=\"width: 50%!important;\">\n\t\t\t<p><span class=\"text-label\"><i class=\"fa fa-group\"><\/i>Antal vuxna<\/span><span class=\"wpcf7-form-control-wrap\" data-name=\"antal\"><input size=\"40\" maxlength=\"400\" class=\"wpcf7-form-control wpcf7-text wpcf7-validates-as-required\" aria-required=\"true\" aria-invalid=\"false\" value=\"\" type=\"text\" name=\"antal\" \/><\/span>\n\t\t\t<\/p>\n\t\t<\/div>\n\t\t<div class=\"col-md-6\" style=\"width: 50%!important;\">\n\t\t\t<p><span class=\"text-label\"><i class=\"fa fa-group\"><\/i>Antal barn<\/span><span class=\"wpcf7-form-control-wrap\" data-name=\"antalbarn\"><input size=\"40\" maxlength=\"400\" class=\"wpcf7-form-control wpcf7-text\" aria-invalid=\"false\" value=\"\" type=\"text\" name=\"antalbarn\" \/><\/span>\n\t\t\t<\/p>\n\t\t<\/div>\n\t\t<div class=\"col-md-6\" style=\"width: 50%!important;\">\n\t\t\t<p><span class=\"text-label\"><i class=\"fa fa-group\"><\/i>Barnens \u00e5ldrar vid avresa<\/span><span class=\"wpcf7-form-control-wrap\" data-name=\"alder\"><input size=\"40\" maxlength=\"400\" class=\"wpcf7-form-control wpcf7-text\" aria-invalid=\"false\" value=\"\" type=\"text\" name=\"alder\" \/><\/span>\n\t\t\t<\/p>\n\t\t<\/div>\n\t\t<div class=\"col-md-6\" style=\"width: 50%!important;\">\n\t\t\t<p><span class=\"text-label\"><i class=\"fa fa-phone\"><\/i>Telefon<\/span><span class=\"wpcf7-form-control-wrap\" data-name=\"your-telefon\"><input size=\"40\" maxlength=\"400\" class=\"wpcf7-form-control wpcf7-text wpcf7-validates-as-required\" aria-required=\"true\" aria-invalid=\"false\" value=\"\" type=\"text\" name=\"your-telefon\" \/><\/span>\n\t\t\t<\/p>\n\t\t<\/div>\n\t\t<div class=\"col-md-6\" style=\"width: 50%!important;\">\n\t\t\t<p><span class=\"text-label\"><i class=\"fa fa-envelope\"><\/i>Email<\/span><span class=\"wpcf7-form-control-wrap\" data-name=\"your-email\"><input size=\"40\" maxlength=\"400\" class=\"wpcf7-form-control wpcf7-email wpcf7-validates-as-required wpcf7-text wpcf7-validates-as-email\" aria-required=\"true\" aria-invalid=\"false\" value=\"\" type=\"email\" name=\"your-email\" \/><\/span>\n\t\t\t<\/p>\n\t\t<\/div>\n\t\t<div class=\"col-md-12\">\n\t\t\t<p><span class=\"text-label\"><i class=\"fa fa-comment\"><\/i>\u00d6vrig information och \u00f6nskem\u00e5l<\/span><span class=\"wpcf7-form-control-wrap\" data-name=\"your-message\"><textarea cols=\"500\" rows=\"5\" maxlength=\"2000\" class=\"wpcf7-form-control wpcf7-textarea\" aria-invalid=\"false\" name=\"your-message\"><\/textarea><\/span>\n\t\t\t<\/p>\n\t\t<\/div>\n\t\t<div class=\"col-md-12\">\n\t\t\t<p><span class=\"wpcf7-form-control-wrap\" data-name=\"checkbox-7\"><span class=\"wpcf7-form-control wpcf7-checkbox checkbox2\" id=\"nyhetsbrev\"><span class=\"wpcf7-list-item first last\"><input type=\"checkbox\" name=\"checkbox-7[]\" value=\"Ring mig f\u00f6r mer information innan ni p\u00e5b\u00f6rjar offerten!\" \/><span class=\"wpcf7-list-item-label\">Ring mig f\u00f6r mer information innan ni p\u00e5b\u00f6rjar offerten!<\/span><\/span><\/span><\/span>\n\t\t\t<\/p>\n\t\t<\/div>\n\t\t<div class=\"col-md-12\">\n\t\t<\/div>\n\t<\/div>\n\t<div class=\"col-md-12\">\n\t\t<p><span class=\"wpcf7-form-control-wrap\" data-name=\"checkbox-8\"><span class=\"wpcf7-form-control wpcf7-checkbox checkbox2\"><span class=\"wpcf7-list-item first last\"><input type=\"checkbox\" name=\"checkbox-8[]\" value=\"Ja tack, l\u00e5t Go InStyle&#039;s nyhetsbrev inspirera mig med restips, upplevelser och nya resm\u00e5l!\" checked=\"checked\" \/><span class=\"wpcf7-list-item-label\">Ja tack, l\u00e5t Go InStyle&#039;s nyhetsbrev inspirera mig med restips, upplevelser och nya resm\u00e5l!<\/span><\/span><\/span><\/span>\n\t\t<\/p>\n\t<\/div>\n\t<div class=\"col-md-12\">\n\t<\/div>\n\t\n<!-- CF7 Modules -->\n<div style='display:none;'><input type=\"hidden\" class=\"wpcf7-form-control wpcf7-hidden\" name=\"hidden-274\" placeholder=\"\" value=\"https:\/\/www.goinstyle.se\/dubai\/boka\/okategoriserad\/20-degres-sud-mauritius\/\" \/>\n<input type=\"hidden\" class=\"wpcf7-form-control wpcf7-hidden\" name=\"hidden-703\" placeholder=\"\" value=\"20 degres Sud Mauritius\" \/>\n\t\n\t<\/div>\n<!-- End CF7 Modules -->\n\n\t<div class=\"col-md-12\">\n\t\t<p><input class=\"wpcf7-form-control wpcf7-submit has-spinner btn btn-custom btn-large\" type=\"submit\" value=\"Skicka f\u00f6rfr\u00e5gan\" \/>\n\t\t<\/p>\n\t<\/div>\n<\/div>\n<div style=\"clear:all\">\n<\/div><div class=\"wpcf7-response-output\" aria-hidden=\"true\"><\/div>\n<\/form>\n<\/div>\n\n<\/div><\/div><\/div><\/section>\n<\/div><br \/>\n\n<style type=\"text\/css\" data-created_by=\"avia_inline_auto\" id=\"style-css-av-av_hr-a6de236e6c183bbbd700292deacd2b52\">\n#top .hr.hr-invisible.av-av_hr-a6de236e6c183bbbd700292deacd2b52{\nheight:20px;\n}\n<\/style>\n<div  class='hr av-av_hr-a6de236e6c183bbbd700292deacd2b52 hr-invisible  avia-builder-el-9  el_after_av_toggle_container  el_before_av_textblock '><span class='hr-inner '><span class=\"hr-inner-style\"><\/span><\/span><\/div><br \/>\n<section  class='av_textblock_section av-av_textblock-0366cc7376be6c9e82a3e9cc8987b64f '   itemscope=\"itemscope\" itemtype=\"https:\/\/schema.org\/CreativeWork\" ><div class='avia_textblock'  itemprop=\"text\" ><p><b><a>\u00ab Tillbaka<\/a><\/b><\/p>\n<\/div><\/section><\/p><\/div>\n<style type=\"text\/css\" data-created_by=\"avia_inline_auto\" id=\"style-css-av-av_heading-14ce47ec0725388945946b208c04758f\">\n#top .av-special-heading.av-av_heading-14ce47ec0725388945946b208c04758f{\npadding-bottom:10px;\nfont-size:20px;\n}\nbody .av-special-heading.av-av_heading-14ce47ec0725388945946b208c04758f .av-special-heading-tag .heading-char{\nfont-size:25px;\n}\n#top #wrap_all .av-special-heading.av-av_heading-14ce47ec0725388945946b208c04758f .av-special-heading-tag{\nfont-size:20px;\n}\n.av-special-heading.av-av_heading-14ce47ec0725388945946b208c04758f .av-subheading{\nfont-size:15px;\n}\n\n@media only screen and (min-width: 480px) and (max-width: 767px){ \n#top #wrap_all .av-special-heading.av-av_heading-14ce47ec0725388945946b208c04758f .av-special-heading-tag{\nfont-size:0.8em;\n}\n}\n\n@media only screen and (max-width: 479px){ \n#top #wrap_all .av-special-heading.av-av_heading-14ce47ec0725388945946b208c04758f .av-special-heading-tag{\nfont-size:0.8em;\n}\n}\n<\/style>\n<div  class='av-special-heading av-av_heading-14ce47ec0725388945946b208c04758f av-special-heading-h3 blockquote modern-quote modern-centered  avia-builder-el-11  el_after_av_one_half  el_before_av_hr  av-inherit-size'><h3 class='av-special-heading-tag '  itemprop=\"headline\"  >Aktuella kampanjer<\/h3><div class=\"special-heading-border\"><div class=\"special-heading-inner-border\"><\/div><\/div><\/div>\n\n<style type=\"text\/css\" data-created_by=\"avia_inline_auto\" id=\"style-css-av-av_hr-c227a59b195829894f77aa465b32af95\">\n#top .hr.av-av_hr-c227a59b195829894f77aa465b32af95{\nmargin-top:0px;\nmargin-bottom:30px;\n}\n.hr.av-av_hr-c227a59b195829894f77aa465b32af95 .hr-inner{\nwidth:50px;\nborder-color:#f8f8f8;\nmax-width:45%;\n}\n.hr.av-av_hr-c227a59b195829894f77aa465b32af95 .av-seperator-icon{\ncolor:#e5c80c;\n}\n<\/style>\n<div  class='hr av-av_hr-c227a59b195829894f77aa465b32af95 hr-custom  avia-builder-el-12  el_after_av_heading  el_before_av_productgrid  hr-center hr-icon-yes'><span class='hr-inner inner-border-av-border-fat'><span class=\"hr-inner-style\"><\/span><\/span><span class='av-seperator-icon' aria-hidden='true' data-av_icon='\ue8ce' data-av_iconfont='entypo-fontello'><\/span><span class='hr-inner inner-border-av-border-fat'><span class=\"hr-inner-style\"><\/span><\/span><\/div>\n<p>No products found which match your selection.<\/p><div class=\"clear\"><\/div>\n\n","protected":false},"excerpt":{"rendered":"<p><img loading=\"lazy\" decoding=\"async\" class=\"alignleft wp-image-2809 size-full\" style=\"max-width: 25px;\" src=\"http:\/\/www.goinstyle.se\/wp-content\/uploads\/2016\/11\/plain.jpg\" alt=\"plain\" width=\"25\" height=\"25\" \/>Flyg &amp; boende<\/p>\n<p>&nbsp;<\/p>\n<p><img loading=\"lazy\" decoding=\"async\" class=\"alignleft wp-image-2805 size-full\" style=\"max-width: 25px;\" src=\"http:\/\/www.goinstyle.se\/wp-content\/uploads\/2016\/11\/house.jpg\" alt=\"house\" width=\"25\" height=\"25\" \/>10 n\u00e4tter<\/p>\n<p>&nbsp;<\/p>\n<p><img loading=\"lazy\" decoding=\"async\" class=\"alignleft wp-image-2801 size-full\" style=\"max-width: 25px;\" src=\"http:\/\/www.goinstyle.se\/wp-content\/uploads\/2016\/11\/price.jpg\" alt=\"price\" width=\"25\" height=\"25\" \/>Pris fr\u00e5n\u00a029 250 kr\/pp<\/p>\n","protected":false},"featured_media":3416,"comment_status":"closed","ping_status":"closed","template":"","meta":{"_vp_format_video_url":"","_vp_image_focal_point":[]},"product_brand":[],"product_cat":[850],"product_tag":[],"class_list":{"0":"post-3414","1":"product","2":"type-product","3":"status-publish","4":"has-post-thumbnail","6":"product_cat-okategoriserad","8":"first","9":"instock","10":"shipping-taxable","11":"product-type-simple"},"_links":{"self":[{"href":"https:\/\/www.goinstyle.se\/dubai\/wp-json\/wp\/v2\/product\/3414","targetHints":{"allow":["GET"]}}],"collection":[{"href":"https:\/\/www.goinstyle.se\/dubai\/wp-json\/wp\/v2\/product"}],"about":[{"href":"https:\/\/www.goinstyle.se\/dubai\/wp-json\/wp\/v2\/types\/product"}],"replies":[{"embeddable":true,"href":"https:\/\/www.goinstyle.se\/dubai\/wp-json\/wp\/v2\/comments?post=3414"}],"wp:featuredmedia":[{"embeddable":true,"href":"https:\/\/www.goinstyle.se\/dubai\/wp-json\/wp\/v2\/media\/3416"}],"wp:attachment":[{"href":"https:\/\/www.goinstyle.se\/dubai\/wp-json\/wp\/v2\/media?parent=3414"}],"wp:term":[{"taxonomy":"product_brand","embeddable":true,"href":"https:\/\/www.goinstyle.se\/dubai\/wp-json\/wp\/v2\/product_brand?post=3414"},{"taxonomy":"product_cat","embeddable":true,"href":"https:\/\/www.goinstyle.se\/dubai\/wp-json\/wp\/v2\/product_cat?post=3414"},{"taxonomy":"product_tag","embeddable":true,"href":"https:\/\/www.goinstyle.se\/dubai\/wp-json\/wp\/v2\/product_tag?post=3414"}],"curies":[{"name":"wp","href":"https:\/\/api.w.org\/{rel}","templated":true}]}}