{"id":32916,"date":"2018-06-13T11:48:30","date_gmt":"2018-06-13T09:48:30","guid":{"rendered":"http:\/\/www.goinstyle.se\/?post_type=product&#038;p=32916"},"modified":"2023-09-12T14:23:03","modified_gmt":"2023-09-12T12:23:03","slug":"deal","status":"publish","type":"product","link":"https:\/\/www.goinstyle.se\/georgien\/boka\/deals-georgien\/deal\/","title":{"rendered":"Deal"},"content":{"rendered":"<div id='full_slider_1'  class='avia-fullwidth-slider main_color avia-shadow   avia-builder-el-0  el_before_av_section  avia-builder-el-first   container_wrap fullsize'  ><div  class='avia-slideshow av-av_slideshow_full-4f3ef5c0d0c5e5a45e27d5f99336c2be avia-slideshow-featured av_slideshow_full avia-slide-slider av-slideshow-ui av-control-default av-slideshow-manual av-loop-once av-loop-manual-endless av-default-height-applied   avia-slideshow-1' data-slideshow-options=\"{&quot;animation&quot;:&quot;slide&quot;,&quot;autoplay&quot;:false,&quot;loop_autoplay&quot;:&quot;once&quot;,&quot;interval&quot;:5,&quot;loop_manual&quot;:&quot;manual-endless&quot;,&quot;autoplay_stopper&quot;:false,&quot;noNavigation&quot;:false,&quot;bg_slider&quot;:false,&quot;keep_padding&quot;:false,&quot;hoverpause&quot;:false,&quot;show_slide_delay&quot;:0}\"  itemprop=\"image\" itemscope=\"itemscope\" itemtype=\"https:\/\/schema.org\/ImageObject\" ><ul class='avia-slideshow-inner ' style='padding-bottom: 28.666666666667%;'><li  class='avia-slideshow-slide av-av_slideshow_full-4f3ef5c0d0c5e5a45e27d5f99336c2be__0  av-single-slide slide-1 slide-odd'><div data-rel='slideshow-1' class='avia-slide-wrap '   ><div class='av-slideshow-caption av-av_slideshow_full-4f3ef5c0d0c5e5a45e27d5f99336c2be__0 caption_fullwidth caption_bottom'><div class=\"container caption_container\"><div class=\"slideshow_caption\"><div class=\"slideshow_inner_caption\"><div class=\"slideshow_align_caption\"><h2 class='avia-caption-title '  itemprop=\"name\" >Bo p\u00e5 Constance Moofushi<\/h2><\/div><\/div><\/div><\/div><\/div><img decoding=\"async\" fetchpriority=\"high\" class=\"wp-image-2406 avia-img-lazy-loading-not-2406\"  src=\"https:\/\/www.goinstyle.se\/wp-content\/uploads\/2016\/11\/Maldiverna-hotell-constance-moofushi-beach-view-19-1500x430.jpg\" width=\"1500\" height=\"430\" title='maldiverna-hotell-constance-moofushi-beach-view-19' alt=''  itemprop=\"thumbnailUrl\"   \/><div class='av-section-color-overlay' style='opacity: 0.3; background-color: #000000; '><\/div><\/div><\/li><\/ul><\/div><\/div>\n<div id='av_section_1'  class='avia-section av-av_section-bb9bdb22c7f9e6bf1d52c155825dc7f7 main_color avia-section-default avia-no-shadow  avia-builder-el-1  el_after_av_slideshow_full  avia-builder-el-last  avia-bg-style-scroll container_wrap fullsize'  ><div class='container av-section-cont-open' ><div class='template-page content  av-content-full alpha units'><div class='post-entry post-entry-type-page post-entry-32916'><div class='entry-content-wrapper clearfix'>\n\n<style type=\"text\/css\" data-created_by=\"avia_inline_auto\" id=\"style-css-av-av_one_fourth-6126cab7d8fab8d08143dd2dacdf673c\">\n.flex_column.av-av_one_fourth-6126cab7d8fab8d08143dd2dacdf673c{\nborder-radius:0px 0px 0px 0px;\npadding:0px 0px 0px 0px;\n}\n<\/style>\n<div  class='flex_column av-av_one_fourth-6126cab7d8fab8d08143dd2dacdf673c av_one_fourth  avia-builder-el-2  el_before_av_one_fourth  avia-builder-el-first  first flex_column_div av-zero-column-padding  '     ><div  class='avia-icon-list-container av-av_iconlist-a98d21aa7682842f3ee59bf46c3a11b8  avia-builder-el-3  avia-builder-el-no-sibling '><ul class='avia-icon-list avia_animate_when_almost_visible avia-icon-list-left av-iconlist-big av-av_iconlist-a98d21aa7682842f3ee59bf46c3a11b8 avia-iconlist-animate'>\n<li><div class='iconlist_icon av-av_iconlist_item-27ca64af0336f4d63b4ee74e9927fd55 avia-font-entypo-fontello'><span class='iconlist-char' aria-hidden='true' data-av_icon='\ue862' data-av_iconfont='entypo-fontello'><\/span><\/div><article class=\"article-icon-entry \"  itemscope=\"itemscope\" itemtype=\"https:\/\/schema.org\/CreativeWork\" ><div class=\"iconlist_content_wrap\"><header class=\"entry-content-header\" aria-label=\"Icon: Duration\"><h4 class='av_iconlist_title iconlist_title  '  itemprop=\"headline\" >Duration<\/h4><\/header><div class='iconlist_content '  itemprop=\"text\" ><p>11 Nov 2016 \u2013 22 Nov 2016<\/p>\n<\/div><\/div><footer class=\"entry-footer\"><\/footer><\/article><div class=\"iconlist-timeline\"><\/div><\/li>\n<li><div class='iconlist_icon av-av_iconlist_item-6f4e37245b30216c83196507919544a2 avia-font-entypo-fontello'><span class='iconlist-char' aria-hidden='true' data-av_icon='\ue844' data-av_iconfont='entypo-fontello'><\/span><\/div><article class=\"article-icon-entry \"  itemscope=\"itemscope\" itemtype=\"https:\/\/schema.org\/CreativeWork\" ><div class=\"iconlist_content_wrap\"><header class=\"entry-content-header\" aria-label=\"Icon: Location\"><h4 class='av_iconlist_title iconlist_title  '  itemprop=\"headline\" >Location<\/h4><\/header><div class='iconlist_content '  itemprop=\"text\" ><p>Seminyak Beach &#8211;\u00a0Ja Ay<br \/>\nBali, Indonesia<\/p>\n<\/div><\/div><footer class=\"entry-footer\"><\/footer><\/article><div class=\"iconlist-timeline\"><\/div><\/li>\n<\/ul><\/div><\/div>\n<style type=\"text\/css\" data-created_by=\"avia_inline_auto\" id=\"style-css-av-av_one_fourth-0aa7055fe62c3622faec82866afbaeb2\">\n.flex_column.av-av_one_fourth-0aa7055fe62c3622faec82866afbaeb2{\nborder-radius:0px 0px 0px 0px;\npadding:0px 0px 0px 0px;\n}\n<\/style>\n<div  class='flex_column av-av_one_fourth-0aa7055fe62c3622faec82866afbaeb2 av_one_fourth  avia-builder-el-4  el_after_av_one_fourth  el_before_av_one_half  flex_column_div av-zero-column-padding  '     ><div  class='avia-icon-list-container av-av_iconlist-a98d21aa7682842f3ee59bf46c3a11b8  avia-builder-el-5  avia-builder-el-no-sibling '><ul class='avia-icon-list avia_animate_when_almost_visible avia-icon-list-left av-iconlist-big av-av_iconlist-a98d21aa7682842f3ee59bf46c3a11b8 avia-iconlist-animate'>\n<li><div class='iconlist_icon av-av_iconlist_item-ef976dca8f08da799ab5b56af3f8cd27 avia-font-entypo-fontello'><span class='iconlist-char' aria-hidden='true' data-av_icon='\ue8cb' data-av_iconfont='entypo-fontello'><\/span><\/div><article class=\"article-icon-entry \"  itemscope=\"itemscope\" itemtype=\"https:\/\/schema.org\/CreativeWork\" ><div class=\"iconlist_content_wrap\"><header class=\"entry-content-header\" aria-label=\"Icon: Available Tickets\"><h4 class='av_iconlist_title iconlist_title  '  itemprop=\"headline\" >Available Tickets<\/h4><\/header><div class='iconlist_content '  itemprop=\"text\" ><p>45<\/p>\n<\/div><\/div><footer class=\"entry-footer\"><\/footer><\/article><div class=\"iconlist-timeline\"><\/div><\/li>\n<li><div class='iconlist_icon av-av_iconlist_item-39c00ac49cb4305272c9498aecaf7709 avia-font-entypo-fontello'><span class='iconlist-char' aria-hidden='true' data-av_icon='\ue827' data-av_iconfont='entypo-fontello'><\/span><\/div><article class=\"article-icon-entry \"  itemscope=\"itemscope\" itemtype=\"https:\/\/schema.org\/CreativeWork\" ><div class=\"iconlist_content_wrap\"><header class=\"entry-content-header\" aria-label=\"Icon: Price\"><h4 class='av_iconlist_title iconlist_title  '  itemprop=\"headline\" >Price<\/h4><\/header><div class='iconlist_content '  itemprop=\"text\" ><p>3333 kr<\/p>\n<\/div><\/div><footer class=\"entry-footer\"><\/footer><\/article><div class=\"iconlist-timeline\"><\/div><\/li>\n<\/ul><\/div><\/div>\n<style type=\"text\/css\" data-created_by=\"avia_inline_auto\" id=\"style-css-av-av_one_half-0aa7055fe62c3622faec82866afbaeb2\">\n.flex_column.av-av_one_half-0aa7055fe62c3622faec82866afbaeb2{\nborder-radius:0px 0px 0px 0px;\npadding:0px 0px 0px 0px;\n}\n<\/style>\n<div  class='flex_column av-av_one_half-0aa7055fe62c3622faec82866afbaeb2 av_one_half  avia-builder-el-6  el_after_av_one_fourth  el_before_av_heading  flex_column_div av-zero-column-padding  '     ><p><section  class='av_textblock_section av-av_textblock-0366cc7376be6c9e82a3e9cc8987b64f '   itemscope=\"itemscope\" itemtype=\"https:\/\/schema.org\/CreativeWork\" ><div class='avia_textblock'  itemprop=\"text\" ><p>Donec elit libero, sodales nec, volutpat a, suscipit non, turpis. Nullam sagittis.<\/p>\n<p>Suspendisse pulvinar, augue ac venenatis condimentum, sem libero volutpat nibh, nec pellentesque velit pede quis nunc. Vestibulia Curae; Fusce id purus. <strong>Ut varius tincidunt<\/strong> libero.<\/p>\n<\/div><\/section><br \/>\n<div  class='togglecontainer av-av_toggle_container-8e0c6e39d39b619a829887bd54fff3ed  avia-builder-el-8  el_after_av_textblock  el_before_av_hr  toggle_close_all' >\n<section class='av_toggle_section av-av_toggle-93551ffa110190eac320740608ade8d7'  itemscope=\"itemscope\" itemtype=\"https:\/\/schema.org\/CreativeWork\" ><div role=\"tablist\" class=\"single_toggle\" data-tags=\"{All} \"  ><p id='toggle-toggle-id-1' data-fake-id='#toggle-id-1' class='toggler  av-title-above '  itemprop=\"headline\"  role='tab' tabindex='0' aria-controls='toggle-id-1' data-slide-speed=\"200\" data-title=\"Bokningsf\u00f6rfr\u00e5gan\" data-title-open=\"\" data-aria_collapsed=\"Click to expand: Bokningsf\u00f6rfr\u00e5gan\" data-aria_expanded=\"Click to collapse: Bokningsf\u00f6rfr\u00e5gan\">Bokningsf\u00f6rfr\u00e5gan<span class=\"toggle_icon\"><span class=\"vert_icon\"><\/span><span class=\"hor_icon\"><\/span><\/span><\/p><div id='toggle-id-1' aria-labelledby='toggle-toggle-id-1' role='region' class='toggle_wrap  av-title-above'  ><div class='toggle_content invers-color '  itemprop=\"text\" >\n<div class=\"wpcf7 no-js\" id=\"wpcf7-f713-o1\" lang=\"en-US\" dir=\"ltr\" data-wpcf7-id=\"713\">\n<div class=\"screen-reader-response\"><p role=\"status\" aria-live=\"polite\" aria-atomic=\"true\"><\/p> <ul><\/ul><\/div>\n<form action=\"\/georgien\/wp-json\/wp\/v2\/product\/32916#wpcf7-f713-o1\" method=\"post\" class=\"wpcf7-form init\" aria-label=\"Contact form\" novalidate=\"novalidate\" data-status=\"init\">\n<fieldset class=\"hidden-fields-container\"><input type=\"hidden\" name=\"_wpcf7\" value=\"713\" \/><input type=\"hidden\" name=\"_wpcf7_version\" value=\"6.1.5\" \/><input type=\"hidden\" name=\"_wpcf7_locale\" value=\"en_US\" \/><input type=\"hidden\" name=\"_wpcf7_unit_tag\" value=\"wpcf7-f713-o1\" \/><input type=\"hidden\" name=\"_wpcf7_container_post\" value=\"0\" \/><input type=\"hidden\" name=\"_wpcf7_posted_data_hash\" value=\"\" \/><input type=\"hidden\" name=\"_wpcf7_recaptcha_response\" value=\"\" \/>\n<\/fieldset>\n<div class=\"booking-inner row\">\n\t<div id=\"booking-form\" class=\"forfragan-form\" style=\"display: block;\">\n\t\t<div class=\"col-md-6\" style=\"width: 50%!important;\">\n\t\t\t<p><span class=\"text-label\"><i class=\"fa fa-calendar\"><\/i>Avresa (dag eller period)<\/span><span class=\"wpcf7-form-control-wrap\" data-name=\"date-734\"><input size=\"40\" maxlength=\"400\" class=\"wpcf7-form-control wpcf7-text wpcf7-validates-as-required\" id=\"Datum\" aria-required=\"true\" aria-invalid=\"false\" value=\"\" type=\"text\" name=\"date-734\" \/><\/span>\n\t\t\t<\/p>\n\t\t<\/div>\n\t\t<div class=\"col-md-6\" style=\"width: 50%!important;\">\n\t\t\t<p><span class=\"text-label\"><i class=\"fa fa-calendar\"><\/i>Resl\u00e4ngd<\/span><span class=\"wpcf7-form-control-wrap\" data-name=\"date-735\"><input size=\"40\" maxlength=\"400\" class=\"wpcf7-form-control wpcf7-text wpcf7-validates-as-required\" id=\"outDatum\" aria-required=\"true\" aria-invalid=\"false\" value=\"\" type=\"text\" name=\"date-735\" \/><\/span>\n\t\t\t<\/p>\n\t\t<\/div>\n\t\t<div class=\"col-md-6\" style=\"width: 100%!important;\">\n\t\t\t<p><span class=\"text-label\"><i class=\"fa fa-plane\"><\/i>Ev. \u00f6nskem\u00e5l om flyg och avreseort <\/span><span class=\"wpcf7-form-control-wrap\" data-name=\"avreseort\"><input size=\"40\" maxlength=\"400\" class=\"wpcf7-form-control wpcf7-text\" aria-invalid=\"false\" value=\"\" type=\"text\" name=\"avreseort\" \/><\/span>\n\t\t\t<\/p>\n\t\t<\/div>\n\t\t<div class=\"col-md-6\" style=\"width: 100%!important;\">\n\t\t\t<p><span class=\"text-label\"><i class=\"fa fa-user\"><\/i>Namn<\/span><span class=\"wpcf7-form-control-wrap\" data-name=\"your-name\"><input size=\"40\" maxlength=\"400\" class=\"wpcf7-form-control wpcf7-text wpcf7-validates-as-required\" aria-required=\"true\" aria-invalid=\"false\" value=\"\" type=\"text\" name=\"your-name\" \/><\/span>\n\t\t\t<\/p>\n\t\t<\/div>\n\t\t<div class=\"col-md-6\" style=\"width: 50%!important;\">\n\t\t\t<p><span class=\"text-label\"><i class=\"fa fa-money\"><\/i>Ungef\u00e4rlig budget per person<\/span><span class=\"wpcf7-form-control-wrap\" data-name=\"budget\"><input size=\"40\" maxlength=\"400\" class=\"wpcf7-form-control wpcf7-text\" aria-invalid=\"false\" value=\"\" type=\"text\" name=\"budget\" \/><\/span>\n\t\t\t<\/p>\n\t\t<\/div>\n\t\t<div class=\"col-md-6\" style=\"width: 50%!important;\">\n\t\t\t<p><span class=\"text-label\"><i class=\"fa fa-group\"><\/i>Antal vuxna<\/span><span class=\"wpcf7-form-control-wrap\" data-name=\"antal\"><input size=\"40\" maxlength=\"400\" class=\"wpcf7-form-control wpcf7-text wpcf7-validates-as-required\" aria-required=\"true\" aria-invalid=\"false\" value=\"\" type=\"text\" name=\"antal\" \/><\/span>\n\t\t\t<\/p>\n\t\t<\/div>\n\t\t<div class=\"col-md-6\" style=\"width: 50%!important;\">\n\t\t\t<p><span class=\"text-label\"><i class=\"fa fa-group\"><\/i>Antal barn<\/span><span class=\"wpcf7-form-control-wrap\" data-name=\"antalbarn\"><input size=\"40\" maxlength=\"400\" class=\"wpcf7-form-control wpcf7-text\" aria-invalid=\"false\" value=\"\" type=\"text\" name=\"antalbarn\" \/><\/span>\n\t\t\t<\/p>\n\t\t<\/div>\n\t\t<div class=\"col-md-6\" style=\"width: 50%!important;\">\n\t\t\t<p><span class=\"text-label\"><i class=\"fa fa-group\"><\/i>Barnens \u00e5ldrar vid avresa<\/span><span class=\"wpcf7-form-control-wrap\" data-name=\"alder\"><input size=\"40\" maxlength=\"400\" class=\"wpcf7-form-control wpcf7-text\" aria-invalid=\"false\" value=\"\" type=\"text\" name=\"alder\" \/><\/span>\n\t\t\t<\/p>\n\t\t<\/div>\n\t\t<div class=\"col-md-6\" style=\"width: 50%!important;\">\n\t\t\t<p><span class=\"text-label\"><i class=\"fa fa-phone\"><\/i>Telefon<\/span><span class=\"wpcf7-form-control-wrap\" data-name=\"your-telefon\"><input size=\"40\" maxlength=\"400\" class=\"wpcf7-form-control wpcf7-text wpcf7-validates-as-required\" aria-required=\"true\" aria-invalid=\"false\" value=\"\" type=\"text\" name=\"your-telefon\" \/><\/span>\n\t\t\t<\/p>\n\t\t<\/div>\n\t\t<div class=\"col-md-6\" style=\"width: 50%!important;\">\n\t\t\t<p><span class=\"text-label\"><i class=\"fa fa-envelope\"><\/i>Email<\/span><span class=\"wpcf7-form-control-wrap\" data-name=\"your-email\"><input size=\"40\" maxlength=\"400\" class=\"wpcf7-form-control wpcf7-email wpcf7-validates-as-required wpcf7-text wpcf7-validates-as-email\" aria-required=\"true\" aria-invalid=\"false\" value=\"\" type=\"email\" name=\"your-email\" \/><\/span>\n\t\t\t<\/p>\n\t\t<\/div>\n\t\t<div class=\"col-md-12\">\n\t\t\t<p><span class=\"text-label\"><i class=\"fa fa-comment\"><\/i>\u00d6vrig information och \u00f6nskem\u00e5l<\/span><span class=\"wpcf7-form-control-wrap\" data-name=\"your-message\"><textarea cols=\"500\" rows=\"5\" maxlength=\"2000\" class=\"wpcf7-form-control wpcf7-textarea\" aria-invalid=\"false\" name=\"your-message\"><\/textarea><\/span>\n\t\t\t<\/p>\n\t\t<\/div>\n\t\t<div class=\"col-md-12\">\n\t\t\t<p><span class=\"wpcf7-form-control-wrap\" data-name=\"checkbox-7\"><span class=\"wpcf7-form-control wpcf7-checkbox checkbox2\" id=\"nyhetsbrev\"><span class=\"wpcf7-list-item first last\"><input type=\"checkbox\" name=\"checkbox-7[]\" value=\"Ring mig f\u00f6r mer information innan ni p\u00e5b\u00f6rjar offerten!\" \/><span class=\"wpcf7-list-item-label\">Ring mig f\u00f6r mer information innan ni p\u00e5b\u00f6rjar offerten!<\/span><\/span><\/span><\/span>\n\t\t\t<\/p>\n\t\t<\/div>\n\t\t<div class=\"col-md-12\">\n\t\t<\/div>\n\t<\/div>\n\t<div class=\"col-md-12\">\n\t\t<p><span class=\"wpcf7-form-control-wrap\" data-name=\"checkbox-8\"><span class=\"wpcf7-form-control wpcf7-checkbox checkbox2\"><span class=\"wpcf7-list-item first last\"><input type=\"checkbox\" name=\"checkbox-8[]\" value=\"Ja tack, l\u00e5t Go InStyle&#039;s nyhetsbrev inspirera mig med restips, upplevelser och nya resm\u00e5l!\" checked=\"checked\" \/><span class=\"wpcf7-list-item-label\">Ja tack, l\u00e5t Go InStyle&#039;s nyhetsbrev inspirera mig med restips, upplevelser och nya resm\u00e5l!<\/span><\/span><\/span><\/span>\n\t\t<\/p>\n\t<\/div>\n\t<div class=\"col-md-12\">\n\t<\/div>\n\t\n<!-- CF7 Modules -->\n<div style='display:none;'><input type=\"hidden\" class=\"wpcf7-form-control wpcf7-hidden\" name=\"hidden-274\" placeholder=\"\" value=\"https:\/\/www.goinstyle.se\/georgien\/boka\/deals-georgien\/deal\/\" \/>\n<input type=\"hidden\" class=\"wpcf7-form-control wpcf7-hidden\" name=\"hidden-703\" placeholder=\"\" value=\"Deal\" \/>\n\t\n\t<\/div>\n<!-- End CF7 Modules -->\n\n\t<div class=\"col-md-12\">\n\t\t<p><input class=\"wpcf7-form-control wpcf7-submit has-spinner btn btn-custom btn-large\" type=\"submit\" value=\"Skicka f\u00f6rfr\u00e5gan\" \/>\n\t\t<\/p>\n\t<\/div>\n<\/div>\n<div style=\"clear:all\">\n<\/div><div class=\"wpcf7-response-output\" aria-hidden=\"true\"><\/div>\n<\/form>\n<\/div>\n\n<\/div><\/div><\/div><\/section>\n<\/div><br \/>\n\n<style type=\"text\/css\" data-created_by=\"avia_inline_auto\" id=\"style-css-av-av_hr-a6de236e6c183bbbd700292deacd2b52\">\n#top .hr.hr-invisible.av-av_hr-a6de236e6c183bbbd700292deacd2b52{\nheight:20px;\n}\n<\/style>\n<div  class='hr av-av_hr-a6de236e6c183bbbd700292deacd2b52 hr-invisible  avia-builder-el-9  el_after_av_toggle_container  el_before_av_textblock '><span class='hr-inner '><span class=\"hr-inner-style\"><\/span><\/span><\/div><br \/>\n<section  class='av_textblock_section av-av_textblock-0366cc7376be6c9e82a3e9cc8987b64f '   itemscope=\"itemscope\" itemtype=\"https:\/\/schema.org\/CreativeWork\" ><div class='avia_textblock'  itemprop=\"text\" ><p><b><a>\u00ab Tillbaka<\/a><\/b><\/p>\n<\/div><\/section><\/p><\/div>\n<style type=\"text\/css\" data-created_by=\"avia_inline_auto\" id=\"style-css-av-av_heading-14ce47ec0725388945946b208c04758f\">\n#top .av-special-heading.av-av_heading-14ce47ec0725388945946b208c04758f{\npadding-bottom:10px;\nfont-size:20px;\n}\nbody .av-special-heading.av-av_heading-14ce47ec0725388945946b208c04758f .av-special-heading-tag .heading-char{\nfont-size:25px;\n}\n#top #wrap_all .av-special-heading.av-av_heading-14ce47ec0725388945946b208c04758f .av-special-heading-tag{\nfont-size:20px;\n}\n.av-special-heading.av-av_heading-14ce47ec0725388945946b208c04758f .av-subheading{\nfont-size:15px;\n}\n\n@media only screen and (min-width: 480px) and (max-width: 767px){ \n#top #wrap_all .av-special-heading.av-av_heading-14ce47ec0725388945946b208c04758f .av-special-heading-tag{\nfont-size:0.8em;\n}\n}\n\n@media only screen and (max-width: 479px){ \n#top #wrap_all .av-special-heading.av-av_heading-14ce47ec0725388945946b208c04758f .av-special-heading-tag{\nfont-size:0.8em;\n}\n}\n<\/style>\n<div  class='av-special-heading av-av_heading-14ce47ec0725388945946b208c04758f av-special-heading-h3 blockquote modern-quote modern-centered  avia-builder-el-11  el_after_av_one_half  el_before_av_hr  av-inherit-size'><h3 class='av-special-heading-tag '  itemprop=\"headline\"  >Aktuella kampanjer<\/h3><div class=\"special-heading-border\"><div class=\"special-heading-inner-border\"><\/div><\/div><\/div>\n\n<style type=\"text\/css\" data-created_by=\"avia_inline_auto\" id=\"style-css-av-av_hr-c227a59b195829894f77aa465b32af95\">\n#top .hr.av-av_hr-c227a59b195829894f77aa465b32af95{\nmargin-top:0px;\nmargin-bottom:30px;\n}\n.hr.av-av_hr-c227a59b195829894f77aa465b32af95 .hr-inner{\nwidth:50px;\nborder-color:#f8f8f8;\nmax-width:45%;\n}\n.hr.av-av_hr-c227a59b195829894f77aa465b32af95 .av-seperator-icon{\ncolor:#e5c80c;\n}\n<\/style>\n<div  class='hr av-av_hr-c227a59b195829894f77aa465b32af95 hr-custom  avia-builder-el-12  el_after_av_heading  el_before_av_productgrid  hr-center hr-icon-yes'><span class='hr-inner inner-border-av-border-fat'><span class=\"hr-inner-style\"><\/span><\/span><span class='av-seperator-icon' aria-hidden='true' data-av_icon='\ue8ce' data-av_iconfont='entypo-fontello'><\/span><span class='hr-inner inner-border-av-border-fat'><span class=\"hr-inner-style\"><\/span><\/span><\/div>\n<p>No products found which match your selection.<\/p><div class=\"clear\"><\/div>\n\n","protected":false},"excerpt":{"rendered":"","protected":false},"featured_media":0,"comment_status":"closed","ping_status":"closed","template":"","meta":{"_vp_format_video_url":"","_vp_image_focal_point":[]},"product_brand":[],"product_cat":[888],"product_tag":[],"class_list":{"0":"post-32916","1":"product","2":"type-product","3":"status-publish","5":"product_cat-deals-georgien","7":"first","8":"instock","9":"shipping-taxable","10":"product-type-simple"},"_links":{"self":[{"href":"https:\/\/www.goinstyle.se\/georgien\/wp-json\/wp\/v2\/product\/32916","targetHints":{"allow":["GET"]}}],"collection":[{"href":"https:\/\/www.goinstyle.se\/georgien\/wp-json\/wp\/v2\/product"}],"about":[{"href":"https:\/\/www.goinstyle.se\/georgien\/wp-json\/wp\/v2\/types\/product"}],"replies":[{"embeddable":true,"href":"https:\/\/www.goinstyle.se\/georgien\/wp-json\/wp\/v2\/comments?post=32916"}],"wp:attachment":[{"href":"https:\/\/www.goinstyle.se\/georgien\/wp-json\/wp\/v2\/media?parent=32916"}],"wp:term":[{"taxonomy":"product_brand","embeddable":true,"href":"https:\/\/www.goinstyle.se\/georgien\/wp-json\/wp\/v2\/product_brand?post=32916"},{"taxonomy":"product_cat","embeddable":true,"href":"https:\/\/www.goinstyle.se\/georgien\/wp-json\/wp\/v2\/product_cat?post=32916"},{"taxonomy":"product_tag","embeddable":true,"href":"https:\/\/www.goinstyle.se\/georgien\/wp-json\/wp\/v2\/product_tag?post=32916"}],"curies":[{"name":"wp","href":"https:\/\/api.w.org\/{rel}","templated":true}]}}