{"id":45491,"date":"2023-08-15T16:25:33","date_gmt":"2023-08-15T14:25:33","guid":{"rendered":"https:\/\/www.goinstyle.se\/?page_id=45491"},"modified":"2024-01-17T12:53:29","modified_gmt":"2024-01-17T10:53:29","slug":"home","status":"publish","type":"page","link":"https:\/\/www.goinstyle.se\/golf\/home\/","title":{"rendered":"Home"},"content":{"rendered":"<div id='full_slider_1'  class='avia-fullwidth-slider main_color avia-shadow   avia-builder-el-0  el_before_av_section  avia-builder-el-first   container_wrap fullsize' style='background-repeat: no-repeat; background-image: url(https:\/\/www.goinstyle.se\/wp-content\/uploads\/2024\/01\/slide_8_8dc7a549f6-1030x476.jpg); background-attachment: scroll; background-position: top left;'  ><div  class='avia-slideshow av-9loaj3g-ee485cd9dfbf6b70f2c181eef6808d9c avia-slideshow-extra_large av_slideshow_full avia-fade-slider av-slideshow-ui av-control-default av-slideshow-autoplay av-loop-endless av-loop-manual-endless av-default-height-applied   avia-slideshow-1' data-slideshow-options=\"{&quot;animation&quot;:&quot;fade&quot;,&quot;autoplay&quot;:true,&quot;loop_autoplay&quot;:&quot;endless&quot;,&quot;interval&quot;:5,&quot;loop_manual&quot;:&quot;manual-endless&quot;,&quot;autoplay_stopper&quot;:false,&quot;noNavigation&quot;:false,&quot;bg_slider&quot;:false,&quot;keep_padding&quot;:false,&quot;hoverpause&quot;:false,&quot;show_slide_delay&quot;:0}\"  itemprop=\"image\" itemscope=\"itemscope\" itemtype=\"https:\/\/schema.org\/ImageObject\" ><ul class='avia-slideshow-inner ' style='padding-bottom: 46.266666666667%;'><li  class='avia-slideshow-slide av-9loaj3g-ee485cd9dfbf6b70f2c181eef6808d9c__0  av-single-slide slide-1 slide-odd'><div data-rel='slideshow-1' class='avia-slide-wrap '   ><img decoding=\"async\" fetchpriority=\"high\" class=\"wp-image-46258 avia-img-lazy-loading-not-46258\"  src=\"https:\/\/www.goinstyle.se\/wp-content\/uploads\/2024\/01\/slide_8_8dc7a549f6-1500x694.jpg\" width=\"1500\" height=\"694\" title='slide_8_8dc7a549f6' alt=''  itemprop=\"thumbnailUrl\" srcset=\"https:\/\/www.goinstyle.se\/wp-content\/uploads\/2024\/01\/slide_8_8dc7a549f6-1500x694.jpg 1500w, https:\/\/www.goinstyle.se\/wp-content\/uploads\/2024\/01\/slide_8_8dc7a549f6-300x139.jpg 300w, https:\/\/www.goinstyle.se\/wp-content\/uploads\/2024\/01\/slide_8_8dc7a549f6-1030x476.jpg 1030w, https:\/\/www.goinstyle.se\/wp-content\/uploads\/2024\/01\/slide_8_8dc7a549f6-768x355.jpg 768w, https:\/\/www.goinstyle.se\/wp-content\/uploads\/2024\/01\/slide_8_8dc7a549f6-1536x710.jpg 1536w, https:\/\/www.goinstyle.se\/wp-content\/uploads\/2024\/01\/slide_8_8dc7a549f6-2048x947.jpg 2048w, https:\/\/www.goinstyle.se\/wp-content\/uploads\/2024\/01\/slide_8_8dc7a549f6-705x326.jpg 705w, https:\/\/www.goinstyle.se\/wp-content\/uploads\/2024\/01\/slide_8_8dc7a549f6-450x208.jpg 450w, https:\/\/www.goinstyle.se\/wp-content\/uploads\/2024\/01\/slide_8_8dc7a549f6-500x231.jpg 500w, https:\/\/www.goinstyle.se\/wp-content\/uploads\/2024\/01\/slide_8_8dc7a549f6-800x370.jpg 800w, https:\/\/www.goinstyle.se\/wp-content\/uploads\/2024\/01\/slide_8_8dc7a549f6-1280x592.jpg 1280w, https:\/\/www.goinstyle.se\/wp-content\/uploads\/2024\/01\/slide_8_8dc7a549f6-1920x888.jpg 1920w, https:\/\/www.goinstyle.se\/wp-content\/uploads\/2024\/01\/slide_8_8dc7a549f6-400x185.jpg 400w, https:\/\/www.goinstyle.se\/wp-content\/uploads\/2024\/01\/slide_8_8dc7a549f6-600x278.jpg 600w\" sizes=\"(max-width: 1500px) 100vw, 1500px\" \/><\/div><\/li><\/ul><div class='av-slideshow-caption av-9loaj3g-ee485cd9dfbf6b70f2c181eef6808d9c__0 caption_fullwidth caption_center'><div class=\"container caption_container\"><div class=\"slideshow_caption\"><div class=\"slideshow_inner_caption\"><div class=\"slideshow_align_caption\"><h2 class='avia-caption-title '  itemprop=\"name\" >V\u00e4lkommen till Golf InStyle<\/h2><div class='avia-caption-content '  itemprop=\"description\" ><p>For the best golfmoments in life!<\/p>\n<\/div><\/div><\/div><\/div><\/div><\/div><\/div><\/div>\n<div id='start'  class='avia-section av-72ewcq4-88a28afe612170119e6a3a35cb6c0f4b main_color avia-section-default avia-no-shadow  avia-builder-el-1  el_after_av_slideshow_full  el_before_av_video  avia-bg-style-scroll container_wrap fullsize'  ><div class='container av-section-cont-open' ><div class='template-page content  av-content-full alpha units'><div class='post-entry post-entry-type-page post-entry-45491'><div class='entry-content-wrapper clearfix'>\n\n<style type=\"text\/css\" data-created_by=\"avia_inline_auto\" id=\"style-css-av-ogvito-4c775425266d05cad4d7f9247a1c1bd6\">\n.flex_column.av-ogvito-4c775425266d05cad4d7f9247a1c1bd6{\nborder-radius:0px 0px 0px 0px;\npadding:0px 0px 0px 0px;\n}\n<\/style>\n<div  class='flex_column av-ogvito-4c775425266d05cad4d7f9247a1c1bd6 av_one_full  avia-builder-el-2  el_before_av_hr  avia-builder-el-first  first flex_column_div av-zero-column-padding  '     ><p><section  class='av_textblock_section av-6fheuh8-765386dd0834e3fc436b91e867158a8b '   itemscope=\"itemscope\" itemtype=\"https:\/\/schema.org\/CreativeWork\" ><div class='avia_textblock'  itemprop=\"text\" ><p>F\u00f6r dig som s\u00f6ker nya upplevelser, utmaningar och beh\u00e5llning av golf\u00e4ventyren, erbjuder vi det lilla extra f\u00f6r dig att njuta din sport! Vi har valt ut n\u00e5gra alternativ som inte \u00e4r det du ser i det dagliga utbudet och str\u00e4cker sig \u00f6ver flera v\u00e4rldsdelar.<\/p>\n<\/div><\/section><br \/>\n<section  class='av_textblock_section av-5tb94wc-c789ef0219248afd7625c92034ca1c5d '   itemscope=\"itemscope\" itemtype=\"https:\/\/schema.org\/CreativeWork\" ><div class='avia_textblock'  itemprop=\"text\" ><div id=\"pressrelease-link-45491\" class=\"sh-link pressrelease-link sh-hide\"><a href=\"#\" onclick=\"showhide_toggle('pressrelease', 45491, 'L\u00e4s mer', 'St\u00e4ng'); return false;\" aria-expanded=\"false\"><span id=\"pressrelease-toggle-45491\">L\u00e4s mer<\/span><\/a><\/div><div id=\"pressrelease-content-45491\" class=\"sh-content pressrelease-content sh-hide\" style=\"display: none;\"><\/p>\n<p><a href=\"https:\/\/www.goinstyle.se\/georgien\/om-georgien-2\/\">L\u00e4s mer om Golf InStyle<\/a><\/p>\n<p><\/div>\n<\/div><\/section><\/p><\/div>\n<style type=\"text\/css\" data-created_by=\"avia_inline_auto\" id=\"style-css-av-56ckrfw-ab7c2280b74ea0f42694dab665231b40\">\n#top .hr.av-56ckrfw-ab7c2280b74ea0f42694dab665231b40{\nmargin-top:0px;\nmargin-bottom:30px;\n}\n.hr.av-56ckrfw-ab7c2280b74ea0f42694dab665231b40 .hr-inner{\nwidth:50px;\nborder-color:#f8f8f8;\n}\n<\/style>\n<div  class='hr av-56ckrfw-ab7c2280b74ea0f42694dab665231b40 hr-custom  avia-builder-el-5  el_after_av_one_full  el_before_av_heading  hr-center hr-icon-no'><span class='hr-inner inner-border-av-border-fat'><span class=\"hr-inner-style\"><\/span><\/span><\/div>\n\n<style type=\"text\/css\" data-created_by=\"avia_inline_auto\" id=\"style-css-av-tudo7n-dc60b94f90f6e0347a46d15546c17ce7\">\n#top .av-special-heading.av-tudo7n-dc60b94f90f6e0347a46d15546c17ce7{\npadding-bottom:10px;\nfont-size:20px;\n}\nbody .av-special-heading.av-tudo7n-dc60b94f90f6e0347a46d15546c17ce7 .av-special-heading-tag .heading-char{\nfont-size:25px;\n}\n#top #wrap_all .av-special-heading.av-tudo7n-dc60b94f90f6e0347a46d15546c17ce7 .av-special-heading-tag{\nfont-size:20px;\n}\n.av-special-heading.av-tudo7n-dc60b94f90f6e0347a46d15546c17ce7 .av-subheading{\nfont-size:15px;\n}\n\n@media only screen and (min-width: 480px) and (max-width: 767px){ \n#top #wrap_all .av-special-heading.av-tudo7n-dc60b94f90f6e0347a46d15546c17ce7 .av-special-heading-tag{\nfont-size:0.8em;\n}\n}\n\n@media only screen and (max-width: 479px){ \n#top #wrap_all .av-special-heading.av-tudo7n-dc60b94f90f6e0347a46d15546c17ce7 .av-special-heading-tag{\nfont-size:0.8em;\n}\n}\n<\/style>\n<div  class='av-special-heading av-tudo7n-dc60b94f90f6e0347a46d15546c17ce7 av-special-heading-h3 blockquote modern-quote modern-centered  avia-builder-el-6  el_after_av_hr  el_before_av_hr  av-inherit-size'><h3 class='av-special-heading-tag '  itemprop=\"headline\"  >Go InStyle Selection<\/h3><div class=\"special-heading-border\"><div class=\"special-heading-inner-border\"><\/div><\/div><\/div>\n\n<style type=\"text\/css\" data-created_by=\"avia_inline_auto\" id=\"style-css-av-4gc1wvg-a597737a1181cf7284eda6ee7aba4313\">\n#top .hr.av-4gc1wvg-a597737a1181cf7284eda6ee7aba4313{\nmargin-top:0px;\nmargin-bottom:30px;\n}\n.hr.av-4gc1wvg-a597737a1181cf7284eda6ee7aba4313 .hr-inner{\nwidth:50px;\nborder-color:#f8f8f8;\nmax-width:45%;\n}\n.hr.av-4gc1wvg-a597737a1181cf7284eda6ee7aba4313 .av-seperator-icon{\ncolor:#e5c80c;\n}\n<\/style>\n<div  class='hr av-4gc1wvg-a597737a1181cf7284eda6ee7aba4313 hr-custom  avia-builder-el-7  el_after_av_heading  el_before_av_productgrid  hr-center hr-icon-yes'><span class='hr-inner inner-border-av-border-fat'><span class=\"hr-inner-style\"><\/span><\/span><span class='av-seperator-icon' aria-hidden='true' data-av_icon='\ue8ce' data-av_iconfont='entypo-fontello'><\/span><span class='hr-inner inner-border-av-border-fat'><span class=\"hr-inner-style\"><\/span><\/span><\/div>\n<div  class='avia-product-slider-container av-3sq1ci4-e4ee228c04700ae6d1a5bed65e8d642b template-shop avia-content-slider avia-content-grid-active shop_columns_5  avia-builder-el-8  el_after_av_hr  el_before_av_hr  avia-content-slider-odd  avia-builder-el-8  el_after_av_hr  el_before_av_hr  av-slideshow-ui av-slider-hover-pause av-slideshow-manual av-loop-once av-loop-manual-endless avia-product-slider1' data-slideshow-options=\"{&quot;animation&quot;:&quot;fade&quot;,&quot;autoplay&quot;:false,&quot;loop_autoplay&quot;:&quot;once&quot;,&quot;interval&quot;:5,&quot;loop_manual&quot;:&quot;manual-endless&quot;,&quot;autoplay_stopper&quot;:false,&quot;noNavigation&quot;:false,&quot;bg_slider&quot;:false,&quot;keep_padding&quot;:false,&quot;hoverpause&quot;:true,&quot;show_slide_delay&quot;:0}\"><div class=\"product-sorting\"><ul class=\"sort-param sort-param-order\"><li><span class='currently-selected'>Sort by <strong>Default<\/strong><\/span><ul><li class=\"current-param\"><a href='?avia_extended_shop_select=yes&product_order=default' rel=\"nofollow\"><span class='avia-bullet'><\/span>Default<\/a><\/li><li><a href='?avia_extended_shop_select=yes&product_order=menu_order' rel=\"nofollow\"><span class='avia-bullet'><\/span>Custom<\/a><\/li><li><a href='?avia_extended_shop_select=yes&product_order=title' rel=\"nofollow\"><span class='avia-bullet'><\/span>Name<\/a><\/li><li><a href='?avia_extended_shop_select=yes&product_order=price' rel=\"nofollow\"><span class='avia-bullet'><\/span>Price<\/a><\/li><li><a href='?avia_extended_shop_select=yes&product_order=date' rel=\"nofollow\"><span class='avia-bullet'><\/span>Date<\/a><\/li><li><a href='?avia_extended_shop_select=yes&product_order=popularity' rel=\"nofollow\"><span class='avia-bullet'><\/span>Popularity (sales)<\/a><\/li><li><a href='?avia_extended_shop_select=yes&product_order=rating' rel=\"nofollow\"><span class='avia-bullet'><\/span>Average rating<\/a><\/li><li><a href='?avia_extended_shop_select=yes&product_order=relevance' rel=\"nofollow\"><span class='avia-bullet'><\/span>Relevance<\/a><\/li><li><a href='?avia_extended_shop_select=yes&product_order=rand' rel=\"nofollow\"><span class='avia-bullet'><\/span>Random<\/a><\/li><li><a href='?avia_extended_shop_select=yes&product_order=id' rel=\"nofollow\"><span class='avia-bullet'><\/span>Product ID<\/a><\/li><\/ul><\/li><\/ul><ul class='sort-param sort-param-count'><li><span class='currently-selected'>Display <strong>5 Products per page <\/strong><\/span><ul><li class=\"current-param\"><a href='?paged=1&avia_extended_shop_select=yes&product_count=5' rel=\"nofollow\">\t\t<span class='avia-bullet'><\/span>5 Products per page<\/a><\/li><li><a href='?paged=1&avia_extended_shop_select=yes&product_count=10' rel=\"nofollow\">\t<span class='avia-bullet'><\/span>10 Products per page<\/a><\/li><li><a href='?paged=1&avia_extended_shop_select=yes&product_count=15' rel=\"nofollow\">\t<span class='avia-bullet'><\/span>15 Products per page<\/a><\/li><\/ul><\/li><\/ul><\/div><div class='avia-content-slider-inner'><ul class=\"products\"><li class=\"post-46263 product type-product status-publish has-post-thumbnail product_cat-hotell-golf first instock shipping-taxable product-type-simple\">\n\t<div class='inner_product main_color wrapped_style noLightbox  av-product-class-'><a href=\"https:\/\/www.goinstyle.se\/golf\/boka\/hotell-golf\/jamaica-half-moon\/\" class=\"woocommerce-LoopProduct-link woocommerce-loop-product__link\"><div class=\"thumbnail_container\"><img decoding=\"async\" loading=\"lazy\" width=\"450\" height=\"450\" src=\"https:\/\/www.goinstyle.se\/wp-content\/uploads\/2024\/01\/lobby-eclipse-at-half-moon_thumb-450x450.jpg\" class=\"wp-image-46289 avia-img-lazy-loading-46289 attachment-shop_catalog size-shop_catalog wp-post-image\" alt=\"Half Moon, Montego Bay - Jamaica. Eclipse, lobby.\" srcset=\"https:\/\/www.goinstyle.se\/wp-content\/uploads\/2024\/01\/lobby-eclipse-at-half-moon_thumb-450x450.jpg 450w, https:\/\/www.goinstyle.se\/wp-content\/uploads\/2024\/01\/lobby-eclipse-at-half-moon_thumb-80x80.jpg 80w, https:\/\/www.goinstyle.se\/wp-content\/uploads\/2024\/01\/lobby-eclipse-at-half-moon_thumb-36x36.jpg 36w, https:\/\/www.goinstyle.se\/wp-content\/uploads\/2024\/01\/lobby-eclipse-at-half-moon_thumb-180x180.jpg 180w, https:\/\/www.goinstyle.se\/wp-content\/uploads\/2024\/01\/lobby-eclipse-at-half-moon_thumb-120x120.jpg 120w, https:\/\/www.goinstyle.se\/wp-content\/uploads\/2024\/01\/lobby-eclipse-at-half-moon_thumb-100x100.jpg 100w\" sizes=\"auto, (max-width: 450px) 100vw, 450px\" \/><span class=\"cart-loading\"><\/span><\/div><div class='inner_product_header'><div class='avia-arrow'><\/div><div class='inner_product_header_table'><div class='inner_product_header_cell'><h2 class=\"woocommerce-loop-product__title\">Jamaica &#8211; Half Moon<\/h2>\n<span id=hotell> <p>Prestigefyllt hotell med fina anor &#8211; perfekt f\u00f6r golfaren!<\/p>\n<\/span> <span CLASS='BOKA'><a class='room-link' href='https:\/\/www.goinstyle.se\/golf\/boka\/hotell-golf\/jamaica-half-moon\/'>L&auml;s mer och boka<\/a><\/span><\/div><\/div><\/div><\/a><div class='avia_cart_buttons '><a href=\"https:\/\/www.goinstyle.se\/golf\/boka\/hotell-golf\/jamaica-half-moon\/\" aria-describedby=\"woocommerce_loop_add_to_cart_link_describedby_46263\" data-quantity=\"1\" class=\"button product_type_simple\" data-product_id=\"46263\" data-product_sku=\"\" aria-label=\"Read more about &ldquo;Jamaica - Half Moon&rdquo;\" rel=\"nofollow\" data-success_message=\"\"><span aria-hidden='true' data-av_icon='\ue859' data-av_iconfont='entypo-fontello'><\/span> Read more<\/a>\t<span id=\"woocommerce_loop_add_to_cart_link_describedby_46263\" class=\"screen-reader-text\">\n\t\t\t<\/span>\n<a class=\"button show_details_button\" href=\"https:\/\/www.goinstyle.se\/golf\/boka\/hotell-golf\/jamaica-half-moon\/\"><span aria-hidden='true' data-av_icon='\ue84b' data-av_iconfont='entypo-fontello'><\/span>  Show Details<\/a> <span class=\"button-mini-delimiter\"><\/span><\/div><\/div><\/li>\n<li class=\"post-46159 product type-product status-publish has-post-thumbnail product_cat-hotell-golf  instock shipping-taxable product-type-simple\">\n\t<div class='inner_product main_color wrapped_style noLightbox  av-product-class-'><a href=\"https:\/\/www.goinstyle.se\/golf\/boka\/hotell-golf\/sandals-royal-caribbean-private-island\/\" class=\"woocommerce-LoopProduct-link woocommerce-loop-product__link\"><div class=\"thumbnail_container\"><img decoding=\"async\" loading=\"lazy\" width=\"400\" height=\"267\" src=\"https:\/\/www.goinstyle.se\/wp-content\/uploads\/2017\/06\/sandals_royal_caribbean_romantik-400x267.jpg\" class=\"wp-image-26159 avia-img-lazy-loading-26159 attachment-shop_catalog size-shop_catalog wp-post-image\" alt=\"\" srcset=\"https:\/\/www.goinstyle.se\/wp-content\/uploads\/2017\/06\/sandals_royal_caribbean_romantik-400x267.jpg 400w, https:\/\/www.goinstyle.se\/wp-content\/uploads\/2017\/06\/sandals_royal_caribbean_romantik-600x400.jpg 600w, https:\/\/www.goinstyle.se\/wp-content\/uploads\/2017\/06\/sandals_royal_caribbean_romantik-300x200.jpg 300w, https:\/\/www.goinstyle.se\/wp-content\/uploads\/2017\/06\/sandals_royal_caribbean_romantik-768x512.jpg 768w, https:\/\/www.goinstyle.se\/wp-content\/uploads\/2017\/06\/sandals_royal_caribbean_romantik-1030x687.jpg 1030w, https:\/\/www.goinstyle.se\/wp-content\/uploads\/2017\/06\/sandals_royal_caribbean_romantik-705x470.jpg 705w, https:\/\/www.goinstyle.se\/wp-content\/uploads\/2017\/06\/sandals_royal_caribbean_romantik.jpg 1200w\" sizes=\"auto, (max-width: 400px) 100vw, 400px\" \/><span class=\"cart-loading\"><\/span><\/div><div class='inner_product_header'><div class='avia-arrow'><\/div><div class='inner_product_header_table'><div class='inner_product_header_cell'><h2 class=\"woocommerce-loop-product__title\">Sandals Royal Caribbean &#038; Private Island<\/h2>\n<span id=hotell> <p>H\u00e4r har du allt du \u00f6nskar dig &#8211; inkl. hotellets egen \u00f6!<\/p>\n<\/span> <span CLASS='BOKA'><a class='room-link' href='https:\/\/www.goinstyle.se\/golf\/boka\/hotell-golf\/sandals-royal-caribbean-private-island\/'>L&auml;s mer och boka<\/a><\/span><\/div><\/div><\/div><\/a><div class='avia_cart_buttons '><a href=\"https:\/\/www.goinstyle.se\/golf\/boka\/hotell-golf\/sandals-royal-caribbean-private-island\/\" aria-describedby=\"woocommerce_loop_add_to_cart_link_describedby_46159\" data-quantity=\"1\" class=\"button product_type_simple\" data-product_id=\"46159\" data-product_sku=\"\" aria-label=\"Read more about &ldquo;Sandals Royal Caribbean &amp; Private Island&rdquo;\" rel=\"nofollow\" data-success_message=\"\"><span aria-hidden='true' data-av_icon='\ue859' data-av_iconfont='entypo-fontello'><\/span> Read more<\/a>\t<span id=\"woocommerce_loop_add_to_cart_link_describedby_46159\" class=\"screen-reader-text\">\n\t\t\t<\/span>\n<a class=\"button show_details_button\" href=\"https:\/\/www.goinstyle.se\/golf\/boka\/hotell-golf\/sandals-royal-caribbean-private-island\/\"><span aria-hidden='true' data-av_icon='\ue84b' data-av_iconfont='entypo-fontello'><\/span>  Show Details<\/a> <span class=\"button-mini-delimiter\"><\/span><\/div><\/div><\/li>\n<\/ul><\/div><\/div><div class=\"clear\"><\/div>\n\n<style type=\"text\/css\" data-created_by=\"avia_inline_auto\" id=\"style-css-av-3n9dve4-66fb1a38e935dc512ee9e072a2d19527\">\n#top .hr.av-3n9dve4-66fb1a38e935dc512ee9e072a2d19527{\nmargin-top:0px;\nmargin-bottom:30px;\n}\n.hr.av-3n9dve4-66fb1a38e935dc512ee9e072a2d19527 .hr-inner{\nwidth:50px;\nborder-color:#f8f8f8;\nmax-width:45%;\n}\n.hr.av-3n9dve4-66fb1a38e935dc512ee9e072a2d19527 .av-seperator-icon{\ncolor:#e5c80c;\n}\n<\/style>\n<div  class='hr av-3n9dve4-66fb1a38e935dc512ee9e072a2d19527 hr-custom hr-center hr-icon-yes'><span class='hr-inner inner-border-av-border-fat'><span class=\"hr-inner-style\"><\/span><\/span><span class='av-seperator-icon' aria-hidden='true' data-av_icon='\ue8ce' data-av_iconfont='entypo-fontello'><\/span><span class='hr-inner inner-border-av-border-fat'><span class=\"hr-inner-style\"><\/span><\/span><\/div>\n\n<style type=\"text\/css\" data-created_by=\"avia_inline_auto\" id=\"style-css-av-2yyyj7w-6076b5cf892fbc3caeeb2adb0936f55a\">\n.flex_column.av-2yyyj7w-6076b5cf892fbc3caeeb2adb0936f55a{\nborder-radius:0px 0px 0px 0px;\npadding:0px 0px 0px 0px;\n}\n<\/style>\n<div  class='flex_column av-2yyyj7w-6076b5cf892fbc3caeeb2adb0936f55a av_one_half first flex_column_div av-zero-column-padding  '     ><p>\n<style type=\"text\/css\" data-created_by=\"avia_inline_auto\" id=\"style-css-av-8q758s-31d3ae23185134a8dc78fc78bc46ed0c\">\n#top .hr.hr-invisible.av-8q758s-31d3ae23185134a8dc78fc78bc46ed0c{\nheight:14px;\n}\n<\/style>\n<div  class='hr av-8q758s-31d3ae23185134a8dc78fc78bc46ed0c hr-invisible'><span class='hr-inner '><span class=\"hr-inner-style\"><\/span><\/span><\/div><br \/>\n<div  class='avia-video av-2601iuk-ed98bb0fc3df55f33980ae133a370f28 avia-video-16-9 av-no-preview-image avia-video-load-always av-lazyload-immediate av-lazyload-video-embed'  itemprop=\"video\" itemtype=\"https:\/\/schema.org\/VideoObject\"  data-original_url='https:\/\/www.youtube.com\/watch?v=Fxa7Jydp-o4'><script type='text\/html' class='av-video-tmpl'><a href=\"https:\/\/www.youtube.com\/watch?v=Fxa7Jydp-o4\">https:\/\/www.youtube.com\/watch?v=Fxa7Jydp-o4<\/a><\/script><div class='av-click-to-play-overlay'><div class=\"avia_playpause_icon\"><\/div><\/div><\/div><\/p><\/div>\n<style type=\"text\/css\" data-created_by=\"avia_inline_auto\" id=\"style-css-av-1mfpq7g-9e8cb414942af41069bc5bae9183b0d7\">\n.flex_column.av-1mfpq7g-9e8cb414942af41069bc5bae9183b0d7{\nborder-radius:0px 0px 0px 0px;\npadding:0px 0px 0px 0px;\n}\n<\/style>\n<div  class='flex_column av-1mfpq7g-9e8cb414942af41069bc5bae9183b0d7 av_one_half flex_column_div av-zero-column-padding  '     ><section  class='av_textblock_section av-1548lik-8275635a82ea1fdb89490d4f344ffade '   itemscope=\"itemscope\" itemtype=\"https:\/\/schema.org\/CreativeWork\" ><div class='avia_textblock'  itemprop=\"text\" ><div>\n<p><iframe loading=\"lazy\" style=\"border: 0; max-width: 100%;\" src=\"http:\/\/www.goinstyle.se\/wp-content\/uploads\/goinstyle.html?zone=52&amp;\" width=\"600\" height=\"320\" frameborder=\"0\" data-mce-fragment=\"1\"><\/iframe><\/p>\n<\/div>\n<\/div><\/section><\/div><\/div><\/div><\/div><!-- close content main div --><\/div><\/div><div id='after_section_1'  class='main_color av_default_container_wrap container_wrap fullsize'  ><div class='container av-section-cont-open' ><div class='template-page content  av-content-full alpha units'><div class='post-entry post-entry-type-page post-entry-45491'><div class='entry-content-wrapper clearfix'><div  class='avia-video av-sqd2ks-73dff95b7035040f3f24b3ecd2438494 avia-video-16:9 av-no-preview-image avia-video-load-always av-lazyload-immediate av-lazyload-video-embed'  itemprop=\"video\" itemtype=\"https:\/\/schema.org\/VideoObject\"  data-original_url=''><script type='text\/html' class='av-video-tmpl'><\/script><div class='av-click-to-play-overlay'><div class=\"avia_playpause_icon\"><\/div><\/div><\/div><\/p>\n","protected":false},"excerpt":{"rendered":"","protected":false},"author":2,"featured_media":0,"parent":0,"menu_order":0,"comment_status":"closed","ping_status":"closed","template":"","meta":{"_vp_format_video_url":"","_vp_image_focal_point":[],"footnotes":""},"class_list":["post-45491","page","type-page","status-publish","hentry"],"_links":{"self":[{"href":"https:\/\/www.goinstyle.se\/golf\/wp-json\/wp\/v2\/pages\/45491","targetHints":{"allow":["GET"]}}],"collection":[{"href":"https:\/\/www.goinstyle.se\/golf\/wp-json\/wp\/v2\/pages"}],"about":[{"href":"https:\/\/www.goinstyle.se\/golf\/wp-json\/wp\/v2\/types\/page"}],"author":[{"embeddable":true,"href":"https:\/\/www.goinstyle.se\/golf\/wp-json\/wp\/v2\/users\/2"}],"replies":[{"embeddable":true,"href":"https:\/\/www.goinstyle.se\/golf\/wp-json\/wp\/v2\/comments?post=45491"}],"version-history":[{"count":10,"href":"https:\/\/www.goinstyle.se\/golf\/wp-json\/wp\/v2\/pages\/45491\/revisions"}],"predecessor-version":[{"id":46321,"href":"https:\/\/www.goinstyle.se\/golf\/wp-json\/wp\/v2\/pages\/45491\/revisions\/46321"}],"wp:attachment":[{"href":"https:\/\/www.goinstyle.se\/golf\/wp-json\/wp\/v2\/media?parent=45491"}],"curies":[{"name":"wp","href":"https:\/\/api.w.org\/{rel}","templated":true}]}}