{"id":6974,"date":"2016-11-24T08:25:04","date_gmt":"2016-11-24T08:25:04","guid":{"rendered":"http:\/\/www.goinstyle.se\/bra-att-veta\/bra-att-veta\/"},"modified":"2023-08-15T16:33:54","modified_gmt":"2023-08-15T14:33:54","slug":"bra-att-veta","status":"publish","type":"page","link":"https:\/\/www.goinstyle.se\/grenada\/bra-att-veta\/bra-att-veta\/","title":{"rendered":"Viktigt inf\u00f6r resan"},"content":{"rendered":"\n<style type=\"text\/css\" data-created_by=\"avia_inline_auto\" id=\"style-css-av-cuourl-5339ffb66c0c5bc040bb8a3323ff779f\">\n.avia-section.av-cuourl-5339ffb66c0c5bc040bb8a3323ff779f{\nbackground-repeat:no-repeat;\nbackground-image:url(https:\/\/www.goinstyle.se\/wp-content\/uploads\/2014\/02\/Maldiverna-instyle-5.jpg);\nbackground-position:50% 0%;\nbackground-attachment:scroll;\n}\n<\/style>\n<div id='av_section_1'  class='avia-section av-cuourl-5339ffb66c0c5bc040bb8a3323ff779f main_color avia-section-default avia-no-shadow  avia-builder-el-0  el_before_av_one_half  avia-builder-el-first  avia-full-stretch avia-bg-style-scroll container_wrap fullsize'  data-section-bg-repeat='stretch'><div class='container av-section-cont-open' ><main  role=\"main\" itemprop=\"mainContentOfPage\"  class='template-page content  av-content-full alpha units'><div class='post-entry post-entry-type-page post-entry-6974'><div class='entry-content-wrapper clearfix'>\n\n<style type=\"text\/css\" data-created_by=\"avia_inline_auto\" id=\"style-css-av-aexrwx-0a7f386daa641517ea2a8a172deaa181\">\n#top .hr.hr-invisible.av-aexrwx-0a7f386daa641517ea2a8a172deaa181{\nheight:20px;\n}\n<\/style>\n<div  class='hr av-aexrwx-0a7f386daa641517ea2a8a172deaa181 hr-invisible  avia-builder-el-1  el_before_av_heading  avia-builder-el-first '><span class='hr-inner '><span class=\"hr-inner-style\"><\/span><\/span><\/div>\n\n<style type=\"text\/css\" data-created_by=\"avia_inline_auto\" id=\"style-css-av-8wc40x-b787241027b10c6c838d7021665428e5\">\n#top .av-special-heading.av-8wc40x-b787241027b10c6c838d7021665428e5{\npadding-bottom:10px;\ncolor:#ffffff;\nfont-size:40px;\n}\nbody .av-special-heading.av-8wc40x-b787241027b10c6c838d7021665428e5 .av-special-heading-tag .heading-char{\nfont-size:25px;\n}\n#top #wrap_all .av-special-heading.av-8wc40x-b787241027b10c6c838d7021665428e5 .av-special-heading-tag{\nfont-size:40px;\n}\n.av-special-heading.av-8wc40x-b787241027b10c6c838d7021665428e5 .special-heading-inner-border{\nborder-color:#ffffff;\n}\n.av-special-heading.av-8wc40x-b787241027b10c6c838d7021665428e5 .av-subheading{\nfont-size:15px;\n}\n\n@media only screen and (min-width: 480px) and (max-width: 767px){ \n#top #wrap_all .av-special-heading.av-8wc40x-b787241027b10c6c838d7021665428e5 .av-special-heading-tag{\nfont-size:0.8em;\n}\n}\n\n@media only screen and (max-width: 479px){ \n#top #wrap_all .av-special-heading.av-8wc40x-b787241027b10c6c838d7021665428e5 .av-special-heading-tag{\nfont-size:0.8em;\n}\n}\n<\/style>\n<div  class='av-special-heading av-8wc40x-b787241027b10c6c838d7021665428e5 av-special-heading-h6 custom-color-heading blockquote modern-quote modern-centered  avia-builder-el-2  el_after_av_hr  avia-builder-el-last  av-inherit-size'><h6 class='av-special-heading-tag '  itemprop=\"headline\"  >Viktigt inf\u00f6r resan<\/h6><div class=\"special-heading-border\"><div class=\"special-heading-inner-border\"><\/div><\/div><\/div>\n<\/div><\/div><\/main><!-- close content main element --><\/div><\/div><div id='after_section_1'  class='main_color av_default_container_wrap container_wrap fullsize'  ><div class='container av-section-cont-open' ><div class='template-page content  av-content-full alpha units'><div class='post-entry post-entry-type-page post-entry-6974'><div class='entry-content-wrapper clearfix'>\n\n<style type=\"text\/css\" data-created_by=\"avia_inline_auto\" id=\"style-css-av-7vrgc1-4d48b77efdf7b82408c9b6e44ff9e42a\">\n.flex_column.av-7vrgc1-4d48b77efdf7b82408c9b6e44ff9e42a{\nborder-radius:0px 0px 0px 0px;\npadding:0px 0px 0px 0px;\n}\n<\/style>\n<div  class='flex_column av-7vrgc1-4d48b77efdf7b82408c9b6e44ff9e42a av_one_half  avia-builder-el-3  el_after_av_section  el_before_av_one_half  avia-builder-el-first  first flex_column_div av-zero-column-padding  '     ><section  class='av_textblock_section av-6kdzq9-8a3c985d0a57780d8d3d69fec1a9318c '   itemscope=\"itemscope\" itemtype=\"https:\/\/schema.org\/CreativeWork\" ><div class='avia_textblock'  itemprop=\"text\" ><h2 class=\"western\">Viktigt inf\u00f6r resan!<\/h2>\n<p>H\u00e4r ger vi dig lite goda r\u00e5d om saker som \u00e4r bra att t\u00e4nka p\u00e5 inf\u00f6r resan med oss p\u00e5 Go InStyle.<\/p>\n<p><strong>Incheckning<\/strong><br \/>\nIdag \u00e4r det extra viktigt att vara p\u00e5 flygplatsen i god tid f\u00f6re avresan! Med dagens f\u00f6rh\u00f6jda s\u00e4kerhetskontroller kan proceduren inkl incheckning och s\u00e4kerhetskontroll ta ganska l\u00e5ng tid. N\u00e4r du reser med oss till en lite mer fj\u00e4rran destination kan rekommenderad incheckningstid vara senast tv\u00e5 timmar f\u00f6re avg\u00e5ng.<\/p>\n<p><strong>Bagage<\/strong><br \/>\nSe till att checka in ditt bagage hela v\u00e4gen till slutdestination. I vissa fall kan detta vara sv\u00e5rt \u2013 t ex om du byter flyg i en stad d\u00e4r den fortsatta resan avg\u00e5r fr\u00e5n stadens andra flygplats.<br \/>\nBagagevikt varierar lite fr\u00e5n flygbolag till flygbolag. \u00c4ven om bagagefrivikten oftast \u00e4r 23 kg\/person, s\u00e5 ber vi dig att vara uppm\u00e4rksam p\u00e5 det! Det vore trist om du ovetandes drabbas av h\u00f6ga kostnader f\u00f6r \u00f6vervikt p\u00e5 bagaget, s\u00e5 fr\u00e5ga oss om du \u00e4r os\u00e4ker.<br \/>\nAtt packa en resv\u00e4ska kan ha sina sidor, men se till att inte packa ner v\u00e4rdef\u00f6rem\u00e5l eller mediciner d\u00e4r. Om olyckan \u00e4r framme och bagaget inte kommit fram med ditt flyg, skall du rapportera detta omg\u00e5ende vid ankomst. Den blankett du fyller i utg\u00f6r ocks\u00e5 ett underlag till ditt f\u00f6rs\u00e4kringsbolag och f\u00f6rv\u00e4ntas av dem f\u00f6r att f\u00f6rs\u00e4kringen skall kunna utnyttjas.<\/p>\n<p><strong>Flyg<\/strong><br \/>\nM\u00e5nga flygbolag till\u00e5ter incheckning online omkring 24 timmar f\u00f6re avresan.<br \/>\nOm flygavg\u00e5ngen fr\u00e5n avreseorten blir s\u00e5 f\u00f6rsenat att du missar din n\u00e4sta flygstr\u00e4cka, skall du beg\u00e4ra ombokning \u00e4ven av den flygstr\u00e4ckan. Det kan personalen i transitdisken p\u00e5 flygplatsen ordna. Samma g\u00e4ller vid f\u00f6rsening s\u00e5v\u00e4l internationellt som inrikes.<br \/>\nDet \u00e4r ocks\u00e5 viktigt att meddela ditt hotell p\u00e5 destinationen om ankomsten blir senare \u00e4n vad som meddelats. Du finner hotellets kontaktuppgifter p\u00e5 de resedokument du f\u00e5tt av oss.<\/p>\n<p>Det finns <span class=\"Text\">flygbolag som antingen inte anses uppn\u00e5 acceptabel s\u00e4kerhetsniv\u00e5 enligt internationell standard eller vars lands myndigheter inte kan leva upp till n\u00f6dv\u00e4ndiga flygs\u00e4kerhetskrav. Sj\u00e4lvklart anlitas aldrig n\u00e5got av dessa flygbolag av oss och du kan sj\u00e4lv f\u00f6rvissa dig om vilka aktuella flygbolag som finns med p\u00e5 den s k <a href=\"https:\/\/ec.europa.eu\/transport\/sites\/transport\/files\/air-safety-list_en.pdf\">Svarta listan<\/a>.<br \/>\n<\/span><\/p>\n<p><strong><br \/>\nPass\/Visum<\/strong><br \/>\nVi rekommenderar dig att l\u00e4sa mer om visum och passgiltighet, vilket du finner p\u00e5 l\u00e4nken <a href=\"http:\/\/www.goinstyle.se\/bra-att-veta\/visum-pass\/\">Visum och pass<\/a>. p\u00e5 v\u00e5r hemsida. S\u00e4kerst\u00e4llande f\u00f6r pass och visum ligger p\u00e5 ditt ansvar. Passet skall i regel ha en giltighetstid p\u00e5 minst sex m\u00e5nader efter resans hemkomst. F\u00f6r dig som inte har svenskt pass h\u00e4nvisar vi till respektive lands ambassad om vilka regler som g\u00e4ller.<\/p>\n<p><strong>Vaccinationer<\/strong><br \/>\nVi rekommenderar dig att kontakta din l\u00e4kare, v\u00e5rdcentral eller vaccinationscentral f\u00f6r mer dagsaktuell information Ett annat snabbt och enkelt s\u00e4tt att f\u00f6rvissa sig om vaccinationsbehovet, \u00e4r att bes\u00f6ka hemsidan <a href=\"http:\/\/www.vaccinationsguiden.se\/\">vaccinationsguiden<\/a>.<br \/>\nEtt enkelt med kanske v\u00e4lkommet tips \u00e4r att packa ner myggspray. Det kan g\u00f6ra stor skillnad!<\/p>\n<p><strong>Resevaluta<br \/>\n<\/strong>Valutakurser g\u00e5r upp och de g\u00e5r ner. F\u00f6r dagsaktuell information om alla resevalutor, r\u00e5der vi dig att g\u00e5 in p\u00e5 <a href=\"http:\/\/www.forex.se\/\">Forex<\/a><\/p>\n<\/div><\/section><\/div>\n<style type=\"text\/css\" data-created_by=\"avia_inline_auto\" id=\"style-css-av-4s5bk1-cc611b5eface0029c03ae0ca11a02d8c\">\n.flex_column.av-4s5bk1-cc611b5eface0029c03ae0ca11a02d8c{\nborder-radius:0px 0px 0px 0px;\npadding:0px 0px 0px 0px;\n}\n<\/style>\n<div  class='flex_column av-4s5bk1-cc611b5eface0029c03ae0ca11a02d8c av_one_half  avia-builder-el-5  el_after_av_one_half  avia-builder-el-last  flex_column_div av-zero-column-padding  '     ><section  class='av_textblock_section av-2yy53l-22ec87879e92c77634310e4f93de0f8a '   itemscope=\"itemscope\" itemtype=\"https:\/\/schema.org\/CreativeWork\" ><div class='avia_textblock'  itemprop=\"text\" ><h2><\/h2>\n<p><a href=\"http:\/\/maldivesinstyle.ezyserver.se\/wp-content\/uploads\/2014\/11\/HuvafenFushi_Per_AQUUM_Infinity_Pool_Lonu_Veyo3.jpg\" rel=\"lightbox[6974]\"><img loading=\"lazy\" decoding=\"async\" class=\"alignnone size-full wp-image-1715\" src=\"http:\/\/maldivesinstyle.ezyserver.se\/wp-content\/uploads\/2014\/11\/HuvafenFushi_Per_AQUUM_Infinity_Pool_Lonu_Veyo3.jpg\" alt=\"HuvafenFushi_Per_AQUUM_Infinity_Pool_Lonu_Veyo3\" width=\"1000\" height=\"500\" srcset=\"https:\/\/www.goinstyle.se\/wp-content\/uploads\/2014\/11\/HuvafenFushi_Per_AQUUM_Infinity_Pool_Lonu_Veyo3.jpg 1000w, https:\/\/www.goinstyle.se\/wp-content\/uploads\/2014\/11\/HuvafenFushi_Per_AQUUM_Infinity_Pool_Lonu_Veyo3-400x200.jpg 400w, https:\/\/www.goinstyle.se\/wp-content\/uploads\/2014\/11\/HuvafenFushi_Per_AQUUM_Infinity_Pool_Lonu_Veyo3-600x300.jpg 600w, https:\/\/www.goinstyle.se\/wp-content\/uploads\/2014\/11\/HuvafenFushi_Per_AQUUM_Infinity_Pool_Lonu_Veyo3-300x150.jpg 300w, https:\/\/www.goinstyle.se\/wp-content\/uploads\/2014\/11\/HuvafenFushi_Per_AQUUM_Infinity_Pool_Lonu_Veyo3-768x384.jpg 768w, https:\/\/www.goinstyle.se\/wp-content\/uploads\/2014\/11\/HuvafenFushi_Per_AQUUM_Infinity_Pool_Lonu_Veyo3-705x353.jpg 705w\" sizes=\"auto, (max-width: 1000px) 100vw, 1000px\" \/><\/a><\/p>\n<\/div><\/section><\/div><\/p>\n","protected":false},"excerpt":{"rendered":"","protected":false},"author":2,"featured_media":0,"parent":6962,"menu_order":0,"comment_status":"closed","ping_status":"closed","template":"","meta":{"_vp_format_video_url":"","_vp_image_focal_point":[],"footnotes":""},"class_list":["post-6974","page","type-page","status-publish","hentry"],"_links":{"self":[{"href":"https:\/\/www.goinstyle.se\/grenada\/wp-json\/wp\/v2\/pages\/6974","targetHints":{"allow":["GET"]}}],"collection":[{"href":"https:\/\/www.goinstyle.se\/grenada\/wp-json\/wp\/v2\/pages"}],"about":[{"href":"https:\/\/www.goinstyle.se\/grenada\/wp-json\/wp\/v2\/types\/page"}],"author":[{"embeddable":true,"href":"https:\/\/www.goinstyle.se\/grenada\/wp-json\/wp\/v2\/users\/2"}],"replies":[{"embeddable":true,"href":"https:\/\/www.goinstyle.se\/grenada\/wp-json\/wp\/v2\/comments?post=6974"}],"version-history":[{"count":12,"href":"https:\/\/www.goinstyle.se\/grenada\/wp-json\/wp\/v2\/pages\/6974\/revisions"}],"predecessor-version":[{"id":44589,"href":"https:\/\/www.goinstyle.se\/grenada\/wp-json\/wp\/v2\/pages\/6974\/revisions\/44589"}],"up":[{"embeddable":true,"href":"https:\/\/www.goinstyle.se\/grenada\/wp-json\/wp\/v2\/pages\/6962"}],"wp:attachment":[{"href":"https:\/\/www.goinstyle.se\/grenada\/wp-json\/wp\/v2\/media?parent=6974"}],"curies":[{"name":"wp","href":"https:\/\/api.w.org\/{rel}","templated":true}]}}