{"id":7282,"date":"2016-11-24T08:42:34","date_gmt":"2016-11-24T08:42:34","guid":{"rendered":"http:\/\/www.goinstyle.se\/mer-om-instyle\/personuppgifter-2\/"},"modified":"2025-02-05T00:35:36","modified_gmt":"2025-02-04T22:35:36","slug":"personuppgifter","status":"publish","type":"page","link":"https:\/\/www.goinstyle.se\/grenada\/mer-om-instyle\/personuppgifter\/","title":{"rendered":"Personuppgifter"},"content":{"rendered":"\n<style type=\"text\/css\" data-created_by=\"avia_inline_auto\" id=\"style-css-av-9jwg5w-cf8d735c4d0ab422b8c2009382a34116\">\n.avia-section.av-9jwg5w-cf8d735c4d0ab422b8c2009382a34116{\nbackground-repeat:no-repeat;\nbackground-image:url(https:\/\/www.goinstyle.se\/wp-content\/uploads\/2024\/04\/Golf-Skottland-StAndrews-West-Sands-4.jpg-1030x690.webp);\nbackground-position:50% 50%;\nbackground-attachment:scroll;\n}\n<\/style>\n<div id='av_section_1'  class='avia-section av-9jwg5w-cf8d735c4d0ab422b8c2009382a34116 main_color avia-section-default avia-no-shadow  avia-builder-el-0  el_before_av_one_full  avia-builder-el-first  avia-full-stretch avia-bg-style-scroll container_wrap fullsize'  data-section-bg-repeat='stretch'><div class='container av-section-cont-open' ><main  role=\"main\" itemprop=\"mainContentOfPage\"  class='template-page content  av-content-full alpha units'><div class='post-entry post-entry-type-page post-entry-7282'><div class='entry-content-wrapper clearfix'>\n\n<style type=\"text\/css\" data-created_by=\"avia_inline_auto\" id=\"style-css-av-74uvis-7a7d0da311f45e596ff7aee7ef27a63e\">\n#top .hr.hr-invisible.av-74uvis-7a7d0da311f45e596ff7aee7ef27a63e{\nheight:20px;\n}\n<\/style>\n<div  class='hr av-74uvis-7a7d0da311f45e596ff7aee7ef27a63e hr-invisible  avia-builder-el-1  el_before_av_heading  avia-builder-el-first '><span class='hr-inner '><span class=\"hr-inner-style\"><\/span><\/span><\/div>\n\n<style type=\"text\/css\" data-created_by=\"avia_inline_auto\" id=\"style-css-av-61g6zo-f6eeaa1829e3eb65ab7818f17f448ba8\">\n#top .av-special-heading.av-61g6zo-f6eeaa1829e3eb65ab7818f17f448ba8{\npadding-bottom:10px;\ncolor:#ffffff;\nfont-size:40px;\n}\nbody .av-special-heading.av-61g6zo-f6eeaa1829e3eb65ab7818f17f448ba8 .av-special-heading-tag .heading-char{\nfont-size:25px;\n}\n#top #wrap_all .av-special-heading.av-61g6zo-f6eeaa1829e3eb65ab7818f17f448ba8 .av-special-heading-tag{\nfont-size:40px;\n}\n.av-special-heading.av-61g6zo-f6eeaa1829e3eb65ab7818f17f448ba8 .special-heading-inner-border{\nborder-color:#ffffff;\n}\n.av-special-heading.av-61g6zo-f6eeaa1829e3eb65ab7818f17f448ba8 .av-subheading{\nfont-size:15px;\n}\n\n@media only screen and (min-width: 480px) and (max-width: 767px){ \n#top #wrap_all .av-special-heading.av-61g6zo-f6eeaa1829e3eb65ab7818f17f448ba8 .av-special-heading-tag{\nfont-size:0.8em;\n}\n}\n\n@media only screen and (max-width: 479px){ \n#top #wrap_all .av-special-heading.av-61g6zo-f6eeaa1829e3eb65ab7818f17f448ba8 .av-special-heading-tag{\nfont-size:0.8em;\n}\n}\n<\/style>\n<div  class='av-special-heading av-61g6zo-f6eeaa1829e3eb65ab7818f17f448ba8 av-special-heading-h6 custom-color-heading blockquote modern-quote modern-centered  avia-builder-el-2  el_after_av_hr  avia-builder-el-last  av-inherit-size'><h6 class='av-special-heading-tag '  itemprop=\"headline\"  >Personuppgifter<\/h6><div class=\"special-heading-border\"><div class=\"special-heading-inner-border\"><\/div><\/div><\/div>\n<\/div><\/div><\/main><!-- close content main element --><\/div><\/div><div id='after_section_1'  class='main_color av_default_container_wrap container_wrap fullsize'  ><div class='container av-section-cont-open' ><div class='template-page content  av-content-full alpha units'><div class='post-entry post-entry-type-page post-entry-7282'><div class='entry-content-wrapper clearfix'>\n\n<style type=\"text\/css\" data-created_by=\"avia_inline_auto\" id=\"style-css-av-3h7ais-fc47e573a751b1d28a86e8f14072a21a\">\n.flex_column.av-3h7ais-fc47e573a751b1d28a86e8f14072a21a{\nborder-radius:0px 0px 0px 0px;\npadding:0px 0px 0px 0px;\n}\n<\/style>\n<div  class='flex_column av-3h7ais-fc47e573a751b1d28a86e8f14072a21a av_one_full  avia-builder-el-3  el_after_av_section  avia-builder-el-no-sibling  first flex_column_div av-zero-column-padding  '     ><section  class='av_textblock_section av-2n66ro-5a088fc44eb7856e356672430115f1d1 '   itemscope=\"itemscope\" itemtype=\"https:\/\/schema.org\/CreativeWork\" ><div class='avia_textblock'  itemprop=\"text\" ><h1>Personuppgiftspolicy<\/h1>\n<p><strong>Allm\u00e4nt<\/strong><\/p>\n<p>Go InStyle AB, org.nr 556694-3998, v\u00e4rnar om din personliga integritet. Du ska alltid kunna k\u00e4nna dig trygg n\u00e4r du l\u00e4mnar dina personuppgifter till Go InStyle. Vi vill med denna Personuppgiftspolicy beskriva hur vi s\u00e4kerst\u00e4ller att dina personuppgifter behandlas i enlighet med till\u00e4mplig lagstiftning, Personuppgiftslagen (PuL) och EUs nya integritetslagstiftning Dataskyddsf\u00f6rordningen (GDPR).<\/p>\n<p><strong>Personuppgiftsansvarig<\/strong><\/p>\n<p>Go InStyle \u00e4r personuppgiftsansvarig f\u00f6r behandling av dina personuppgifter och ansvarar f\u00f6r att behandlingen sker i enlighet med till\u00e4mplig lagstiftning. Go InStyle \u00e4r ansvarig f\u00f6r behandlingen av personuppgifter p\u00e5 Go InStyles webbplatser och andra kommunikationssystem kopplade till Go InStyle.<\/p>\n<p><strong>Kontaktuppgifter<\/strong><\/p>\n<p>Tveka inte att kontakta Go InStyle om du har n\u00e5gra fr\u00e5gor om denna Personuppgiftspolicy, behandling av dina personuppgifter eller om du vill beg\u00e4ra ett registerutdrag. Du kan kontakta oss p\u00e5 info@goinstyle.se<\/p>\n<p><strong>Hur vi samlar in information om dig?<\/strong><\/p>\n<p>Direkt fr\u00e5n dig. Vi samlar in information om dig n\u00e4r en bokningsf\u00f6rfr\u00e5gan g\u00f6rs. Den information som vi samlar in \u00e4r: namn, adress, kontaktuppgifter (telefonnummer, e-post). Vi samlar \u00e4ven in information om dig som du l\u00e4mnar n\u00e4r du exempelvis bokar en resa, till\u00e4ggstj\u00e4nst, vid personlig kontakt eller vid event, n\u00e4r du registrerar dig f\u00f6r nyhetsbrev, deltar i en t\u00e4vling, svarar p\u00e5 enk\u00e4ter\/unders\u00f6kningar, st\u00e4ller en fr\u00e5ga p\u00e5 Go InStyles kund- och supportforum, e-postar, ringer eller tar kontakt med Go InStyles kundtj\u00e4nst.<\/p>\n<p>Genom din anv\u00e4ndning av v\u00e5ra webbplatser. Vi samlar in information i form av ditt anv\u00e4ndande av tj\u00e4nsten n\u00e4r du anv\u00e4nder v\u00e5r webbplats hur du navigerar i tj\u00e4nsten, vilka s\u00f6kningar du g\u00f6r och vilka reseprodukter du \u00e4r intresserad av. L\u00e4s mer i v\u00e5r cookiepolicy.<\/p>\n<p>Fr\u00e5n tredje part. Vi samlar in information fr\u00e5n tredje part som l\u00e4mnar personuppgifter om dig eller andra personer i reses\u00e4llskapet, t.ex. om du har bokat via en \u00e5terf\u00f6rs\u00e4ljare eller om en person genomf\u00f6r en bokning d\u00e4r du ing\u00e5r eller om n\u00e5gon annan har varit i kontakt med oss f\u00f6r din r\u00e4kning. Vi f\u00f6ruts\u00e4tter att den som l\u00e4mnar uppgifterna har samtliga resen\u00e4rers samtycke till att l\u00e4mna dessa personuppgifter till Go InStyle.<\/p>\n<p><strong>Vilken information samlar vi in?<\/strong><\/p>\n<p>Go InStyle samlar in f\u00f6ljande information f\u00f6r de \u00e4ndam\u00e5l vi beskriver nedan:<\/p>\n<p><strong>Kontaktuppgifter:<\/strong> Namn, adress, telefonnummer, e-post, k\u00f6n och f\u00f6delsedata exempelvis.<\/p>\n<p><strong>Bokningsinformation:<\/strong> Bokningsnummer, reseinformation (destination, resedatum mm), information om k\u00f6p (vald betall\u00f6sning, genomf\u00f6rt k\u00f6p m.m.) och ev. k\u00f6p av till\u00e4ggstj\u00e4nster.<\/p>\n<p><strong>H\u00e4lsoinformation:<\/strong> Information om din h\u00e4lsa som du l\u00e4mnar sj\u00e4lv, t.ex. sjukdomar eller funktionshinder. Genom att l\u00e4mna uppgifter om din h\u00e4lsa och samtycker till behandling av dem, godk\u00e4nner du att vi anv\u00e4nder din h\u00e4lsoinformation f\u00f6r att administrera och leverera den resetj\u00e4nst du best\u00e4llt.<\/p>\n<p><strong>Anv\u00e4ndarinformation:<\/strong> N\u00e4r du anv\u00e4nder v\u00e5r webbplats samlar vi in uppgifter om ditt anv\u00e4ndande av tj\u00e4nsten. En del av dessa uppgifter kan vara personuppgifter, som t.ex. ditt IP-nummer.<\/p>\n<p>L\u00e4s mer i v\u00e5r <a href=\"http:\/\/www.goinstyle.se\/mer-om-instyle\/om-cookies\/\">cookiepolicy<\/a> om insamlingar vi g\u00f6r f\u00f6r att f\u00f6rb\u00e4ttra din anv\u00e4ndarupplevelse.<\/p>\n<p><strong>Vad g\u00f6r vi med din information?<\/strong><\/p>\n<p>All data anv\u00e4nds f\u00f6r att tillhandah\u00e5lla, utf\u00f6ra och f\u00f6rb\u00e4ttra Go InStyles tj\u00e4nster. Go InStyle behandlar personuppgifter f\u00f6r f\u00f6ljande \u00e4ndam\u00e5l baserat p\u00e5 f\u00f6ljande lagliga grunder:<\/p>\n<p><strong>F\u00f6r administration och leverans av resetj\u00e4nst:<\/strong> Go InStyle behandlar dina personuppgifter f\u00f6r administration och leverans av resetj\u00e4nst, d.v.s. f\u00f6r att kunna fullg\u00f6ra avtalet med dig. I detta ing\u00e5r bland annat att st\u00e4lla ut resedokument, administrera hotell- och flygbokningar, till\u00e4ggstj\u00e4nster, genomf\u00f6ra betalningar och administrera eventuella \u00e4ndringar inf\u00f6r och under din resa.<\/p>\n<p><strong>F\u00f6r att erbjuda kundsupport:<\/strong> Vi kan anv\u00e4nda dina personuppgifter n\u00e4r du kontaktar oss med fr\u00e5gor, synpunkter eller till exempel reklamationer f\u00f6r att ge dig den support du har r\u00e4tt till i enlighet med det avtal du ing\u00e5tt med oss. Vi behandlar dina personuppgifter, s\u00e5 som ditt namn och bokningsnummer, f\u00f6r att kunna fullf\u00f6lja s\u00e5dana service\u00e4renden kopplade till din resa.<\/p>\n<p><strong>F\u00f6r utskick och tillhandah\u00e5llande av information:<\/strong> Vi anv\u00e4nder dina personuppgifter f\u00f6r utskick och tillhandah\u00e5llande av information via e-post, sms och\/eller telefonsamtal f\u00f6r att fullg\u00f6ra avtalet med dig. Detta inkluderar bland annat att skicka bokningsbekr\u00e4ftelse, viktig information inf\u00f6r och under din resa, erbjudanden kopplade till resan, eventuella avvikelser som skulle kunna uppst\u00e5 och betalningsp\u00e5minnelser.<\/p>\n<p><strong>Marknadsf\u00f6ring:<\/strong> Dina personuppgifter anv\u00e4nds f\u00f6r att vi genom direkt marknadsf\u00f6ring av v\u00e5ra egna och\/eller s\u00e4rskilt utvalda samarbetspartners varor och tj\u00e4nster ska l\u00e4mna b\u00e4ttre erbjudanden till dig, l\u00e4s mer v\u00e5r cookiepolicy. Du kan n\u00e4r som helst vid varje marknadsf\u00f6ringsmeddelande avregistrera dig fr\u00e5n att motta marknadsf\u00f6ring fr\u00e5n oss. Vi sparar endast din e-mailadress i v\u00e5r e-maildatabas, inga andra personliga data.<\/p>\n<p><strong>F\u00f6r att uppfylla f\u00f6rfattningsreglerade krav:<\/strong> Vi behandlar dina personuppgifter f\u00f6r att vi ska kunna uppfylla f\u00f6rpliktelser enligt lagar och f\u00f6rordningar, till exempel g\u00e4llande s\u00e4kerhet, redovisning, reklamation och immigration samt tullkontroll.<\/p>\n<p><strong>Laglig grund:<\/strong> Sammanfattningsvis behandlar vi dina personuppgifter f\u00f6r att (i) kunna uppfylla v\u00e5rt avtal med dig, d.v.s. administrera och leverera din resa, (ii) du har gett ditt samtycke f\u00f6r oss att behandla dem f\u00f6r att kunna skicka nyhetsbrev m.m., (iii) f\u00f6r att f\u00f6lja lagkrav eller (iv) f\u00f6r att det ligger i v\u00e5rt eller v\u00e5ra samarbetspartners ber\u00e4ttigade intresse.<\/p>\n<p><strong>Hur l\u00e4nge bevarar vi din information?<\/strong><\/p>\n<p>Go InStyle bevarar personuppgifter endast s\u00e5 l\u00e4nge som det \u00e4r n\u00f6dv\u00e4ndigt att bevara dem f\u00f6r att fullg\u00f6ra v\u00e5rt avtal med dig och de \u00e4ndam\u00e5l som uppgifterna samlades in f\u00f6r i enlighet med denna Personuppgiftspolicy. Din resehistorik vilket inkluderar kontaktuppgifter, bokningsinformation och h\u00e4lsoinformation sparas i tv\u00e5 (2) \u00e5r efter hemkomstdatumet. Vi sparar ocks\u00e5 dina personuppgifter p\u00e5 andra grunder \u00e4n f\u00f6r att fullg\u00f6ra v\u00e5rt avtal med dig, t.ex. f\u00f6r att f\u00f6lja bokf\u00f6ringslagen. De lagstadgade kraven styr d\u00e5 hur l\u00e4nge vi sparar dina uppgifter.<\/p>\n<p>Om du har registrerat dig f\u00f6r att f\u00e5 nyhetsbrev fr\u00e5n Go InStyle, sparar Go InStyle dina uppgifter (endast e-mailadress) s\u00e5 l\u00e4nge som du vill forts\u00e4tta ta emot nyhetsbrevet.<\/p>\n<p>Samma personuppgift kan sparas av oss f\u00f6r skilda \u00e4ndam\u00e5l, i olika system, d\u00e4rf\u00f6r kan tex. ditt namn finnas kvar i v\u00e5ra system f\u00f6r att vi ska kunna leverera din resa trots att personuppgiften har gallrats bort f\u00f6r exempelvis marknadsf\u00f6rings\u00e4ndam\u00e5l.<\/p>\n<p><strong>Vilka kan vi komma att dela din information till?<\/strong><\/p>\n<p>Go InStyle kan komma att l\u00e4mna ut dina personuppgifter till noggrant utvalda tredje parter. All \u00f6verf\u00f6ring g\u00f6rs i syfte att uppfylla \u00e4ndam\u00e5len med behandlingen av dina personuppgifter enligt ovan beskrivning. Vi vidtar alla rimliga legala, tekniska och organisatoriska \u00e5tg\u00e4rder f\u00f6r att s\u00e4kerst\u00e4lla att dina personuppgifter hanteras s\u00e4kert och med en adekvat skyddsniv\u00e5 vid \u00f6verf\u00f6ring till eller delning med s\u00e5dana utvalda tredje parter.<\/p>\n<p><strong>Leverant\u00f6rer av reserelaterade tj\u00e4nster:<\/strong> \u00d6verf\u00f6ring sker till v\u00e5ra samarbetspartners inom resebranschen f\u00f6r att administrera och leverera den resetj\u00e4nst du best\u00e4llt av oss. Vi l\u00e4mnar personuppgifter till dessa f\u00f6r att tj\u00e4nsten ska kunna utf\u00f6ras:<\/p>\n<p><strong>Resebyr\u00e5er och digitala partners:<\/strong> N\u00e4r du bokar din resa via en resebyr\u00e5 som vi samarbetar med \u00e4r det troligt att du l\u00e4mnar personuppgifter till resebyr\u00e5n. N\u00e4r bokningen g\u00f6rs genom en resebyr\u00e5 skickar vi vissa personuppgifter, till exempel bokningsnummer, till dem f\u00f6r att bekr\u00e4fta bokningen. Personuppgifterna \u00e4r varje akt\u00f6r enskilt ansvariga f\u00f6r n\u00e4r det kommer till hantering i enlighet med deras egen personuppgiftpolicy. Vi ansvarar inte f\u00f6r resebyr\u00e5ns egna behandling av de personuppgifter du har l\u00e4mnat till dem.<\/p>\n<p><strong>Hotell:<\/strong> N\u00e4r du bokar en resa med Go InStyle erbjuder vi flera olika destinationer och hotell. Hotellen beh\u00f6ver vissa personuppgifter f\u00f6r att genomf\u00f6ra och bekr\u00e4fta din rumsbokning. Det r\u00f6r sig om uppgifter som namn, f\u00f6delsedatum, \u00e5lder och k\u00f6n.<\/p>\n<p><strong>Flygbolag:<\/strong> Flygbolagen beh\u00f6ver vissa uppgifter f\u00f6r att kunna genomf\u00f6ra din resa, t. ex. namn, \u00e5lder och i vissa fall k\u00f6n. Dessa personuppgifter \u00f6verf\u00f6rs antingen via datasystemen Amadeus och v\u00e5r underleverant\u00f6r Flygpolen. I vissa fall anlitar flygbolagen handlingsagenter f\u00f6r att kunna utf\u00f6ra tj\u00e4nster kopplade till flygplatsen, exempelvis bagagehantering och incheckning. N\u00e4r handlingsagenten utf\u00f6r tj\u00e4nsten kan de f\u00e5 tillg\u00e5ng till personuppgifter som \u00e4r n\u00f6dv\u00e4ndiga f\u00f6r att kunna genomf\u00f6ra tj\u00e4nsten.<\/p>\n<p><strong>Destinationsagenter:<\/strong> P\u00e5 resedestinationer finns destinationsagenter, som utf\u00f6r tj\u00e4nster p\u00e5 plats. De agerar i vissa fall mellanhand mellan Go InStyle och hotellen, hj\u00e4lper Go InStyle att boka utflykter p\u00e5 plats, transfer med mera. De f\u00e5r tillg\u00e5ng till personuppgifter de beh\u00f6ver f\u00f6r att kunna genomf\u00f6ra tj\u00e4nsterna.<\/p>\n<p><strong>\u00d6vriga parter:<\/strong> Vi har samarbetspartners som sk\u00f6ter dina bokningar av reserelaterade tj\u00e4nster, exempelvis utflykter och andra aktiviteter. Dem f\u00e5r personuppgifter som de beh\u00f6ver f\u00f6r att leverera den best\u00e4llda tj\u00e4nsten.<\/p>\n<p><strong>Avtalspartners och IT-leverant\u00f6rer<\/strong><\/p>\n<p>Vi anv\u00e4nder oss av ett antal externa leverant\u00f6rer som lagrar och hanterar personuppgifter \u00e5t oss, s\u00e5 som leverant\u00f6rer av IT-tj\u00e4nster och system, webbanalysf\u00f6retag, kundunders\u00f6kningar, betall\u00f6sningar och presentkortshantering.<\/p>\n<p><strong>IT-tj\u00e4nster och system:<\/strong> Vi har ett antal interna och externa system i vilka vi hanterar dina personuppgifter, t. ex. boknings- och orderhanteringssystem. Uppgifterna behandlas i dessa system f\u00f6r att bland annat kunna leverera och administrera din resa, hantera kundv\u00e5rds\u00e4renden och leverera andra relaterade tj\u00e4nster som utflykter eller transfer.<\/p>\n<p><strong>Betall\u00f6sningar:<\/strong> Go InStyle anv\u00e4nder sig av en extern betalningsleverant\u00f6r, DIBS, f\u00f6r att hantera betalningar och \u00e5terbetalningar. De f\u00e5r tillg\u00e5ng till personuppgifter som beh\u00f6vs f\u00f6r att genomf\u00f6ra tj\u00e4nsten, s\u00e5 som betalningsinformation och i vissa fall namn. Behandlingen \u00e4r n\u00f6dv\u00e4ndig f\u00f6r att vi ska kunna leverera din resa eller genomf\u00f6ra en reklamation.<\/p>\n<p><strong>Behandlar vi din information i tredje land?<\/strong><\/p>\n<p>Go InStyle arrangerar resor till hela v\u00e4rlden varf\u00f6r vi kan komma att \u00f6verf\u00f6ra dina personuppgifter till v\u00e5ra samarbetspartners (t.ex. hotell, flygbolag och agenter) eller leverant\u00f6rer utanf\u00f6r EU\/EES. Om personuppgifterna \u00f6verf\u00f6rs till n\u00e5got land utanf\u00f6r EU\/EES kommer Go InStyle att vidta alla rimliga legala, tekniska och organisatoriska \u00e5tg\u00e4rder f\u00f6r att s\u00e4kerst\u00e4lla att dina personuppgifter hanteras s\u00e4kert och med en adekvat skyddsniv\u00e5.<\/p>\n<p><strong>Dina r\u00e4ttigheter<\/strong><\/p>\n<p>Go InStyle ansvarar f\u00f6r att dina personuppgifter behandlas i enlighet med till\u00e4mplig lagstiftning. Vi kommer p\u00e5 din beg\u00e4ran eller p\u00e5 eget initiativ att r\u00e4tta, avidentifiera, radera eller komplettera uppgifter som uppt\u00e4cks vara felaktiga, ofullst\u00e4ndiga eller missvisande.<\/p>\n<p>Du har r\u00e4tt att beg\u00e4ra tillg\u00e5ng till och r\u00e4ttelse eller i vissa fall radering av dina personuppgifter, beg\u00e4ra begr\u00e4nsning av fortsatt behandling av dina personuppgifter samt en r\u00e4tt att inv\u00e4nda mot behandlingen (exempelvis om du ifr\u00e5gas\u00e4tter om personuppgifterna \u00e4r korrekta eller om behandlingen \u00e4r laglig). Personuppgiftsansvarig kommer att underr\u00e4tta varje mottagare till vilken personuppgifterna har l\u00e4mnats ut enligt stycket \u201dVilka kan vi komma att dela din information till?\u201d ovan om eventuella r\u00e4ttelser eller radering av uppgifter samt begr\u00e4nsning av behandling av uppgifter som sker enligt denna punkt.<\/p>\n<p>Du har r\u00e4tt att, genom en skriftligt undertecknad ans\u00f6kan, kostnadsfritt erh\u00e5lla ett registerutdrag fr\u00e5n Go InStyle om bland annat vilka personuppgifter som finns registrerade om dig, \u00e4ndam\u00e5len med behandlingen och till vilka mottagare uppgifterna har l\u00e4mnats eller ska l\u00e4mnas ut.<\/p>\n<p>Om du inte vill att Go InStyle behandlar dina personuppgifter f\u00f6r t.ex. direkt marknadsf\u00f6ring har du r\u00e4tt att n\u00e4r som helst \u00e5terkalla ditt samtycke och\/eller avregistrera dig i v\u00e5ra marknadsf\u00f6ringsmeddelanden. N\u00e4r vi har mottagit din \u00e5terkallelse kommer vi att upph\u00f6ra med att behandla personuppgifterna f\u00f6r det \u00e4ndam\u00e5l du l\u00e4mnade ditt samtycke.<\/p>\n<p>Du har alltid r\u00e4tt att inge klagom\u00e5l till Datainspektionen om du anser att vi bryter mot reglerna. Fr\u00e5n 25:e maj 2018 finns en e-tj\u00e4nst f\u00f6r detta p\u00e5 Datainspektionens hemsida. Datainspektionen tar emot din anm\u00e4lan och beslutar om tillsyn.<\/p>\n<p><strong>Hur skyddar vi din information?<\/strong><\/p>\n<p>Du ska alltid kunna k\u00e4nna dig trygg n\u00e4r du l\u00e4mnar dina personuppgifter till oss. Go InStyle har d\u00e4rf\u00f6r vidtagit de s\u00e4kerhets\u00e5tg\u00e4rder som beh\u00f6vs f\u00f6r att skydda dina personuppgifter mot otillb\u00f6rlig \u00e5tkomst, f\u00f6r\u00e4ndring och radering.<\/p>\n<p><strong>Cookiepolicy<\/strong><\/p>\n<p>Vi anv\u00e4nder cookies f\u00f6r att f\u00f6rb\u00e4ttra din upplevelse, l\u00e4s mer om hur vi behandlar dina personuppgifter i v\u00e5r <a href=\"http:\/\/www.goinstyle.se\/mer-om-instyle\/om-cookies\/\">cookiepolicy<\/a>.<\/p>\n<p><strong>F\u00f6r\u00e4ndringar av denna personuppgiftspolicy<\/strong><\/p>\n<p>Fr\u00e5n tid till annan kan vi g\u00f6ra \u00e4ndringar till v\u00e5r personuppgiftspolicy, vilket vi uppdaterar p\u00e5 v\u00e5r webbsida. Den uppdaterade policyn kommer att ha ett annat datum och versionsnummer. V\u00e4nligen bes\u00f6k v\u00e5r webbsida regelbundet f\u00f6r uppdateringar.<\/p>\n<\/div><\/section><\/div>\n","protected":false},"excerpt":{"rendered":"","protected":false},"author":2,"featured_media":0,"parent":7165,"menu_order":0,"comment_status":"closed","ping_status":"closed","template":"","meta":{"_vp_format_video_url":"","_vp_image_focal_point":[],"footnotes":""},"class_list":["post-7282","page","type-page","status-publish","hentry"],"_links":{"self":[{"href":"https:\/\/www.goinstyle.se\/grenada\/wp-json\/wp\/v2\/pages\/7282","targetHints":{"allow":["GET"]}}],"collection":[{"href":"https:\/\/www.goinstyle.se\/grenada\/wp-json\/wp\/v2\/pages"}],"about":[{"href":"https:\/\/www.goinstyle.se\/grenada\/wp-json\/wp\/v2\/types\/page"}],"author":[{"embeddable":true,"href":"https:\/\/www.goinstyle.se\/grenada\/wp-json\/wp\/v2\/users\/2"}],"replies":[{"embeddable":true,"href":"https:\/\/www.goinstyle.se\/grenada\/wp-json\/wp\/v2\/comments?post=7282"}],"version-history":[{"count":9,"href":"https:\/\/www.goinstyle.se\/grenada\/wp-json\/wp\/v2\/pages\/7282\/revisions"}],"predecessor-version":[{"id":53657,"href":"https:\/\/www.goinstyle.se\/grenada\/wp-json\/wp\/v2\/pages\/7282\/revisions\/53657"}],"up":[{"embeddable":true,"href":"https:\/\/www.goinstyle.se\/grenada\/wp-json\/wp\/v2\/pages\/7165"}],"wp:attachment":[{"href":"https:\/\/www.goinstyle.se\/grenada\/wp-json\/wp\/v2\/media?parent=7282"}],"curies":[{"name":"wp","href":"https:\/\/api.w.org\/{rel}","templated":true}]}}