{"id":39840,"date":"2019-06-17T14:14:59","date_gmt":"2019-06-17T12:14:59","guid":{"rendered":"http:\/\/www.goinstyle.se\/?page_id=39840"},"modified":"2020-01-21T16:19:00","modified_gmt":"2020-01-21T14:19:00","slug":"om-italien","status":"publish","type":"page","link":"https:\/\/www.goinstyle.se\/italien\/om-italien\/","title":{"rendered":"Om Italien"},"content":{"rendered":"\n<style type=\"text\/css\" data-created_by=\"avia_inline_auto\" id=\"style-css-av-av_section-6e7ad32dbe13fb38f872a58540b87a90\">\n.avia-section.av-av_section-6e7ad32dbe13fb38f872a58540b87a90{\nbackground-repeat:no-repeat;\nbackground-image:url(https:\/\/www.goinstyle.se\/wp-content\/uploads\/2017\/03\/grekland_toppbild3-2.jpg);\nbackground-position:50% 0%;\nbackground-attachment:scroll;\n}\n<\/style>\n<div id='av_section_1'  class='avia-section av-av_section-6e7ad32dbe13fb38f872a58540b87a90 main_color avia-section-default avia-no-shadow  avia-builder-el-0  el_before_av_section  avia-builder-el-first  avia-full-stretch avia-bg-style-scroll container_wrap fullsize'  data-section-bg-repeat='stretch'><div class='container av-section-cont-open' ><main  role=\"main\" itemprop=\"mainContentOfPage\"  class='template-page content  av-content-full alpha units'><div class='post-entry post-entry-type-page post-entry-39840'><div class='entry-content-wrapper clearfix'>\n\n<style type=\"text\/css\" data-created_by=\"avia_inline_auto\" id=\"style-css-av-av_hr-a6de236e6c183bbbd700292deacd2b52\">\n#top .hr.hr-invisible.av-av_hr-a6de236e6c183bbbd700292deacd2b52{\nheight:20px;\n}\n<\/style>\n<div  class='hr av-av_hr-a6de236e6c183bbbd700292deacd2b52 hr-invisible  avia-builder-el-1  el_before_av_heading  avia-builder-el-first '><span class='hr-inner '><span class=\"hr-inner-style\"><\/span><\/span><\/div>\n\n<style type=\"text\/css\" data-created_by=\"avia_inline_auto\" id=\"style-css-av-av_heading-27c9be729695e6ea431aa2660d788172\">\n#top .av-special-heading.av-av_heading-27c9be729695e6ea431aa2660d788172{\npadding-bottom:10px;\ncolor:#ffffff;\nfont-size:40px;\n}\nbody .av-special-heading.av-av_heading-27c9be729695e6ea431aa2660d788172 .av-special-heading-tag .heading-char{\nfont-size:25px;\n}\n#top #wrap_all .av-special-heading.av-av_heading-27c9be729695e6ea431aa2660d788172 .av-special-heading-tag{\nfont-size:40px;\n}\n.av-special-heading.av-av_heading-27c9be729695e6ea431aa2660d788172 .special-heading-inner-border{\nborder-color:#ffffff;\n}\n.av-special-heading.av-av_heading-27c9be729695e6ea431aa2660d788172 .av-subheading{\nfont-size:15px;\n}\n\n@media only screen and (min-width: 480px) and (max-width: 767px){ \n#top #wrap_all .av-special-heading.av-av_heading-27c9be729695e6ea431aa2660d788172 .av-special-heading-tag{\nfont-size:0.8em;\n}\n}\n\n@media only screen and (max-width: 479px){ \n#top #wrap_all .av-special-heading.av-av_heading-27c9be729695e6ea431aa2660d788172 .av-special-heading-tag{\nfont-size:0.8em;\n}\n}\n<\/style>\n<div  class='av-special-heading av-av_heading-27c9be729695e6ea431aa2660d788172 av-special-heading-h6 custom-color-heading blockquote modern-quote modern-centered  avia-builder-el-2  el_after_av_hr  avia-builder-el-last  av-inherit-size'><h6 class='av-special-heading-tag '  itemprop=\"headline\"  >Om Italien<\/h6><div class=\"special-heading-border\"><div class=\"special-heading-inner-border\"><\/div><\/div><\/div>\n\n<\/div><\/div><\/main><!-- close content main element --><\/div><\/div><div id='divbred'  class='avia-section av-av_section-f69f9b9995685ee5a4eaf64d6d9c3d13 main_color avia-section-default avia-no-shadow  avia-builder-el-3  el_after_av_section  el_before_av_one_full  avia-bg-style-scroll container_wrap fullsize'  ><div class='container av-section-cont-open' ><div class='template-page content  av-content-full alpha units'><div class='post-entry post-entry-type-page post-entry-39840'><div class='entry-content-wrapper clearfix'>\n<section  class='av_textblock_section av-av_textblock-0366cc7376be6c9e82a3e9cc8987b64f '   itemscope=\"itemscope\" itemtype=\"https:\/\/schema.org\/CreativeWork\" ><div class='avia_textblock'  itemprop=\"text\" ><pre><code><nav aria-label=\"breadcrumbs\">\n            <div class=\"breadcrumb-container theme1\">\n                <ol>\n                    <li><a title=\"Du \u00e4r h\u00e4r:\" href=\"#\"><span>Du \u00e4r h\u00e4r:<\/span><\/a><span class=\"separator\">\u00bb<\/span><\/li>\n                    <\/ol>\n            <\/div>\n        <\/nav>    <script type=\"application\/ld+json\">\n        {\n            \"@context\": \"http:\/\/schema.org\",\n            \"@type\": \"BreadcrumbList\",\n            \"itemListElement\": [\n                 {\n                            \"@type\": \"ListItem\",\n                            \"position\": 1,\n                            \"item\": {\n                                \"@id\": \"#\",\n                                \"name\": \"Du \u00e4r h\u00e4r:\"\n                            }\n                        }\n                                                    ]\n        }\n    <\/script>\n   \n    <script>\n            <\/script>\n<\/code><\/pre>\n<\/div><\/section>\n<\/div><\/div><\/div><!-- close content main div --><\/div><\/div><div id='after_section_2'  class='main_color av_default_container_wrap container_wrap fullsize'  ><div class='container av-section-cont-open' ><div class='template-page content  av-content-full alpha units'><div class='post-entry post-entry-type-page post-entry-39840'><div class='entry-content-wrapper clearfix'>\n\n<style type=\"text\/css\" data-created_by=\"avia_inline_auto\" id=\"style-css-av-av_one_full-c3f0f78c26a863dc60f14a52019fd8b2\">\n#top .flex_column.av-av_one_full-c3f0f78c26a863dc60f14a52019fd8b2{\nmargin-top:0px;\nmargin-bottom:0px;\n}\n.flex_column.av-av_one_full-c3f0f78c26a863dc60f14a52019fd8b2{\nborder-radius:0px 0px 0px 0px;\npadding:0px 0px 0px 0px;\n}\n.responsive #top #wrap_all .flex_column.av-av_one_full-c3f0f78c26a863dc60f14a52019fd8b2{\nmargin-top:0px;\nmargin-bottom:0px;\n}\n<\/style>\n<div  class='flex_column av-av_one_full-c3f0f78c26a863dc60f14a52019fd8b2 av_one_full  avia-builder-el-5  el_after_av_section  el_before_av_hr  avia-builder-el-first  first flex_column_div av-zero-column-padding  '     ><section  class='av_textblock_section av-av_textblock-0366cc7376be6c9e82a3e9cc8987b64f '   itemscope=\"itemscope\" itemtype=\"https:\/\/schema.org\/CreativeWork\" ><div class='avia_textblock'  itemprop=\"text\" ><h1>Om Italien<\/h1>\n<p><strong>Resm\u00e5let<\/strong><br \/>\nGrekland \u00e4r ett av de klassiska l\u00e4nderna som vi g\u00e4rna bes\u00f6ker p\u00e5 v\u00e5r semester. Med sin l\u00e5nga historia, finns h\u00e4r oerh\u00f6rt m\u00e5nga minnen och l\u00e4mningar fr\u00e5n antikens tidevarv. \u00c4ven om Grekland \u00e4r ett land, \u00e4r det v\u00e4lk\u00e4nt f\u00f6r alla sina \u00f6ar som uppg\u00e5r till ca 2000. Sammantaget \u00e4r Greklands yta ungef\u00e4r en tredjedel av Sveriges. Av alla \u00f6ar, \u00e4r endast ett par hundra bebodda.<br \/>\nBefolkningen p\u00e5 drygt tio miljoner har till st\u00f6rsta delen anknytning till antikens greker, men har blandats ut till en liten del av invandring som fr\u00e4mst skett med slaviska folk.<br \/>\nDet fina klimatet och de utm\u00e4rkta baden \u00e4r naturligtvis en huvudanledning till att s\u00e5 m\u00e5nga \u00e5r efter \u00e5r reser till Grekland, men en stor anledning till attraktionskraften \u00e4r ocks\u00e5 en positiv och v\u00e4nlig inst\u00e4llning till turister som bidrar positivt till att resa dit flera g\u00e5nger. En annan bidragande del i antalet bes\u00f6kare har naturligtvis ocks\u00e5 de m\u00e5nga sev\u00e4rdheter landet har att bjuda bes\u00f6karen. Hur m\u00e5nga andra l\u00e4nder kan visa upp s\u00e5 m\u00e5nga monument och minnen fr\u00e5n antiken?<br \/>\nMed s\u00e5 m\u00e5nga fina \u00f6ar som i m\u00e5nga fall \u00e4r relativt oexploaterade, finns det alltid en ny sida att finna av detta fascinerande och anrika land. Finn ditt Grekland du ocks\u00e5!<\/p>\n<p><strong>N\u00f6jesliv, mat och dryck<\/strong><br \/>\nVad g\u00e4ller n\u00f6jesliv, finns allt. Och inget. Allt beror p\u00e5 vilken semesterort du v\u00e4ljer. De st\u00f6rsta turistm\u00e5len har ocks\u00e5 ett rikt utbud p\u00e5 n\u00f6jen i form av barer, nattklubbar, shower och restauranger. De mindre platserna lever ett annat liv och st\u00e5r mer f\u00f6r befolkningens eget utbud med tavernor och lokala barer, ut\u00f6ver det som hotellen eventuellt erbjuder. Vi p\u00e5 Go InStyle har medvetet valt platser som inte i alltf\u00f6r stor utstr\u00e4ckning m\u00e4rkts av massturism, vilket g\u00f6r att v\u00e5ra hotell och destinationer \u00e4r utvalda tack vare en h\u00f6g niv\u00e5 p\u00e5 semesterupplevelsen.<br \/>\nMat och dryck var tidigare mycket prisv\u00e4rt i j\u00e4mf\u00f6relse med de flesta andra l\u00e4nder, men har efter att Euron inf\u00f6rdes blivit mer j\u00e4mf\u00f6rbart med andra turistl\u00e4nder\u00a0 i Medelhavsomr\u00e5det.<br \/>\nD\u00e4remot finner du fortfarande m\u00e5nga lokala restauranger d\u00e4r ortens egen befolkning g\u00e4rna intar sin m\u00e5ltid, vilket ocks\u00e5 alltid \u00e4r ett tecken p\u00e5 h\u00f6g kvalitet till ett rimligt pris. Ofta har man p\u00e5 orten n\u00e5gra riktigt goda viner som man ocks\u00e5 b\u00f6r prova. De flesta grekiska r\u00e4tter \u00e4r k\u00e4nda f\u00f6r oss svenskar och best\u00e4ller du dem p\u00e5 en lokal restaurang vet du ocks\u00e5 att det \u00e4r en angen\u00e4m och \u00e4kta matupplevelse. I de st\u00f6rre orterna och p\u00e5 de b\u00e4ttre och st\u00f6rre hotellen finner du oftast flera restauranger med duktiga kockar som tillagar s\u00e5v\u00e4l inhemska som internationella r\u00e4tter enligt konstens alla regler.<br \/>\nMat och dryck brukar inte utg\u00f6ra n\u00e5gon st\u00f6rre utmaning f\u00f6r bes\u00f6kares smakl\u00f6kar!<\/p>\n<p class=\"western\"><strong>Sol och bad<\/strong><br \/>\nJust s\u00e5. Sol och bad \u00e4r huvudanledningen till att s\u00e5 m\u00e5nga reser hit. Anledningen \u00e4r sj\u00e4lvklar med det stabila klimatet d\u00e4r sommaren \u00e4r mer \u00e4n dubbelt s\u00e5 l\u00e5ng som h\u00e4r hemma. Och sj\u00e4lvklart de m\u00e5nga och fina str\u00e4nderna och det klara, fina vattnet som h\u00e5ller behagliga temperaturer l\u00e5ngt fram p\u00e5 h\u00f6sten. H\u00e4r finner du ocks\u00e5 s\u00e5v\u00e4l finkorniga som grovkorniga sandstr\u00e4nder med b\u00e5de ljusare och lite m\u00f6rkare sand. Allt beror p\u00e5 naturens f\u00f6ruts\u00e4ttningar. M\u00e5nga av \u00f6arna \u00e4r mer k\u00e4nda f\u00f6r just sina str\u00e4nder \u00e4n andra. V\u00e5ra sm\u00e5 p\u00e4rlor Skiathos och Skopelos \u00e4r b\u00e4gge k\u00e4nda f\u00f6r att erbjuda en m\u00e4ngd str\u00e4nder, varav m\u00e5nga inte bes\u00f6ks av badande alls. H\u00e4r finns fina m\u00f6jligheter f\u00f6r dig att finna en egen favoritstrand. En hyrbil p\u00e5 plats kan ge dig just den frihet du s\u00f6ker!<\/p>\n<p class=\"western\"><strong>Sev\u00e4rdheter och aktiviteter<\/strong><br \/>\nHela landet \u00e4r fyllt av minnen fr\u00e5n f\u00f6rr och du som bes\u00f6ker Kreta eller Rhodos har alla m\u00f6jligheter att med egna \u00f6gon f\u00e5 se den gamla staden Knossos som gr\u00e4vts fram och som hade sin blomsterperiod p\u00e5 faraonernas tid. P\u00e5 Rhodos \u00e4r den gamla stadsdelen i Rhodos stad en upplevelse i sig. Den \u00e4r ocks\u00e5 med p\u00e5 Unescos v\u00e4rldsarvslista och en promenad genom de gamla delarna ger starka vibrationer fr\u00e5n historien. Akropolisklippan \u00e4r ocks\u00e5 en fascinerande syn, liksom den fantastiska fj\u00e4rilsdalen. Alla destinationer har sin historia och vi lovar att du som har intresse f\u00f6r densamma ocks\u00e5 finner den p\u00e5 alla v\u00e5ra utvalda platser.<\/p>\n<p><strong>Historia<\/strong><br \/>\nDet vore f\u00f6rm\u00e4tet av oss att f\u00f6rs\u00f6ka sammanfatta Greklands historia till n\u00e5gra korta rader. Eftersom landet har en s\u00e5 stark och djup p\u00e5verkan av samh\u00e4llet \u00e4nda sedan f\u00f6re dagens tider\u00e4kning, rekommenderar vi dig som \u00e4r intresserad att f\u00f6rdjupa eller uppdatera dig p\u00e5 n\u00e5gon webbsida som l\u00e4mpligen kan s\u00f6kas som &#8220;Greklands historia&#8221;.<\/p>\n<p><strong>Yta<\/strong><br \/>\n131 957 kvadratkilometer<\/p>\n<p><strong>Inv\u00e5nare<\/strong><br \/>\nca 10,8 miljoner<\/p>\n<p><strong>Spr\u00e5k<\/strong><br \/>\nGrekiska. Engelska och tyska fungerar bra i turistomr\u00e5den.<\/p>\n<p><strong>Huvudstad<\/strong><br \/>\nAth\u00e9n, ca 3,1 miljoner inv\u00e5nare.<\/p>\n<p><strong>Klimat<\/strong><br \/>\nMedelhavsklimat som vintertid \u00e4r milda men fuktiga och sommarperioden \u00e4r het och torr. Klimatet p\u00e5verkas ocks\u00e5 p\u00e5 platser d\u00e4r h\u00f6jdskillnaderna \u00e4r stora. B\u00e4sta tid f\u00f6r resor till Grekland ur sol-och badsynpunkt \u00e4r perioden april &#8211; oktober, men stora chanser till sol och behagliga temperaturer finns \u00e4ven tidigare och senare p\u00e5 \u00e5ret \u00e4ven om v\u00e4dret kan v\u00e4xla snabbare d\u00e5.<\/p>\n<p><strong>Valuta<\/strong><br \/>\nEuro<\/p>\n<p><strong>Kreditkort<\/strong><strong>:<\/strong><br \/>\nAccepteras p\u00e5 alla hotell och i de flesta aff\u00e4rer och restauranger.<\/p>\n<p class=\"western\"><strong>Dricks<\/strong><strong>:<\/strong><br \/>\nOm du \u00e4r n\u00f6jd med restaurangbes\u00f6ket \u00e4r ca 10% dricks en l\u00e4mplig m\u00e5ttstock. Till st\u00e4dpersonal kan 1 EUR\/dag vara en l\u00e4mplig summa. Vid taxiresor g\u00f6r man upp om priset i f\u00f6rv\u00e4g f\u00f6r l\u00e4ngre resor. Vid kortare turer anv\u00e4nds helst avrundningsmetoden.<\/p>\n<p><strong>Tidsskillnad<\/strong><strong>:<\/strong><br \/>\n+1 timme j\u00e4mf\u00f6rt med svensk tid.<\/p>\n<p><strong>V\u00e4gar, trafik, kommunikation<\/strong><strong>:<\/strong><br \/>\nV\u00e4gn\u00e4tet \u00e4r bra p\u00e5 fastlandet och de st\u00f6rre \u00f6arna. R\u00e4kna med att skicket p\u00e5 v\u00e4gar kan variera och anpassa egen k\u00f6rning efter aktuella f\u00f6rh\u00e5llanden. Lokala kommunikationer finns ofta med buss. H\u00f6gertrafik.<\/p>\n<p><strong>Elektricitet<\/strong><strong>:<\/strong><br \/>\n230V. Ta med internationell adapter.<\/p>\n<p><strong>Lagar och lokala v\u00e4rderingar<\/strong><br \/>\nSom i alla l\u00e4nder finns nationella lagar, v\u00e4rderingar och lokala regler som man som bes\u00f6kare f\u00f6rv\u00e4ntas f\u00f6lja. Varje resen\u00e4r\/bes\u00f6kare har ansvar f\u00f6r att f\u00f6rvissa sig om aktuella f\u00f6rh\u00e5llningsregler och v\u00e4rderingar som ofta kan skilja sig en del mot vad vi \u00e4r vana vid. Vi rekommenderar dig att l\u00e4sa mer om regler, seder och bruk p\u00e5 respektive lands hemsida, samt \u00e4ven p\u00e5 Utrikesdepartementets hemsida med information om resor till utlandet. Dels \u00e4r det sk\u00f6nt att slippa otrevliga \u00f6verraskningar n\u00e4r du v\u00e4l \u00e4r p\u00e5 plats. Dessutom drar du dig l\u00e4rdom av landets kultur och traditioner.<\/p>\n<p><strong>\u00d6vrigt<\/strong><br \/>\nOm du transporterar dig med taxi, rekommenderar vi att best\u00e4mma pris med chauff\u00f6ren f\u00f6re p\u00e5b\u00f6rjad resa eftersom taxibilarna inte alltid \u00e4r utrustade med taxametrar.<\/p>\n<\/div><\/section><\/div>\n\n<style type=\"text\/css\" data-created_by=\"avia_inline_auto\" id=\"style-css-av-av_hr-0688d0b0b6ed2f8b057db7a8270206df\">\n#top .hr.hr-invisible.av-av_hr-0688d0b0b6ed2f8b057db7a8270206df{\nheight:50px;\n}\n<\/style>\n<div  class='hr av-av_hr-0688d0b0b6ed2f8b057db7a8270206df hr-invisible  avia-builder-el-7  el_after_av_one_full  el_before_av_one_half '><span class='hr-inner '><span class=\"hr-inner-style\"><\/span><\/span><\/div>\n<div class='flex_column_table av-av_one_half-eb22d586db4aa8536998fa6076f87d77 sc-av_one_half av-equal-height-column-flextable'>\n<style type=\"text\/css\" data-created_by=\"avia_inline_auto\" id=\"style-css-av-av_one_half-eb22d586db4aa8536998fa6076f87d77\">\n.flex_column.av-av_one_half-eb22d586db4aa8536998fa6076f87d77{\nborder-radius:0px 0px 0px 0px;\npadding:20px 20px 20px 20px;\nbackground-color:#f7f7f7;\n}\n<\/style>\n<div  class='flex_column av-av_one_half-eb22d586db4aa8536998fa6076f87d77 av_one_half  avia-builder-el-8  el_after_av_hr  el_before_av_one_half  first flex_column_table_cell av-equal-height-column av-align-top  '     ><p>\n<style type=\"text\/css\" data-created_by=\"avia_inline_auto\" id=\"style-css-av-av_heading-5e1bb4e2c977e97b14645873cdebaa13\">\n#top .av-special-heading.av-av_heading-5e1bb4e2c977e97b14645873cdebaa13{\npadding-bottom:10px;\n}\nbody .av-special-heading.av-av_heading-5e1bb4e2c977e97b14645873cdebaa13 .av-special-heading-tag .heading-char{\nfont-size:25px;\n}\n.av-special-heading.av-av_heading-5e1bb4e2c977e97b14645873cdebaa13 .av-subheading{\nfont-size:15px;\n}\n<\/style>\n<div  class='av-special-heading av-av_heading-5e1bb4e2c977e97b14645873cdebaa13 av-special-heading-h3  avia-builder-el-9  el_before_av_iconlist  avia-builder-el-first '><h3 class='av-special-heading-tag '  itemprop=\"headline\"  >Fakta<\/h3><div class=\"special-heading-border\"><div class=\"special-heading-inner-border\"><\/div><\/div><\/div><br \/>\n\n<style type=\"text\/css\" data-created_by=\"avia_inline_auto\" id=\"style-css-av-av_iconlist-999a2d681d06b0992925b5a008e74484\">\n#top .avia-icon-list-container.av-av_iconlist-999a2d681d06b0992925b5a008e74484 .iconlist_icon{\ncolor:#3a3a3a;\nbackground-color:#f7f7f7;\nborder:1px solid #3a3a3a;\n}\n<\/style>\n<div  class='avia-icon-list-container av-av_iconlist-999a2d681d06b0992925b5a008e74484  avia-builder-el-10  el_after_av_heading  avia-builder-el-last '><ul class='avia-icon-list avia_animate_when_almost_visible avia-icon-list-left av-iconlist-big av-av_iconlist-999a2d681d06b0992925b5a008e74484 avia-iconlist-animate'>\n<li><div class='iconlist_icon av-av_iconlist_item-39b279e8171f6829e56095a29a82e327 avia-font-entypo-fontello'><span class='iconlist-char' aria-hidden='true' data-av_icon='\ue84d' data-av_iconfont='entypo-fontello'><\/span><\/div><article class=\"article-icon-entry \"  itemscope=\"itemscope\" itemtype=\"https:\/\/schema.org\/CreativeWork\" ><div class=\"iconlist_content_wrap\"><header class=\"entry-content-header\" aria-label=\"Icon: Visum\"><h4 class='av_iconlist_title iconlist_title  '  itemprop=\"headline\" >Visum<\/h4><\/header><div class='iconlist_content '  itemprop=\"text\" ><p><em>Visum kr\u00e4vs inte av svenska medborgar. <\/em><\/p>\n<\/div><\/div><footer class=\"entry-footer\"><\/footer><\/article><div class=\"iconlist-timeline\"><\/div><\/li>\n<li><div class='iconlist_icon av-av_iconlist_item-e2f1d09a1cbbc00a097234998041fc3d avia-font-entypo-fontello'><span class='iconlist-char' aria-hidden='true' data-av_icon='\ue8cf' data-av_iconfont='entypo-fontello'><\/span><\/div><article class=\"article-icon-entry \"  itemscope=\"itemscope\" itemtype=\"https:\/\/schema.org\/CreativeWork\" ><div class=\"iconlist_content_wrap\"><header class=\"entry-content-header\" aria-label=\"Icon: Valuta\"><h4 class='av_iconlist_title iconlist_title  '  itemprop=\"headline\" >Valuta<\/h4><\/header><div class='iconlist_content '  itemprop=\"text\" ><p>Euro<\/p>\n<\/div><\/div><footer class=\"entry-footer\"><\/footer><\/article><div class=\"iconlist-timeline\"><\/div><\/li>\n<li><div class='iconlist_icon av-av_iconlist_item-8d5312078593b0174c29e7a8047add13 avia-font-entypo-fontello'><span class='iconlist-char' aria-hidden='true' data-av_icon='\ue866' data-av_iconfont='entypo-fontello'><\/span><\/div><article class=\"article-icon-entry \"  itemscope=\"itemscope\" itemtype=\"https:\/\/schema.org\/CreativeWork\" ><div class=\"iconlist_content_wrap\"><header class=\"entry-content-header\" aria-label=\"Icon: Klimat\"><h4 class='av_iconlist_title iconlist_title  '  itemprop=\"headline\" >Klimat<\/h4><\/header><div class='iconlist_content '  itemprop=\"text\" ><p><em>Medelhavsklimat.<br \/>\nB\u00e4sta tid att resa \u00e4r april-september. Oftast \u00e4ven behagligt n\u00e5gon m\u00e5nad b\u00e5de tidigare och senare.<br \/>\n<\/em><\/p>\n<\/div><\/div><footer class=\"entry-footer\"><\/footer><\/article><div class=\"iconlist-timeline\"><\/div><\/li>\n<\/ul><\/div><\/p><\/div>\n<div class='av-flex-placeholder'><\/div>\n<style type=\"text\/css\" data-created_by=\"avia_inline_auto\" id=\"style-css-av-av_one_half-c99897e014b6ac50785e16af58e9b83d\">\n.flex_column.av-av_one_half-c99897e014b6ac50785e16af58e9b83d{\nborder-radius:0px 0px 0px 0px;\npadding:20px 20px 20px 20px;\nbackground-color:#f7f7f7;\n}\n<\/style>\n<div  class='flex_column av-av_one_half-c99897e014b6ac50785e16af58e9b83d av_one_half  avia-builder-el-11  el_after_av_one_half  el_before_av_hr  flex_column_table_cell av-equal-height-column av-align-top  '     ><p>\n<style type=\"text\/css\" data-created_by=\"avia_inline_auto\" id=\"style-css-av-av_heading-a8f60ef72849b8b0cf4d08e012dead90\">\n#top .av-special-heading.av-av_heading-a8f60ef72849b8b0cf4d08e012dead90{\npadding-bottom:10px;\n}\nbody .av-special-heading.av-av_heading-a8f60ef72849b8b0cf4d08e012dead90 .av-special-heading-tag .heading-char{\nfont-size:25px;\n}\n.av-special-heading.av-av_heading-a8f60ef72849b8b0cf4d08e012dead90 .av-subheading{\nfont-size:15px;\n}\n<\/style>\n<div  class='av-special-heading av-av_heading-a8f60ef72849b8b0cf4d08e012dead90 av-special-heading-h3  avia-builder-el-12  el_before_av_sidebar  avia-builder-el-first '><h3 class='av-special-heading-tag '  itemprop=\"headline\"  >V\u00e4der<\/h3><div class=\"special-heading-border\"><div class=\"special-heading-inner-border\"><\/div><\/div><\/div><br \/>\n<div  class='avia-builder-widget-area clearfix  avia-builder-el-13  el_after_av_heading  avia-builder-el-last '><div id=\"weer_widget-13\" class=\"widget clearfix weer_widget\">\n        <div id=\"\"\n             class=\"weather_widget_wrap weer-widget weather_widget_style1\"\n             data-text-color='#000000'\n             data-background=\"#f7f7f7\"\n             data-width=\"100\"\n             data-header=\"\"\n             data-days=\"3\"\n             data-sunrise=\"false\"\n             data-wind=\"false\"\n             data-current=\"on\"\n             data-language=\"english\"\n             data-city=\"Italieni\"\n             data-country=\"Romania\">\n\n            <div class=\"weather_widget_placeholder\"><\/div>\n            <div style=\"font-size: 14px;text-align: center;padding-top: 6px;padding-bottom: 4px;background: rgba(0,0,0,0.03);\">\n                Powered by <a target=\"_blank\" href=\"https:\/\/www.weer1.com\">Weer1.com<\/a>\n            <\/div>\n        <\/div>\n        <\/div><\/div><\/p><\/div><\/div><!--close column table wrapper. Autoclose: 1 -->\n<style type=\"text\/css\" data-created_by=\"avia_inline_auto\" id=\"style-css-av-av_hr-0688d0b0b6ed2f8b057db7a8270206df\">\n#top .hr.hr-invisible.av-av_hr-0688d0b0b6ed2f8b057db7a8270206df{\nheight:50px;\n}\n<\/style>\n<div  class='hr av-av_hr-0688d0b0b6ed2f8b057db7a8270206df hr-invisible  avia-builder-el-14  el_after_av_one_half  avia-builder-el-last '><span class='hr-inner '><span class=\"hr-inner-style\"><\/span><\/span><\/div><\/p>\n","protected":false},"excerpt":{"rendered":"","protected":false},"author":2,"featured_media":0,"parent":0,"menu_order":0,"comment_status":"closed","ping_status":"closed","template":"","meta":{"_vp_format_video_url":"","_vp_image_focal_point":[],"footnotes":""},"class_list":["post-39840","page","type-page","status-publish","hentry"],"_links":{"self":[{"href":"https:\/\/www.goinstyle.se\/italien\/wp-json\/wp\/v2\/pages\/39840","targetHints":{"allow":["GET"]}}],"collection":[{"href":"https:\/\/www.goinstyle.se\/italien\/wp-json\/wp\/v2\/pages"}],"about":[{"href":"https:\/\/www.goinstyle.se\/italien\/wp-json\/wp\/v2\/types\/page"}],"author":[{"embeddable":true,"href":"https:\/\/www.goinstyle.se\/italien\/wp-json\/wp\/v2\/users\/2"}],"replies":[{"embeddable":true,"href":"https:\/\/www.goinstyle.se\/italien\/wp-json\/wp\/v2\/comments?post=39840"}],"version-history":[{"count":4,"href":"https:\/\/www.goinstyle.se\/italien\/wp-json\/wp\/v2\/pages\/39840\/revisions"}],"predecessor-version":[{"id":42688,"href":"https:\/\/www.goinstyle.se\/italien\/wp-json\/wp\/v2\/pages\/39840\/revisions\/42688"}],"wp:attachment":[{"href":"https:\/\/www.goinstyle.se\/italien\/wp-json\/wp\/v2\/media?parent=39840"}],"curies":[{"name":"wp","href":"https:\/\/api.w.org\/{rel}","templated":true}]}}