{"id":20911,"date":"2017-03-01T12:23:28","date_gmt":"2017-03-01T12:23:28","guid":{"rendered":"http:\/\/www.goinstyle.se\/?page_id=20911\/"},"modified":"2018-06-28T12:42:37","modified_gmt":"2018-06-28T10:42:37","slug":"om-jamaica-2","status":"publish","type":"page","link":"https:\/\/www.goinstyle.se\/jamaica\/om-jamaica-2\/","title":{"rendered":"Om Jamaica"},"content":{"rendered":"\n<style type=\"text\/css\" data-created_by=\"avia_inline_auto\" id=\"style-css-av-av_section-fd04dfaad48211facb36edf1f5fa6acd\">\n.avia-section.av-av_section-fd04dfaad48211facb36edf1f5fa6acd{\nbackground-repeat:no-repeat;\nbackground-image:url(https:\/\/www.goinstyle.se\/wp-content\/uploads\/2017\/03\/jamaica_toppbild5.jpg);\nbackground-position:50% 0%;\nbackground-attachment:scroll;\n}\n<\/style>\n<div id='av_section_1'  class='avia-section av-av_section-fd04dfaad48211facb36edf1f5fa6acd main_color avia-section-default avia-no-shadow  avia-builder-el-0  el_before_av_section  avia-builder-el-first  avia-full-stretch avia-bg-style-scroll container_wrap fullsize'  data-section-bg-repeat='stretch'><div class='container av-section-cont-open' ><main  role=\"main\" itemprop=\"mainContentOfPage\"  class='template-page content  av-content-full alpha units'><div class='post-entry post-entry-type-page post-entry-20911'><div class='entry-content-wrapper clearfix'>\n\n<style type=\"text\/css\" data-created_by=\"avia_inline_auto\" id=\"style-css-av-av_hr-a6de236e6c183bbbd700292deacd2b52\">\n#top .hr.hr-invisible.av-av_hr-a6de236e6c183bbbd700292deacd2b52{\nheight:20px;\n}\n<\/style>\n<div  class='hr av-av_hr-a6de236e6c183bbbd700292deacd2b52 hr-invisible  avia-builder-el-1  el_before_av_heading  avia-builder-el-first '><span class='hr-inner '><span class=\"hr-inner-style\"><\/span><\/span><\/div>\n\n<style type=\"text\/css\" data-created_by=\"avia_inline_auto\" id=\"style-css-av-av_heading-3469e9e40e1e6d2b7369711adfb685ec\">\n#top .av-special-heading.av-av_heading-3469e9e40e1e6d2b7369711adfb685ec{\npadding-bottom:10px;\ncolor:#ffffff;\nfont-size:40px;\n}\nbody .av-special-heading.av-av_heading-3469e9e40e1e6d2b7369711adfb685ec .av-special-heading-tag .heading-char{\nfont-size:25px;\n}\n#top #wrap_all .av-special-heading.av-av_heading-3469e9e40e1e6d2b7369711adfb685ec .av-special-heading-tag{\nfont-size:40px;\n}\n.av-special-heading.av-av_heading-3469e9e40e1e6d2b7369711adfb685ec .special-heading-inner-border{\nborder-color:#ffffff;\n}\n.av-special-heading.av-av_heading-3469e9e40e1e6d2b7369711adfb685ec .av-subheading{\nfont-size:15px;\n}\n\n@media only screen and (min-width: 480px) and (max-width: 767px){ \n#top #wrap_all .av-special-heading.av-av_heading-3469e9e40e1e6d2b7369711adfb685ec .av-special-heading-tag{\nfont-size:0.8em;\n}\n}\n\n@media only screen and (max-width: 479px){ \n#top #wrap_all .av-special-heading.av-av_heading-3469e9e40e1e6d2b7369711adfb685ec .av-special-heading-tag{\nfont-size:0.8em;\n}\n}\n<\/style>\n<div  class='av-special-heading av-av_heading-3469e9e40e1e6d2b7369711adfb685ec av-special-heading-h6 custom-color-heading blockquote modern-quote modern-centered  avia-builder-el-2  el_after_av_hr  avia-builder-el-last  av-inherit-size'><h6 class='av-special-heading-tag '  itemprop=\"headline\"  >Om Jamaica<\/h6><div class=\"special-heading-border\"><div class=\"special-heading-inner-border\"><\/div><\/div><\/div>\n\n<\/div><\/div><\/main><!-- close content main element --><\/div><\/div><div id='divbred'  class='avia-section av-av_section-f69f9b9995685ee5a4eaf64d6d9c3d13 main_color avia-section-default avia-no-shadow  avia-builder-el-3  el_after_av_section  el_before_av_one_full  avia-bg-style-scroll container_wrap fullsize'  ><div class='container av-section-cont-open' ><div class='template-page content  av-content-full alpha units'><div class='post-entry post-entry-type-page post-entry-20911'><div class='entry-content-wrapper clearfix'>\n<section  class='av_textblock_section av-av_textblock-0366cc7376be6c9e82a3e9cc8987b64f '   itemscope=\"itemscope\" itemtype=\"https:\/\/schema.org\/CreativeWork\" ><div class='avia_textblock'  itemprop=\"text\" ><pre><code><nav aria-label=\"breadcrumbs\">\n            <div class=\"breadcrumb-container theme1\">\n                <ol>\n                    <li><a title=\"Du \u00e4r h\u00e4r:\" href=\"#\"><span>Du \u00e4r h\u00e4r:<\/span><\/a><span class=\"separator\">\u00bb<\/span><\/li>\n                    <\/ol>\n            <\/div>\n        <\/nav>    <script type=\"application\/ld+json\">\n        {\n            \"@context\": \"http:\/\/schema.org\",\n            \"@type\": \"BreadcrumbList\",\n            \"itemListElement\": [\n                 {\n                            \"@type\": \"ListItem\",\n                            \"position\": 1,\n                            \"item\": {\n                                \"@id\": \"#\",\n                                \"name\": \"Du \u00e4r h\u00e4r:\"\n                            }\n                        }\n                                                    ]\n        }\n    <\/script>\n   \n    <script>\n            <\/script>\n<\/code><\/pre>\n<\/div><\/section>\n<\/div><\/div><\/div><!-- close content main div --><\/div><\/div><div id='after_section_2'  class='main_color av_default_container_wrap container_wrap fullsize'  ><div class='container av-section-cont-open' ><div class='template-page content  av-content-full alpha units'><div class='post-entry post-entry-type-page post-entry-20911'><div class='entry-content-wrapper clearfix'>\n\n<style type=\"text\/css\" data-created_by=\"avia_inline_auto\" id=\"style-css-av-av_one_full-c3f0f78c26a863dc60f14a52019fd8b2\">\n#top .flex_column.av-av_one_full-c3f0f78c26a863dc60f14a52019fd8b2{\nmargin-top:0px;\nmargin-bottom:0px;\n}\n.flex_column.av-av_one_full-c3f0f78c26a863dc60f14a52019fd8b2{\nborder-radius:0px 0px 0px 0px;\npadding:0px 0px 0px 0px;\n}\n.responsive #top #wrap_all .flex_column.av-av_one_full-c3f0f78c26a863dc60f14a52019fd8b2{\nmargin-top:0px;\nmargin-bottom:0px;\n}\n<\/style>\n<div  class='flex_column av-av_one_full-c3f0f78c26a863dc60f14a52019fd8b2 av_one_full  avia-builder-el-5  el_after_av_section  el_before_av_hr  avia-builder-el-first  first flex_column_div av-zero-column-padding  '     ><section  class='av_textblock_section av-av_textblock-0366cc7376be6c9e82a3e9cc8987b64f '   itemscope=\"itemscope\" itemtype=\"https:\/\/schema.org\/CreativeWork\" ><div class='avia_textblock'  itemprop=\"text\" ><h1>Om Jamaica<\/h1>\n<p><strong>Resm\u00e5let<\/strong><br \/>\nJamaica \u00e4r f\u00f6rmodligen en av de allra mest bekanta paradis\u00f6arna i Karibien. \u00c5tminstone till namnet. D\u00e5 Jamaica varit en tillflyktsort f\u00f6r s\u00e5v\u00e4l k\u00e4nt folk som semestert\u00f6rstande m\u00e4nniskor sedan l\u00e4nge, har \u00e4ven en hel del uppfattningar om \u00f6n bildats. Vi kan gl\u00e4djande konstatera att Jamaica under de senaste decennierna hamnat lite i skymundan av flera andra \u00f6ars och destinationers exploatering, vilket gjort att Jamaica kunnat h\u00e5lla en mer h\u00e4lsosam expansionstakt och p\u00e5 s\u00e5 s\u00e4tt f\u00f6r\u00e4dlat sin genuina kvalitet. Till storleken \u00e4r Jamaica Karibiens tredje st\u00f6rsta \u00f6, och motsvarar Sk\u00e5ne till ytan. Drygt tv\u00e5 miljoner inv\u00e5nare ryms h\u00e4r idag och \u00f6n r\u00e4knas som v\u00e4ldigt v\u00e4lkomnande och avslappnad, med en befolkning som \u00e4r mycket positiv och l\u00e4ttillg\u00e4nglig. H\u00e4r k\u00e4nns det v\u00e4l att man njuter dagen, vilket smittar av sig p\u00e5 bes\u00f6karen p\u00e5 ett h\u00e4lsosamt s\u00e4tt.<br \/>\nNatur och landskap \u00e4r v\u00e4ldigt kuperat med en sk\u00f6n tropisk gr\u00f6nska som t\u00e4cker stora delar av \u00f6n som ocks\u00e5 har den bergskedja vid namn Blue Mountains. Vi tycker att Jamaica \u00e4r ett tv\u00e4tt\u00e4kta karibiskt paradis med m\u00e5nga fantastiska, kritvita sandstr\u00e4nder som r\u00e4cker gott \u00e5t alla. Vi har valt v\u00e5ra hotellp\u00e4rlor noggrant och \u00e4ven med tanke p\u00e5 l\u00e4ge och f\u00f6ruts\u00e4ttningar f\u00f6r dig att njuta sol, bad och andra aktiviteter p\u00e5 allra b\u00e4sta s\u00e4tt.<br \/>\nDu vet s\u00e4kert att Reggae har sitt ursprung h\u00e4r p\u00e5 Jamaica, vilket s\u00e4kert g\u00f6r att du allt som oftast h\u00f6r det sk\u00f6na gunget och rytmen i omgivningen. Den h\u00f6r ju till den sk\u00f6na och avslappnade k\u00e4nsla man befinner sig i h\u00e4r.<br \/>\nUt\u00f6ver en vacker natur och fantastiska bad, erbjuder Jamaica det allra mesta inom vattensporter, dykning och andra aktiviteter f\u00f6r den som har sv\u00e5rt att ligga eller sitta still. Vi har sv\u00e5rt att t\u00e4nka oss n\u00e5gon som inte finner sin plats i paradiset h\u00e4r. V\u00e4lkommen!<\/p>\n<p><strong>N\u00f6jesliv, mat och dryck<\/strong><br \/>\nH\u00e4r finner den n\u00f6jeslystne det mesta i form av barer, nattklubbar, reggaebarer mm. Ju st\u00f6rre ort, desto st\u00f6rre utbud, s\u00e5 klart. I omr\u00e5den d\u00e4r det f\u00f6retr\u00e4desvis ligger all-inclusive hotell, \u00e4r restaurang- och barutbudet mer begr\u00e4nsat. D\u00e4remot har de st\u00f6rre hotellen n\u00e4stan alltid v\u00e4lbes\u00f6kta barer och nattklubbar samt upptr\u00e4danden med musik eller shower av olika slag.<\/p>\n<p>Maten p\u00e5 Jamaica har m\u00e5nga olika profiler och smaktyper, vilket ocks\u00e5 \u00e5terspeglar den blandkulturella historia som pr\u00e4glar \u00f6n. Du kan k\u00e4nna tydliga influenser fr\u00e5n Spanien, Storbritannien, Frankrike, Indien, Kina och \u00e4ven Afrika i olika matr\u00e4tter. Nationalr\u00e4tten heter \u201dAckee and salt fish\u201d vilket best\u00e5r av den lokala frukten Ackee som tillreds med blandade gr\u00f6nsaker och den saltade fisken och ger en sk\u00f6n blandning mellan salt och s\u00f6tt. Bland de lokala mattraditionerna finner man \u00e4ven m\u00e5nga r\u00e4tter med kyckling, get och k\u00f6tt som r\u00e5vara och ofta serverar man ris med b\u00f6nor, br\u00f6d och kanske \u00e4ven en soppa.<br \/>\nUt\u00f6ver de lokala mattraditionerna finner du internationellt k\u00f6k lite varstans \u2013 inte minst p\u00e5 hotellen som i regel skapar det b\u00e4sta fr\u00e5n s\u00e5v\u00e4l det lokala som det internationella k\u00f6ket.<br \/>\nBland lokala drycker, finner du en m\u00e4ngd juicer som framst\u00e4lls av fr\u00e4mst mango och melon. En popul\u00e4r dryck heter \u201dTing\u201d som \u00e4r en kolsyrad dryck p\u00e5 grapefrukt. Red Stripe \u00e4r en popul\u00e4r, lokal \u00f6lsort \u2013 v\u00e4rd att smaka!<\/p>\n<p><strong>Sol och bad<\/strong><br \/>\nMed alla soltimmar och fina str\u00e4nder som Jamaica erbjuder, finns h\u00e4r outt\u00f6mliga m\u00f6jligheter f\u00f6r dig som \u00e4lskar sol och bad. De allra flesta och finaste str\u00e4nderna finner du p\u00e5 den norra kusten \u00e4ndra till v\u00e4stra sidans fina Negril. L\u00e4s mer om f\u00f6ruts\u00e4ttningarna p\u00e5 ditt favorithotell, s\u00e5 vet du att du v\u00e4ljer r\u00e4tt boende med det strand- och havsl\u00e4ge som passar dina \u00f6nskem\u00e5l och intressen b\u00e4st! Solen skiner f\u00f6r det allra mesta och det \u00e4r absolut att rekommendera ett ordentligt solskydd med h\u00f6g skyddsfaktor. \u00c4ven om det r\u00e5kar vara en dag med molnighet, tar solen ganska rej\u00e4lt. Solglas\u00f6gon och solhatt \u00e4r bra att ha med i din standardutrustning. Ut\u00f6ver det, kan t-shirt och shorts skydda dig lite extra n\u00e4r du inte \u00e4r i vattnet och njuter.<br \/>\nS\u00e5v\u00e4l i Negril, Montego Bay som Ocho Rios finns m\u00e5nga fantastiska str\u00e4nder av h\u00f6gsta rang. Skall vi n\u00e4mna n\u00e5gon, kan vi rekommendera Seven Mile Beach p\u00e5 v\u00e4stkusten vid Negril. Men \u2013 det finns m\u00e5nga str\u00e4nder som r\u00e4cker till alla!<\/p>\n<p><strong>Sev\u00e4rdheter och aktiviteter<\/strong><br \/>\nDet finns en m\u00e4ngd b\u00e5de intressant och sp\u00e4nnande att uppleva och uppt\u00e4cka p\u00e5 det vackra Jamaica. F\u00f6r att n\u00e4mna n\u00e5gra s\u00e4rskilda platser som absolut \u00e4r v\u00e4rda ett bes\u00f6k, kan vi n\u00e4mna: Bob Marleys Museum i Kingston, The Hip Strip i Montego Bay, Palace Multiplex i Montego Bay, Shaw Park Gardens &amp; Waterfalls i Ocho Rios. Du f\u00e5r s\u00e4kert en hel del sp\u00e4nnande och intressanta tips p\u00e5 ditt hotell om intressanta bes\u00f6ksplatser i ditt n\u00e4romr\u00e5de!<\/p>\n<p><strong>Historia<\/strong><br \/>\nArawakindianerna bodde h\u00e4r som \u00f6ns ursprungsbefolkning, men dog ut efter kolonialiseringen pga sjukdomar och slavarbete. Efter att spanjorerna regerat fram till 1655, har engelsm\u00e4nnen styrt landet fram till sj\u00e4lvst\u00e4ndigheten 1962.<\/p>\n<p><strong>Yta<\/strong><br \/>\n10991 kvadratkilometer<\/p>\n<p><strong>Inv\u00e5nare<\/strong><br \/>\nCa 2,7 miljoner<\/p>\n<p><strong>Spr\u00e5k<\/strong><br \/>\nEngelska, Jamaican Creol. Engelska officiellt spr\u00e5k<\/p>\n<p><strong>Huvudstad<\/strong><br \/>\nKingston, ca 600000 inv\u00e5nare<\/p>\n<p><strong>Klimat<\/strong><br \/>\nTropiskt klimat med temperaturer som l\u00e4gst p\u00e5 ca 21 grader. Dagstemperaturer mellan 27 och 30 grader \u00e5ret runt. Vattentemperaturen h\u00e5ller 27-29 grader under hela \u00e5ret. Det f\u00f6rekommer kortare regnskurar hela \u00e5ret, men mest under den s k regnperioden infaller mellan maj och november.<\/p>\n<p><strong>Valuta<\/strong><br \/>\nJamaicanska Dollar (JMD). US dollar fungerar ocks\u00e5 bra. Uttagsautomater finns, liksom v\u00e4xlingsm\u00f6jligheter p\u00e5 hotellen.<\/p>\n<p><strong>Kreditkort<\/strong><br \/>\nKreditkort som t ex Visa och Master Card accepteras i de flesta aff\u00e4rer och restauranger. Det \u00e4r dock bra att ha kontanter i den lokala valutan eller US dollar.<\/p>\n<p><strong>Dricks<\/strong><br \/>\nI regel tillkommer 10% dricks p\u00e5 restaurangnotan \u2013 alt. \u00e4r dricksen inkluderad, vilket i s\u00e5 fall framg\u00e5r. F\u00f6r att visa din uppskattning f\u00f6r \u00f6vrig tj\u00e4nsteservice, uppskattas alltid en slant f\u00f6r utf\u00f6rt arbete. De personer du ger dricks till, har oftast en v\u00e4ldigt begr\u00e4nsad grudinkomst, varf\u00f6r din dricks uppskattas och kan betyda mycket f\u00f6r dem. Kontant dricks ges l\u00e4mpligen i den lokala valutan eller USD.<\/p>\n<p><strong>Tidsskillnad<\/strong><br \/>\n-6 timmar j\u00e4mf\u00f6rt med svensk vintertid. -5 timmar under v\u00e5r sommartid.<\/p>\n<p><strong>V\u00e4gar, trafik, kommunikation<\/strong><br \/>\nDet \u00e4r v\u00e4nstertrafik p\u00e5 Jamaica. Lokalbusstrafik f\u00f6rekommer s\u00e4llsynt och i s\u00e5 fall utan tidtabell. Vi rekommenderar taxi som best\u00e4lls via hotellet, om du skall f\u00f6rflytta dig en bit. Det finns ocks\u00e5 regulj\u00e4r taxitrafik som dock i regel g\u00e5r vissa rutter, vilka framg\u00e5r p\u00e5 bilen. L\u00e4gligt att ta reda p\u00e5 att det \u00e4r \u201d\u00e5t r\u00e4tt h\u00e5ll\u201d innan du kliver p\u00e5.<\/p>\n<p><strong>Elektricitet<\/strong><br \/>\n110 V. Adapter f\u00f6r medhavda elektriska apparater finns ofta p\u00e5 hotellen, men tag med internationell adapter f\u00f6r att vara p\u00e5 den s\u00e4kra sidan.<\/p>\n<p><strong>Lagar och lokala v\u00e4rderingar<\/strong><br \/>\nSom i alla l\u00e4nder finns nationella lagar, v\u00e4rderingar och lokala regler som man som bes\u00f6kare f\u00f6rv\u00e4ntas f\u00f6lja. Varje resen\u00e4r\/bes\u00f6kare har ansvar f\u00f6r att f\u00f6rvissa sig om aktuella f\u00f6rh\u00e5llningsregler och v\u00e4rderingar som ofta kan skilja sig en del mot vad vi \u00e4r vana vid. Vi rekommenderar dig att l\u00e4sa mer om regler, seder och bruk p\u00e5 respektive lands hemsida, samt \u00e4ven p\u00e5 Utrikesdepartementets hemsida med information om resor till utlandet. Dels \u00e4r det sk\u00f6nt att slippa otrevliga \u00f6verraskningar n\u00e4r du v\u00e4l \u00e4r p\u00e5 plats. Dessutom drar du dig l\u00e4rdom av landets kultur och traditioner.<\/p>\n<\/div><\/section><\/div>\n\n<style type=\"text\/css\" data-created_by=\"avia_inline_auto\" id=\"style-css-av-av_hr-0688d0b0b6ed2f8b057db7a8270206df\">\n#top .hr.hr-invisible.av-av_hr-0688d0b0b6ed2f8b057db7a8270206df{\nheight:50px;\n}\n<\/style>\n<div  class='hr av-av_hr-0688d0b0b6ed2f8b057db7a8270206df hr-invisible  avia-builder-el-7  el_after_av_one_full  el_before_av_one_half '><span class='hr-inner '><span class=\"hr-inner-style\"><\/span><\/span><\/div>\n<div class='flex_column_table av-av_one_half-eb22d586db4aa8536998fa6076f87d77 sc-av_one_half av-equal-height-column-flextable'>\n<style type=\"text\/css\" data-created_by=\"avia_inline_auto\" id=\"style-css-av-av_one_half-eb22d586db4aa8536998fa6076f87d77\">\n.flex_column.av-av_one_half-eb22d586db4aa8536998fa6076f87d77{\nborder-radius:0px 0px 0px 0px;\npadding:20px 20px 20px 20px;\nbackground-color:#f7f7f7;\n}\n<\/style>\n<div  class='flex_column av-av_one_half-eb22d586db4aa8536998fa6076f87d77 av_one_half  avia-builder-el-8  el_after_av_hr  el_before_av_one_half  first flex_column_table_cell av-equal-height-column av-align-top  '     ><p>\n<style type=\"text\/css\" data-created_by=\"avia_inline_auto\" id=\"style-css-av-av_heading-5e1bb4e2c977e97b14645873cdebaa13\">\n#top .av-special-heading.av-av_heading-5e1bb4e2c977e97b14645873cdebaa13{\npadding-bottom:10px;\n}\nbody .av-special-heading.av-av_heading-5e1bb4e2c977e97b14645873cdebaa13 .av-special-heading-tag .heading-char{\nfont-size:25px;\n}\n.av-special-heading.av-av_heading-5e1bb4e2c977e97b14645873cdebaa13 .av-subheading{\nfont-size:15px;\n}\n<\/style>\n<div  class='av-special-heading av-av_heading-5e1bb4e2c977e97b14645873cdebaa13 av-special-heading-h3  avia-builder-el-9  el_before_av_iconlist  avia-builder-el-first '><h3 class='av-special-heading-tag '  itemprop=\"headline\"  >Fakta<\/h3><div class=\"special-heading-border\"><div class=\"special-heading-inner-border\"><\/div><\/div><\/div><br \/>\n\n<style type=\"text\/css\" data-created_by=\"avia_inline_auto\" id=\"style-css-av-av_iconlist-999a2d681d06b0992925b5a008e74484\">\n#top .avia-icon-list-container.av-av_iconlist-999a2d681d06b0992925b5a008e74484 .iconlist_icon{\ncolor:#3a3a3a;\nbackground-color:#f7f7f7;\nborder:1px solid #3a3a3a;\n}\n<\/style>\n<div  class='avia-icon-list-container av-av_iconlist-999a2d681d06b0992925b5a008e74484  avia-builder-el-10  el_after_av_heading  avia-builder-el-last '><ul class='avia-icon-list avia_animate_when_almost_visible avia-icon-list-left av-iconlist-big av-av_iconlist-999a2d681d06b0992925b5a008e74484 avia-iconlist-animate'>\n<li><div class='iconlist_icon av-av_iconlist_item-39b279e8171f6829e56095a29a82e327 avia-font-entypo-fontello'><span class='iconlist-char' aria-hidden='true' data-av_icon='\ue84d' data-av_iconfont='entypo-fontello'><\/span><\/div><article class=\"article-icon-entry \"  itemscope=\"itemscope\" itemtype=\"https:\/\/schema.org\/CreativeWork\" ><div class=\"iconlist_content_wrap\"><header class=\"entry-content-header\" aria-label=\"Icon: Visum\"><h4 class='av_iconlist_title iconlist_title  '  itemprop=\"headline\" >Visum<\/h4><\/header><div class='iconlist_content '  itemprop=\"text\" ><p><em>Visum kr\u00e4vs inte av svenska medborgare f\u00f6r vistelse upp till 90 dagar. <\/em><\/p>\n<\/div><\/div><footer class=\"entry-footer\"><\/footer><\/article><div class=\"iconlist-timeline\"><\/div><\/li>\n<li><div class='iconlist_icon av-av_iconlist_item-e2f1d09a1cbbc00a097234998041fc3d avia-font-entypo-fontello'><span class='iconlist-char' aria-hidden='true' data-av_icon='\ue8cf' data-av_iconfont='entypo-fontello'><\/span><\/div><article class=\"article-icon-entry \"  itemscope=\"itemscope\" itemtype=\"https:\/\/schema.org\/CreativeWork\" ><div class=\"iconlist_content_wrap\"><header class=\"entry-content-header\" aria-label=\"Icon: Valuta\"><h4 class='av_iconlist_title iconlist_title  '  itemprop=\"headline\" >Valuta<\/h4><\/header><div class='iconlist_content '  itemprop=\"text\" ><p><em>Jamaicanska Dollar (JMD). US dollar fungerar ocks\u00e5 bra. Uttagsautomater finns, liksom v\u00e4xlingsm\u00f6jligheter p\u00e5 hotellen.<\/em><\/p>\n<p><em>\u00a0<\/em><\/p>\n<\/div><\/div><footer class=\"entry-footer\"><\/footer><\/article><div class=\"iconlist-timeline\"><\/div><\/li>\n<li><div class='iconlist_icon av-av_iconlist_item-8d5312078593b0174c29e7a8047add13 avia-font-entypo-fontello'><span class='iconlist-char' aria-hidden='true' data-av_icon='\ue866' data-av_iconfont='entypo-fontello'><\/span><\/div><article class=\"article-icon-entry \"  itemscope=\"itemscope\" itemtype=\"https:\/\/schema.org\/CreativeWork\" ><div class=\"iconlist_content_wrap\"><header class=\"entry-content-header\" aria-label=\"Icon: Klimat\"><h4 class='av_iconlist_title iconlist_title  '  itemprop=\"headline\" >Klimat<\/h4><\/header><div class='iconlist_content '  itemprop=\"text\" ><p><em>B\u00e4sta tid att resa \u00e4r december-april.<\/em><\/p>\n<p><em>Tropiskt klimat med temperaturer som l\u00e4gst p\u00e5 ca 21 grader. Dagstemperaturer mellan 27 och 30 grader \u00e5ret runt. Vattentemperaturen h\u00e5ller 27-29 grader under hela \u00e5ret. Det f\u00f6rekommer kortare regnskurar hela \u00e5ret, men mest under den s k regnperioden infaller mellan maj och november.<\/em><\/p>\n<p><em>\u00a0<\/em><\/p>\n<\/div><\/div><footer class=\"entry-footer\"><\/footer><\/article><div class=\"iconlist-timeline\"><\/div><\/li>\n<\/ul><\/div><\/p><\/div>\n<div class='av-flex-placeholder'><\/div>\n<style type=\"text\/css\" data-created_by=\"avia_inline_auto\" id=\"style-css-av-av_one_half-c99897e014b6ac50785e16af58e9b83d\">\n.flex_column.av-av_one_half-c99897e014b6ac50785e16af58e9b83d{\nborder-radius:0px 0px 0px 0px;\npadding:20px 20px 20px 20px;\nbackground-color:#f7f7f7;\n}\n<\/style>\n<div  class='flex_column av-av_one_half-c99897e014b6ac50785e16af58e9b83d av_one_half  avia-builder-el-11  el_after_av_one_half  el_before_av_hr  flex_column_table_cell av-equal-height-column av-align-top  '     ><p>\n<style type=\"text\/css\" data-created_by=\"avia_inline_auto\" id=\"style-css-av-av_heading-a8f60ef72849b8b0cf4d08e012dead90\">\n#top .av-special-heading.av-av_heading-a8f60ef72849b8b0cf4d08e012dead90{\npadding-bottom:10px;\n}\nbody .av-special-heading.av-av_heading-a8f60ef72849b8b0cf4d08e012dead90 .av-special-heading-tag .heading-char{\nfont-size:25px;\n}\n.av-special-heading.av-av_heading-a8f60ef72849b8b0cf4d08e012dead90 .av-subheading{\nfont-size:15px;\n}\n<\/style>\n<div  class='av-special-heading av-av_heading-a8f60ef72849b8b0cf4d08e012dead90 av-special-heading-h3  avia-builder-el-12  el_before_av_sidebar  avia-builder-el-first '><h3 class='av-special-heading-tag '  itemprop=\"headline\"  >V\u00e4der<\/h3><div class=\"special-heading-border\"><div class=\"special-heading-inner-border\"><\/div><\/div><\/div><br \/>\n<div  class='avia-builder-widget-area clearfix  avia-builder-el-13  el_after_av_heading  avia-builder-el-last '><div id=\"weer_widget-6\" class=\"widget clearfix weer_widget\">\n        <div id=\"\"\n             class=\"weather_widget_wrap weer-widget weather_widget_style1\"\n             data-text-color='#000000'\n             data-background=\"#f7f7f7\"\n             data-width=\"100\"\n             data-header=\"\"\n             data-days=\"3\"\n             data-sunrise=\"false\"\n             data-wind=\"false\"\n             data-current=\"on\"\n             data-language=\"english\"\n             data-city=\"Male\"\n             data-country=\"Maldives\">\n\n            <div class=\"weather_widget_placeholder\"><\/div>\n            <div style=\"font-size: 14px;text-align: center;padding-top: 6px;padding-bottom: 4px;background: rgba(0,0,0,0.03);\">\n                Powered by <a target=\"_blank\" href=\"https:\/\/www.weer1.com\">Weer1.com<\/a>\n            <\/div>\n        <\/div>\n        <\/div><\/div><\/p><\/div><\/div><!--close column table wrapper. Autoclose: 1 -->\n\n<style type=\"text\/css\" data-created_by=\"avia_inline_auto\" id=\"style-css-av-av_hr-0688d0b0b6ed2f8b057db7a8270206df\">\n#top .hr.hr-invisible.av-av_hr-0688d0b0b6ed2f8b057db7a8270206df{\nheight:50px;\n}\n<\/style>\n<div  class='hr av-av_hr-0688d0b0b6ed2f8b057db7a8270206df hr-invisible  avia-builder-el-14  el_after_av_one_half  avia-builder-el-last '><span class='hr-inner '><span class=\"hr-inner-style\"><\/span><\/span><\/div>\n","protected":false},"excerpt":{"rendered":"","protected":false},"author":2,"featured_media":0,"parent":0,"menu_order":0,"comment_status":"closed","ping_status":"closed","template":"","meta":{"_vp_format_video_url":"","_vp_image_focal_point":[],"footnotes":""},"class_list":["post-20911","page","type-page","status-publish","hentry"],"_links":{"self":[{"href":"https:\/\/www.goinstyle.se\/jamaica\/wp-json\/wp\/v2\/pages\/20911","targetHints":{"allow":["GET"]}}],"collection":[{"href":"https:\/\/www.goinstyle.se\/jamaica\/wp-json\/wp\/v2\/pages"}],"about":[{"href":"https:\/\/www.goinstyle.se\/jamaica\/wp-json\/wp\/v2\/types\/page"}],"author":[{"embeddable":true,"href":"https:\/\/www.goinstyle.se\/jamaica\/wp-json\/wp\/v2\/users\/2"}],"replies":[{"embeddable":true,"href":"https:\/\/www.goinstyle.se\/jamaica\/wp-json\/wp\/v2\/comments?post=20911"}],"version-history":[{"count":12,"href":"https:\/\/www.goinstyle.se\/jamaica\/wp-json\/wp\/v2\/pages\/20911\/revisions"}],"predecessor-version":[{"id":33404,"href":"https:\/\/www.goinstyle.se\/jamaica\/wp-json\/wp\/v2\/pages\/20911\/revisions\/33404"}],"wp:attachment":[{"href":"https:\/\/www.goinstyle.se\/jamaica\/wp-json\/wp\/v2\/media?parent=20911"}],"curies":[{"name":"wp","href":"https:\/\/api.w.org\/{rel}","templated":true}]}}