{"id":24204,"date":"2016-11-24T08:26:08","date_gmt":"2016-11-24T08:26:08","guid":{"rendered":"http:\/\/www.goinstyle.se\/bra-att-veta\/resevaluta\/"},"modified":"2023-08-15T16:32:59","modified_gmt":"2023-08-15T14:32:59","slug":"resevaluta","status":"publish","type":"page","link":"https:\/\/www.goinstyle.se\/lareunion\/bra-att-veta\/resevaluta\/","title":{"rendered":"Resevaluta"},"content":{"rendered":"\n<style type=\"text\/css\" data-created_by=\"avia_inline_auto\" id=\"style-css-av-1bekw5-bc1d70063c30bf538b3beee1dc8964b8\">\n.avia-section.av-1bekw5-bc1d70063c30bf538b3beee1dc8964b8{\nbackground-repeat:no-repeat;\nbackground-image:url(https:\/\/www.goinstyle.se\/wp-content\/uploads\/2014\/02\/Maldiverna-instyle-5.jpg);\nbackground-position:50% 0%;\nbackground-attachment:scroll;\n}\n<\/style>\n<div id='av_section_1'  class='avia-section av-1bekw5-bc1d70063c30bf538b3beee1dc8964b8 main_color avia-section-default avia-no-shadow  avia-builder-el-0  el_before_av_one_half  avia-builder-el-first  avia-full-stretch avia-bg-style-scroll container_wrap fullsize'  data-section-bg-repeat='stretch'><div class='container av-section-cont-open' ><main  role=\"main\" itemprop=\"mainContentOfPage\"  class='template-page content  av-content-full alpha units'><div class='post-entry post-entry-type-page post-entry-24204'><div class='entry-content-wrapper clearfix'>\n\n<style type=\"text\/css\" data-created_by=\"avia_inline_auto\" id=\"style-css-av-beyi0l-9a499fcf2e194c62090ebb10987bd4b3\">\n#top .hr.hr-invisible.av-beyi0l-9a499fcf2e194c62090ebb10987bd4b3{\nheight:20px;\n}\n<\/style>\n<div  class='hr av-beyi0l-9a499fcf2e194c62090ebb10987bd4b3 hr-invisible  avia-builder-el-1  el_before_av_heading  avia-builder-el-first '><span class='hr-inner '><span class=\"hr-inner-style\"><\/span><\/span><\/div>\n\n<style type=\"text\/css\" data-created_by=\"avia_inline_auto\" id=\"style-css-av-9l6yj9-01c241b4a9aca924458695a3f2583e15\">\n#top .av-special-heading.av-9l6yj9-01c241b4a9aca924458695a3f2583e15{\npadding-bottom:10px;\ncolor:#ffffff;\nfont-size:40px;\n}\nbody .av-special-heading.av-9l6yj9-01c241b4a9aca924458695a3f2583e15 .av-special-heading-tag .heading-char{\nfont-size:25px;\n}\n#top #wrap_all .av-special-heading.av-9l6yj9-01c241b4a9aca924458695a3f2583e15 .av-special-heading-tag{\nfont-size:40px;\n}\n.av-special-heading.av-9l6yj9-01c241b4a9aca924458695a3f2583e15 .special-heading-inner-border{\nborder-color:#ffffff;\n}\n.av-special-heading.av-9l6yj9-01c241b4a9aca924458695a3f2583e15 .av-subheading{\nfont-size:15px;\n}\n\n@media only screen and (min-width: 480px) and (max-width: 767px){ \n#top #wrap_all .av-special-heading.av-9l6yj9-01c241b4a9aca924458695a3f2583e15 .av-special-heading-tag{\nfont-size:0.8em;\n}\n}\n\n@media only screen and (max-width: 479px){ \n#top #wrap_all .av-special-heading.av-9l6yj9-01c241b4a9aca924458695a3f2583e15 .av-special-heading-tag{\nfont-size:0.8em;\n}\n}\n<\/style>\n<div  class='av-special-heading av-9l6yj9-01c241b4a9aca924458695a3f2583e15 av-special-heading-h6 custom-color-heading blockquote modern-quote modern-centered  avia-builder-el-2  el_after_av_hr  avia-builder-el-last  av-inherit-size'><h6 class='av-special-heading-tag '  itemprop=\"headline\"  >Resevaluta<\/h6><div class=\"special-heading-border\"><div class=\"special-heading-inner-border\"><\/div><\/div><\/div>\n<\/div><\/div><\/main><!-- close content main element --><\/div><\/div><div id='after_section_1'  class='main_color av_default_container_wrap container_wrap fullsize'  ><div class='container av-section-cont-open' ><div class='template-page content  av-content-full alpha units'><div class='post-entry post-entry-type-page post-entry-24204'><div class='entry-content-wrapper clearfix'>\n\n<style type=\"text\/css\" data-created_by=\"avia_inline_auto\" id=\"style-css-av-79g4l1-51a10ff529fec81c48a04558e266abef\">\n.flex_column.av-79g4l1-51a10ff529fec81c48a04558e266abef{\nborder-radius:0px 0px 0px 0px;\npadding:0px 0px 0px 0px;\n}\n<\/style>\n<div  class='flex_column av-79g4l1-51a10ff529fec81c48a04558e266abef av_one_half  avia-builder-el-3  el_after_av_section  el_before_av_one_half  avia-builder-el-first  first flex_column_div av-zero-column-padding  '     ><section  class='av_textblock_section av-64yv5x-8a67149638357f93883de11b2fa350a0 '   itemscope=\"itemscope\" itemtype=\"https:\/\/schema.org\/CreativeWork\" ><div class='avia_textblock'  itemprop=\"text\" ><h1>Resevaluta<\/h1>\n<p><a href=\"https:\/\/www.forex.se\/\">Forex<\/a> hj\u00e4lper dig med information och k\u00f6p av resevaluta till alla resm\u00e5l.<\/p>\n<\/div><\/section><\/div>\n<style type=\"text\/css\" data-created_by=\"avia_inline_auto\" id=\"style-css-av-4p9kzp-a21a0ead22f539ec7b5ae58d02721e9d\">\n.flex_column.av-4p9kzp-a21a0ead22f539ec7b5ae58d02721e9d{\nborder-radius:0px 0px 0px 0px;\npadding:0px 0px 0px 0px;\n}\n<\/style>\n<div  class='flex_column av-4p9kzp-a21a0ead22f539ec7b5ae58d02721e9d av_one_half  avia-builder-el-5  el_after_av_one_half  avia-builder-el-last  flex_column_div av-zero-column-padding  '     ><section  class='av_textblock_section av-31jt0l-63c90e77fcdcd8a3b6c521c9278d81f5 '   itemscope=\"itemscope\" itemtype=\"https:\/\/schema.org\/CreativeWork\" ><div class='avia_textblock'  itemprop=\"text\" ><p><a href=\"http:\/\/www.goinstyle.se\/wp-content\/uploads\/2014\/11\/halaveli-maldives-beach-view-51.jpg\" rel=\"lightbox[24204]\"><img loading=\"lazy\" decoding=\"async\" class=\"alignnone wp-image-865 size-large\" src=\"http:\/\/www.goinstyle.se\/wp-content\/uploads\/2014\/11\/halaveli-maldives-beach-view-51-1030x600.jpg\" alt=\"halaveli-maldives-beach-view-5\" width=\"1030\" height=\"600\" srcset=\"https:\/\/www.goinstyle.se\/wp-content\/uploads\/2014\/11\/halaveli-maldives-beach-view-51-1030x600.jpg 1030w, https:\/\/www.goinstyle.se\/wp-content\/uploads\/2014\/11\/halaveli-maldives-beach-view-51-400x233.jpg 400w, https:\/\/www.goinstyle.se\/wp-content\/uploads\/2014\/11\/halaveli-maldives-beach-view-51-600x350.jpg 600w, https:\/\/www.goinstyle.se\/wp-content\/uploads\/2014\/11\/halaveli-maldives-beach-view-51-300x175.jpg 300w, https:\/\/www.goinstyle.se\/wp-content\/uploads\/2014\/11\/halaveli-maldives-beach-view-51-768x447.jpg 768w, https:\/\/www.goinstyle.se\/wp-content\/uploads\/2014\/11\/halaveli-maldives-beach-view-51-1500x874.jpg 1500w, https:\/\/www.goinstyle.se\/wp-content\/uploads\/2014\/11\/halaveli-maldives-beach-view-51-705x411.jpg 705w\" sizes=\"auto, (max-width: 1030px) 100vw, 1030px\" \/><\/a><\/p>\n<\/div><\/section><\/div><\/p>\n","protected":false},"excerpt":{"rendered":"","protected":false},"author":2,"featured_media":0,"parent":24197,"menu_order":0,"comment_status":"closed","ping_status":"closed","template":"","meta":{"_vp_format_video_url":"","_vp_image_focal_point":[],"footnotes":""},"class_list":["post-24204","page","type-page","status-publish","hentry"],"_links":{"self":[{"href":"https:\/\/www.goinstyle.se\/lareunion\/wp-json\/wp\/v2\/pages\/24204","targetHints":{"allow":["GET"]}}],"collection":[{"href":"https:\/\/www.goinstyle.se\/lareunion\/wp-json\/wp\/v2\/pages"}],"about":[{"href":"https:\/\/www.goinstyle.se\/lareunion\/wp-json\/wp\/v2\/types\/page"}],"author":[{"embeddable":true,"href":"https:\/\/www.goinstyle.se\/lareunion\/wp-json\/wp\/v2\/users\/2"}],"replies":[{"embeddable":true,"href":"https:\/\/www.goinstyle.se\/lareunion\/wp-json\/wp\/v2\/comments?post=24204"}],"version-history":[{"count":3,"href":"https:\/\/www.goinstyle.se\/lareunion\/wp-json\/wp\/v2\/pages\/24204\/revisions"}],"predecessor-version":[{"id":44562,"href":"https:\/\/www.goinstyle.se\/lareunion\/wp-json\/wp\/v2\/pages\/24204\/revisions\/44562"}],"up":[{"embeddable":true,"href":"https:\/\/www.goinstyle.se\/lareunion\/wp-json\/wp\/v2\/pages\/24197"}],"wp:attachment":[{"href":"https:\/\/www.goinstyle.se\/lareunion\/wp-json\/wp\/v2\/media?parent=24204"}],"curies":[{"name":"wp","href":"https:\/\/api.w.org\/{rel}","templated":true}]}}