{"id":24273,"date":"2017-05-10T12:51:21","date_gmt":"2017-05-10T12:51:21","guid":{"rendered":"http:\/\/www.goinstyle.se\/?page_id=24273\/"},"modified":"2018-06-28T12:39:04","modified_gmt":"2018-06-28T10:39:04","slug":"om-la-reunion-2","status":"publish","type":"page","link":"https:\/\/www.goinstyle.se\/lareunion\/om-la-reunion-2\/","title":{"rendered":"Om La R\u00e9union"},"content":{"rendered":"\n<style type=\"text\/css\" data-created_by=\"avia_inline_auto\" id=\"style-css-av-av_section-8e7deb1ef2e973c8583d66aaebcadfc7\">\n.avia-section.av-av_section-8e7deb1ef2e973c8583d66aaebcadfc7{\nbackground-repeat:no-repeat;\nbackground-image:url(https:\/\/www.goinstyle.se\/wp-content\/uploads\/2017\/05\/la_reunion_toppbild-2.jpg);\nbackground-position:50% 0%;\nbackground-attachment:scroll;\n}\n<\/style>\n<div id='av_section_1'  class='avia-section av-av_section-8e7deb1ef2e973c8583d66aaebcadfc7 main_color avia-section-default avia-no-shadow  avia-builder-el-0  el_before_av_section  avia-builder-el-first  avia-full-stretch avia-bg-style-scroll container_wrap fullsize'  data-section-bg-repeat='stretch'><div class='container av-section-cont-open' ><main  role=\"main\" itemprop=\"mainContentOfPage\"  class='template-page content  av-content-full alpha units'><div class='post-entry post-entry-type-page post-entry-24273'><div class='entry-content-wrapper clearfix'>\n\n<style type=\"text\/css\" data-created_by=\"avia_inline_auto\" id=\"style-css-av-av_hr-a6de236e6c183bbbd700292deacd2b52\">\n#top .hr.hr-invisible.av-av_hr-a6de236e6c183bbbd700292deacd2b52{\nheight:20px;\n}\n<\/style>\n<div  class='hr av-av_hr-a6de236e6c183bbbd700292deacd2b52 hr-invisible  avia-builder-el-1  el_before_av_heading  avia-builder-el-first '><span class='hr-inner '><span class=\"hr-inner-style\"><\/span><\/span><\/div>\n\n<style type=\"text\/css\" data-created_by=\"avia_inline_auto\" id=\"style-css-av-av_heading-53c61d84998fc742c17280b33651aca0\">\n#top .av-special-heading.av-av_heading-53c61d84998fc742c17280b33651aca0{\npadding-bottom:10px;\ncolor:#ffffff;\nfont-size:40px;\n}\nbody .av-special-heading.av-av_heading-53c61d84998fc742c17280b33651aca0 .av-special-heading-tag .heading-char{\nfont-size:25px;\n}\n#top #wrap_all .av-special-heading.av-av_heading-53c61d84998fc742c17280b33651aca0 .av-special-heading-tag{\nfont-size:40px;\n}\n.av-special-heading.av-av_heading-53c61d84998fc742c17280b33651aca0 .special-heading-inner-border{\nborder-color:#ffffff;\n}\n.av-special-heading.av-av_heading-53c61d84998fc742c17280b33651aca0 .av-subheading{\nfont-size:15px;\n}\n\n@media only screen and (min-width: 480px) and (max-width: 767px){ \n#top #wrap_all .av-special-heading.av-av_heading-53c61d84998fc742c17280b33651aca0 .av-special-heading-tag{\nfont-size:0.8em;\n}\n}\n\n@media only screen and (max-width: 479px){ \n#top #wrap_all .av-special-heading.av-av_heading-53c61d84998fc742c17280b33651aca0 .av-special-heading-tag{\nfont-size:0.8em;\n}\n}\n<\/style>\n<div  class='av-special-heading av-av_heading-53c61d84998fc742c17280b33651aca0 av-special-heading-h6 custom-color-heading blockquote modern-quote modern-centered  avia-builder-el-2  el_after_av_hr  avia-builder-el-last  av-inherit-size'><h6 class='av-special-heading-tag '  itemprop=\"headline\"  >Om La R\u00e9union<\/h6><div class=\"special-heading-border\"><div class=\"special-heading-inner-border\"><\/div><\/div><\/div>\n\n<\/div><\/div><\/main><!-- close content main element --><\/div><\/div><div id='divbred'  class='avia-section av-av_section-f69f9b9995685ee5a4eaf64d6d9c3d13 main_color avia-section-default avia-no-shadow  avia-builder-el-3  el_after_av_section  el_before_av_one_full  avia-bg-style-scroll container_wrap fullsize'  ><div class='container av-section-cont-open' ><div class='template-page content  av-content-full alpha units'><div class='post-entry post-entry-type-page post-entry-24273'><div class='entry-content-wrapper clearfix'>\n<section  class='av_textblock_section av-av_textblock-0366cc7376be6c9e82a3e9cc8987b64f '   itemscope=\"itemscope\" itemtype=\"https:\/\/schema.org\/CreativeWork\" ><div class='avia_textblock'  itemprop=\"text\" ><pre><code><nav aria-label=\"breadcrumbs\">\n            <div class=\"breadcrumb-container theme1\">\n                <ol>\n                    <li><a title=\"Du \u00e4r h\u00e4r:\" href=\"#\"><span>Du \u00e4r h\u00e4r:<\/span><\/a><span class=\"separator\">\u00bb<\/span><\/li>\n                    <\/ol>\n            <\/div>\n        <\/nav>    <script type=\"application\/ld+json\">\n        {\n            \"@context\": \"http:\/\/schema.org\",\n            \"@type\": \"BreadcrumbList\",\n            \"itemListElement\": [\n                 {\n                            \"@type\": \"ListItem\",\n                            \"position\": 1,\n                            \"item\": {\n                                \"@id\": \"#\",\n                                \"name\": \"Du \u00e4r h\u00e4r:\"\n                            }\n                        }\n                                                    ]\n        }\n    <\/script>\n   \n    <script>\n            <\/script>\n<\/code><\/pre>\n<\/div><\/section>\n<\/div><\/div><\/div><!-- close content main div --><\/div><\/div><div id='after_section_2'  class='main_color av_default_container_wrap container_wrap fullsize'  ><div class='container av-section-cont-open' ><div class='template-page content  av-content-full alpha units'><div class='post-entry post-entry-type-page post-entry-24273'><div class='entry-content-wrapper clearfix'>\n\n<style type=\"text\/css\" data-created_by=\"avia_inline_auto\" id=\"style-css-av-av_one_full-c3f0f78c26a863dc60f14a52019fd8b2\">\n#top .flex_column.av-av_one_full-c3f0f78c26a863dc60f14a52019fd8b2{\nmargin-top:0px;\nmargin-bottom:0px;\n}\n.flex_column.av-av_one_full-c3f0f78c26a863dc60f14a52019fd8b2{\nborder-radius:0px 0px 0px 0px;\npadding:0px 0px 0px 0px;\n}\n.responsive #top #wrap_all .flex_column.av-av_one_full-c3f0f78c26a863dc60f14a52019fd8b2{\nmargin-top:0px;\nmargin-bottom:0px;\n}\n<\/style>\n<div  class='flex_column av-av_one_full-c3f0f78c26a863dc60f14a52019fd8b2 av_one_full  avia-builder-el-5  el_after_av_section  el_before_av_hr  avia-builder-el-first  first flex_column_div av-zero-column-padding  '     ><section  class='av_textblock_section av-av_textblock-0366cc7376be6c9e82a3e9cc8987b64f '   itemscope=\"itemscope\" itemtype=\"https:\/\/schema.org\/CreativeWork\" ><div class='avia_textblock'  itemprop=\"text\" ><h1>Om La R\u00e9union<\/h1>\n<p><strong>Resm\u00e5let<\/strong><br \/>\nLa R\u00e9union \u00e4r ett franskt departement som ligger i Indiska oceanen, omkring 800 km \u00f6ster om Madagaskar och \u00e4r ett franskt, utomeuropeiskt departement. \u00d6n \u00e4r vulkanisk och erbjuder ett dramatiskt landskap d\u00e4r stora delar av \u00f6n t\u00e4cks av tropisk skog, berg och dalar. Det h\u00f6gsta berget \u00e4r vulkanen Piton des Neiges som str\u00e4cker sig 3069 m \u00f6 h. H\u00e4r finner du de finaste str\u00e4nderna p\u00e5 v\u00e4stra och s\u00f6dra delen av \u00f6n, d\u00e4r ocks\u00e5 de flesta hotellen \u00e4r bel\u00e4gna. Eftersom La R\u00e9union \u00e4r ett franskt departement, befinner du dig i Frankrike. D\u00e4remot \u00e4r \u00f6n v\u00e4ldigt s\u00e4rpr\u00e4glad och p\u00e5minner dig inte mycket om Frankrike, ut\u00f6ver spr\u00e5ket och i viss m\u00e5n matkulturen. H\u00e4r finner du ocks\u00e5 ett starkt kreolskt inslag, vilket \u00e4ven sl\u00e5r igenom i den mat som serveras p\u00e5 restauranger, barer mm.<br \/>\nN\u00e4r du reser hit, finns det utm\u00e4rkta m\u00f6jligheter f\u00f6r dig att kombinera sk\u00f6na dagar vid stranden med sol och bad med sp\u00e4nnande utflykter med naturen i centrum. Perfekt f\u00f6r dig som vill ha en varierad och m\u00e5ngfacetterad semesterupplevelse!<br \/>\nKlimatet \u00e4r behagligt \u00e5ret om, d\u00e4r det tropiska v\u00e4dret h\u00e5ller temperaturer \u00f6ver 20 grader upp till som mest 30 och vattentemperaturen \u00e4r alltid \u00f6ver 20.<\/p>\n<p><strong>N\u00f6jesliv, mat och dryck<\/strong><br \/>\nH\u00e4r finner du ett genuint fransk-kreolskt k\u00f6k d\u00e4r mycket av den lokala traditionen bjuder p\u00e5 \u201dcurry\u201d som heter cari p\u00e5 kreol. Den serveras i regel som en gryta med en eller tv\u00e5 r\u00e4tter \u2013 oftast k\u00f6tt resp. fisk med gr\u00f6nt, linser\/b\u00f6nor och rougail som \u00e4r en stark salsasort. I st\u00e4derna och p\u00e5 hotellen f\u00e5r du i regel en uts\u00f6kt mix av det lokala, franska och internationella k\u00f6ket. N\u00f6jesliv i form av barliv mm finner du fr\u00e4mst i de st\u00f6rre st\u00e4derna och underh\u00e5llning\/shower f\u00f6rekommer kv\u00e4llstid p\u00e5 m\u00e5nga av hotellen.<br \/>\nH\u00e4r framst\u00e4ller man en lokal typ av rom som kallas Rhum Arrang\u00e9, framst\u00e4lld av sockerr\u00f6r och smaks\u00e4tts enligt varje etablissements preferenser. V\u00e4rt att pr\u00f6va! N\u00e5got som ocks\u00e5 \u00e4r v\u00e4rt att pr\u00f6va, \u00e4r det lokala, popul\u00e4ra \u00f6rtteet Tisane!<\/p>\n<p><strong>Sol och bad<\/strong><br \/>\nLa R\u00e9union \u00e4r inte i f\u00f6rsta hand ett badparadis och lockar fr\u00e4mst resen\u00e4rer som vill ha flera dimensioner under sin resa. D\u00e4remot finns det flera str\u00e4nder med fina bad. R\u00e4kna dock med att sanden \u00e4r s k korallsand, vilket kan g\u00f6ra att den inte alltid \u00e4r den allra finkornigaste. Den kanske l\u00e4ngsta stranden med paradiskarakt\u00e4r b\u00f6rjar s\u00f6der om Saint-Gilles och heter l\u00b4Hermitage. En av de vackraste \u00e4r i Grand Anse p\u00e5 sydkusten, format till en palmkantad lagun och ett vilt hav, d\u00e4r du badar s\u00e4kert i den h\u00e4rliga, v\u00e5gskyddande havsbass\u00e4ngen.<br \/>\nN\u00e5got som kryddar strandupplevelsen lite extra \u00e4r att du finner str\u00e4nder med b\u00e5de vit och svart sand h\u00e4r p\u00e5 det vulkaniska La R\u00e9union.<br \/>\nSom vanligt \u00e4r det viktigt att du t\u00e4nker p\u00e5 att skydda dig mot solen med l\u00e4mplig kl\u00e4dsel och h\u00f6g skyddsfaktor.<\/p>\n<p><strong>Sev\u00e4rdheter och aktiviteter<\/strong><br \/>\nPiton de la Fournaise \u00e4r vulkanen p\u00e5 drygt 2600 m \u00f6 h och absolut v\u00e4rt att bes\u00f6ka. F\u00f6retr\u00e4desvis p\u00e5 f\u00f6rmiddagen d\u00e5 v\u00e4dret i regel b\u00e4r b\u00e4st. En upplevelse!<br \/>\nI Kelonia finns ocks\u00e5 ett observatorium och akvarium f\u00f6r sk\u00f6ldpaddor som \u00e4r mycket fascinerande. H\u00e4r kommer du de fina varelserna n\u00e4ra \u00e5p ett bekv\u00e4mt s\u00e4tt.<br \/>\nOm du gillar vandring och storslagna vyer, har du ett paradis h\u00e4r. Det finns en m\u00e4ngd leder och turer att v\u00e4lja p\u00e5 \u2013 allt fr\u00e5n l\u00e4ttare till mer strapatsrika!<br \/>\nVattensporter som surfing, dykning och vattenskidor finner du p\u00e5 flera st\u00e4llen i de flesta byar och ofta i n\u00e4rheten av de b\u00e4ttre hotellen. Paragliding \u00e4r popul\u00e4rt h\u00e4r finns ett center f\u00f6r detta utanf\u00f6r St-Leu.<br \/>\nF\u00f6r den som s\u00f6ker utmaningar p\u00e5 cykel, finns ett flertal leder f\u00f6r s\u00e5v\u00e4l vanlig cykling som mountainbike. Vill du uppt\u00e4cka \u00f6n fr\u00e5n h\u00e4stsadeln, kan du gl\u00e4dja dig \u00e5t flera fina ridleder att njuta av.<br \/>\nI inlandet finns utm\u00e4rkta m\u00f6jligheter f\u00f6r paddling \u2013 inte minst direkt efter regnperioden upph\u00f6rt<\/p>\n<p><strong>Historia<\/strong><br \/>\nLa R\u00e9union har tidigare g\u00e5tt under s\u00e5v\u00e4l namnet Ile Bourbon som Ile Bonaparte, men i samband med fransm\u00e4nnens senaste \u00e5tertagande av \u00f6n, med byte till nuvarande namn 1848.<br \/>\n1946 f\u00f6rsvann kolonistatusen och R\u00e9union blev den 19 mars samma \u00e5r ett departement, och har samma status som omr\u00e5dena p\u00e5 fastlandet och \u00e4r d\u00e4rmed ett omr\u00e5de i EU.<\/p>\n<p><strong>Yta<\/strong><br \/>\n2512 kvadratkilometer<\/p>\n<p><strong>Inv\u00e5nare<\/strong><br \/>\nCa 840 000<\/p>\n<p><strong>Spr\u00e5k<\/strong><br \/>\nFranska, Kreol<\/p>\n<p><strong>Huvudstad<\/strong><br \/>\nSaint-Denis, ca 135000 inv\u00e5nare<\/p>\n<p><strong>Klimat<\/strong><br \/>\nTropiskt klimat med dagstemperaturer som l\u00e4gst p\u00e5 ca 23 grader. Dagstemperaturer mellan 23 och 29 grader \u00e5ret runt. Vattentemperaturen h\u00e5ller 23-28 grader under hela \u00e5ret. Antal soltimmar per dag varierar fr\u00e5n 6 till 7. Det f\u00f6rekommer kortare regnskurar hela \u00e5ret, men oftare i perioden januari-april. Minst nederb\u00f6rd maj-november.<\/p>\n<p><strong>Valuta<\/strong><br \/>\nEuro. Uttagsautomater finns relativt frekvent.<\/p>\n<p><strong>Kreditkort<\/strong><br \/>\nKreditkort som t ex Visa och Master Card accepteras i de flesta aff\u00e4rer och restauranger. Det \u00e4r dock alltid bra att ha kontanter i Euro till hands.<\/p>\n<p><strong>Dricks<\/strong><br \/>\nF\u00f6r att visa din uppskattning f\u00f6r \u00f6vrig tj\u00e4nsteservice, uppskattas alltid en slant f\u00f6r utf\u00f6rt arbete. Om service\/dricks inte \u00e4r inkluderad, \u00e4r en dricks p\u00e5 ca 10% en l\u00e4mplig niv\u00e5. Kontant dricks ges l\u00e4mpligen i lokal valuta.<\/p>\n<p><strong>Tidsskillnad<\/strong><br \/>\n+3 timmar j\u00e4mf\u00f6rt med svensk vintertid. +2 timmar under v\u00e5r sommartid.<\/p>\n<p><strong>V\u00e4gar, trafik, kommunikation<\/strong><br \/>\nDet \u00e4r h\u00f6gertrafik p\u00e5 La R\u00e9union. Ett bra s\u00e4tt att ta sig fr\u00e5n en plats till en annan, \u00e4r att anv\u00e4nda \u00f6ns lokaltrafik med de gula bussarna (car jaune). Det finns \u00e4ven en slags taxibuss d\u00e4r man sam\u00e5ker som heter Z\u00b4eclairs. Om du funderar p\u00e5 egna turer med hyrbil, s\u00e5 fungerar det ocks\u00e5 \u2013 men du skall vara medveten om att v\u00e4garna \u00e4r kurviga och att det kuperade landskapet ger stora h\u00f6jdskillnader.<\/p>\n<p><strong>Elektricitet<\/strong><br \/>\n220-240 V. Uttagen \u00e4r motsvarande de vi har i Sverige.<\/p>\n<p><strong>Lagar och lokala v\u00e4rderingar<\/strong><br \/>\nSom i alla l\u00e4nder finns nationella lagar, v\u00e4rderingar och lokala regler som man som bes\u00f6kare f\u00f6rv\u00e4ntas f\u00f6lja. Varje resen\u00e4r\/bes\u00f6kare har ansvar f\u00f6r att f\u00f6rvissa sig om aktuella f\u00f6rh\u00e5llningsregler och v\u00e4rderingar som ofta kan skilja sig en del mot vad vi \u00e4r vana vid. Vi rekommenderar dig att l\u00e4sa mer om regler, seder och bruk p\u00e5 respektive lands hemsida, samt \u00e4ven p\u00e5 Utrikesdepartementets hemsida med information om resor till utlandet. Dels \u00e4r det sk\u00f6nt att slippa otrevliga \u00f6verraskningar n\u00e4r du v\u00e4l \u00e4r p\u00e5 plats. Dessutom drar du dig l\u00e4rdom av landets kultur och traditioner.<\/p>\n<\/div><\/section><\/div>\n<style type=\"text\/css\" data-created_by=\"avia_inline_auto\" id=\"style-css-av-av_hr-0688d0b0b6ed2f8b057db7a8270206df\">\n#top .hr.hr-invisible.av-av_hr-0688d0b0b6ed2f8b057db7a8270206df{\nheight:50px;\n}\n<\/style>\n<div  class='hr av-av_hr-0688d0b0b6ed2f8b057db7a8270206df hr-invisible  avia-builder-el-7  el_after_av_one_full  el_before_av_one_half '><span class='hr-inner '><span class=\"hr-inner-style\"><\/span><\/span><\/div><\/p>\n<div class='flex_column_table av-av_one_half-eb22d586db4aa8536998fa6076f87d77 sc-av_one_half av-equal-height-column-flextable'>\n<style type=\"text\/css\" data-created_by=\"avia_inline_auto\" id=\"style-css-av-av_one_half-eb22d586db4aa8536998fa6076f87d77\">\n.flex_column.av-av_one_half-eb22d586db4aa8536998fa6076f87d77{\nborder-radius:0px 0px 0px 0px;\npadding:20px 20px 20px 20px;\nbackground-color:#f7f7f7;\n}\n<\/style>\n<div  class='flex_column av-av_one_half-eb22d586db4aa8536998fa6076f87d77 av_one_half  avia-builder-el-8  el_after_av_hr  el_before_av_one_half  first flex_column_table_cell av-equal-height-column av-align-top  '     ><p>\n<style type=\"text\/css\" data-created_by=\"avia_inline_auto\" id=\"style-css-av-av_heading-5e1bb4e2c977e97b14645873cdebaa13\">\n#top .av-special-heading.av-av_heading-5e1bb4e2c977e97b14645873cdebaa13{\npadding-bottom:10px;\n}\nbody .av-special-heading.av-av_heading-5e1bb4e2c977e97b14645873cdebaa13 .av-special-heading-tag .heading-char{\nfont-size:25px;\n}\n.av-special-heading.av-av_heading-5e1bb4e2c977e97b14645873cdebaa13 .av-subheading{\nfont-size:15px;\n}\n<\/style>\n<div  class='av-special-heading av-av_heading-5e1bb4e2c977e97b14645873cdebaa13 av-special-heading-h3  avia-builder-el-9  el_before_av_iconlist  avia-builder-el-first '><h3 class='av-special-heading-tag '  itemprop=\"headline\"  >Fakta<\/h3><div class=\"special-heading-border\"><div class=\"special-heading-inner-border\"><\/div><\/div><\/div><br \/>\n\n<style type=\"text\/css\" data-created_by=\"avia_inline_auto\" id=\"style-css-av-av_iconlist-999a2d681d06b0992925b5a008e74484\">\n#top .avia-icon-list-container.av-av_iconlist-999a2d681d06b0992925b5a008e74484 .iconlist_icon{\ncolor:#3a3a3a;\nbackground-color:#f7f7f7;\nborder:1px solid #3a3a3a;\n}\n<\/style>\n<div  class='avia-icon-list-container av-av_iconlist-999a2d681d06b0992925b5a008e74484  avia-builder-el-10  el_after_av_heading  avia-builder-el-last '><ul class='avia-icon-list avia_animate_when_almost_visible avia-icon-list-left av-iconlist-big av-av_iconlist-999a2d681d06b0992925b5a008e74484 avia-iconlist-animate'>\n<li><div class='iconlist_icon av-av_iconlist_item-39b279e8171f6829e56095a29a82e327 avia-font-entypo-fontello'><span class='iconlist-char' aria-hidden='true' data-av_icon='\ue84d' data-av_iconfont='entypo-fontello'><\/span><\/div><article class=\"article-icon-entry \"  itemscope=\"itemscope\" itemtype=\"https:\/\/schema.org\/CreativeWork\" ><div class=\"iconlist_content_wrap\"><header class=\"entry-content-header\" aria-label=\"Icon: Visum\"><h4 class='av_iconlist_title iconlist_title  '  itemprop=\"headline\" >Visum<\/h4><\/header><div class='iconlist_content '  itemprop=\"text\" ><p><em>Visum beh\u00f6vs inte f\u00f6r svenska medborgare och vistelse upp till 90 dagar. <\/em><\/p>\n<\/div><\/div><footer class=\"entry-footer\"><\/footer><\/article><div class=\"iconlist-timeline\"><\/div><\/li>\n<li><div class='iconlist_icon av-av_iconlist_item-e2f1d09a1cbbc00a097234998041fc3d avia-font-entypo-fontello'><span class='iconlist-char' aria-hidden='true' data-av_icon='\ue8cf' data-av_iconfont='entypo-fontello'><\/span><\/div><article class=\"article-icon-entry \"  itemscope=\"itemscope\" itemtype=\"https:\/\/schema.org\/CreativeWork\" ><div class=\"iconlist_content_wrap\"><header class=\"entry-content-header\" aria-label=\"Icon: Valuta\"><h4 class='av_iconlist_title iconlist_title  '  itemprop=\"headline\" >Valuta<\/h4><\/header><div class='iconlist_content '  itemprop=\"text\" ><p><em>Euro<\/em><\/p>\n<\/div><\/div><footer class=\"entry-footer\"><\/footer><\/article><div class=\"iconlist-timeline\"><\/div><\/li>\n<li><div class='iconlist_icon av-av_iconlist_item-8d5312078593b0174c29e7a8047add13 avia-font-entypo-fontello'><span class='iconlist-char' aria-hidden='true' data-av_icon='\ue866' data-av_iconfont='entypo-fontello'><\/span><\/div><article class=\"article-icon-entry \"  itemscope=\"itemscope\" itemtype=\"https:\/\/schema.org\/CreativeWork\" ><div class=\"iconlist_content_wrap\"><header class=\"entry-content-header\" aria-label=\"Icon: Klimat\"><h4 class='av_iconlist_title iconlist_title  '  itemprop=\"headline\" >Klimat<\/h4><\/header><div class='iconlist_content '  itemprop=\"text\" ><p><em>Tropiskt klimat. Dagstemperaturer fr\u00e5n 24 till 28 grader \u00f6ver \u00e5ret. Torrast i perioden maj-november.<\/em><\/p>\n<\/div><\/div><footer class=\"entry-footer\"><\/footer><\/article><div class=\"iconlist-timeline\"><\/div><\/li>\n<\/ul><\/div><\/p><\/div>\n<div class='av-flex-placeholder'><\/div>\n<style type=\"text\/css\" data-created_by=\"avia_inline_auto\" id=\"style-css-av-av_one_half-c99897e014b6ac50785e16af58e9b83d\">\n.flex_column.av-av_one_half-c99897e014b6ac50785e16af58e9b83d{\nborder-radius:0px 0px 0px 0px;\npadding:20px 20px 20px 20px;\nbackground-color:#f7f7f7;\n}\n<\/style>\n<div  class='flex_column av-av_one_half-c99897e014b6ac50785e16af58e9b83d av_one_half  avia-builder-el-11  el_after_av_one_half  el_before_av_hr  flex_column_table_cell av-equal-height-column av-align-top  '     ><p>\n<style type=\"text\/css\" data-created_by=\"avia_inline_auto\" id=\"style-css-av-av_heading-a8f60ef72849b8b0cf4d08e012dead90\">\n#top .av-special-heading.av-av_heading-a8f60ef72849b8b0cf4d08e012dead90{\npadding-bottom:10px;\n}\nbody .av-special-heading.av-av_heading-a8f60ef72849b8b0cf4d08e012dead90 .av-special-heading-tag .heading-char{\nfont-size:25px;\n}\n.av-special-heading.av-av_heading-a8f60ef72849b8b0cf4d08e012dead90 .av-subheading{\nfont-size:15px;\n}\n<\/style>\n<div  class='av-special-heading av-av_heading-a8f60ef72849b8b0cf4d08e012dead90 av-special-heading-h3  avia-builder-el-12  el_before_av_sidebar  avia-builder-el-first '><h3 class='av-special-heading-tag '  itemprop=\"headline\"  >V\u00e4der<\/h3><div class=\"special-heading-border\"><div class=\"special-heading-inner-border\"><\/div><\/div><\/div><br \/>\n<div  class='avia-builder-widget-area clearfix  avia-builder-el-13  el_after_av_heading  avia-builder-el-last '><div id=\"weer_widget-31\" class=\"widget clearfix weer_widget\">\n        <div id=\"\"\n             class=\"weather_widget_wrap weer-widget weather_widget_style1\"\n             data-text-color='#000000'\n             data-background=\"#f7f7f7\"\n             data-width=\"100\"\n             data-header=\"\"\n             data-days=\"3\"\n             data-sunrise=\"false\"\n             data-wind=\"false\"\n             data-current=\"on\"\n             data-language=\"english\"\n             data-city=\"Saint-Denis\"\n             data-country=\"Reunion Island\">\n\n            <div class=\"weather_widget_placeholder\"><\/div>\n            <div style=\"font-size: 14px;text-align: center;padding-top: 6px;padding-bottom: 4px;background: rgba(0,0,0,0.03);\">\n                Powered by <a target=\"_blank\" href=\"https:\/\/www.weer1.com\">Weer1.com<\/a>\n            <\/div>\n        <\/div>\n        <\/div><\/div><\/p><\/div><\/div><!--close column table wrapper. Autoclose: 1 -->\n\n<style type=\"text\/css\" data-created_by=\"avia_inline_auto\" id=\"style-css-av-av_hr-0688d0b0b6ed2f8b057db7a8270206df\">\n#top .hr.hr-invisible.av-av_hr-0688d0b0b6ed2f8b057db7a8270206df{\nheight:50px;\n}\n<\/style>\n<div  class='hr av-av_hr-0688d0b0b6ed2f8b057db7a8270206df hr-invisible  avia-builder-el-14  el_after_av_one_half  avia-builder-el-last '><span class='hr-inner '><span class=\"hr-inner-style\"><\/span><\/span><\/div>\n","protected":false},"excerpt":{"rendered":"","protected":false},"author":2,"featured_media":0,"parent":0,"menu_order":0,"comment_status":"closed","ping_status":"closed","template":"","meta":{"_vp_format_video_url":"","_vp_image_focal_point":[],"footnotes":""},"class_list":["post-24273","page","type-page","status-publish","hentry"],"_links":{"self":[{"href":"https:\/\/www.goinstyle.se\/lareunion\/wp-json\/wp\/v2\/pages\/24273","targetHints":{"allow":["GET"]}}],"collection":[{"href":"https:\/\/www.goinstyle.se\/lareunion\/wp-json\/wp\/v2\/pages"}],"about":[{"href":"https:\/\/www.goinstyle.se\/lareunion\/wp-json\/wp\/v2\/types\/page"}],"author":[{"embeddable":true,"href":"https:\/\/www.goinstyle.se\/lareunion\/wp-json\/wp\/v2\/users\/2"}],"replies":[{"embeddable":true,"href":"https:\/\/www.goinstyle.se\/lareunion\/wp-json\/wp\/v2\/comments?post=24273"}],"version-history":[{"count":6,"href":"https:\/\/www.goinstyle.se\/lareunion\/wp-json\/wp\/v2\/pages\/24273\/revisions"}],"predecessor-version":[{"id":33400,"href":"https:\/\/www.goinstyle.se\/lareunion\/wp-json\/wp\/v2\/pages\/24273\/revisions\/33400"}],"wp:attachment":[{"href":"https:\/\/www.goinstyle.se\/lareunion\/wp-json\/wp\/v2\/media?parent=24273"}],"curies":[{"name":"wp","href":"https:\/\/api.w.org\/{rel}","templated":true}]}}