{"id":33312,"date":"2018-06-28T13:20:34","date_gmt":"2018-06-28T11:20:34","guid":{"rendered":"http:\/\/www.goinstyle.se\/?page_id=33312"},"modified":"2024-10-22T15:23:30","modified_gmt":"2024-10-22T13:23:30","slug":"om-maldiverna-3","status":"publish","type":"page","link":"https:\/\/www.goinstyle.se\/maldiverna\/om-maldiverna-3\/","title":{"rendered":"Om Maldiverna"},"content":{"rendered":"\n<style type=\"text\/css\" data-created_by=\"avia_inline_auto\" id=\"style-css-av-av_section-414c0780d3faebd37e7caf5be315d482\">\n.avia-section.av-av_section-414c0780d3faebd37e7caf5be315d482{\nbackground-repeat:no-repeat;\nbackground-image:url(https:\/\/www.goinstyle.se\/wp-content\/uploads\/2016\/11\/Maldiverna_toppbild_hav_watervillas.jpg);\nbackground-position:50% 0%;\nbackground-attachment:scroll;\n}\n<\/style>\n<div id='av_section_1'  class='avia-section av-av_section-414c0780d3faebd37e7caf5be315d482 main_color avia-section-default avia-no-shadow  avia-builder-el-0  el_before_av_section  avia-builder-el-first  avia-full-stretch avia-bg-style-scroll container_wrap fullsize'  data-section-bg-repeat='stretch'><div class='container av-section-cont-open' ><main  role=\"main\" itemprop=\"mainContentOfPage\"  class='template-page content  av-content-full alpha units'><div class='post-entry post-entry-type-page post-entry-33312'><div class='entry-content-wrapper clearfix'>\n\n<style type=\"text\/css\" data-created_by=\"avia_inline_auto\" id=\"style-css-av-av_hr-a6de236e6c183bbbd700292deacd2b52\">\n#top .hr.hr-invisible.av-av_hr-a6de236e6c183bbbd700292deacd2b52{\nheight:20px;\n}\n<\/style>\n<div  class='hr av-av_hr-a6de236e6c183bbbd700292deacd2b52 hr-invisible  avia-builder-el-1  el_before_av_heading  avia-builder-el-first '><span class='hr-inner '><span class=\"hr-inner-style\"><\/span><\/span><\/div>\n\n<style type=\"text\/css\" data-created_by=\"avia_inline_auto\" id=\"style-css-av-av_heading-5c221b86253d2a1ad41f8aa9542a3843\">\n#top .av-special-heading.av-av_heading-5c221b86253d2a1ad41f8aa9542a3843{\npadding-bottom:10px;\ncolor:#ffffff;\nfont-size:40px;\n}\nbody .av-special-heading.av-av_heading-5c221b86253d2a1ad41f8aa9542a3843 .av-special-heading-tag .heading-char{\nfont-size:25px;\n}\n#top #wrap_all .av-special-heading.av-av_heading-5c221b86253d2a1ad41f8aa9542a3843 .av-special-heading-tag{\nfont-size:40px;\n}\n.av-special-heading.av-av_heading-5c221b86253d2a1ad41f8aa9542a3843 .special-heading-inner-border{\nborder-color:#ffffff;\n}\n.av-special-heading.av-av_heading-5c221b86253d2a1ad41f8aa9542a3843 .av-subheading{\nfont-size:15px;\n}\n\n@media only screen and (min-width: 480px) and (max-width: 767px){ \n#top #wrap_all .av-special-heading.av-av_heading-5c221b86253d2a1ad41f8aa9542a3843 .av-special-heading-tag{\nfont-size:0.8em;\n}\n}\n\n@media only screen and (max-width: 479px){ \n#top #wrap_all .av-special-heading.av-av_heading-5c221b86253d2a1ad41f8aa9542a3843 .av-special-heading-tag{\nfont-size:0.8em;\n}\n}\n<\/style>\n<div  class='av-special-heading av-av_heading-5c221b86253d2a1ad41f8aa9542a3843 av-special-heading-h6 custom-color-heading blockquote modern-quote modern-centered  avia-builder-el-2  el_after_av_hr  avia-builder-el-last  av-inherit-size'><h6 class='av-special-heading-tag '  itemprop=\"headline\"  >Om Maldiverna<\/h6><div class=\"special-heading-border\"><div class=\"special-heading-inner-border\"><\/div><\/div><\/div>\n\n<\/div><\/div><\/main><!-- close content main element --><\/div><\/div><div id='av_section_2'  class='avia-section av-av_section-4812a9956d6b860f6d215a53234f5880 main_color avia-section-default avia-no-shadow  avia-builder-el-3  el_after_av_section  avia-builder-el-last  avia-bg-style-scroll container_wrap fullsize'  ><div class='container av-section-cont-open' ><div class='template-page content  av-content-full alpha units'><div class='post-entry post-entry-type-page post-entry-33312'><div class='entry-content-wrapper clearfix'>\n\n<style type=\"text\/css\" data-created_by=\"avia_inline_auto\" id=\"style-css-av-av_one_full-c3f0f78c26a863dc60f14a52019fd8b2\">\n#top .flex_column.av-av_one_full-c3f0f78c26a863dc60f14a52019fd8b2{\nmargin-top:0px;\nmargin-bottom:0px;\n}\n.flex_column.av-av_one_full-c3f0f78c26a863dc60f14a52019fd8b2{\nborder-radius:0px 0px 0px 0px;\npadding:0px 0px 0px 0px;\n}\n.responsive #top #wrap_all .flex_column.av-av_one_full-c3f0f78c26a863dc60f14a52019fd8b2{\nmargin-top:0px;\nmargin-bottom:0px;\n}\n<\/style>\n<div  class='flex_column av-av_one_full-c3f0f78c26a863dc60f14a52019fd8b2 av_one_full  avia-builder-el-4  el_before_av_hr  avia-builder-el-first  first flex_column_div av-zero-column-padding  '     ><section  class='av_textblock_section av-av_textblock-0366cc7376be6c9e82a3e9cc8987b64f '   itemscope=\"itemscope\" itemtype=\"https:\/\/schema.org\/CreativeWork\" ><div class='avia_textblock'  itemprop=\"text\" ><h1>Om Maldiverna<\/h1>\n<p><strong>Resm\u00e5let<\/strong><br \/>\nMaldiverna best\u00e5r av 1190 \u00f6ar, som \u00e4r spridda \u00f6ver ett stort omr\u00e5de likt ett p\u00e4rlhalsband. Endast 202 av dessa \u00f6ar \u00e4r bebodda och 87 bes\u00f6ks av turister. Huvudstaden heter Male, med ca 150000 inv\u00e5nare av \u00f6arnas totalt ca 351000. Spr\u00e5ket \u00e4r Dhivehi\/Maldiviska, som \u00e4r ett indoeuropeiskt spr\u00e5k. P\u00e5 hotell\u00f6arna pratar man engelska och tyska.<\/p>\n<p><strong>Allm\u00e4nt<\/strong><br \/>\n\u00d6arna \u00e4r \u00f6verlag ganska sm\u00e5 och h\u00f6gsta h\u00f6jden \u00e4r inte mer \u00e4n tv\u00e5 meter ovanf\u00f6r vattenniv\u00e5n! Maldiverna erbjuder dig en total avkoppling med helt fantastiska str\u00e4nder som inbjuder till ett genuint barfotaliv, att uppt\u00e4cka livet under vattenytan, och vattensporter s\u00e5 klart!<\/p>\n<p>Ut\u00f6ver att Maldiverna \u00e4r perfekt f\u00f6r de som verkligen uppskattar sol och bad, \u00e4r \u00f6arna uppskattade av dykentusiaster. S\u00e5v\u00e4l nyb\u00f6rjare som mer erfarna dykare rankar Maldiverna h\u00f6gt! Livet under vattenytan med alla korallrev som skyddar och bevarar m\u00e5nga fiskarter, \u00e4r fantastiskt.<\/p>\n<p>En annan bidragande orsak till attraktionskraften, \u00e4r naturligtvis ocks\u00e5 att medeltemperaturen i vattnet ligger p\u00e5 ca 28 grader. Dygnstemperaturerna ligger fr\u00e5n 24 nattetid till 33 grader dagtid, \u00e5ret om. December-Mars \u00e4r den torrare perioden, medan perioden april-oktober erbjuder en fuktigare luft med regnperioder. Male flygplats \u00e4r en upplevelse i sig sj\u00e4lvt d\u00e4r den ligger p\u00e5 en egen \u00f6, varifr\u00e5n man forts\u00e4tter \u00e4ventyret men en lokal Dhoni (en n\u00e5got l\u00e5ngsammare motorb\u00e5t), en modernare motorb\u00e5t eller kanske flygtransport med ett klassiskt sj\u00f6flygplan. V\u00e4l framme p\u00e5 din \u00f6, kan semestern och k\u00e4nslan av paradiset starta p\u00e5 riktigt!<\/p>\n<p><strong>N\u00f6jesliv, mat och dryck<\/strong><br \/>\nH\u00e4r bor du p\u00e5 en liten atoll d\u00e4r det huvudsakliga livet utspelar sig p\u00e5 och omkring ditt hotell som tillgodoser utbudet. P\u00e5 v\u00e5ra hotell har du allt du beh\u00f6ver f\u00f6r en h\u00f6gklassig vistelse med h\u00f6g standard och stort utbud p\u00e5 mat och dryck. H\u00e4r \u00e4r det naturligt med god tillg\u00e5ng p\u00e5 havets l\u00e4ckerheter, vilket du med f\u00f6rdel kan avnjuta olika varianter av. V\u00e5ra hotell har dock h\u00f6g standard p\u00e5 sina k\u00f6k och erbjuder ofta sp\u00e4nnande inslag fr\u00e5n s\u00e5v\u00e4l det asiatiska som det europeiska k\u00f6ket. Vissa hotell erbjuder ocks\u00e5 upptr\u00e4danden eller shower. Lokal skatt med 12% och serviceavgift med 10% tillkommer p\u00e5 restaurangpriserna. L\u00e4s mer om hotellet eller h\u00f6r med oss!<\/p>\n<p class=\"western\"><strong>Sol och bad<\/strong><br \/>\nHotellatollerna erbjuder fina, vita str\u00e4nder och ett klart, fint vatten med omkring 28 graders badtemperatur. Solen \u00e4r stark och vi rekommenderar att du anv\u00e4nder solskydd som du l\u00e4mpligast k\u00f6per hemma innan avresan. T\u00e4nk p\u00e5 att undervattensstr\u00f6mmarna kan vara starka. Ditt hotell kan informera dig om vad du b\u00f6r vara observant med just d\u00e4r du bor.<\/p>\n<p class=\"western\"><strong>Sev\u00e4rdheter och aktiviteter<\/strong><br \/>\nDin egen \u00f6 \u00e4r fantastisk i sig och intrycken kan ingen ta ifr\u00e5n dig. Du har i regel utm\u00e4rkta m\u00f6jligheter f\u00f6r att ut\u00f6va dykning och snorkling. Vattensporter finns med olikartad profil som kan skilja sig fr\u00e5n hotell till hotell. L\u00e4s mer om ditt hotell eller h\u00f6r med oss.<\/p>\n<p><strong>Historia<\/strong><br \/>\nBefolkningen kom hit ursprungligen fr\u00e5n Indien, Sri Lanka, \u00f6stra Afrika och arabiska l\u00e4nder. Det r\u00e5dde sultanstyre fr\u00e5n 1100-talet fram till 1700-talet d\u00e5 Maldiverna blev ett brittiskt protektorat med sj\u00e4lvstyre. Sj\u00e4lvst\u00e4ndighet erh\u00f6lls 1965 och sultanatet \u00f6vergick till republik 1968.<\/p>\n<p><strong>Yta<\/strong><br \/>\n298 kvadratkilometer<\/p>\n<p><strong>Inv\u00e5nare<\/strong><br \/>\nCa 351000<\/p>\n<p><strong>Spr\u00e5k<\/strong><br \/>\nDhivehi\/Maldiviska (Indoeuropeiskt spr\u00e5k), Engelska i turistomr\u00e5dena<\/p>\n<p><strong>Huvudstad<\/strong><br \/>\nMale<\/p>\n<p><strong>Klimat<\/strong><br \/>\n\u00d6n har ett varmt och fuktigt klimat med genomsnittstemperaturer \u00f6ver \u00e5ret mellan 24 grader nattetid och upp till 33 grader dagtid. Perioden december \u2013 mars \u00e4r den torra perioden, samtidigt som det \u00e4r betydligt fuktigare och mer nederb\u00f6rd april \u2013 oktober. Regnskurarna g\u00e5r ofta \u00f6ver relativt snabbt och ger luften mer syre och skapar en sk\u00f6n kontrast till det heta solskenet. Vattentemperaturerna ligger alltid p\u00e5 omkring 28 grader. Medelnederb\u00f6rd i maj \u00e4r 250 mm och endast 12 mm i februari.<\/p>\n<p><strong>Valuta<\/strong><br \/>\nRufiyaa (MVR). US dollar och kreditkort p\u00e5 hotell.<\/p>\n<p><strong>Kreditkort<\/strong><strong>:<\/strong><br \/>\nAccepteras p\u00e5 alla hotell. Ta med kontanter i US dollar d\u00e5 kontantuttag p\u00e5 plats inte kan p\u00e5r\u00e4knas.<\/p>\n<p class=\"western\"><strong>Dricks<\/strong><strong>:<\/strong><br \/>\nBetalas l\u00e4mpligast med dollar i mindre val\u00f6rer. Lokal skatt med 12% och serviceavgift med 10% tillkommer p\u00e5 restaurangpriserna.<\/p>\n<p><strong>Tidsskillnad<\/strong><strong>:<\/strong><br \/>\n+4 timmar under vinterhalv\u00e5ret och +3 timmar under sommarhalv\u00e5ret, j\u00e4mf\u00f6rt med svensk tid.<\/p>\n<p><strong>V\u00e4gar, trafik, kommunikation<\/strong><strong>:<\/strong><br \/>\nMan f\u00f6rflyttar sig i huvudsak mellan \u00f6arna med b\u00e5tar av olika slag eller med flyg. P\u00e5 \u00f6arna finna inga kommunikationer.<\/p>\n<p><strong>Elektricitet<\/strong><strong>:<\/strong><br \/>\n230-240 V. Ta med internationell adapter.<\/p>\n<\/div><\/section><\/div>\n<style type=\"text\/css\" data-created_by=\"avia_inline_auto\" id=\"style-css-av-av_hr-0688d0b0b6ed2f8b057db7a8270206df\">\n#top .hr.hr-invisible.av-av_hr-0688d0b0b6ed2f8b057db7a8270206df{\nheight:50px;\n}\n<\/style>\n<div  class='hr av-av_hr-0688d0b0b6ed2f8b057db7a8270206df hr-invisible  avia-builder-el-6  el_after_av_one_full  el_before_av_one_half '><span class='hr-inner '><span class=\"hr-inner-style\"><\/span><\/span><\/div>\n<div class='flex_column_table av-av_one_half-eb22d586db4aa8536998fa6076f87d77 sc-av_one_half av-equal-height-column-flextable'>\n<style type=\"text\/css\" data-created_by=\"avia_inline_auto\" id=\"style-css-av-av_one_half-eb22d586db4aa8536998fa6076f87d77\">\n.flex_column.av-av_one_half-eb22d586db4aa8536998fa6076f87d77{\nborder-radius:0px 0px 0px 0px;\npadding:20px 20px 20px 20px;\nbackground-color:#f7f7f7;\n}\n<\/style>\n<div  class='flex_column av-av_one_half-eb22d586db4aa8536998fa6076f87d77 av_one_half  avia-builder-el-7  el_after_av_hr  el_before_av_one_half  first flex_column_table_cell av-equal-height-column av-align-top  '     ><p>\n<style type=\"text\/css\" data-created_by=\"avia_inline_auto\" id=\"style-css-av-av_heading-5e1bb4e2c977e97b14645873cdebaa13\">\n#top .av-special-heading.av-av_heading-5e1bb4e2c977e97b14645873cdebaa13{\npadding-bottom:10px;\n}\nbody .av-special-heading.av-av_heading-5e1bb4e2c977e97b14645873cdebaa13 .av-special-heading-tag .heading-char{\nfont-size:25px;\n}\n.av-special-heading.av-av_heading-5e1bb4e2c977e97b14645873cdebaa13 .av-subheading{\nfont-size:15px;\n}\n<\/style>\n<div  class='av-special-heading av-av_heading-5e1bb4e2c977e97b14645873cdebaa13 av-special-heading-h3  avia-builder-el-8  el_before_av_iconlist  avia-builder-el-first '><h3 class='av-special-heading-tag '  itemprop=\"headline\"  >Fakta<\/h3><div class=\"special-heading-border\"><div class=\"special-heading-inner-border\"><\/div><\/div><\/div><br \/>\n\n<style type=\"text\/css\" data-created_by=\"avia_inline_auto\" id=\"style-css-av-av_iconlist-999a2d681d06b0992925b5a008e74484\">\n#top .avia-icon-list-container.av-av_iconlist-999a2d681d06b0992925b5a008e74484 .iconlist_icon{\ncolor:#3a3a3a;\nbackground-color:#f7f7f7;\nborder:1px solid #3a3a3a;\n}\n<\/style>\n<div  class='avia-icon-list-container av-av_iconlist-999a2d681d06b0992925b5a008e74484  avia-builder-el-9  el_after_av_heading  avia-builder-el-last '><ul class='avia-icon-list avia_animate_when_almost_visible avia-icon-list-left av-iconlist-big av-av_iconlist-999a2d681d06b0992925b5a008e74484 avia-iconlist-animate'>\n<li><div class='iconlist_icon av-av_iconlist_item-39b279e8171f6829e56095a29a82e327 avia-font-entypo-fontello'><span class='iconlist-char' aria-hidden='true' data-av_icon='\ue84d' data-av_iconfont='entypo-fontello'><\/span><\/div><article class=\"article-icon-entry \"  itemscope=\"itemscope\" itemtype=\"https:\/\/schema.org\/CreativeWork\" ><div class=\"iconlist_content_wrap\"><header class=\"entry-content-header\" aria-label=\"Icon: Visum\"><h4 class='av_iconlist_title iconlist_title  '  itemprop=\"headline\" >Visum<\/h4><\/header><div class='iconlist_content '  itemprop=\"text\" ><p><em>Visum kr\u00e4vs av svenska medborgare och erh\u00e5lls p\u00e5 flygplatsen. <\/em><\/p>\n<\/div><\/div><footer class=\"entry-footer\"><\/footer><\/article><div class=\"iconlist-timeline\"><\/div><\/li>\n<li><div class='iconlist_icon av-av_iconlist_item-e2f1d09a1cbbc00a097234998041fc3d avia-font-entypo-fontello'><span class='iconlist-char' aria-hidden='true' data-av_icon='\ue8cf' data-av_iconfont='entypo-fontello'><\/span><\/div><article class=\"article-icon-entry \"  itemscope=\"itemscope\" itemtype=\"https:\/\/schema.org\/CreativeWork\" ><div class=\"iconlist_content_wrap\"><header class=\"entry-content-header\" aria-label=\"Icon: Valuta\"><h4 class='av_iconlist_title iconlist_title  '  itemprop=\"headline\" >Valuta<\/h4><\/header><div class='iconlist_content '  itemprop=\"text\" ><p><em>Rufiyaa<\/em><\/p>\n<\/div><\/div><footer class=\"entry-footer\"><\/footer><\/article><div class=\"iconlist-timeline\"><\/div><\/li>\n<li><div class='iconlist_icon av-av_iconlist_item-8d5312078593b0174c29e7a8047add13 avia-font-entypo-fontello'><span class='iconlist-char' aria-hidden='true' data-av_icon='\ue866' data-av_iconfont='entypo-fontello'><\/span><\/div><article class=\"article-icon-entry \"  itemscope=\"itemscope\" itemtype=\"https:\/\/schema.org\/CreativeWork\" ><div class=\"iconlist_content_wrap\"><header class=\"entry-content-header\" aria-label=\"Icon: Klimat\"><h4 class='av_iconlist_title iconlist_title  '  itemprop=\"headline\" >Klimat<\/h4><\/header><div class='iconlist_content '  itemprop=\"text\" ><p><em>B\u00e4sta tid att resa \u00e4r september-april<\/em><\/p>\n<\/div><\/div><footer class=\"entry-footer\"><\/footer><\/article><div class=\"iconlist-timeline\"><\/div><\/li>\n<\/ul><\/div><\/p><\/div><div class='av-flex-placeholder'><\/div>\n<style type=\"text\/css\" data-created_by=\"avia_inline_auto\" id=\"style-css-av-av_one_half-c99897e014b6ac50785e16af58e9b83d\">\n.flex_column.av-av_one_half-c99897e014b6ac50785e16af58e9b83d{\nborder-radius:0px 0px 0px 0px;\npadding:20px 20px 20px 20px;\nbackground-color:#f7f7f7;\n}\n<\/style>\n<div  class='flex_column av-av_one_half-c99897e014b6ac50785e16af58e9b83d av_one_half  avia-builder-el-10  el_after_av_one_half  el_before_av_hr  flex_column_table_cell av-equal-height-column av-align-top  '     ><p>\n<style type=\"text\/css\" data-created_by=\"avia_inline_auto\" id=\"style-css-av-av_heading-a8f60ef72849b8b0cf4d08e012dead90\">\n#top .av-special-heading.av-av_heading-a8f60ef72849b8b0cf4d08e012dead90{\npadding-bottom:10px;\n}\nbody .av-special-heading.av-av_heading-a8f60ef72849b8b0cf4d08e012dead90 .av-special-heading-tag .heading-char{\nfont-size:25px;\n}\n.av-special-heading.av-av_heading-a8f60ef72849b8b0cf4d08e012dead90 .av-subheading{\nfont-size:15px;\n}\n<\/style>\n<div  class='av-special-heading av-av_heading-a8f60ef72849b8b0cf4d08e012dead90 av-special-heading-h3  avia-builder-el-11  el_before_av_sidebar  avia-builder-el-first '><h3 class='av-special-heading-tag '  itemprop=\"headline\"  >V\u00e4der<\/h3><div class=\"special-heading-border\"><div class=\"special-heading-inner-border\"><\/div><\/div><\/div><br \/>\n<div  class='avia-builder-widget-area clearfix  avia-builder-el-12  el_after_av_heading  avia-builder-el-last '><div id=\"weer_widget-6\" class=\"widget clearfix weer_widget\">\n        <div id=\"\"\n             class=\"weather_widget_wrap weer-widget weather_widget_style1\"\n             data-text-color='#000000'\n             data-background=\"#f7f7f7\"\n             data-width=\"100\"\n             data-header=\"\"\n             data-days=\"3\"\n             data-sunrise=\"false\"\n             data-wind=\"false\"\n             data-current=\"on\"\n             data-language=\"english\"\n             data-city=\"Male\"\n             data-country=\"Maldives\">\n\n            <div class=\"weather_widget_placeholder\"><\/div>\n            <div style=\"font-size: 14px;text-align: center;padding-top: 6px;padding-bottom: 4px;background: rgba(0,0,0,0.03);\">\n                Powered by <a target=\"_blank\" href=\"https:\/\/www.weer1.com\">Weer1.com<\/a>\n            <\/div>\n        <\/div>\n        <\/div><\/div><\/p><\/div><\/div><!--close column table wrapper. Autoclose: 1 -->\n<style type=\"text\/css\" data-created_by=\"avia_inline_auto\" id=\"style-css-av-av_hr-0688d0b0b6ed2f8b057db7a8270206df\">\n#top .hr.hr-invisible.av-av_hr-0688d0b0b6ed2f8b057db7a8270206df{\nheight:50px;\n}\n<\/style>\n<div  class='hr av-av_hr-0688d0b0b6ed2f8b057db7a8270206df hr-invisible  avia-builder-el-13  el_after_av_one_half  avia-builder-el-last '><span class='hr-inner '><span class=\"hr-inner-style\"><\/span><\/span><\/div>\n\n","protected":false},"excerpt":{"rendered":"","protected":false},"author":2,"featured_media":0,"parent":0,"menu_order":0,"comment_status":"open","ping_status":"open","template":"","meta":{"_vp_format_video_url":"","_vp_image_focal_point":[],"footnotes":""},"class_list":["post-33312","page","type-page","status-publish","hentry"],"_links":{"self":[{"href":"https:\/\/www.goinstyle.se\/maldiverna\/wp-json\/wp\/v2\/pages\/33312","targetHints":{"allow":["GET"]}}],"collection":[{"href":"https:\/\/www.goinstyle.se\/maldiverna\/wp-json\/wp\/v2\/pages"}],"about":[{"href":"https:\/\/www.goinstyle.se\/maldiverna\/wp-json\/wp\/v2\/types\/page"}],"author":[{"embeddable":true,"href":"https:\/\/www.goinstyle.se\/maldiverna\/wp-json\/wp\/v2\/users\/2"}],"replies":[{"embeddable":true,"href":"https:\/\/www.goinstyle.se\/maldiverna\/wp-json\/wp\/v2\/comments?post=33312"}],"version-history":[{"count":3,"href":"https:\/\/www.goinstyle.se\/maldiverna\/wp-json\/wp\/v2\/pages\/33312\/revisions"}],"predecessor-version":[{"id":52087,"href":"https:\/\/www.goinstyle.se\/maldiverna\/wp-json\/wp\/v2\/pages\/33312\/revisions\/52087"}],"wp:attachment":[{"href":"https:\/\/www.goinstyle.se\/maldiverna\/wp-json\/wp\/v2\/media?parent=33312"}],"curies":[{"name":"wp","href":"https:\/\/api.w.org\/{rel}","templated":true}]}}