{"id":18735,"date":"2016-11-24T08:57:33","date_gmt":"2016-11-24T08:57:33","guid":{"rendered":"http:\/\/www.goinstyle.se\/kontakta-oss\/"},"modified":"2024-03-04T19:38:59","modified_gmt":"2024-03-04T17:38:59","slug":"kontakta-oss","status":"publish","type":"page","link":"https:\/\/www.goinstyle.se\/mauritius\/kontakta-oss\/","title":{"rendered":"Kontakta oss"},"content":{"rendered":"\n<style type=\"text\/css\" data-created_by=\"avia_inline_auto\" id=\"style-css-av-f7z77c-51a12941e99223e6fa1a65101ea07a74\">\n.avia-section.av-f7z77c-51a12941e99223e6fa1a65101ea07a74{\nbackground-repeat:no-repeat;\nbackground-image:url(https:\/\/www.goinstyle.se\/wp-content\/uploads\/2018\/06\/go_ins.jpg);\nbackground-position:50% 50%;\nbackground-attachment:scroll;\n}\n<\/style>\n<div id='av_section_1'  class='avia-section av-f7z77c-51a12941e99223e6fa1a65101ea07a74 main_color avia-section-default avia-no-shadow  avia-builder-el-0  el_before_av_section  avia-builder-el-first  avia-full-stretch avia-bg-style-scroll container_wrap fullsize'  data-section-bg-repeat='stretch'><div class='container av-section-cont-open' ><main  role=\"main\" itemprop=\"mainContentOfPage\"  class='template-page content  av-content-full alpha units'><div class='post-entry post-entry-type-page post-entry-18735'><div class='entry-content-wrapper clearfix'>\n\n<style type=\"text\/css\" data-created_by=\"avia_inline_auto\" id=\"style-css-av-dgkbk8-7ecdd50cc4861b3949a7aef7ddd49cfd\">\n#top .hr.hr-invisible.av-dgkbk8-7ecdd50cc4861b3949a7aef7ddd49cfd{\nheight:20px;\n}\n<\/style>\n<div  class='hr av-dgkbk8-7ecdd50cc4861b3949a7aef7ddd49cfd hr-invisible  avia-builder-el-1  el_before_av_heading  avia-builder-el-first '><span class='hr-inner '><span class=\"hr-inner-style\"><\/span><\/span><\/div>\n\n<style type=\"text\/css\" data-created_by=\"avia_inline_auto\" id=\"style-css-av-d1qevs-38225791f195e59c711dee42d03ed68a\">\n#top .av-special-heading.av-d1qevs-38225791f195e59c711dee42d03ed68a{\npadding-bottom:10px;\ncolor:#ffffff;\nfont-size:40px;\n}\nbody .av-special-heading.av-d1qevs-38225791f195e59c711dee42d03ed68a .av-special-heading-tag .heading-char{\nfont-size:25px;\n}\n#top #wrap_all .av-special-heading.av-d1qevs-38225791f195e59c711dee42d03ed68a .av-special-heading-tag{\nfont-size:40px;\n}\n.av-special-heading.av-d1qevs-38225791f195e59c711dee42d03ed68a .special-heading-inner-border{\nborder-color:#ffffff;\n}\n.av-special-heading.av-d1qevs-38225791f195e59c711dee42d03ed68a .av-subheading{\nfont-size:15px;\n}\n\n@media only screen and (min-width: 480px) and (max-width: 767px){ \n#top #wrap_all .av-special-heading.av-d1qevs-38225791f195e59c711dee42d03ed68a .av-special-heading-tag{\nfont-size:0.8em;\n}\n}\n\n@media only screen and (max-width: 479px){ \n#top #wrap_all .av-special-heading.av-d1qevs-38225791f195e59c711dee42d03ed68a .av-special-heading-tag{\nfont-size:0.8em;\n}\n}\n<\/style>\n<div  class='av-special-heading av-d1qevs-38225791f195e59c711dee42d03ed68a av-special-heading-h6 custom-color-heading blockquote modern-quote modern-centered  avia-builder-el-2  el_after_av_hr  avia-builder-el-last  av-inherit-size'><h6 class='av-special-heading-tag '  itemprop=\"headline\"  >Kontakta oss<\/h6><div class=\"special-heading-border\"><div class=\"special-heading-inner-border\"><\/div><\/div><\/div>\n\n<\/div><\/div><\/main><!-- close content main element --><\/div><\/div><div id='av_section_2'  class='avia-section av-44so8-b55a0765aafd19eaf989136405fdbae0 main_color avia-section-default avia-no-shadow  avia-builder-el-3  el_after_av_section  avia-builder-el-last  avia-bg-style-scroll container_wrap fullsize'  ><div class='container av-section-cont-open' ><div class='template-page content  av-content-full alpha units'><div class='post-entry post-entry-type-page post-entry-18735'><div class='entry-content-wrapper clearfix'>\n\n<style type=\"text\/css\" data-created_by=\"avia_inline_auto\" id=\"style-css-av-5i23u0-9ec55b46688ed6a723d1f2837793043a\">\n.flex_column.av-5i23u0-9ec55b46688ed6a723d1f2837793043a{\nborder-radius:0px 0px 0px 0px;\npadding:0px 0px 0px 0px;\n}\n<\/style>\n<div  class='flex_column av-5i23u0-9ec55b46688ed6a723d1f2837793043a av_one_half  avia-builder-el-4  el_before_av_one_half  avia-builder-el-first  first flex_column_div av-zero-column-padding  '     ><section  class='av_textblock_section av-3w2wy0-554d542dbfdcc15a799e71518e83fe52 '   itemscope=\"itemscope\" itemtype=\"https:\/\/schema.org\/CreativeWork\" ><div class='avia_textblock'  itemprop=\"text\" ><h1>H\u00e4r n\u00e5r du oss!<\/h1>\n<p><strong>Telefon G\u00f6teborg<\/strong>: <a href=\"tel:\/\/031846480\">031-846 480<\/a><\/p>\n<p><strong>Telefon Stockholm<\/strong>: <a href=\"tel:\/\/08846460\">08-846 460<\/a><\/p>\n<p><strong>Mail:<\/strong> <a href=\"mailto:info@goinstyle.se?Subject=GoInstyle.se webbmail\">info@goinstyle.se<\/a><\/p>\n<p><strong>V\u00e5ra \u00f6ppettider:<\/strong> M\u00e5ndag &#8211; Fredag 09:00 &#8211; 17:00<\/p>\n<p><em>\u00a0<\/em><\/p>\n\n<style type=\"text\/css\" data-created_by=\"avia_inline_auto\" id=\"style-css-av-1x7wiw-5d17c8f37e363213d9e490dca225e60c\">\n#top .hr.hr-invisible.av-1x7wiw-5d17c8f37e363213d9e490dca225e60c{\nheight:50px;\n}\n<\/style>\n<div  class='hr av-1x7wiw-5d17c8f37e363213d9e490dca225e60c hr-invisible  avia-builder-el-6  avia-builder-el-no-sibling '><span class='hr-inner '><span class=\"hr-inner-style\"><\/span><\/span><\/div>\n<p><a href=\"http:\/\/www.goinstyle.se\"><img loading=\"lazy\" decoding=\"async\" class=\"alignnone wp-image-18890\" src=\"http:\/\/www.goinstyle.se\/wp-content\/uploads\/2016\/11\/instyle-logga_pms-300x79.jpg\" alt=\"\" width=\"252\" height=\"69\" \/><\/a><\/p>\n<\/div><\/section><\/div>\n<style type=\"text\/css\" data-created_by=\"avia_inline_auto\" id=\"style-css-av-9tw3pk-8a8f76c07f3a629ae681f222b42856e5\">\n.flex_column.av-9tw3pk-8a8f76c07f3a629ae681f222b42856e5{\nborder-radius:0px 0px 0px 0px;\npadding:0px 0px 0px 0px;\n}\n<\/style>\n<div  class='flex_column av-9tw3pk-8a8f76c07f3a629ae681f222b42856e5 av_one_half  avia-builder-el-7  el_after_av_one_half  avia-builder-el-last  flex_column_div av-zero-column-padding  '     ><section  class='av_textblock_section av-7si7oo-de95fa3c682314ab5804e5e18264b616 '   itemscope=\"itemscope\" itemtype=\"https:\/\/schema.org\/CreativeWork\" ><div class='avia_textblock'  itemprop=\"text\" ><h1>Kontaktformul\u00e4r<\/h1>\n<div class=\"wpforms-container wpforms-container-full wpforms-form-abandonment wpforms-render-modern\" id=\"wpforms-49449\"><form id=\"wpforms-form-49449\" class=\"wpforms-validate wpforms-form wpforms-ajax-form\" data-formid=\"49449\" method=\"post\" enctype=\"multipart\/form-data\" action=\"\/mauritius\/wp-json\/wp\/v2\/pages\/18735\" data-token=\"d10815dfd66114e44a5218e6ff947417\" data-token-time=\"1777034840\"><noscript class=\"wpforms-error-noscript\">Please enable JavaScript in your browser to complete this form.<\/noscript><div class=\"wpforms-hidden\" id=\"wpforms-error-noscript\">Please enable JavaScript in your browser to complete this form.<\/div><div class=\"wpforms-field-container\"><div id=\"wpforms-49449-field_20-container\" class=\"wpforms-field wpforms-field-layout\" data-field-id=\"20\"><div class=\"wpforms-field-layout-columns wpforms-field-layout-preset-50-50\"><div class=\"wpforms-layout-column wpforms-layout-column-50\" ><div id=\"wpforms-49449-field_0-container\" class=\"wpforms-field wpforms-field-name\" data-field-id=\"0\"><label class=\"wpforms-field-label\" for=\"wpforms-49449-field_0\">Namn <span class=\"wpforms-required-label\" aria-hidden=\"true\">*<\/span><\/label><input type=\"text\" id=\"wpforms-49449-field_0\" class=\"wpforms-field-large wpforms-field-required\" name=\"wpforms[fields][0]\" aria-errormessage=\"wpforms-49449-field_0-error\" required><\/div><div id=\"wpforms-49449-field_1-container\" class=\"wpforms-field wpforms-field-email\" data-field-id=\"1\"><label class=\"wpforms-field-label\" for=\"wpforms-49449-field_1\">E-post <span class=\"wpforms-required-label\" aria-hidden=\"true\">*<\/span><\/label><input type=\"email\" id=\"wpforms-49449-field_1\" class=\"wpforms-field-large wpforms-field-required\" name=\"wpforms[fields][1]\" spellcheck=\"false\" aria-errormessage=\"wpforms-49449-field_1-error\" required><\/div><\/div><div class=\"wpforms-layout-column wpforms-layout-column-50\" ><div id=\"wpforms-49449-field_18-container\" class=\"wpforms-field wpforms-field-phone\" data-field-id=\"18\"><label class=\"wpforms-field-label\" for=\"wpforms-49449-field_18\">Telefon <span class=\"wpforms-required-label\" aria-hidden=\"true\">*<\/span><\/label><input type=\"tel\" id=\"wpforms-49449-field_18\" class=\"wpforms-field-medium wpforms-field-required wpforms-smart-phone-field\" data-rule-smart-phone-field=\"true\" name=\"wpforms[fields][18]\" aria-label=\"Telefon\" aria-errormessage=\"wpforms-49449-field_18-error\" required><\/div><\/div><\/div><\/div><div id=\"wpforms-49449-field_2-container\" class=\"wpforms-field wpforms-field-textarea\" data-field-id=\"2\"><label class=\"wpforms-field-label\" for=\"wpforms-49449-field_2\">Meddelande<\/label><textarea id=\"wpforms-49449-field_2\" class=\"wpforms-field-medium\" name=\"wpforms[fields][2]\" aria-errormessage=\"wpforms-49449-field_2-error\" ><\/textarea><\/div><div id=\"wpforms-49449-field_7-container\" class=\"wpforms-field wpforms-field-checkbox\" data-field-id=\"7\"><fieldset><legend class=\"wpforms-field-label wpforms-label-hide\" aria-hidden=\"false\">Extra<\/legend><ul id=\"wpforms-49449-field_7\"><li class=\"choice-2 depth-1 wpforms-selected\"><input type=\"checkbox\" id=\"wpforms-49449-field_7_2\" name=\"wpforms[fields][7][]\" value=\"Ja tack, l\u00e5t Go InStyle&#039;s nyhetsbrev inspirera mig med restips, upplevelser och nya resm\u00e5l!\" aria-errormessage=\"wpforms-49449-field_7_2-error\" aria-describedby=\"wpforms-49449-field_7-description\"   checked='checked'><label class=\"wpforms-field-label-inline\" for=\"wpforms-49449-field_7_2\">Ja tack, l\u00e5t Go InStyle's nyhetsbrev inspirera mig med restips, upplevelser och nya resm\u00e5l!<\/label><\/li><\/ul><div id=\"wpforms-49449-field_7-description\" class=\"wpforms-field-description\">Vi f\u00f6ljer GDPR och anv\u00e4nder endast era l\u00e4mnade uppgifter till att skapa b\u00e4sta m\u00f6jliga resa f\u00f6r er. Vi l\u00e4mnar aldrig ut informationen till 3:e part. Om formul\u00e4ret ej skickas iv\u00e4g och du ej f\u00e5r en bekr\u00e4ftelse h\u00e4r p\u00e5 sidan direkt, kontrollera d\u00e5 att du fyllt i alla f\u00e4lt ovan med en * som kr\u00e4vs. Prova sedan att skicka igen.<\/div><\/fieldset><\/div><div id=\"wpforms-49449-field_23-container\" class=\"wpforms-field wpforms-field-captcha\" data-field-id=\"23\"><label class=\"wpforms-field-label wpforms-label-hide\" for=\"wpforms-49449-field_23\" aria-hidden=\"false\">Vad blir talet? <span class=\"wpforms-required-label\" aria-hidden=\"true\">*<\/span><\/label><p id=\"wpforms-49449-field_23-question\" class=\"wpforms-captcha-question\">Vad \u00e4r 5*5?<\/p>\n\t\t<input type=\"text\" id=\"wpforms-49449-field_23\" class=\"wpforms-field-medium wpforms-field-required a\" data-rule-wpf-captcha=\"qa\" data-is-wrapped-field=\"1\" data-a=\"25\" name=\"wpforms[fields][23][a]\" aria-errormessage=\"wpforms-49449-field_23-error\" aria-describedby=\"wpforms-49449-field_23-description wpforms-49449-field_23-question\" required>\n\t\t<input type=\"hidden\" name=\"wpforms[fields][23][q]\" value=\"3\">\n\n\t\t<div id=\"wpforms-49449-field_23-description\" class=\"wpforms-field-description\">Svara p\u00e5 fr\u00e5gan ovan och kryssa i rutan nedan, innan du klickar p\u00e5 Skicka-knappen. Detta motverkar skr\u00e4ppost. Tack.<\/div><\/div><\/div><!-- .wpforms-field-container --><div class=\"wpforms-recaptcha-container wpforms-is-recaptcha wpforms-is-recaptcha-type-v2\" ><div class=\"g-recaptcha\" data-sitekey=\"6LearJkpAAAAAJPGbEu4rKfKNIil4LlBxIcxyU_H\"><\/div><input type=\"text\" name=\"g-recaptcha-hidden\" class=\"wpforms-recaptcha-hidden\" style=\"position:absolute!important;clip:rect(0,0,0,0)!important;height:1px!important;width:1px!important;border:0!important;overflow:hidden!important;padding:0!important;margin:0!important;\" data-rule-recaptcha=\"1\"><\/div><div class=\"wpforms-submit-container\" ><input type=\"hidden\" name=\"wpforms[id]\" value=\"49449\"><input type=\"hidden\" name=\"page_title\" value=\"\"><input type=\"hidden\" name=\"page_url\" value=\"https:\/\/www.goinstyle.se\/mauritius\/wp-json\/wp\/v2\/pages\/18735\"><button type=\"submit\" name=\"wpforms[submit]\" id=\"wpforms-submit-49449\" class=\"wpforms-submit\" data-alt-text=\"Skickar \u2026\" data-submit-text=\"SKICKA\" aria-live=\"assertive\" value=\"wpforms-submit\">SKICKA<\/button><img loading=\"lazy\" decoding=\"async\" src=\"https:\/\/www.goinstyle.se\/wp-content\/plugins\/wpforms\/assets\/images\/submit-spin.svg\" class=\"wpforms-submit-spinner\" style=\"display: none;\" width=\"26\" height=\"26\" alt=\"Loading\"><\/div><\/form><\/div>  <!-- .wpforms-container -->\n<\/div><\/section><\/div>\n","protected":false},"excerpt":{"rendered":"","protected":false},"author":2,"featured_media":0,"parent":0,"menu_order":0,"comment_status":"open","ping_status":"closed","template":"","meta":{"_vp_format_video_url":"","_vp_image_focal_point":[],"footnotes":""},"class_list":["post-18735","page","type-page","status-publish","hentry"],"_links":{"self":[{"href":"https:\/\/www.goinstyle.se\/mauritius\/wp-json\/wp\/v2\/pages\/18735","targetHints":{"allow":["GET"]}}],"collection":[{"href":"https:\/\/www.goinstyle.se\/mauritius\/wp-json\/wp\/v2\/pages"}],"about":[{"href":"https:\/\/www.goinstyle.se\/mauritius\/wp-json\/wp\/v2\/types\/page"}],"author":[{"embeddable":true,"href":"https:\/\/www.goinstyle.se\/mauritius\/wp-json\/wp\/v2\/users\/2"}],"replies":[{"embeddable":true,"href":"https:\/\/www.goinstyle.se\/mauritius\/wp-json\/wp\/v2\/comments?post=18735"}],"version-history":[{"count":30,"href":"https:\/\/www.goinstyle.se\/mauritius\/wp-json\/wp\/v2\/pages\/18735\/revisions"}],"predecessor-version":[{"id":49635,"href":"https:\/\/www.goinstyle.se\/mauritius\/wp-json\/wp\/v2\/pages\/18735\/revisions\/49635"}],"wp:attachment":[{"href":"https:\/\/www.goinstyle.se\/mauritius\/wp-json\/wp\/v2\/media?parent=18735"}],"curies":[{"name":"wp","href":"https:\/\/api.w.org\/{rel}","templated":true}]}}