{"id":26596,"date":"2017-06-20T09:56:52","date_gmt":"2017-06-20T09:56:52","guid":{"rendered":"http:\/\/www.goinstyle.se\/?page_id=26596\/"},"modified":"2018-06-27T15:56:58","modified_gmt":"2018-06-27T13:56:58","slug":"om-nicaragua-2","status":"publish","type":"page","link":"https:\/\/www.goinstyle.se\/nicaragua\/om-nicaragua-2\/","title":{"rendered":"Om Nicaragua"},"content":{"rendered":"\n<style type=\"text\/css\" data-created_by=\"avia_inline_auto\" id=\"style-css-av-av_section-4370042a55a6a9bcc5523bf6a09cdf34\">\n.avia-section.av-av_section-4370042a55a6a9bcc5523bf6a09cdf34{\nbackground-repeat:no-repeat;\nbackground-image:url(https:\/\/www.goinstyle.se\/wp-content\/uploads\/2017\/06\/nicaragua_berg.jpg);\nbackground-position:50% 100%;\nbackground-attachment:scroll;\n}\n<\/style>\n<div id='av_section_1'  class='avia-section av-av_section-4370042a55a6a9bcc5523bf6a09cdf34 main_color avia-section-default avia-no-shadow  avia-builder-el-0  el_before_av_section  avia-builder-el-first  avia-full-stretch avia-bg-style-scroll container_wrap fullsize'  data-section-bg-repeat='stretch'><div class='container av-section-cont-open' ><main  role=\"main\" itemprop=\"mainContentOfPage\"  class='template-page content  av-content-full alpha units'><div class='post-entry post-entry-type-page post-entry-26596'><div class='entry-content-wrapper clearfix'>\n\n<style type=\"text\/css\" data-created_by=\"avia_inline_auto\" id=\"style-css-av-av_hr-a6de236e6c183bbbd700292deacd2b52\">\n#top .hr.hr-invisible.av-av_hr-a6de236e6c183bbbd700292deacd2b52{\nheight:20px;\n}\n<\/style>\n<div  class='hr av-av_hr-a6de236e6c183bbbd700292deacd2b52 hr-invisible  avia-builder-el-1  el_before_av_heading  avia-builder-el-first '><span class='hr-inner '><span class=\"hr-inner-style\"><\/span><\/span><\/div>\n\n<style type=\"text\/css\" data-created_by=\"avia_inline_auto\" id=\"style-css-av-av_heading-6ae1f25763baf5f91739ddfba5758b9a\">\n#top .av-special-heading.av-av_heading-6ae1f25763baf5f91739ddfba5758b9a{\npadding-bottom:10px;\ncolor:#ffffff;\nfont-size:40px;\n}\nbody .av-special-heading.av-av_heading-6ae1f25763baf5f91739ddfba5758b9a .av-special-heading-tag .heading-char{\nfont-size:25px;\n}\n#top #wrap_all .av-special-heading.av-av_heading-6ae1f25763baf5f91739ddfba5758b9a .av-special-heading-tag{\nfont-size:40px;\n}\n.av-special-heading.av-av_heading-6ae1f25763baf5f91739ddfba5758b9a .special-heading-inner-border{\nborder-color:#ffffff;\n}\n.av-special-heading.av-av_heading-6ae1f25763baf5f91739ddfba5758b9a .av-subheading{\nfont-size:15px;\n}\n\n@media only screen and (min-width: 480px) and (max-width: 767px){ \n#top #wrap_all .av-special-heading.av-av_heading-6ae1f25763baf5f91739ddfba5758b9a .av-special-heading-tag{\nfont-size:0.8em;\n}\n}\n\n@media only screen and (max-width: 479px){ \n#top #wrap_all .av-special-heading.av-av_heading-6ae1f25763baf5f91739ddfba5758b9a .av-special-heading-tag{\nfont-size:0.8em;\n}\n}\n<\/style>\n<div  class='av-special-heading av-av_heading-6ae1f25763baf5f91739ddfba5758b9a av-special-heading-h6 custom-color-heading blockquote modern-quote modern-centered  avia-builder-el-2  el_after_av_hr  avia-builder-el-last  av-inherit-size'><h6 class='av-special-heading-tag '  itemprop=\"headline\"  >Om Nicaragua<\/h6><div class=\"special-heading-border\"><div class=\"special-heading-inner-border\"><\/div><\/div><\/div>\n\n<\/div><\/div><\/main><!-- close content main element --><\/div><\/div><div id='divbred'  class='avia-section av-av_section-f69f9b9995685ee5a4eaf64d6d9c3d13 main_color avia-section-default avia-no-shadow  avia-builder-el-3  el_after_av_section  el_before_av_one_full  avia-bg-style-scroll container_wrap fullsize'  ><div class='container av-section-cont-open' ><div class='template-page content  av-content-full alpha units'><div class='post-entry post-entry-type-page post-entry-26596'><div class='entry-content-wrapper clearfix'>\n<section  class='av_textblock_section av-av_textblock-0366cc7376be6c9e82a3e9cc8987b64f '   itemscope=\"itemscope\" itemtype=\"https:\/\/schema.org\/CreativeWork\" ><div class='avia_textblock'  itemprop=\"text\" ><pre><code><nav aria-label=\"breadcrumbs\">\n            <div class=\"breadcrumb-container theme1\">\n                <ol>\n                    <li><a title=\"Du \u00e4r h\u00e4r:\" href=\"#\"><span>Du \u00e4r h\u00e4r:<\/span><\/a><span class=\"separator\">\u00bb<\/span><\/li>\n                    <\/ol>\n            <\/div>\n        <\/nav>    <script type=\"application\/ld+json\">\n        {\n            \"@context\": \"http:\/\/schema.org\",\n            \"@type\": \"BreadcrumbList\",\n            \"itemListElement\": [\n                 {\n                            \"@type\": \"ListItem\",\n                            \"position\": 1,\n                            \"item\": {\n                                \"@id\": \"#\",\n                                \"name\": \"Du \u00e4r h\u00e4r:\"\n                            }\n                        }\n                                                    ]\n        }\n    <\/script>\n   \n    <script>\n            <\/script>\n<\/code><\/pre>\n<\/div><\/section>\n<\/div><\/div><\/div><!-- close content main div --><\/div><\/div><div id='after_section_2'  class='main_color av_default_container_wrap container_wrap fullsize'  ><div class='container av-section-cont-open' ><div class='template-page content  av-content-full alpha units'><div class='post-entry post-entry-type-page post-entry-26596'><div class='entry-content-wrapper clearfix'>\n\n<style type=\"text\/css\" data-created_by=\"avia_inline_auto\" id=\"style-css-av-av_one_full-c3f0f78c26a863dc60f14a52019fd8b2\">\n#top .flex_column.av-av_one_full-c3f0f78c26a863dc60f14a52019fd8b2{\nmargin-top:0px;\nmargin-bottom:0px;\n}\n.flex_column.av-av_one_full-c3f0f78c26a863dc60f14a52019fd8b2{\nborder-radius:0px 0px 0px 0px;\npadding:0px 0px 0px 0px;\n}\n.responsive #top #wrap_all .flex_column.av-av_one_full-c3f0f78c26a863dc60f14a52019fd8b2{\nmargin-top:0px;\nmargin-bottom:0px;\n}\n<\/style>\n<div  class='flex_column av-av_one_full-c3f0f78c26a863dc60f14a52019fd8b2 av_one_full  avia-builder-el-5  el_after_av_section  el_before_av_hr  avia-builder-el-first  first flex_column_div av-zero-column-padding  '     ><section  class='av_textblock_section av-av_textblock-0366cc7376be6c9e82a3e9cc8987b64f '   itemscope=\"itemscope\" itemtype=\"https:\/\/schema.org\/CreativeWork\" ><div class='avia_textblock'  itemprop=\"text\" ><h1>Om Nicaragua<\/h1>\n<p><strong>Resm\u00e5let<\/strong><\/p>\n<p>Nicaragua ligger mitt i Centralamerika, h\u00e4r finns det totalt 78 naturparker som skyddar landets rika flora och fauna. De koloniala st\u00e4derna imponerar med sin historia och v\u00e4lbevarade arkitektur. Huvudstaden heter Managua, med ca 2,3 miljoner inv\u00e5nare av landets totalt ca 6,2 miljoner. Huvudspr\u00e5ket \u00e4r spanska men p\u00e5 hotellen och turistiska platser pratar man \u00e4ven engelska.<\/p>\n<p><strong>Allm\u00e4nt<\/strong><\/p>\n<p>Nicaragua \u00e4r en av de s\u00e4krare l\u00e4nderna i hela Centralamerika. Tack vare landets m\u00e5ngfald av natur, kultur, gastronomi och arkitektur v\u00e4xer turismen i stadig takt. Den huvudsakliga livn\u00e4ringen \u00e4r fortfarande jordbruk.<\/p>\n<p><strong>N\u00f6jesliv, mat och dryck<\/strong><\/p>\n<p>Nicaragua har ett stort och varierat gastronomiskt utbud. M\u00e5nga av r\u00e4tterna kommer fr\u00e5n den precolombianska tiden och den viktigaste ingrediensen \u00e4r majs som ocks\u00e5 anv\u00e4nds i exotiska drinkar. R\u00e4tterna inneh\u00e5ller m\u00e5nga tropiska ingredienser. Provsmaka g\u00e4rna p\u00e5 n\u00e5got av f\u00f6ljande r\u00e4tter: nacatamal, vigor\u00f3n, gallo pinto, quesillo. De flesta nationella r\u00e4tter finns i de lokala restaurangerna. Det finns ett brett utbud av n\u00f6jesliv i de mest k\u00e4nda st\u00e4derna Managua, Granada, L\u00e9on och San Juan del Sur. F\u00f6r de som \u00e4r intresserade av musik och dans, finns det \u00e4ven en stor variation av traditionella festivaler under hela \u00e5ret.<\/p>\n<p class=\"western\"><strong>Sol och bad<\/strong><\/p>\n<p>F\u00f6rutom de fantastiska naturparkerna kan Nicaragua erbjuda m\u00e5nga unika str\u00e4nder b\u00e5de vid Stillahavskusten och p\u00e5 den Karibiska kusten. Det \u00e4r vid Stilla Havet surfarna h\u00e5ller till. Dyka eller snorkla kan man g\u00f6ra i Karibiens kristallklara vatten. Vattentemperaturer ligger runt 27 grader.<\/p>\n<p class=\"western\">Solen \u00e4r stark och vi rekommenderar att du anv\u00e4nder solskydd.<\/p>\n<p class=\"western\"><strong>Sev\u00e4rdheter och aktiviteter<\/strong><\/p>\n<p>Kulturen varierar i de olika regionerna. Huvudstaden Managua \u00e4r den perfekta platsen f\u00f6r konserter och andra kulturella aktiviteter. Granada och L\u00e9on \u00e4r landets koloniala st\u00e4der. H\u00e4r kan man f\u00f6rutom att beundra den vackra koloniala arkitekturen \u00e4ven bes\u00f6ka museum, men missa inte aktiviteter s\u00e5 som att vandra, paddla kajak eller cykla i de omgivande naturomr\u00e5den.<\/p>\n<p>Nicaragua \u00e4r k\u00e4nt f\u00f6r att vara sj\u00f6arnas och vulkanernas land. N\u00e5gra av vulkanerna \u00e4r fortfarande aktiva och de flesta vulkaner \u00e4r l\u00e4ttillg\u00e4ngliga. De mest popul\u00e4ra \u00e4r Masaya vulkanen, Mombacho, Maderas och Concepci\u00f3n (de tv\u00e5 sistn\u00e4mnda befinner sig b\u00e5da i Omepete \u00f6n som ligger i Central Amerikas st\u00f6rsta s\u00f6tvatten reservoar) och Cerro Negro d\u00e4r man kan sandsurfa ner i full fart.<\/p>\n<p><strong>Historia<\/strong><\/p>\n<p>Nicaraguas fascinerande historia b\u00f6rjar f\u00f6r 6000 \u00e5r sedan d\u00e5 man hittat en m\u00e4nniskas fotavtryck i vulkanisk lera n\u00e4ra Managua sj\u00f6n. Enligt arkeologiska studier var det ett nomadiskt folk som flyttade runt i Centralamerika, fr\u00e5n norr till s\u00f6der och tv\u00e4rtom. Chorotegas och Nahuas-Nicaraguas heter de tv\u00e5 st\u00f6rsta folkstammarna som bebodde omr\u00e5det d\u00e5 spanjorerna anl\u00e4nde \u00e5r 1524. Dessa viktiga stammar kom ursprungligen ifr\u00e5n Mexiko och de spred sina traditioner runt om i Centralamerika med andra mesoamerikanska grupper. Granada var kolonialtidens huvudstad. Nicaragua blev sj\u00e4lvst\u00e4ndigt \u00e5r 1821, efter att ha varit en spansk koloni i n\u00e4rap\u00e5 300 \u00e5r.<\/p>\n<p><strong>Yta<\/strong><br \/>\n130,375 kvadratmeter<\/p>\n<p><strong>Inv\u00e5nare<\/strong><br \/>\nCa 6,2 miljoner<\/p>\n<p><strong>Spr\u00e5k<\/strong><br \/>\nSpanska, engelska, kreol<\/p>\n<p><strong>Huvudstad<\/strong><br \/>\nManagua<\/p>\n<p><strong>Klimat<\/strong><br \/>\nNicaragua har tropiskt klimat med en torr- och regnperiod. Det kan variera beroende p\u00e5 i vilket omr\u00e5de. Torrperioden (oftast fr\u00e5n januari till mitten p\u00e5 maj) \u00e4r varmt och utan regn, bra f\u00f6r strandsemester. Regnperioden (oftast fr\u00e5n mitten av maj till november) \u00e4r svalare med tropiskt regn de flesta dagar. Under denna period kan temperaturen dala till 20 C eller mindre i de norra delarna av landet.<\/p>\n<p><strong>Valuta<\/strong><br \/>\nGold cordoba (NIO). US dollar och kreditkort p\u00e5 hotell, restauranger och i de flesta aff\u00e4rer.<\/p>\n<p><strong>Kreditkort<\/strong><strong>:<\/strong><br \/>\nAccepteras p\u00e5 alla hotell, restauranger och i de flesta aff\u00e4rer.<\/p>\n<p class=\"western\"><strong>Dricks<\/strong><strong>:<\/strong><br \/>\nDricks kan variera. Ibland kan dricksen redan vara inkluderad i totalpriset (10%).\u00a0\u00a0F\u00f6r hotell och guider, betalas dricks beroende p\u00e5 kvalitet av service.<\/p>\n<p><strong>Tidsskillnad<\/strong><strong>:<\/strong><br \/>\n-7 timmar under vinterhalv\u00e5ret och -8 timmar under sommarhalv\u00e5ret, j\u00e4mf\u00f6rt med svensk tid.<\/p>\n<p><strong>V\u00e4gar, trafik, kommunikation<\/strong><strong>:<\/strong><br \/>\nH\u00f6gertrafik. V\u00e4garna \u00e4r generellt v\u00e4l underh\u00e5llna.<\/p>\n<p><strong>Elektricitet<\/strong><strong>:<\/strong><br \/>\n120 V. Ta med internationell adapter.<\/p>\n<\/div><\/section><\/div>\n<style type=\"text\/css\" data-created_by=\"avia_inline_auto\" id=\"style-css-av-av_hr-0688d0b0b6ed2f8b057db7a8270206df\">\n#top .hr.hr-invisible.av-av_hr-0688d0b0b6ed2f8b057db7a8270206df{\nheight:50px;\n}\n<\/style>\n<div  class='hr av-av_hr-0688d0b0b6ed2f8b057db7a8270206df hr-invisible  avia-builder-el-7  el_after_av_one_full  el_before_av_one_half '><span class='hr-inner '><span class=\"hr-inner-style\"><\/span><\/span><\/div><\/p>\n<div class='flex_column_table av-av_one_half-eb22d586db4aa8536998fa6076f87d77 sc-av_one_half av-equal-height-column-flextable'>\n<style type=\"text\/css\" data-created_by=\"avia_inline_auto\" id=\"style-css-av-av_one_half-eb22d586db4aa8536998fa6076f87d77\">\n.flex_column.av-av_one_half-eb22d586db4aa8536998fa6076f87d77{\nborder-radius:0px 0px 0px 0px;\npadding:20px 20px 20px 20px;\nbackground-color:#f7f7f7;\n}\n<\/style>\n<div  class='flex_column av-av_one_half-eb22d586db4aa8536998fa6076f87d77 av_one_half  avia-builder-el-8  el_after_av_hr  el_before_av_one_half  first flex_column_table_cell av-equal-height-column av-align-top  '     ><p>\n<style type=\"text\/css\" data-created_by=\"avia_inline_auto\" id=\"style-css-av-av_heading-5e1bb4e2c977e97b14645873cdebaa13\">\n#top .av-special-heading.av-av_heading-5e1bb4e2c977e97b14645873cdebaa13{\npadding-bottom:10px;\n}\nbody .av-special-heading.av-av_heading-5e1bb4e2c977e97b14645873cdebaa13 .av-special-heading-tag .heading-char{\nfont-size:25px;\n}\n.av-special-heading.av-av_heading-5e1bb4e2c977e97b14645873cdebaa13 .av-subheading{\nfont-size:15px;\n}\n<\/style>\n<div  class='av-special-heading av-av_heading-5e1bb4e2c977e97b14645873cdebaa13 av-special-heading-h3  avia-builder-el-9  el_before_av_iconlist  avia-builder-el-first '><h3 class='av-special-heading-tag '  itemprop=\"headline\"  >Fakta<\/h3><div class=\"special-heading-border\"><div class=\"special-heading-inner-border\"><\/div><\/div><\/div><br \/>\n\n<style type=\"text\/css\" data-created_by=\"avia_inline_auto\" id=\"style-css-av-av_iconlist-999a2d681d06b0992925b5a008e74484\">\n#top .avia-icon-list-container.av-av_iconlist-999a2d681d06b0992925b5a008e74484 .iconlist_icon{\ncolor:#3a3a3a;\nbackground-color:#f7f7f7;\nborder:1px solid #3a3a3a;\n}\n<\/style>\n<div  class='avia-icon-list-container av-av_iconlist-999a2d681d06b0992925b5a008e74484  avia-builder-el-10  el_after_av_heading  avia-builder-el-last '><ul class='avia-icon-list avia_animate_when_almost_visible avia-icon-list-left av-iconlist-big av-av_iconlist-999a2d681d06b0992925b5a008e74484 avia-iconlist-animate'>\n<li><div class='iconlist_icon av-av_iconlist_item-39b279e8171f6829e56095a29a82e327 avia-font-entypo-fontello'><span class='iconlist-char' aria-hidden='true' data-av_icon='\ue84d' data-av_iconfont='entypo-fontello'><\/span><\/div><article class=\"article-icon-entry \"  itemscope=\"itemscope\" itemtype=\"https:\/\/schema.org\/CreativeWork\" ><div class=\"iconlist_content_wrap\"><header class=\"entry-content-header\" aria-label=\"Icon: Visum\"><h4 class='av_iconlist_title iconlist_title  '  itemprop=\"headline\" >Visum<\/h4><\/header><div class='iconlist_content '  itemprop=\"text\" ><p><em>Visum beh\u00f6vs inte f\u00f6r svenska medborgare p\u00e5 turistvistelse i upp till 90 dagar.\u00a0<\/em><\/p>\n<\/div><\/div><footer class=\"entry-footer\"><\/footer><\/article><div class=\"iconlist-timeline\"><\/div><\/li>\n<li><div class='iconlist_icon av-av_iconlist_item-e2f1d09a1cbbc00a097234998041fc3d avia-font-entypo-fontello'><span class='iconlist-char' aria-hidden='true' data-av_icon='\ue8cf' data-av_iconfont='entypo-fontello'><\/span><\/div><article class=\"article-icon-entry \"  itemscope=\"itemscope\" itemtype=\"https:\/\/schema.org\/CreativeWork\" ><div class=\"iconlist_content_wrap\"><header class=\"entry-content-header\" aria-label=\"Icon: Valuta\"><h4 class='av_iconlist_title iconlist_title  '  itemprop=\"headline\" >Valuta<\/h4><\/header><div class='iconlist_content '  itemprop=\"text\" ><p><em>C\u00f3rdoba<\/em><\/p>\n<\/div><\/div><footer class=\"entry-footer\"><\/footer><\/article><div class=\"iconlist-timeline\"><\/div><\/li>\n<li><div class='iconlist_icon av-av_iconlist_item-8d5312078593b0174c29e7a8047add13 avia-font-entypo-fontello'><span class='iconlist-char' aria-hidden='true' data-av_icon='\ue866' data-av_iconfont='entypo-fontello'><\/span><\/div><article class=\"article-icon-entry \"  itemscope=\"itemscope\" itemtype=\"https:\/\/schema.org\/CreativeWork\" ><div class=\"iconlist_content_wrap\"><header class=\"entry-content-header\" aria-label=\"Icon: Klimat\"><h4 class='av_iconlist_title iconlist_title  '  itemprop=\"headline\" >Klimat<\/h4><\/header><div class='iconlist_content '  itemprop=\"text\" ><p><em>Klimat &#8211; B\u00e4sta tiden att resa \u00e4r november-maj d\u00e5 det \u00e4r torrperiod. Nicaragua har tropiskt klimat med varm temperatur hela \u00e5ret. Det kan bli r\u00e4tt s\u00e5 varmt under april och maj. Regnperioden \u00e4r under juni-oktober.\u00a0<\/em><\/p>\n<\/div><\/div><footer class=\"entry-footer\"><\/footer><\/article><div class=\"iconlist-timeline\"><\/div><\/li>\n<\/ul><\/div><\/p><\/div><div class='av-flex-placeholder'><\/div>\n<style type=\"text\/css\" data-created_by=\"avia_inline_auto\" id=\"style-css-av-av_one_half-c99897e014b6ac50785e16af58e9b83d\">\n.flex_column.av-av_one_half-c99897e014b6ac50785e16af58e9b83d{\nborder-radius:0px 0px 0px 0px;\npadding:20px 20px 20px 20px;\nbackground-color:#f7f7f7;\n}\n<\/style>\n<div  class='flex_column av-av_one_half-c99897e014b6ac50785e16af58e9b83d av_one_half  avia-builder-el-11  el_after_av_one_half  el_before_av_hr  flex_column_table_cell av-equal-height-column av-align-top  '     ><p>\n<style type=\"text\/css\" data-created_by=\"avia_inline_auto\" id=\"style-css-av-av_heading-a8f60ef72849b8b0cf4d08e012dead90\">\n#top .av-special-heading.av-av_heading-a8f60ef72849b8b0cf4d08e012dead90{\npadding-bottom:10px;\n}\nbody .av-special-heading.av-av_heading-a8f60ef72849b8b0cf4d08e012dead90 .av-special-heading-tag .heading-char{\nfont-size:25px;\n}\n.av-special-heading.av-av_heading-a8f60ef72849b8b0cf4d08e012dead90 .av-subheading{\nfont-size:15px;\n}\n<\/style>\n<div  class='av-special-heading av-av_heading-a8f60ef72849b8b0cf4d08e012dead90 av-special-heading-h3  avia-builder-el-12  el_before_av_sidebar  avia-builder-el-first '><h3 class='av-special-heading-tag '  itemprop=\"headline\"  >V\u00e4der<\/h3><div class=\"special-heading-border\"><div class=\"special-heading-inner-border\"><\/div><\/div><\/div><br \/>\n<div  class='avia-builder-widget-area clearfix  avia-builder-el-13  el_after_av_heading  avia-builder-el-last '><div id=\"weer_widget-19\" class=\"widget clearfix weer_widget\">\n        <div id=\"\"\n             class=\"weather_widget_wrap weer-widget weather_widget_style1\"\n             data-text-color='#000000'\n             data-background=\"#f7f7f7\"\n             data-width=\"100\"\n             data-header=\"\"\n             data-days=\"3\"\n             data-sunrise=\"false\"\n             data-wind=\"false\"\n             data-current=\"on\"\n             data-language=\"english\"\n             data-city=\"Managua\"\n             data-country=\"Nicaragua\">\n\n            <div class=\"weather_widget_placeholder\"><\/div>\n            <div style=\"font-size: 14px;text-align: center;padding-top: 6px;padding-bottom: 4px;background: rgba(0,0,0,0.03);\">\n                Powered by <a target=\"_blank\" href=\"https:\/\/www.weer1.com\">Weer1.com<\/a>\n            <\/div>\n        <\/div>\n        <\/div><\/div><\/p><\/div><\/div><!--close column table wrapper. Autoclose: 1 --><\/p>\n\n<style type=\"text\/css\" data-created_by=\"avia_inline_auto\" id=\"style-css-av-av_hr-0688d0b0b6ed2f8b057db7a8270206df\">\n#top .hr.hr-invisible.av-av_hr-0688d0b0b6ed2f8b057db7a8270206df{\nheight:50px;\n}\n<\/style>\n<div  class='hr av-av_hr-0688d0b0b6ed2f8b057db7a8270206df hr-invisible  avia-builder-el-14  el_after_av_one_half  avia-builder-el-last '><span class='hr-inner '><span class=\"hr-inner-style\"><\/span><\/span><\/div>\n","protected":false},"excerpt":{"rendered":"","protected":false},"author":2,"featured_media":0,"parent":0,"menu_order":0,"comment_status":"closed","ping_status":"closed","template":"","meta":{"_vp_format_video_url":"","_vp_image_focal_point":[],"footnotes":""},"class_list":["post-26596","page","type-page","status-publish","hentry"],"_links":{"self":[{"href":"https:\/\/www.goinstyle.se\/nicaragua\/wp-json\/wp\/v2\/pages\/26596","targetHints":{"allow":["GET"]}}],"collection":[{"href":"https:\/\/www.goinstyle.se\/nicaragua\/wp-json\/wp\/v2\/pages"}],"about":[{"href":"https:\/\/www.goinstyle.se\/nicaragua\/wp-json\/wp\/v2\/types\/page"}],"author":[{"embeddable":true,"href":"https:\/\/www.goinstyle.se\/nicaragua\/wp-json\/wp\/v2\/users\/2"}],"replies":[{"embeddable":true,"href":"https:\/\/www.goinstyle.se\/nicaragua\/wp-json\/wp\/v2\/comments?post=26596"}],"version-history":[{"count":14,"href":"https:\/\/www.goinstyle.se\/nicaragua\/wp-json\/wp\/v2\/pages\/26596\/revisions"}],"predecessor-version":[{"id":33379,"href":"https:\/\/www.goinstyle.se\/nicaragua\/wp-json\/wp\/v2\/pages\/26596\/revisions\/33379"}],"wp:attachment":[{"href":"https:\/\/www.goinstyle.se\/nicaragua\/wp-json\/wp\/v2\/media?parent=26596"}],"curies":[{"name":"wp","href":"https:\/\/api.w.org\/{rel}","templated":true}]}}