{"id":3481,"date":"2016-11-24T09:10:37","date_gmt":"2016-11-24T09:10:37","guid":{"rendered":"http:\/\/www.goinstyle.se\/om-maldiverna\/"},"modified":"2018-06-28T13:01:31","modified_gmt":"2018-06-28T11:01:31","slug":"om-sri-lanka-2","status":"publish","type":"page","link":"https:\/\/www.goinstyle.se\/srilanka\/om-sri-lanka-2\/","title":{"rendered":"Om Sri Lanka"},"content":{"rendered":"\n<style type=\"text\/css\" data-created_by=\"avia_inline_auto\" id=\"style-css-av-av_section-29469eea2d0534610e9c155c5bfd363b\">\n.avia-section.av-av_section-29469eea2d0534610e9c155c5bfd363b{\nbackground-repeat:no-repeat;\nbackground-image:url(https:\/\/www.goinstyle.se\/wp-content\/uploads\/2016\/11\/srilanka_toppbild2.jpg);\nbackground-position:50% 0%;\nbackground-attachment:scroll;\n}\n<\/style>\n<div id='av_section_1'  class='avia-section av-av_section-29469eea2d0534610e9c155c5bfd363b main_color avia-section-default avia-no-shadow  avia-builder-el-0  el_before_av_section  avia-builder-el-first  avia-full-stretch avia-bg-style-scroll container_wrap fullsize'  data-section-bg-repeat='stretch'><div class='container av-section-cont-open' ><main  role=\"main\" itemprop=\"mainContentOfPage\"  class='template-page content  av-content-full alpha units'><div class='post-entry post-entry-type-page post-entry-3481'><div class='entry-content-wrapper clearfix'>\n\n<style type=\"text\/css\" data-created_by=\"avia_inline_auto\" id=\"style-css-av-av_hr-a6de236e6c183bbbd700292deacd2b52\">\n#top .hr.hr-invisible.av-av_hr-a6de236e6c183bbbd700292deacd2b52{\nheight:20px;\n}\n<\/style>\n<div  class='hr av-av_hr-a6de236e6c183bbbd700292deacd2b52 hr-invisible  avia-builder-el-1  el_before_av_heading  avia-builder-el-first '><span class='hr-inner '><span class=\"hr-inner-style\"><\/span><\/span><\/div>\n\n<style type=\"text\/css\" data-created_by=\"avia_inline_auto\" id=\"style-css-av-av_heading-2913f5991e0db06bde429cf8be1914ed\">\n#top .av-special-heading.av-av_heading-2913f5991e0db06bde429cf8be1914ed{\npadding-bottom:10px;\ncolor:#ffffff;\nfont-size:40px;\n}\nbody .av-special-heading.av-av_heading-2913f5991e0db06bde429cf8be1914ed .av-special-heading-tag .heading-char{\nfont-size:25px;\n}\n#top #wrap_all .av-special-heading.av-av_heading-2913f5991e0db06bde429cf8be1914ed .av-special-heading-tag{\nfont-size:40px;\n}\n.av-special-heading.av-av_heading-2913f5991e0db06bde429cf8be1914ed .special-heading-inner-border{\nborder-color:#ffffff;\n}\n.av-special-heading.av-av_heading-2913f5991e0db06bde429cf8be1914ed .av-subheading{\nfont-size:15px;\n}\n\n@media only screen and (min-width: 480px) and (max-width: 767px){ \n#top #wrap_all .av-special-heading.av-av_heading-2913f5991e0db06bde429cf8be1914ed .av-special-heading-tag{\nfont-size:0.8em;\n}\n}\n\n@media only screen and (max-width: 479px){ \n#top #wrap_all .av-special-heading.av-av_heading-2913f5991e0db06bde429cf8be1914ed .av-special-heading-tag{\nfont-size:0.8em;\n}\n}\n<\/style>\n<div  class='av-special-heading av-av_heading-2913f5991e0db06bde429cf8be1914ed av-special-heading-h6 custom-color-heading blockquote modern-quote modern-centered  avia-builder-el-2  el_after_av_hr  avia-builder-el-last  av-inherit-size'><h6 class='av-special-heading-tag '  itemprop=\"headline\"  >Om Sri Lanka<\/h6><div class=\"special-heading-border\"><div class=\"special-heading-inner-border\"><\/div><\/div><\/div>\n\n<\/div><\/div><\/main><!-- close content main element --><\/div><\/div><div id='divbred'  class='avia-section av-av_section-f69f9b9995685ee5a4eaf64d6d9c3d13 main_color avia-section-default avia-no-shadow  avia-builder-el-3  el_after_av_section  el_before_av_one_full  avia-bg-style-scroll container_wrap fullsize'  ><div class='container av-section-cont-open' ><div class='template-page content  av-content-full alpha units'><div class='post-entry post-entry-type-page post-entry-3481'><div class='entry-content-wrapper clearfix'>\n<section  class='av_textblock_section av-av_textblock-0366cc7376be6c9e82a3e9cc8987b64f '   itemscope=\"itemscope\" itemtype=\"https:\/\/schema.org\/CreativeWork\" ><div class='avia_textblock'  itemprop=\"text\" ><pre><code><nav aria-label=\"breadcrumbs\">\n            <div class=\"breadcrumb-container theme1\">\n                <ol>\n                    <li><a title=\"Du \u00e4r h\u00e4r:\" href=\"#\"><span>Du \u00e4r h\u00e4r:<\/span><\/a><span class=\"separator\">\u00bb<\/span><\/li>\n                    <\/ol>\n            <\/div>\n        <\/nav>    <script type=\"application\/ld+json\">\n        {\n            \"@context\": \"http:\/\/schema.org\",\n            \"@type\": \"BreadcrumbList\",\n            \"itemListElement\": [\n                 {\n                            \"@type\": \"ListItem\",\n                            \"position\": 1,\n                            \"item\": {\n                                \"@id\": \"#\",\n                                \"name\": \"Du \u00e4r h\u00e4r:\"\n                            }\n                        }\n                                                    ]\n        }\n    <\/script>\n   \n    <script>\n            <\/script>\n<\/code><\/pre>\n<\/div><\/section>\n<\/div><\/div><\/div><!-- close content main div --><\/div><\/div><div id='after_section_2'  class='main_color av_default_container_wrap container_wrap fullsize'  ><div class='container av-section-cont-open' ><div class='template-page content  av-content-full alpha units'><div class='post-entry post-entry-type-page post-entry-3481'><div class='entry-content-wrapper clearfix'>\n\n<style type=\"text\/css\" data-created_by=\"avia_inline_auto\" id=\"style-css-av-av_one_full-c3f0f78c26a863dc60f14a52019fd8b2\">\n#top .flex_column.av-av_one_full-c3f0f78c26a863dc60f14a52019fd8b2{\nmargin-top:0px;\nmargin-bottom:0px;\n}\n.flex_column.av-av_one_full-c3f0f78c26a863dc60f14a52019fd8b2{\nborder-radius:0px 0px 0px 0px;\npadding:0px 0px 0px 0px;\n}\n.responsive #top #wrap_all .flex_column.av-av_one_full-c3f0f78c26a863dc60f14a52019fd8b2{\nmargin-top:0px;\nmargin-bottom:0px;\n}\n<\/style>\n<div  class='flex_column av-av_one_full-c3f0f78c26a863dc60f14a52019fd8b2 av_one_full  avia-builder-el-5  el_after_av_section  el_before_av_hr  avia-builder-el-first  first flex_column_div av-zero-column-padding  '     ><section  class='av_textblock_section av-av_textblock-0366cc7376be6c9e82a3e9cc8987b64f '   itemscope=\"itemscope\" itemtype=\"https:\/\/schema.org\/CreativeWork\" ><div class='avia_textblock'  itemprop=\"text\" ><p><strong>Resm\u00e5let<\/strong><br \/>\nV\u00e4lkommen till ett fantastiskt sp\u00e4nnande och fascinerande resm\u00e5l. \u00c4ven om Sri Lanka funnits med som ett exotiskt resm\u00e5l under perioder f\u00f6rr, s\u00e5 har \u00e4ntligen \u00f6n en r\u00e4ttm\u00e4tig chans att f\u00e5 visa dig allt den har att bjuda p\u00e5. Med den politiska stabilitet som r\u00e5tt sedan snart tio \u00e5r tillbaka, \u00e4r nu m\u00f6jligheterna st\u00f6rre \u00e4n n\u00e5gonsin att f\u00e5 uppt\u00e4cka och utforska det \u00e4kta Sri Lanka!<br \/>\nMed sina traditioner och historia sedan f\u00f6re Kristi f\u00f6delse, finns h\u00e4r oanade m\u00e4ngder minnesm\u00e4rken och kulturminnen. Sri Lankas storlek \u00e4r ungef\u00e4r som Irlands, vilket g\u00f6r den relativt beh\u00e4ndig att utforska \u00e4ven p\u00e5 en semesterresa. Topografin s\u00e4ger att kusterna och de norra delarna \u00e4r flacka, samtidigt som de inre, s\u00f6dra delarna \u00e4r h\u00f6gl\u00e4nta och gr\u00f6nskande. L\u00e4ngs kusten finner du m\u00e5nga fina sandstr\u00e4nder, varav m\u00e5nga \u00e4r finkorniga och attraktiva f\u00f6r dig som l\u00e4ngtar efter h\u00e4rliga bad.<br \/>\nBefolkningen i just Sri Lanka r\u00e4knas som oerh\u00f6rt v\u00e4nliga och man upplever ett v\u00e4lbefinnande lugn i atmosf\u00e4ren.<\/p>\n<p>T\u00e4nk p\u00e5 att Sri Lanka har ett tropiskt, varmt klimat med h\u00f6g luftfuktighet. Temperaturer p\u00e5 30 grader \u00e4r det man kan f\u00f6rv\u00e4nta sig i genomsnitt och nattemperaturen \u00e4r endast n\u00e5gra grader l\u00e4gre. Solen dominerar himlavalvet, men r\u00e4kna med ganska mycket nederb\u00f6rd i april samt oktober och november. \u00c4ven vid nederb\u00f6rdsrika perioder lyser solen ganska mycket, d\u00e5 nederb\u00f6rden oftast \u00e4r koncentrerad till kraftiga, kortare skurar.<\/p>\n<p>Om du best\u00e4mt dig f\u00f6r att resa hit, rekommenderar vid dig att se s\u00e5 mycket som m\u00f6jligt. Den forna huvudstaden Kandy, teplantagerna, djungeln, djurlivet och de hisnande och vackra vyerna i bergen som dominerar \u00f6ns centrala delar, berikar dina reseminnen starkt. Vi hoppas att du skall f\u00e5 en minnesv\u00e4rd semester i fantastiska Sri Lanka!<\/p>\n<p class=\"western\"><strong>N\u00f6jesliv, mat och dryck<\/strong><br \/>\nDet st\u00f6rsta utbudet p\u00e5 \u201dv\u00e4sterl\u00e4ndska\u201d n\u00f6jen finner du i regel p\u00e5 hotellen, d\u00e4r ocks\u00e5 underh\u00e5llning ofta erbjuds kv\u00e4llstid.<\/p>\n<p><strong>Sol och bad<\/strong><br \/>\nP\u00e5 s\u00f6dra och v\u00e4stra Sri Lanka d\u00e4r v\u00e5ra hotell f\u00f6retr\u00e4desvis ligger, finner du m\u00e5nga fantastiskt fina str\u00e4nder som oftast har en gyllenbrun sand. Vattnet \u00e4r alltid varmt och h\u00e5ller minst 28 grader. R\u00e4kna med att det ofta g\u00e5r relativt h\u00f6ga v\u00e5gor och att str\u00f6mmar f\u00f6rekommer. P\u00e5 mer str\u00f6mfrekventa kuststr\u00e4ckor, kan vattnet vara lite \u201duppr\u00f6rt\u201d d\u00e4r sanden kan ge ett intryck av att vattnet \u00e4r lite \u201dgrumligt\u201d.<br \/>\nStrand-och badf\u00f6ruts\u00e4ttningarna kan variera n\u00e5got fr\u00e5n plats till plats, varf\u00f6r du b\u00f6r s\u00e4kerst\u00e4lla med oss hur f\u00f6rh\u00e5llandena \u00e4r p\u00e5 den plats du v\u00e4ljer.<br \/>\nDu skall absolut se till att skydda dig mot solen och rekommenderas att anv\u00e4nda solskydd med h\u00f6g skyddsfaktor.<\/p>\n<p class=\"western\"><strong>Sev\u00e4rdheter och aktiviteter<\/strong><br \/>\nMed sin rika historia, finns det en outt\u00f6mlig k\u00e4lla av sev\u00e4rdheter med monument, byggnader och avtryck fr\u00e5n svunna tiders kultur. Med sin starkt skiftande terr\u00e4ng och natur, kan du h\u00e4r uppleva stora kontraster mellan kuststr\u00e4ckornas palmkantade str\u00e4nder och inlandets kuperade, frodiga och b\u00f6ljande landskap med teodlingar och fantastiska naturscenerier. P\u00e5 Sri Lankas h\u00f6gland kan vi rekommendera en t\u00e5gresa som tar dig genom det otroligt natursk\u00f6na landskapet och \u00e4ven tar dig till flera teodlingar d\u00e4r du kan f\u00e5 provsmaka olika sorters svart och gr\u00f6nt te.<br \/>\nDen som s\u00f6ker aktiviteter, blir heller inte lottl\u00f6s. F\u00f6r att n\u00e4mna n\u00e5gra havs-och hotelln\u00e4ra aktiviteter, kan vi n\u00e4mna goda f\u00f6ruts\u00e4ttningar f\u00f6r att ut\u00f6va vattenskidor, segling, surfing, snorkling, dykning och djuphavsfiske. H\u00e4r finns ocks\u00e5 n\u00e5gra riktigt utm\u00e4rkta golfbanor av h\u00f6g klass, av vilka Victoria Golf &amp; Country Club en g\u00e5ng nyligen utsetts till Asiens b\u00e4sta.<br \/>\nH\u00f6r g\u00e4rna efter med oss vilka aktiviteter som finns i anslutning till just ditt valda hotell.<\/p>\n<p><strong>Historia<\/strong><br \/>\nEnligt uppgifter kom majoritetsfolket singaleserna och den tamilska minoriteten till \u00f6n mellan 200- och 400-talet f Kr. Under 200-talet f Kr introducerades Buddismen. P\u00e5 1200-talet flyttade singaleserna s\u00f6derut medan tamilerna blev kvar och dominerade runt Jaffnahalv\u00f6n i norr. Tack vare den l\u00f6nsamma handeln med kryddor, kom portugiser till \u00f6n under 1500-talet, f\u00f6r att bli \u00f6vertagna av holl\u00e4ndska intressen \u00e5rhundradet d\u00e4rp\u00e5. I slutet p\u00e5 1700-talet besegrades dessa av britterna som blev kvar och skapade den brittiska kronkolonin Ceylon 1802. H\u00e4r odlades d\u00e5 te och man skapade gummiplantager f\u00f6r en framg\u00e5ngsrik export.<br \/>\nI slutet av 1800-talet utvecklades den buddistisk-singalesiska nationalismen samt en politisk nationalistisk r\u00f6relse. Ceylon h\u00f6ll som f\u00f6rsta koloni i Asien allm\u00e4nna val till ett nationellt r\u00e5d 1931.<\/p>\n<p>1948 blev Ceylon en sj\u00e4lvst\u00e4ndig stat och under det f\u00f6rsta decenniet \u00f6kade mots\u00e4ttningarna mellan den st\u00f6rsta folkgruppen singaleserna och den tamilska minoriteten. Ceylon blev en republik 1972 och antog namnet Sri Lanka. Tamilernas krav p\u00e5 sj\u00e4lvstyre \u00f6kade under 1970-talet, d\u00e5 den tamilska gerillan Tamilska Eelams Befrielsetigrar startade ett v\u00e4pnat uppror f\u00f6r att uppn\u00e5 en tamilsk stat. Upproret hade 1983 utvecklats till ett inb\u00f6rdeskrig och 1987 kom en fredsstyrka fr\u00e5n Indien. Denna drogs dock tillbaka tre \u00e5r senare utan att fred uppn\u00e5tts. Sedan 2009 r\u00e5der ett fredligt tillst\u00e5nd d\u00e5 den tamilska gerillan besegrades milit\u00e4rt.<\/p>\n<p><strong>Yta<\/strong><br \/>\n65610 kvadratkilometer<\/p>\n<p><strong>Inv\u00e5nare<\/strong><br \/>\nCa 21 miljoner<\/p>\n<p><strong>Spr\u00e5k<\/strong><br \/>\nSingalesiska och tamil \u00e4r officiella spr\u00e5k. Engelska anv\u00e4nds ocks\u00e5 av de flesta.<\/p>\n<p><strong>Huvudstad<\/strong><br \/>\nSri Jayawardenapura Kotte, administrativ huvudstad (F\u00f6rstad till Colombo). Ca 126000 inv\u00e5nare.<br \/>\nColombo, kommersiell huvudstad. Ca 5 miljoner inv\u00e5nare.<\/p>\n<p><strong>Klimat<\/strong><br \/>\nSri Lanka har ett tropiskt klimat och pr\u00e4glas av monsunvindar. Fr\u00e5n december till mars bl\u00e5ser Nordostmonsunen mellan maj och oktober \u00e4r det sydv\u00e4stmonsun. Temperaturen \u00e4r ganska konstant med sm\u00e5 variationer mellan 26 och 28 grader som dagsmedeltemperatur. Dagstemperaturerna pendlar mellan 30 och 34 grader. Nederb\u00f6rden varierar och p\u00e5verkas av monsunen, d\u00e4r st\u00f6rst nederb\u00f6rd faller i maj med ca 370 mm och minst i januari med ca 89 mm, ber\u00e4knat p\u00e5 \u00f6ns v\u00e4stra del.<br \/>\nVattentemperaturerna \u00e4r mycket behagliga och ligger alltid p\u00e5 28-30 grader.<\/p>\n<p><strong>Valuta<\/strong><br \/>\nLankesisk Rupee. Det g\u00e5r bra att ta ut kontanter i uttagsautomater, liksom p\u00e5 m\u00e5nga hotell, d\u00e4r dock v\u00e4xlingskursen \u00e4r n\u00e5got s\u00e4mre. Om du har med dig kontanter, \u00e4r USD fr\u00e4mst att rekommendera.<\/p>\n<p><strong>Kreditkort<\/strong><br \/>\nAccepteras generellt p\u00e5 hotell och i st\u00f6rre butiker. R\u00e4kna dock med kontanter i mindre butiker och p\u00e5 marknader t ex. Uttag kan g\u00f6ras med de flesta kort i uttagsautomater.<\/p>\n<p><strong>Dricks<\/strong><br \/>\nR\u00e4kna med att ge dricks till servicepersonal p\u00e5 restauranger och i vissa andra sammanhang. Det kan r\u00e5da olika normalniv\u00e5er p\u00e5 olika st\u00e4llen och vid olika tillf\u00e4llen \u2013 men ofta \u00e4r dricks en v\u00e4sentlig del av l\u00f6nen i tj\u00e4nstesektorn.<\/p>\n<p><strong>Tidsskillnad<\/strong><br \/>\n+4,5 timmar j\u00e4mf\u00f6rt med svensk vintertid. +3,5 timmar under v\u00e5r sommartid.<\/p>\n<p><strong>V\u00e4gar, trafik, kommunikation<\/strong><br \/>\nAllra b\u00e4st uppt\u00e4cker du \u00f6n med att hyra en bil med chauff\u00f6r. Om du ska g\u00f6ra kortare turer, fungerar det bra att hyra en tuk-tuk taxi. Det finns ocks\u00e5 ett j\u00e4rnv\u00e4gsn\u00e4t som med f\u00f6rdel kan anv\u00e4ndas om str\u00e4ckningarna st\u00e4mmer med dina \u00f6nskem\u00e5l.<\/p>\n<p><strong>Elektricitet<\/strong><br \/>\n220 V. Adapter finns ofta p\u00e5 hotellen, men tag med internationell adapter f\u00f6r att vara p\u00e5 den s\u00e4kra sidan.<\/p>\n<p><strong>Lagar och lokala v\u00e4rderingar<\/strong><br \/>\nSom i alla l\u00e4nder finns nationella lagar, v\u00e4rderingar och lokala regler som man som bes\u00f6kare f\u00f6rv\u00e4ntas f\u00f6lja. Varje resen\u00e4r\/bes\u00f6kare har ansvar f\u00f6r att f\u00f6rvissa sig om aktuella f\u00f6rh\u00e5llningsregler och v\u00e4rderingar som ofta kan skilja sig en del mot vad vi \u00e4r vana vid. Vi rekommenderar dig att l\u00e4sa mer om regler, seder och bruk p\u00e5 respektive lands hemsida, samt \u00e4ven p\u00e5 Utrikesdepartementets hemsida med information om resor till utlandet. Dels \u00e4r det sk\u00f6nt att slippa otrevliga \u00f6verraskningar n\u00e4r du v\u00e4l \u00e4r p\u00e5 plats. Dessutom drar du dig l\u00e4rdom av landets kultur och traditioner.<\/p>\n<p class=\"western\"><strong>\u00d6vrigt<\/strong><br \/>\nT\u00e4nk p\u00e5 att vid vid fullm\u00e5nedagen en g\u00e5ng i m\u00e5naden, \u00e4r det enligt lankesisk lag f\u00f6rbjudet att servera alkohol. Det \u00e4r ocks\u00e5 f\u00f6rbjudet att sola topless p\u00e5 allm\u00e4n plats som t ex str\u00e4nder.<span style=\"font-family: Liberation Sans,serif;\"><span style=\"font-size: large;\"><br \/>\n<\/span><\/span><\/p>\n<\/div><\/section><\/div>\n<style type=\"text\/css\" data-created_by=\"avia_inline_auto\" id=\"style-css-av-av_hr-0688d0b0b6ed2f8b057db7a8270206df\">\n#top .hr.hr-invisible.av-av_hr-0688d0b0b6ed2f8b057db7a8270206df{\nheight:50px;\n}\n<\/style>\n<div  class='hr av-av_hr-0688d0b0b6ed2f8b057db7a8270206df hr-invisible  avia-builder-el-7  el_after_av_one_full  el_before_av_one_half '><span class='hr-inner '><span class=\"hr-inner-style\"><\/span><\/span><\/div><\/p>\n<div class='flex_column_table av-av_one_half-eb22d586db4aa8536998fa6076f87d77 sc-av_one_half av-equal-height-column-flextable'>\n<style type=\"text\/css\" data-created_by=\"avia_inline_auto\" id=\"style-css-av-av_one_half-eb22d586db4aa8536998fa6076f87d77\">\n.flex_column.av-av_one_half-eb22d586db4aa8536998fa6076f87d77{\nborder-radius:0px 0px 0px 0px;\npadding:20px 20px 20px 20px;\nbackground-color:#f7f7f7;\n}\n<\/style>\n<div  class='flex_column av-av_one_half-eb22d586db4aa8536998fa6076f87d77 av_one_half  avia-builder-el-8  el_after_av_hr  el_before_av_one_half  first flex_column_table_cell av-equal-height-column av-align-top  '     ><p>\n<style type=\"text\/css\" data-created_by=\"avia_inline_auto\" id=\"style-css-av-av_heading-5e1bb4e2c977e97b14645873cdebaa13\">\n#top .av-special-heading.av-av_heading-5e1bb4e2c977e97b14645873cdebaa13{\npadding-bottom:10px;\n}\nbody .av-special-heading.av-av_heading-5e1bb4e2c977e97b14645873cdebaa13 .av-special-heading-tag .heading-char{\nfont-size:25px;\n}\n.av-special-heading.av-av_heading-5e1bb4e2c977e97b14645873cdebaa13 .av-subheading{\nfont-size:15px;\n}\n<\/style>\n<div  class='av-special-heading av-av_heading-5e1bb4e2c977e97b14645873cdebaa13 av-special-heading-h3  avia-builder-el-9  el_before_av_iconlist  avia-builder-el-first '><h3 class='av-special-heading-tag '  itemprop=\"headline\"  >Fakta<\/h3><div class=\"special-heading-border\"><div class=\"special-heading-inner-border\"><\/div><\/div><\/div><br \/>\n\n<style type=\"text\/css\" data-created_by=\"avia_inline_auto\" id=\"style-css-av-av_iconlist-999a2d681d06b0992925b5a008e74484\">\n#top .avia-icon-list-container.av-av_iconlist-999a2d681d06b0992925b5a008e74484 .iconlist_icon{\ncolor:#3a3a3a;\nbackground-color:#f7f7f7;\nborder:1px solid #3a3a3a;\n}\n<\/style>\n<div  class='avia-icon-list-container av-av_iconlist-999a2d681d06b0992925b5a008e74484  avia-builder-el-10  el_after_av_heading  avia-builder-el-last '><ul class='avia-icon-list avia_animate_when_almost_visible avia-icon-list-left av-iconlist-big av-av_iconlist-999a2d681d06b0992925b5a008e74484 avia-iconlist-animate'>\n<li><div class='iconlist_icon av-av_iconlist_item-39b279e8171f6829e56095a29a82e327 avia-font-entypo-fontello'><span class='iconlist-char' aria-hidden='true' data-av_icon='\ue84d' data-av_iconfont='entypo-fontello'><\/span><\/div><article class=\"article-icon-entry \"  itemscope=\"itemscope\" itemtype=\"https:\/\/schema.org\/CreativeWork\" ><div class=\"iconlist_content_wrap\"><header class=\"entry-content-header\" aria-label=\"Icon: Visum\"><h4 class='av_iconlist_title iconlist_title  '  itemprop=\"headline\" >Visum<\/h4><\/header><div class='iconlist_content '  itemprop=\"text\" ><p><em>Visum kr\u00e4vs f\u00f6r svenska medborgare.<\/em><\/p>\n<\/div><\/div><footer class=\"entry-footer\"><\/footer><\/article><div class=\"iconlist-timeline\"><\/div><\/li>\n<li><div class='iconlist_icon av-av_iconlist_item-e2f1d09a1cbbc00a097234998041fc3d avia-font-entypo-fontello'><span class='iconlist-char' aria-hidden='true' data-av_icon='\ue8cf' data-av_iconfont='entypo-fontello'><\/span><\/div><article class=\"article-icon-entry \"  itemscope=\"itemscope\" itemtype=\"https:\/\/schema.org\/CreativeWork\" ><div class=\"iconlist_content_wrap\"><header class=\"entry-content-header\" aria-label=\"Icon: Valuta\"><h4 class='av_iconlist_title iconlist_title  '  itemprop=\"headline\" >Valuta<\/h4><\/header><div class='iconlist_content '  itemprop=\"text\" ><p><em>Lankesiska Rupies<\/em><\/p>\n<\/div><\/div><footer class=\"entry-footer\"><\/footer><\/article><div class=\"iconlist-timeline\"><\/div><\/li>\n<li><div class='iconlist_icon av-av_iconlist_item-8d5312078593b0174c29e7a8047add13 avia-font-entypo-fontello'><span class='iconlist-char' aria-hidden='true' data-av_icon='\ue866' data-av_iconfont='entypo-fontello'><\/span><\/div><article class=\"article-icon-entry \"  itemscope=\"itemscope\" itemtype=\"https:\/\/schema.org\/CreativeWork\" ><div class=\"iconlist_content_wrap\"><header class=\"entry-content-header\" aria-label=\"Icon: Klimat\"><h4 class='av_iconlist_title iconlist_title  '  itemprop=\"headline\" >Klimat<\/h4><\/header><div class='iconlist_content '  itemprop=\"text\" ><p><em>B\u00e4sta tid att resa \u00e4r november-mars.<\/em><\/p>\n<\/div><\/div><footer class=\"entry-footer\"><\/footer><\/article><div class=\"iconlist-timeline\"><\/div><\/li>\n<\/ul><\/div><\/p><\/div>\n<div class='av-flex-placeholder'><\/div>\n<style type=\"text\/css\" data-created_by=\"avia_inline_auto\" id=\"style-css-av-av_one_half-c99897e014b6ac50785e16af58e9b83d\">\n.flex_column.av-av_one_half-c99897e014b6ac50785e16af58e9b83d{\nborder-radius:0px 0px 0px 0px;\npadding:20px 20px 20px 20px;\nbackground-color:#f7f7f7;\n}\n<\/style>\n<div  class='flex_column av-av_one_half-c99897e014b6ac50785e16af58e9b83d av_one_half  avia-builder-el-11  el_after_av_one_half  avia-builder-el-last  flex_column_table_cell av-equal-height-column av-align-top  '     ><p>\n<style type=\"text\/css\" data-created_by=\"avia_inline_auto\" id=\"style-css-av-av_heading-a8f60ef72849b8b0cf4d08e012dead90\">\n#top .av-special-heading.av-av_heading-a8f60ef72849b8b0cf4d08e012dead90{\npadding-bottom:10px;\n}\nbody .av-special-heading.av-av_heading-a8f60ef72849b8b0cf4d08e012dead90 .av-special-heading-tag .heading-char{\nfont-size:25px;\n}\n.av-special-heading.av-av_heading-a8f60ef72849b8b0cf4d08e012dead90 .av-subheading{\nfont-size:15px;\n}\n<\/style>\n<div  class='av-special-heading av-av_heading-a8f60ef72849b8b0cf4d08e012dead90 av-special-heading-h3  avia-builder-el-12  el_before_av_sidebar  avia-builder-el-first '><h3 class='av-special-heading-tag '  itemprop=\"headline\"  >V\u00e4der<\/h3><div class=\"special-heading-border\"><div class=\"special-heading-inner-border\"><\/div><\/div><\/div><br \/>\n<div  class='avia-builder-widget-area clearfix  avia-builder-el-13  el_after_av_heading  avia-builder-el-last '><div id=\"weer_widget-34\" class=\"widget clearfix weer_widget\">\n        <div id=\"\"\n             class=\"weather_widget_wrap weer-widget weather_widget_style1\"\n             data-text-color='#000000'\n             data-background=\"#f7f7f7\"\n             data-width=\"100\"\n             data-header=\"\"\n             data-days=\"3\"\n             data-sunrise=\"false\"\n             data-wind=\"false\"\n             data-current=\"on\"\n             data-language=\"english\"\n             data-city=\"Colombo\"\n             data-country=\"Sri Lanka\">\n\n            <div class=\"weather_widget_placeholder\"><\/div>\n            <div style=\"font-size: 14px;text-align: center;padding-top: 6px;padding-bottom: 4px;background: rgba(0,0,0,0.03);\">\n                Powered by <a target=\"_blank\" href=\"https:\/\/www.weer1.com\">Weer1.com<\/a>\n            <\/div>\n        <\/div>\n        <\/div><\/div><\/p><\/div><\/div><!--close column table wrapper. Autoclose: 1 -->\n","protected":false},"excerpt":{"rendered":"","protected":false},"author":2,"featured_media":0,"parent":0,"menu_order":0,"comment_status":"open","ping_status":"open","template":"","meta":{"_vp_format_video_url":"","_vp_image_focal_point":[],"footnotes":""},"class_list":["post-3481","page","type-page","status-publish","hentry"],"_links":{"self":[{"href":"https:\/\/www.goinstyle.se\/srilanka\/wp-json\/wp\/v2\/pages\/3481","targetHints":{"allow":["GET"]}}],"collection":[{"href":"https:\/\/www.goinstyle.se\/srilanka\/wp-json\/wp\/v2\/pages"}],"about":[{"href":"https:\/\/www.goinstyle.se\/srilanka\/wp-json\/wp\/v2\/types\/page"}],"author":[{"embeddable":true,"href":"https:\/\/www.goinstyle.se\/srilanka\/wp-json\/wp\/v2\/users\/2"}],"replies":[{"embeddable":true,"href":"https:\/\/www.goinstyle.se\/srilanka\/wp-json\/wp\/v2\/comments?post=3481"}],"version-history":[{"count":13,"href":"https:\/\/www.goinstyle.se\/srilanka\/wp-json\/wp\/v2\/pages\/3481\/revisions"}],"predecessor-version":[{"id":33419,"href":"https:\/\/www.goinstyle.se\/srilanka\/wp-json\/wp\/v2\/pages\/3481\/revisions\/33419"}],"wp:attachment":[{"href":"https:\/\/www.goinstyle.se\/srilanka\/wp-json\/wp\/v2\/media?parent=3481"}],"curies":[{"name":"wp","href":"https:\/\/api.w.org\/{rel}","templated":true}]}}