{"id":24277,"date":"2017-05-10T12:52:28","date_gmt":"2017-05-10T12:52:28","guid":{"rendered":"http:\/\/www.goinstyle.se\/?page_id=24277\/"},"modified":"2018-06-27T15:55:09","modified_gmt":"2018-06-27T13:55:09","slug":"om-st-martin-2","status":"publish","type":"page","link":"https:\/\/www.goinstyle.se\/stmartin\/om-st-martin-2\/","title":{"rendered":"Om St Martin"},"content":{"rendered":"\n<style type=\"text\/css\" data-created_by=\"avia_inline_auto\" id=\"style-css-av-av_section-aa49e3577383fdd27f3df28c4956c882\">\n.avia-section.av-av_section-aa49e3577383fdd27f3df28c4956c882{\nbackground-repeat:no-repeat;\nbackground-image:url(https:\/\/www.goinstyle.se\/wp-content\/uploads\/2017\/05\/st_martin.jpg);\nbackground-position:50% 100%;\nbackground-attachment:scroll;\n}\n<\/style>\n<div id='av_section_1'  class='avia-section av-av_section-aa49e3577383fdd27f3df28c4956c882 main_color avia-section-default avia-no-shadow  avia-builder-el-0  el_before_av_section  avia-builder-el-first  avia-full-stretch avia-bg-style-scroll container_wrap fullsize'  data-section-bg-repeat='stretch'><div class='container av-section-cont-open' ><main  role=\"main\" itemprop=\"mainContentOfPage\"  class='template-page content  av-content-full alpha units'><div class='post-entry post-entry-type-page post-entry-24277'><div class='entry-content-wrapper clearfix'>\n\n<style type=\"text\/css\" data-created_by=\"avia_inline_auto\" id=\"style-css-av-av_hr-a6de236e6c183bbbd700292deacd2b52\">\n#top .hr.hr-invisible.av-av_hr-a6de236e6c183bbbd700292deacd2b52{\nheight:20px;\n}\n<\/style>\n<div  class='hr av-av_hr-a6de236e6c183bbbd700292deacd2b52 hr-invisible  avia-builder-el-1  el_before_av_heading  avia-builder-el-first '><span class='hr-inner '><span class=\"hr-inner-style\"><\/span><\/span><\/div>\n\n<style type=\"text\/css\" data-created_by=\"avia_inline_auto\" id=\"style-css-av-av_heading-167b53cdebfb1b15af2338d270afa46e\">\n#top .av-special-heading.av-av_heading-167b53cdebfb1b15af2338d270afa46e{\npadding-bottom:10px;\ncolor:#ffffff;\nfont-size:40px;\n}\nbody .av-special-heading.av-av_heading-167b53cdebfb1b15af2338d270afa46e .av-special-heading-tag .heading-char{\nfont-size:25px;\n}\n#top #wrap_all .av-special-heading.av-av_heading-167b53cdebfb1b15af2338d270afa46e .av-special-heading-tag{\nfont-size:40px;\n}\n.av-special-heading.av-av_heading-167b53cdebfb1b15af2338d270afa46e .special-heading-inner-border{\nborder-color:#ffffff;\n}\n.av-special-heading.av-av_heading-167b53cdebfb1b15af2338d270afa46e .av-subheading{\nfont-size:15px;\n}\n\n@media only screen and (min-width: 480px) and (max-width: 767px){ \n#top #wrap_all .av-special-heading.av-av_heading-167b53cdebfb1b15af2338d270afa46e .av-special-heading-tag{\nfont-size:0.8em;\n}\n}\n\n@media only screen and (max-width: 479px){ \n#top #wrap_all .av-special-heading.av-av_heading-167b53cdebfb1b15af2338d270afa46e .av-special-heading-tag{\nfont-size:0.8em;\n}\n}\n<\/style>\n<div  class='av-special-heading av-av_heading-167b53cdebfb1b15af2338d270afa46e av-special-heading-h6 custom-color-heading blockquote modern-quote modern-centered  avia-builder-el-2  el_after_av_hr  avia-builder-el-last  av-inherit-size'><h6 class='av-special-heading-tag '  itemprop=\"headline\"  >Om St Martin<\/h6><div class=\"special-heading-border\"><div class=\"special-heading-inner-border\"><\/div><\/div><\/div>\n\n<\/div><\/div><\/main><!-- close content main element --><\/div><\/div><div id='divbred'  class='avia-section av-av_section-f69f9b9995685ee5a4eaf64d6d9c3d13 main_color avia-section-default avia-no-shadow  avia-builder-el-3  el_after_av_section  el_before_av_one_full  avia-bg-style-scroll container_wrap fullsize'  ><div class='container av-section-cont-open' ><div class='template-page content  av-content-full alpha units'><div class='post-entry post-entry-type-page post-entry-24277'><div class='entry-content-wrapper clearfix'>\n<section  class='av_textblock_section av-av_textblock-0366cc7376be6c9e82a3e9cc8987b64f '   itemscope=\"itemscope\" itemtype=\"https:\/\/schema.org\/CreativeWork\" ><div class='avia_textblock'  itemprop=\"text\" ><pre><code><nav aria-label=\"breadcrumbs\">\n            <div class=\"breadcrumb-container theme1\">\n                <ol>\n                    <li><a title=\"Du \u00e4r h\u00e4r:\" href=\"#\"><span>Du \u00e4r h\u00e4r:<\/span><\/a><span class=\"separator\">\u00bb<\/span><\/li>\n                    <\/ol>\n            <\/div>\n        <\/nav>    <script type=\"application\/ld+json\">\n        {\n            \"@context\": \"http:\/\/schema.org\",\n            \"@type\": \"BreadcrumbList\",\n            \"itemListElement\": [\n                 {\n                            \"@type\": \"ListItem\",\n                            \"position\": 1,\n                            \"item\": {\n                                \"@id\": \"#\",\n                                \"name\": \"Du \u00e4r h\u00e4r:\"\n                            }\n                        }\n                                                    ]\n        }\n    <\/script>\n   \n    <script>\n            <\/script>\n<\/code><\/pre>\n<\/div><\/section>\n<\/div><\/div><\/div><!-- close content main div --><\/div><\/div><div id='after_section_2'  class='main_color av_default_container_wrap container_wrap fullsize'  ><div class='container av-section-cont-open' ><div class='template-page content  av-content-full alpha units'><div class='post-entry post-entry-type-page post-entry-24277'><div class='entry-content-wrapper clearfix'>\n\n<style type=\"text\/css\" data-created_by=\"avia_inline_auto\" id=\"style-css-av-av_one_full-c3f0f78c26a863dc60f14a52019fd8b2\">\n#top .flex_column.av-av_one_full-c3f0f78c26a863dc60f14a52019fd8b2{\nmargin-top:0px;\nmargin-bottom:0px;\n}\n.flex_column.av-av_one_full-c3f0f78c26a863dc60f14a52019fd8b2{\nborder-radius:0px 0px 0px 0px;\npadding:0px 0px 0px 0px;\n}\n.responsive #top #wrap_all .flex_column.av-av_one_full-c3f0f78c26a863dc60f14a52019fd8b2{\nmargin-top:0px;\nmargin-bottom:0px;\n}\n<\/style>\n<div  class='flex_column av-av_one_full-c3f0f78c26a863dc60f14a52019fd8b2 av_one_full  avia-builder-el-5  el_after_av_section  el_before_av_hr  avia-builder-el-first  first flex_column_div av-zero-column-padding  '     ><section  class='av_textblock_section av-av_textblock-0366cc7376be6c9e82a3e9cc8987b64f '   itemscope=\"itemscope\" itemtype=\"https:\/\/schema.org\/CreativeWork\" ><div class='avia_textblock'  itemprop=\"text\" ><h1>Om \u00a0St Martin<\/h1>\n<p><strong>Resm\u00e5let<br \/>\n<\/strong>\u00d6n Saint-Martin har b\u00e5de fransk och nederl\u00e4ndsk tillh\u00f6righet, d\u00e4r norra delen \u00e4r fransk och den s\u00f6dra tillh\u00f6r Nederl\u00e4nderna. Vi har valt den franska norra delen som vi anser trivsammare med st\u00f6rre v\u00e4rden att uppleva f\u00f6r dig som turist och tillf\u00e4llig bes\u00f6kare. H\u00e4r har du en v\u00e4ldigt fransk touch p\u00e5 det dagliga livet, m\u00e4nniskorna och hela atmosf\u00e4ren, vilket tilltalar oss nordbor. Geografiskt finner du de flesta str\u00e4nder och hotell p\u00e5 \u00f6ns v\u00e4stra del och norra del som ocks\u00e5 \u00e4r flackare och mer l\u00e4ttillg\u00e4nglig. Den \u00f6stra har ett mer kuperat landskap och bjuder lite mer naturupplevelser, men har inte riktigt samma strandutbud och profil. Du finner ocks\u00e5 m\u00e5nga trivsamma restauranger av olika slag d\u00e4r du kan njuta b\u00e5de lokala favoritr\u00e4tter och mycket med inspiration fr\u00e5n det franska k\u00f6ket. H\u00e4r finner du bland det st\u00f6rsta utbudet av \u201dfusion\u201d d\u00e4r man skapar helt nya upplevelser som kombineras med traditionella och moderna ingredienser och tillagningss\u00e4tt! Finner du inte n\u00e5got alldeles runt h\u00f6rnet, s\u00e5 har du n\u00e4ra till ett stort utbud i din n\u00e4rmaste by eller stad.<br \/>\nSammantaget finner du de allra b\u00e4sta ingredienser f\u00f6r njutning p\u00e5 v\u00e5ra utvalda hotell, d\u00e4r du kan njuta strandliv av b\u00e4sta sort, liksom \u00e4ven f\u00e5 tillg\u00e5ng till m\u00e5nga vattensporter och andra aktiviteter som h\u00f6r en karibisk semester till.<\/p>\n<p><strong>N\u00f6jesliv, mat och dryck<br \/>\n<\/strong>Med sitt goda rykte om att ge \u00f6v\u00e4rldens kanske st\u00f6rsta och b\u00e4sta utbud av l\u00e4ckra r\u00e4tter som tillagas med en mix av gamla, bepr\u00f6vade metoder och ingredienser och det nya k\u00f6kets finesser, kan du r\u00e4kna med att f\u00e5 dig till livs en hel del smakupplevelser som kan p\u00e5verka din tidigare favoritlista \u00f6ver matr\u00e4tter! H\u00e4r ska du absolut \u00e4ta r\u00e4tter med fisk och skaldjur, men se ocks\u00e5 till att njuta av lokalt k\u00f6tt, d\u00e4r det finns m\u00e5nga specialiteter att v\u00e4lja p\u00e5. Inte minst grillade r\u00e4tter! Om du s\u00f6ker n\u00e5gra s\u00e4rskilda restaurangtips i n\u00e4rheten av din semesterort, st\u00e5r vi g\u00e4rna till tj\u00e4nst med n\u00e5gra goda f\u00f6rslag!<br \/>\nSom sig b\u00f6r i dessa trakter finner du m\u00e5nga fr\u00e4scha, exotiska drinkar d\u00e4r flera \u00e4r lokala specialiteter. En av dessa \u00e4r t ex \u201dLe Planteur\u201d som best\u00e5r av rom, apelsinjuice, ananasjuice, guavajuice, sirap och angostura. En annan traditionell dryck \u00e4r \u201dGuavaberry\u201d som framtas p\u00e5 lagrad rom, farinsocker och guavab\u00e4r. Guavaberry \u00e4r ocks\u00e5 en traditionell dryck i samband med julfirandet. Bland m\u00e5nga favoritm\u00e5ltider man finner h\u00e4r, kan vi i alla fall n\u00e4mna \u201dSaint Martin\u00b4s Spare Ribs\u201d som tillreds med b\u00e5de l\u00f6k och vitl\u00f6k efter marinering. Recepten \u00e4r varierande fr\u00e5n familj till familj och fr\u00e5n restaurang till restaurang, s\u00e5 det kan vara sp\u00e4nnande att pr\u00f6va r\u00e4tten p\u00e5 flera platser!<\/p>\n<p>N\u00e4r m\u00f6rkret l\u00e4gger sig h\u00e4r, vaknar nattlivet. P\u00e5 St Martin finner du allt f\u00f6r en helkv\u00e4ll \u2013 eller helnatt, f\u00f6r den delen \u2013 som tillfredsst\u00e4ller alla \u00f6nskem\u00e5l och smaker. Det g\u00e4ller b\u00e5de klubbar, barer och etablissemang med shower.<\/p>\n<p class=\"western\"><strong>Sol och bad<br \/>\n<\/strong>P\u00e5 St Martin finner du minst 37 underbara str\u00e4nder och 70 km kuststr\u00e4cka, vilket b\u00e5de r\u00e4cker och blir \u00f6ver f\u00f6r den st\u00f6rsta sol- och badentusiasten. Du finner allt fr\u00e5n mindre, glesbefolkade sm\u00e5 str\u00e4nder till de st\u00f6rre, livliga str\u00e4nderna med mycket folk, liv, r\u00f6relse och aktiviteter. Ingen n\u00e4mnd och ingen gl\u00f6md!<\/p>\n<p>Vattnet \u00e4r fint, turkosbl\u00e5tt och motsvarar v\u00e4l det du har i sinnet om Karibien som paradis f\u00f6r sol och bad. Som p\u00e5 alla sydliga breddgrader \u00e4r det av st\u00f6rsta vikt att skydda sig mot solen och vi rekommenderar dig att vara utrustad med solskyddsmedel med h\u00f6g UV-faktor!<\/p>\n<p class=\"western\"><strong>Sev\u00e4rdheter och aktiviteter<br \/>\n<\/strong>En given sev\u00e4rdhet som du finner lite varstans h\u00e4r, \u00e4r de sm\u00e5 charmiga och pittoreska byarna som bjuder sin speciella pr\u00e4gel och vardagsliv. Ingen \u00e4r den andra riktigt lik och varje plats bjuder p\u00e5 sin profil och stil. <em>Marigot<\/em> som \u00e4r huvudstad p\u00e5 den franska delen av \u00f6n, \u00e4r ocks\u00e5 s\u00e4te f\u00f6r det lokala styret och erbjuder mycket i shoppingv\u00e4g. H\u00e4r ligger restaurangerna v\u00e4gg i v\u00e4gg och den lokala marknaden ger dig h\u00e4rligt m\u00e5nga intryck med sin puls och atmosf\u00e4r. <em>Grand-Case<\/em> \u00e4r en tidigare fiskeby som erbjuder en omissk\u00e4nnlig charm och \u00e4ven ett stort antal restauranger som oftast inryms i sm\u00e5 hytter.<br \/>\nDen lite otillg\u00e4ngligt bel\u00e4gna byn <em>Colombier<\/em> \u00e4r helt omgiven av natur och v\u00e4l v\u00e4rd ett bes\u00f6k f\u00f6r sin plats i tillvaron!<br \/>\n<em>Shopping i Marigot<\/em>, r\u00e4knas annars som en av huvudattraktionerna och h\u00e4r finner du m\u00e5nga fina butiker och boutiquer i en kreolsk milj\u00f6 som f\u00e5tt en egen pr\u00e4gel. H\u00e4r finner du ocks\u00e5 sev\u00e4rdheter som <em>Rue de La Republique<\/em> som visar upp genuina 1800-talshus som ofta har kvar sin ursprungliga pr\u00e4gel ut\u00e5t och ger fina minnen av svunna tider.<br \/>\nFler bes\u00f6ksm\u00e5l finner du i <em>Fort Louis<\/em>, som ligger p\u00e5 en h\u00f6jd intill Marigot. Fortet byggdes 1789 med fr\u00e4msta syfte att skydda sina lager av salt, kaffe, sockerr\u00f6r och rom. <em>Old Prison<\/em> i Marigot visar ocks\u00e5 upp ite av \u00f6ns historia och \u00e4r fr\u00e5n samma tids\u00e5lder som Fort Louis. Det anv\u00e4ndes s\u00e5 sent som fram till 1968. <em>Roland Richardson Gallery Museum, Spring Sugar Mill, Saint Jean Plantation, Pic Paradis (h\u00f6gsta berget), Loterie Farm<\/em> \u00e4r andra platser som \u00e4r v\u00e4rda ett bes\u00f6k. Du skall ocks\u00e5 ha naturreservatet <em>National Nature Reserve of Saint Martin<\/em> i \u00e5tanke f\u00f6r ett bes\u00f6k \u2013 ett omr\u00e5de p\u00e5 \u00f6stra sidan som t\u00e4cker in havsyta och tre \u00f6ar d\u00e4r du finner en or\u00f6rd fauna och flora och fantastiska vyer.<\/p>\n<p>St Martin \u00e4r sj\u00e4lvklart ett paradis f\u00f6r dig som \u00e4lskar vattensporter! Vare sig det \u00e4r med eller utan motor, har du en fullst\u00e4ndigt komplett meny att v\u00e4lja din favoritsyssels\u00e4ttning. Det finns ett flertal klubbar f\u00f6r dykning, vattenskidor och wakeboard, samt mer \u00e4n tio vattensportcenter som erbjuder allt som kan vara av intresse: Parasailing, kajak, jetski \u2013 N\u00e4mn n\u00e5got, s\u00e5 finns det!<\/p>\n<p><strong>Historia<br \/>\n<\/strong>Enligt b\u00f6ckerna, kom Christopher Columbus hit 11 nov 1493 och har sedan dess varit s\u00e5v\u00e4l franskt som nederl\u00e4ndskt, d\u00e4r man delade \u00f6n 1648 i en fransk del (den norra) och en nederl\u00e4ndsk. Saint Martin \u00e4r ett franskt f\u00f6rvaltningsomr\u00e5de som sedan 2007 \u00e4r frist\u00e5ende och har ett visst sj\u00e4lvstyre.<\/p>\n<p><strong>Yta<br \/>\n<\/strong>53 kvadratkilometer p\u00e5 den franska delen. 87 kkm totalt.<\/p>\n<p><strong>Inv\u00e5nare<br \/>\n<\/strong>Ca 75000<\/p>\n<p><strong>Spr\u00e5k<br \/>\n<\/strong>Franska, generellt. Engelska talas ocks\u00e5 av m\u00e5nga. Dessutom \u00e4ven holl\u00e4ndska p\u00e5 den s\u00f6dra delen.<\/p>\n<p><strong>Huvudstad<\/strong><br \/>\nMarigot p\u00e5 den franska delen och Philipsburg p\u00e5 den nederl\u00e4ndska.<b>\u00a0<\/b><\/p>\n<p><strong>Klimat<\/strong><br \/>\nTropiskt klimat med dagstemperaturer som l\u00e4gst p\u00e5 ca 24-25 grader, d\u00e4r temperaturen ligger inom 25 och 30 grader \u00e5ret runt. Vattentemperaturen h\u00e5ller 26-29 grader under hela \u00e5ret. Antal soltimmar per dag varierar fr\u00e5n 7 till 8. Det f\u00f6rekommer kortare regnskurar hela \u00e5ret, men oftare i perioden juli-augusti och november-januari. Minst nederb\u00f6rd februari-april.<\/p>\n<p><strong>Valuta<br \/>\n<\/strong>Euro. US Dollar \u00e5r ocks\u00e5 g\u00e5ngbart.<\/p>\n<p><strong style=\"line-height: inherit;\">Kreditkort<br \/>\n<\/strong><span style=\"line-height: inherit;\">De flesta kreditkort accepteras som betalning p\u00e5 restauranger, i aff\u00e4rer mm. Uttagsautomater finns ocks\u00e5 f\u00f6r kontantkassa.<\/span><\/p>\n<p class=\"western\"><strong>Dricks<\/strong><strong><br \/>\n<\/strong>F\u00f6r att visa din uppskattning f\u00f6r \u00f6vrig tj\u00e4nsteservice, uppskattas alltid en slant f\u00f6r utf\u00f6rt arbete. Om service \u00e4r inr\u00e4knad p\u00e5 notan, rundas beloppet av upp\u00e5t p\u00e5 en \u00f6nskad niv\u00e5. Kontant dricks ges l\u00e4mpligen i EUR.<\/p>\n<p><strong>Tidsskillnad<\/strong><br \/>\n-5 timmar under vinterhalv\u00e5ret och -6 timmar under sommarhalv\u00e5ret, j\u00e4mf\u00f6rt med svensk tid.<\/p>\n<p><strong>V\u00e4gar, trafik, kommunikation<br \/>\n<\/strong>H\u00e4r \u00e4r det h\u00f6gertrafik. De st\u00f6rre v\u00e4garna h\u00e5ller en god standard, men det \u00e4r s\u00e4mre best\u00e4llt med skyltning. Bilb\u00e4lte i fram- och baks\u00e4te \u00e4r lagstadgat. Hj\u00e4lmtv\u00e5ng g\u00e4ller f\u00f6r motorcykel. Det finns taxi f\u00f6r lokala transporter \u2013 men undvik \u201dtaxi\u201d utan taxiskylt.<\/p>\n<p><strong>Elektricitet<\/strong><br \/>\n220V. Ta med internationell adapter.<\/p>\n<p><strong>Lagar och lokala v\u00e4rderingar<\/strong><span style=\"font-family: 'Liberation Sans', serif;\"><span style=\"font-size: large;\"><br \/>\n<\/span><\/span>Som i alla l\u00e4nder finns nationella lagar, v\u00e4rderingar och lokala regler som man som bes\u00f6kare f\u00f6rv\u00e4ntas f\u00f6lja. Varje resen\u00e4r\/bes\u00f6kare har ansvar f\u00f6r att f\u00f6rvissa sig om aktuella f\u00f6rh\u00e5llningsregler och v\u00e4rderingar som ofta kan skilja sig en del mot vad vi \u00e4r vana vid. Vi rekommenderar dig att l\u00e4sa mer om regler, seder och bruk p\u00e5 respektive lands hemsida, samt \u00e4ven p\u00e5 Utrikesdepartementets hemsida med information om resor till utlandet. Dels \u00e4r det sk\u00f6nt att slippa otrevliga \u00f6verraskningar n\u00e4r du v\u00e4l \u00e4r p\u00e5 plats. Dessutom drar du dig l\u00e4rdom av landets kultur och traditioner.<\/p>\n<\/div><\/section><\/div>\n\n<style type=\"text\/css\" data-created_by=\"avia_inline_auto\" id=\"style-css-av-av_hr-0688d0b0b6ed2f8b057db7a8270206df\">\n#top .hr.hr-invisible.av-av_hr-0688d0b0b6ed2f8b057db7a8270206df{\nheight:50px;\n}\n<\/style>\n<div  class='hr av-av_hr-0688d0b0b6ed2f8b057db7a8270206df hr-invisible  avia-builder-el-7  el_after_av_one_full  el_before_av_one_half '><span class='hr-inner '><span class=\"hr-inner-style\"><\/span><\/span><\/div>\n<div class='flex_column_table av-av_one_half-eb22d586db4aa8536998fa6076f87d77 sc-av_one_half av-equal-height-column-flextable'>\n<style type=\"text\/css\" data-created_by=\"avia_inline_auto\" id=\"style-css-av-av_one_half-eb22d586db4aa8536998fa6076f87d77\">\n.flex_column.av-av_one_half-eb22d586db4aa8536998fa6076f87d77{\nborder-radius:0px 0px 0px 0px;\npadding:20px 20px 20px 20px;\nbackground-color:#f7f7f7;\n}\n<\/style>\n<div  class='flex_column av-av_one_half-eb22d586db4aa8536998fa6076f87d77 av_one_half  avia-builder-el-8  el_after_av_hr  el_before_av_one_half  first flex_column_table_cell av-equal-height-column av-align-top  '     ><p>\n<style type=\"text\/css\" data-created_by=\"avia_inline_auto\" id=\"style-css-av-av_heading-5e1bb4e2c977e97b14645873cdebaa13\">\n#top .av-special-heading.av-av_heading-5e1bb4e2c977e97b14645873cdebaa13{\npadding-bottom:10px;\n}\nbody .av-special-heading.av-av_heading-5e1bb4e2c977e97b14645873cdebaa13 .av-special-heading-tag .heading-char{\nfont-size:25px;\n}\n.av-special-heading.av-av_heading-5e1bb4e2c977e97b14645873cdebaa13 .av-subheading{\nfont-size:15px;\n}\n<\/style>\n<div  class='av-special-heading av-av_heading-5e1bb4e2c977e97b14645873cdebaa13 av-special-heading-h3  avia-builder-el-9  el_before_av_iconlist  avia-builder-el-first '><h3 class='av-special-heading-tag '  itemprop=\"headline\"  >Fakta<\/h3><div class=\"special-heading-border\"><div class=\"special-heading-inner-border\"><\/div><\/div><\/div><br \/>\n\n<style type=\"text\/css\" data-created_by=\"avia_inline_auto\" id=\"style-css-av-av_iconlist-999a2d681d06b0992925b5a008e74484\">\n#top .avia-icon-list-container.av-av_iconlist-999a2d681d06b0992925b5a008e74484 .iconlist_icon{\ncolor:#3a3a3a;\nbackground-color:#f7f7f7;\nborder:1px solid #3a3a3a;\n}\n<\/style>\n<div  class='avia-icon-list-container av-av_iconlist-999a2d681d06b0992925b5a008e74484  avia-builder-el-10  el_after_av_heading  avia-builder-el-last '><ul class='avia-icon-list avia_animate_when_almost_visible avia-icon-list-left av-iconlist-big av-av_iconlist-999a2d681d06b0992925b5a008e74484 avia-iconlist-animate'>\n<li><div class='iconlist_icon av-av_iconlist_item-39b279e8171f6829e56095a29a82e327 avia-font-entypo-fontello'><span class='iconlist-char' aria-hidden='true' data-av_icon='\ue84d' data-av_iconfont='entypo-fontello'><\/span><\/div><article class=\"article-icon-entry \"  itemscope=\"itemscope\" itemtype=\"https:\/\/schema.org\/CreativeWork\" ><div class=\"iconlist_content_wrap\"><header class=\"entry-content-header\" aria-label=\"Icon: Visum\"><h4 class='av_iconlist_title iconlist_title  '  itemprop=\"headline\" >Visum<\/h4><\/header><div class='iconlist_content '  itemprop=\"text\" ><p><em>Visum beh\u00f6vs inte f\u00f6r svenska medborgare.<\/em><\/p>\n<\/div><\/div><footer class=\"entry-footer\"><\/footer><\/article><div class=\"iconlist-timeline\"><\/div><\/li>\n<li><div class='iconlist_icon av-av_iconlist_item-e2f1d09a1cbbc00a097234998041fc3d avia-font-entypo-fontello'><span class='iconlist-char' aria-hidden='true' data-av_icon='\ue8cf' data-av_iconfont='entypo-fontello'><\/span><\/div><article class=\"article-icon-entry \"  itemscope=\"itemscope\" itemtype=\"https:\/\/schema.org\/CreativeWork\" ><div class=\"iconlist_content_wrap\"><header class=\"entry-content-header\" aria-label=\"Icon: Valuta\"><h4 class='av_iconlist_title iconlist_title  '  itemprop=\"headline\" >Valuta<\/h4><\/header><div class='iconlist_content '  itemprop=\"text\" ><p><em>Euro. US Dollar accepteras i stor utstr\u00e4ckning ocks\u00e5.<\/em><\/p>\n<\/div><\/div><footer class=\"entry-footer\"><\/footer><\/article><div class=\"iconlist-timeline\"><\/div><\/li>\n<li><div class='iconlist_icon av-av_iconlist_item-8d5312078593b0174c29e7a8047add13 avia-font-entypo-fontello'><span class='iconlist-char' aria-hidden='true' data-av_icon='\ue866' data-av_iconfont='entypo-fontello'><\/span><\/div><article class=\"article-icon-entry \"  itemscope=\"itemscope\" itemtype=\"https:\/\/schema.org\/CreativeWork\" ><div class=\"iconlist_content_wrap\"><header class=\"entry-content-header\" aria-label=\"Icon: Klimat\"><h4 class='av_iconlist_title iconlist_title  '  itemprop=\"headline\" >Klimat<\/h4><\/header><div class='iconlist_content '  itemprop=\"text\" ><p><em>Tropiskt klimat. Varmt i luft och vatten \u00e5ret runt.<\/em><\/p>\n<\/div><\/div><footer class=\"entry-footer\"><\/footer><\/article><div class=\"iconlist-timeline\"><\/div><\/li>\n<\/ul><\/div><\/p><\/div>\n<div class='av-flex-placeholder'><\/div>\n<style type=\"text\/css\" data-created_by=\"avia_inline_auto\" id=\"style-css-av-av_one_half-c99897e014b6ac50785e16af58e9b83d\">\n.flex_column.av-av_one_half-c99897e014b6ac50785e16af58e9b83d{\nborder-radius:0px 0px 0px 0px;\npadding:20px 20px 20px 20px;\nbackground-color:#f7f7f7;\n}\n<\/style>\n<div  class='flex_column av-av_one_half-c99897e014b6ac50785e16af58e9b83d av_one_half  avia-builder-el-11  el_after_av_one_half  el_before_av_hr  flex_column_table_cell av-equal-height-column av-align-top  '     ><p>\n<style type=\"text\/css\" data-created_by=\"avia_inline_auto\" id=\"style-css-av-av_heading-a8f60ef72849b8b0cf4d08e012dead90\">\n#top .av-special-heading.av-av_heading-a8f60ef72849b8b0cf4d08e012dead90{\npadding-bottom:10px;\n}\nbody .av-special-heading.av-av_heading-a8f60ef72849b8b0cf4d08e012dead90 .av-special-heading-tag .heading-char{\nfont-size:25px;\n}\n.av-special-heading.av-av_heading-a8f60ef72849b8b0cf4d08e012dead90 .av-subheading{\nfont-size:15px;\n}\n<\/style>\n<div  class='av-special-heading av-av_heading-a8f60ef72849b8b0cf4d08e012dead90 av-special-heading-h3  avia-builder-el-12  el_before_av_sidebar  avia-builder-el-first '><h3 class='av-special-heading-tag '  itemprop=\"headline\"  >V\u00e4der<\/h3><div class=\"special-heading-border\"><div class=\"special-heading-inner-border\"><\/div><\/div><\/div><br \/>\n<div  class='avia-builder-widget-area clearfix  avia-builder-el-13  el_after_av_heading  avia-builder-el-last '><div id=\"weer_widget-29\" class=\"widget clearfix weer_widget\">\n        <div id=\"\"\n             class=\"weather_widget_wrap weer-widget weather_widget_style1\"\n             data-text-color='#000000'\n             data-background=\"#f7f7f7\"\n             data-width=\"100\"\n             data-header=\"\"\n             data-days=\"3\"\n             data-sunrise=\"false\"\n             data-wind=\"false\"\n             data-current=\"on\"\n             data-language=\"english\"\n             data-city=\"Princess Juliana International\"\n             data-country=\"st. martin\">\n\n            <div class=\"weather_widget_placeholder\"><\/div>\n            <div style=\"font-size: 14px;text-align: center;padding-top: 6px;padding-bottom: 4px;background: rgba(0,0,0,0.03);\">\n                Powered by <a target=\"_blank\" href=\"https:\/\/www.weer1.com\">Weer1.com<\/a>\n            <\/div>\n        <\/div>\n        <\/div><\/div><\/p><\/div><\/div><!--close column table wrapper. Autoclose: 1 -->\n\n<style type=\"text\/css\" data-created_by=\"avia_inline_auto\" id=\"style-css-av-av_hr-0688d0b0b6ed2f8b057db7a8270206df\">\n#top .hr.hr-invisible.av-av_hr-0688d0b0b6ed2f8b057db7a8270206df{\nheight:50px;\n}\n<\/style>\n<div  class='hr av-av_hr-0688d0b0b6ed2f8b057db7a8270206df hr-invisible  avia-builder-el-14  el_after_av_one_half  avia-builder-el-last '><span class='hr-inner '><span class=\"hr-inner-style\"><\/span><\/span><\/div>\n","protected":false},"excerpt":{"rendered":"","protected":false},"author":2,"featured_media":0,"parent":0,"menu_order":0,"comment_status":"closed","ping_status":"closed","template":"","meta":{"_vp_format_video_url":"","_vp_image_focal_point":[],"footnotes":""},"class_list":["post-24277","page","type-page","status-publish","hentry"],"_links":{"self":[{"href":"https:\/\/www.goinstyle.se\/stmartin\/wp-json\/wp\/v2\/pages\/24277","targetHints":{"allow":["GET"]}}],"collection":[{"href":"https:\/\/www.goinstyle.se\/stmartin\/wp-json\/wp\/v2\/pages"}],"about":[{"href":"https:\/\/www.goinstyle.se\/stmartin\/wp-json\/wp\/v2\/types\/page"}],"author":[{"embeddable":true,"href":"https:\/\/www.goinstyle.se\/stmartin\/wp-json\/wp\/v2\/users\/2"}],"replies":[{"embeddable":true,"href":"https:\/\/www.goinstyle.se\/stmartin\/wp-json\/wp\/v2\/comments?post=24277"}],"version-history":[{"count":5,"href":"https:\/\/www.goinstyle.se\/stmartin\/wp-json\/wp\/v2\/pages\/24277\/revisions"}],"predecessor-version":[{"id":33376,"href":"https:\/\/www.goinstyle.se\/stmartin\/wp-json\/wp\/v2\/pages\/24277\/revisions\/33376"}],"wp:attachment":[{"href":"https:\/\/www.goinstyle.se\/stmartin\/wp-json\/wp\/v2\/media?parent=24277"}],"curies":[{"name":"wp","href":"https:\/\/api.w.org\/{rel}","templated":true}]}}