{"id":33322,"date":"2018-06-28T14:14:10","date_gmt":"2018-06-28T12:14:10","guid":{"rendered":"http:\/\/www.goinstyle.se\/?page_id=33322"},"modified":"2019-10-30T10:45:03","modified_gmt":"2019-10-30T08:45:03","slug":"om-tobago-3","status":"publish","type":"page","link":"https:\/\/www.goinstyle.se\/tobago\/om-tobago-3\/","title":{"rendered":"Om Tobago"},"content":{"rendered":"\n<style type=\"text\/css\" data-created_by=\"avia_inline_auto\" id=\"style-css-av-av_section-9cf016ffb046315c9046fc97176ff7cb\">\n.avia-section.av-av_section-9cf016ffb046315c9046fc97176ff7cb{\nbackground-repeat:no-repeat;\nbackground-image:url(https:\/\/www.goinstyle.se\/wp-content\/uploads\/2016\/11\/tobago_toppbild_pigeon_point_sunset.jpg);\nbackground-position:50% 0%;\nbackground-attachment:scroll;\n}\n<\/style>\n<div id='av_section_1'  class='avia-section av-av_section-9cf016ffb046315c9046fc97176ff7cb main_color avia-section-default avia-no-shadow  avia-builder-el-0  el_before_av_section  avia-builder-el-first  avia-full-stretch avia-bg-style-scroll container_wrap fullsize'  data-section-bg-repeat='stretch'><div class='container av-section-cont-open' ><main  role=\"main\" itemprop=\"mainContentOfPage\"  class='template-page content  av-content-full alpha units'><div class='post-entry post-entry-type-page post-entry-33322'><div class='entry-content-wrapper clearfix'>\n\n<style type=\"text\/css\" data-created_by=\"avia_inline_auto\" id=\"style-css-av-av_hr-a6de236e6c183bbbd700292deacd2b52\">\n#top .hr.hr-invisible.av-av_hr-a6de236e6c183bbbd700292deacd2b52{\nheight:20px;\n}\n<\/style>\n<div  class='hr av-av_hr-a6de236e6c183bbbd700292deacd2b52 hr-invisible  avia-builder-el-1  el_before_av_heading  avia-builder-el-first '><span class='hr-inner '><span class=\"hr-inner-style\"><\/span><\/span><\/div>\n\n<style type=\"text\/css\" data-created_by=\"avia_inline_auto\" id=\"style-css-av-av_heading-d069f020710c21fd030f28f0497bdc80\">\n#top .av-special-heading.av-av_heading-d069f020710c21fd030f28f0497bdc80{\npadding-bottom:10px;\ncolor:#ffffff;\nfont-size:40px;\n}\nbody .av-special-heading.av-av_heading-d069f020710c21fd030f28f0497bdc80 .av-special-heading-tag .heading-char{\nfont-size:25px;\n}\n#top #wrap_all .av-special-heading.av-av_heading-d069f020710c21fd030f28f0497bdc80 .av-special-heading-tag{\nfont-size:40px;\n}\n.av-special-heading.av-av_heading-d069f020710c21fd030f28f0497bdc80 .special-heading-inner-border{\nborder-color:#ffffff;\n}\n.av-special-heading.av-av_heading-d069f020710c21fd030f28f0497bdc80 .av-subheading{\nfont-size:15px;\n}\n\n@media only screen and (min-width: 480px) and (max-width: 767px){ \n#top #wrap_all .av-special-heading.av-av_heading-d069f020710c21fd030f28f0497bdc80 .av-special-heading-tag{\nfont-size:0.8em;\n}\n}\n\n@media only screen and (max-width: 479px){ \n#top #wrap_all .av-special-heading.av-av_heading-d069f020710c21fd030f28f0497bdc80 .av-special-heading-tag{\nfont-size:0.8em;\n}\n}\n<\/style>\n<div  class='av-special-heading av-av_heading-d069f020710c21fd030f28f0497bdc80 av-special-heading-h6 custom-color-heading blockquote modern-quote modern-centered  avia-builder-el-2  el_after_av_hr  avia-builder-el-last  av-inherit-size'><h6 class='av-special-heading-tag '  itemprop=\"headline\"  >Om Tobago<\/h6><div class=\"special-heading-border\"><div class=\"special-heading-inner-border\"><\/div><\/div><\/div>\n\n<\/div><\/div><\/main><!-- close content main element --><\/div><\/div><div id='av_section_2'  class='avia-section av-av_section-4812a9956d6b860f6d215a53234f5880 main_color avia-section-default avia-no-shadow  avia-builder-el-3  el_after_av_section  avia-builder-el-last  avia-bg-style-scroll container_wrap fullsize'  ><div class='container av-section-cont-open' ><div class='template-page content  av-content-full alpha units'><div class='post-entry post-entry-type-page post-entry-33322'><div class='entry-content-wrapper clearfix'>\n<section  class='av_textblock_section av-av_textblock-0366cc7376be6c9e82a3e9cc8987b64f '   itemscope=\"itemscope\" itemtype=\"https:\/\/schema.org\/CreativeWork\" ><div class='avia_textblock'  itemprop=\"text\" ><pre><code><nav aria-label=\"breadcrumbs\">\n            <div class=\"breadcrumb-container theme1\">\n                <ol>\n                    <li><a title=\"Du \u00e4r h\u00e4r:\" href=\"#\"><span>Du \u00e4r h\u00e4r:<\/span><\/a><span class=\"separator\">\u00bb<\/span><\/li>\n                    <\/ol>\n            <\/div>\n        <\/nav>    <script type=\"application\/ld+json\">\n        {\n            \"@context\": \"http:\/\/schema.org\",\n            \"@type\": \"BreadcrumbList\",\n            \"itemListElement\": [\n                 {\n                            \"@type\": \"ListItem\",\n                            \"position\": 1,\n                            \"item\": {\n                                \"@id\": \"#\",\n                                \"name\": \"Du \u00e4r h\u00e4r:\"\n                            }\n                        }\n                                                    ]\n        }\n    <\/script>\n   \n    <script>\n            <\/script>\n<\/code><\/pre>\n<\/div><\/section>\n\n<style type=\"text\/css\" data-created_by=\"avia_inline_auto\" id=\"style-css-av-av_one_full-c3f0f78c26a863dc60f14a52019fd8b2\">\n#top .flex_column.av-av_one_full-c3f0f78c26a863dc60f14a52019fd8b2{\nmargin-top:0px;\nmargin-bottom:0px;\n}\n.flex_column.av-av_one_full-c3f0f78c26a863dc60f14a52019fd8b2{\nborder-radius:0px 0px 0px 0px;\npadding:0px 0px 0px 0px;\n}\n.responsive #top #wrap_all .flex_column.av-av_one_full-c3f0f78c26a863dc60f14a52019fd8b2{\nmargin-top:0px;\nmargin-bottom:0px;\n}\n<\/style>\n<div  class='flex_column av-av_one_full-c3f0f78c26a863dc60f14a52019fd8b2 av_one_full  avia-builder-el-5  el_after_av_textblock  el_before_av_hr  first flex_column_div av-zero-column-padding  column-top-margin'     ><section  class='av_textblock_section av-av_textblock-0366cc7376be6c9e82a3e9cc8987b64f '   itemscope=\"itemscope\" itemtype=\"https:\/\/schema.org\/CreativeWork\" ><div class='avia_textblock'  itemprop=\"text\" ><p><strong>N\u00f6jesliv, mat &amp; dryck<\/strong><\/p>\n<p>H\u00e4r har du inga stora n\u00f6jespalats eller gigantiska hotell, varf\u00f6r sm\u00e5skaligheten och balansen best\u00e5r i m\u00e5nga mindre hotell och ett stort antal restauranger som kan hittas lite \u00f6verallt. Mat och dryck av lokal karakt\u00e4r kan du l\u00e4tt finna och njuta av m\u00e5nga goda fisk-och skaldjursr\u00e4tter, men \u00e4ven kyckling som \u00e4r popul\u00e4rt. Kommer du lite utanf\u00f6r st\u00e4derna, kan du \u00e4ta riktigt gott f\u00f6r en mycket liten peng! Du finner \u00e4ven en m\u00e4ngd &#8220;gatuk\u00f6k&#8221; lite \u00f6verallt, d\u00e4r fisk och skaldjur \u00e4r vanligaste huvudingredienser. Det \u00e4r v\u00e4lkryddat med indisk eller afrikansk touch. N\u00e4r du \u00e4r h\u00e4r ska du absolut pr\u00f6va p\u00e5 det!<br \/>\nDu m\u00e5ste bes\u00f6ka den lilla byn <em>Buccoo<\/em> en s\u00f6ndag, d\u00e5 man har ett fantastiskt Streetparty. St\u00e4mningen \u00e4r avslappnad och tillbakalutad, samtidigt som alla vill bidra till att sprida gl\u00e4dje och ha roligt. Det finns aktiviteter f\u00f6r oss alla och str\u00e4cker sig fr\u00e5n en film i biosalong till barh\u00e4ng och umg\u00e4nge med de dina eller nya bekantskaper.<\/p>\n<p>Du rekommenderas ocks\u00e5 uppleva och f\u00e5 smaka Tobagos egen uts\u00f6kta choklad, som sker p\u00e5 <em>Tobago Cocoa Estate<\/em>. D\u00e4r har Duane Dove ih\u00e4rdigt och envist byggt upp en kakaoodling p\u00e5 ekologisk v\u00e4g, med en best\u00e4md ambition att skapa n\u00e5got extraordin\u00e4rt och unikt. Hit b\u00f6r du ta dig f\u00f6r att f\u00e5 en b\u00e5de genuin och fascinerande upplevelse om hur man framst\u00e4ller riktig choklad. H\u00e4r anordnas ocks\u00e5 temakv\u00e4llar i chokladens tecken, med riktig rom som passar s\u00e5 fint till. Skulle du vara intresserad av att anm\u00e4la dig i f\u00f6rv\u00e4g, hj\u00e4lper vi dig g\u00e4rna med kontakt!<\/p>\n<p><strong>Sol &amp; bad<\/strong><\/p>\n<p>Str\u00e4nderna \u00e4r s\u00e5 klart en huvudattraktion och en av anledningarna att resa hit. Du kommer att uppt\u00e4cka att det finns gott om uts\u00f6kta str\u00e4nder med paradispr\u00e4gel. Det lugna och avslappnade livet h\u00e4r kan du l\u00e4tt toppa p\u00e5 stranden, kanske med n\u00e5got gott att svalka dig med.<\/p>\n<p>Bland de mest k\u00e4nda str\u00e4nderna finner du bl a:<br \/>\n<em>Pigeon Point<\/em> &#8211; Rankas som Tobagos finaste strand. Den finner du p\u00e5 Tobagos sydv\u00e4stra spets. Den motsvarar verkligen den dr\u00f6mbild alla har om karibiska str\u00e4nder. H\u00e4r \u00e4r sanden vit, mjuk och len. Palmerna vajar behagligt intill. Vattnet \u00e4r klart, turkosbl\u00e5tt och ett korallrev en bit ut fr\u00e5n stranden g\u00f6r f\u00f6ruts\u00e4ttningarna f\u00f6r sk\u00f6na bad alldeles fantastiska!<br \/>\n<em>Englishmans Bay<\/em> &#8211; En av Tobagos mest k\u00e4nda str\u00e4nder och bjuder p\u00e5 mycket sk\u00f6nhet. Enligt boken om Robinson Crusoe, var det just h\u00e4r han spolades i land. H\u00e4r \u00e4r stranden relativt brant och omg\u00e4rdas av gr\u00f6nskande bergssluttningar och djungeln som g\u00e5r \u00e4nda ner till stranden. H\u00e4r finner du ett rikt djurliv och kan f\u00f6rmodligen besk\u00e5da s\u00e5v\u00e4l tropiska f\u00e5gelarter, f\u00e4rggranna fj\u00e4rilar, som m\u00e4ktiga albatrossf\u00e5glar. Trots strandens k\u00e4nda f\u00f6rtecken, \u00e4r livet h\u00e4r stillsamt och oexploaterat.<br \/>\n<em>Man o\u00b4War Bay<\/em> &#8211; En vacker bukt och strand p\u00e5 Tobagos nord\u00f6stra sida. \u00c4ven h\u00e4r str\u00e4cker sig regnskogen ner till stranden. Ut\u00f6ver den vackra milj\u00f6n, kan du dessutom finna papayatr\u00e4d och plocka lite frukt om du k\u00e4nner f\u00f6r det! Stranden har en mjuk och len sand och str\u00e4cker sig \u00f6ver mer \u00e4n en kilometer. Du hittar ett korallrev alldeles n\u00e4ra strandkanten, vilket g\u00f6r stranden extra bra f\u00f6r dig med intresse f\u00f6r snorkling. \u00c4ven h\u00e4r tr\u00e4ffar du p\u00e5 m\u00e5nga f\u00e5gelarter som g\u00f6r upplevelsen till n\u00e5got ut\u00f6ver det vanliga.<br \/>\n<em>Store Bay &#8211;<\/em> Den kanske mest popul\u00e4ra allm\u00e4nna stranden som omges av m\u00e5nga hotell och privata semesterbost\u00e4der. H\u00e4r \u00e4r det n\u00e4stan alltid m\u00e5nga bes\u00f6kare varf\u00f6r du f\u00e5r r\u00e4kna med viss tr\u00e4ngsel. Detta \u00e4r en strand med viss service i form av sm\u00e5 butiker, restauranger och barer och dessutom f\u00f6rsedd med badvakter. F\u00f6r simning passar Store Bay bra, d\u00e5 vattnet oftast \u00e4r ganska lugnt h\u00e4r. Vi tror att du som gillar folkliv trivs b\u00e4st h\u00e4r. Den som s\u00f6ker lite mer enskilt badliv, har m\u00e5nga andra fina sm\u00e5 str\u00e4nder att v\u00e4lja p\u00e5. <em><br \/>\n<\/em><\/p>\n<p><strong>Sev\u00e4rdheter och aktiviteter<\/strong><\/p>\n<p>Argyle Falls\u00a0&#8211; Finner du mitt i den tropiska regnskogen. Det ligger relativt n\u00e4ra fr\u00e5n s\u00f6dra kustv\u00e4gen, men r\u00e4kna med en lite besv\u00e4rlig promenad p\u00e5 ca 20 minuter f\u00f6r att komma \u00e4nda fram. Det \u00e4r dock m\u00f6dan v\u00e4rt! En annan v\u00e4rld. Lugnt och stilla d\u00e4r endast det fascinerande vattenfallet st\u00e5r f\u00f6r musiken, ackompanjerad av regnskogens ljud. Om du blivit varm p\u00e5 v\u00e4gen dit, kan du svalka dig i det klara, svala vattnet i anslutning till fallet. Bara det en upplevelse. Bes\u00f6k Rainbow Falls n\u00e4r du \u00e4r h\u00e4r!<\/p>\n<p><em>Tobago Forest Reserve<\/em> &#8211; En av v\u00e4rldens \u00e4ldsta nationalparker som h\u00e4rbergerar en m\u00e4ngd f\u00e5gelarter. Det \u00e4r l\u00e4ttillg\u00e4ngligt att n\u00e5 till fots med guide. Det \u00e4r absolut v\u00e4rt att ta sig hit i samband med bes\u00f6ket p\u00e5 Tobago!<\/p>\n<p><em>Windward Road<\/em> &#8211; Den slingriga v\u00e4gen g\u00e5r l\u00e4ngs Tobagos sydkust och bjuder p\u00e5 en mer dramatisk och og\u00e4stv\u00e4nlig sida, som dock \u00e4r hisnande och fascinerande f\u00f6r bes\u00f6karen. H\u00e4r finner du ocks\u00e5 flera sm\u00e5 byar, d\u00e4r turismen inte alls satt sina avtryck. Fiskebyn Speyside i v\u00e4gens \u00f6stra slut, visar upp f\u00e4rgglada hus, ett stillsamt folkliv och en atmosf\u00e4r som tar tankarna m\u00e5nga \u00e5r tillbaka. V\u00e4rt att uppleva!<\/p>\n<p><em>Katamaran turer<\/em> &#8211; H\u00e4r f\u00e5r du en heldagstur l\u00e4ngs den fantastiska kuststr\u00e4ckan. En minnesv\u00e4rd upplevelse med god plats p\u00e5 d\u00e4ck, tv\u00e5 soln\u00e4t, bar ombord, liksom en buffetlunch som ing\u00e5r. Perfekt dagstur d\u00e4r du f\u00e5r uppleva \u00e4nnu mer utan att beh\u00f6va offra soltimmar p\u00e5 stranden. Verkligen en omv\u00e4xling som f\u00f6rn\u00f6jer!<\/p>\n<p><em>Little Tobago<\/em> &#8211; Ligger strax nordost om Tobago och \u00e4r endast en kvadratkilometer till ytan. \u00d6n \u00e4r t\u00e4ckt av skog och fungerar som h\u00e4ckningsplats f\u00f6r m\u00e5nga exotiska f\u00e5gelarter. Ut\u00f6ver den attraktionen, \u00e4r b\u00e5tturen till och fr\u00e5n ocks\u00e5 en upplevelse, d\u00e5 vattnet mellan \u00f6arna best\u00e5r av ett korallrev som man kan uppleva och fascineras av p\u00e5 b\u00e5tarna med glasbotten.<\/p>\n<p><strong>Historia<\/strong><\/p>\n<p>Tobago har varit koloni \u00e5t Spanien, Nederl\u00e4nderna, Frankrike och Storbritannien och blev brittisk koloni 1814 och en gemensam enhet med trinidad 1899. Efter att tillsammans med Trinidad, varit medlem i V\u00e4stindiska Federationen i n\u00e5gra \u00e5r, blev Trinidad och Tobago sj\u00e4lvst\u00e4ndigt 1962 och en republik 1976.<\/p>\n<p><strong>Yta:<\/strong><br \/>\n300 kvadratkilometer<\/p>\n<p><strong>Inv\u00e5nare:<\/strong><br \/>\nEngelska<\/p>\n<p><strong>Spr\u00e5k:<\/strong><br \/>\nEngelska<\/p>\n<p><strong>Huvudstad:<\/strong><br \/>\nPort of Spain (Trinidad), Scarborough adm. centrum p\u00e5 Tobago<\/p>\n<p><strong>Klimat:<\/strong><br \/>\n\u00d6n har ett subtropiskt klimat med en st\u00e4ndigt n\u00e4rvarande bris med dagstemperaturer mellan 25 \u2013 30c som varierar med \u00e5rstiderna. Perioden december \u2013 maj \u00e4r torr och juni-november regnperiod. Under regnperioden \u00e4r temperaturen fortfarande stabil och soliga dagar f\u00f6rekommer frekvent mellan nederb\u00f6rdstillf\u00e4llena. Tobago \u00e4r relativt f\u00f6rskonat fr\u00e5n kraftigare orkaner tack vare sitt sydliga l\u00e4ge.<\/p>\n<p><strong>Valuta:<\/strong><br \/>\nTrinidad and Tobago Dollar<\/p>\n<p><strong>Kreditkort:<\/strong><br \/>\nAlla stora kreditkort accepteras som betalning p\u00e5 hotell, restauranger och de flesta aff\u00e4rer.<\/p>\n<p><strong>Dricks:<\/strong><br \/>\nMan rekommenderas att betala 10-15% dricks eftersom service inte \u00e4r inr\u00e4knad p\u00e5 restauranger. V\u00e4skb\u00e4rare ers\u00e4tts med ca 1 USD\/v\u00e4ska.<\/p>\n<p><strong>Tidsskillnad<\/strong><strong>:<\/strong><br \/>\n-5 timmar under vinterhalv\u00e5ret och -6 timmar under sommarhalv\u00e5ret, j\u00e4mf\u00f6rt med svensk tid.<\/p>\n<p><strong>V\u00e4gar, trafik:<\/strong><span style=\"color: #000000;\"><br \/>\n<\/span>Det r\u00e5der v\u00e4nstertrafik p\u00e5 Tobago. F\u00f6r \u00f6vrigt g\u00e5r det relativt l\u00e4tt att ta sig runt p\u00e5 \u00f6ns relativt lilla v\u00e4gn\u00e4t och beh\u00e4ndiga storlek. D\u00e4remot rekommenderar vi dig som k\u00f6r bil att se upp d\u00e5 underlaget p\u00e5 v\u00e4garna inte \u00e4r av v\u00e4sterl\u00e4ndsk standard. Det finns ocks\u00e5 en del lokalbussar man kan utnyttja f\u00f6r att f\u00e5 en lite mer n\u00e4ra och genuin upplevelse av det lokala livet. Det \u00e4r billigt, men r\u00e4kna inte med att man alltid h\u00e5ller tidtabellen!<\/p>\n<\/div><\/section><\/div>\n<style type=\"text\/css\" data-created_by=\"avia_inline_auto\" id=\"style-css-av-av_hr-0688d0b0b6ed2f8b057db7a8270206df\">\n#top .hr.hr-invisible.av-av_hr-0688d0b0b6ed2f8b057db7a8270206df{\nheight:50px;\n}\n<\/style>\n<div  class='hr av-av_hr-0688d0b0b6ed2f8b057db7a8270206df hr-invisible  avia-builder-el-7  el_after_av_one_full  el_before_av_one_half '><span class='hr-inner '><span class=\"hr-inner-style\"><\/span><\/span><\/div>\n<div class='flex_column_table av-av_one_half-eb22d586db4aa8536998fa6076f87d77 sc-av_one_half av-equal-height-column-flextable'>\n<style type=\"text\/css\" data-created_by=\"avia_inline_auto\" id=\"style-css-av-av_one_half-eb22d586db4aa8536998fa6076f87d77\">\n.flex_column.av-av_one_half-eb22d586db4aa8536998fa6076f87d77{\nborder-radius:0px 0px 0px 0px;\npadding:20px 20px 20px 20px;\nbackground-color:#f7f7f7;\n}\n<\/style>\n<div  class='flex_column av-av_one_half-eb22d586db4aa8536998fa6076f87d77 av_one_half  avia-builder-el-8  el_after_av_hr  el_before_av_one_half  first flex_column_table_cell av-equal-height-column av-align-top  '     ><p>\n<style type=\"text\/css\" data-created_by=\"avia_inline_auto\" id=\"style-css-av-av_heading-5e1bb4e2c977e97b14645873cdebaa13\">\n#top .av-special-heading.av-av_heading-5e1bb4e2c977e97b14645873cdebaa13{\npadding-bottom:10px;\n}\nbody .av-special-heading.av-av_heading-5e1bb4e2c977e97b14645873cdebaa13 .av-special-heading-tag .heading-char{\nfont-size:25px;\n}\n.av-special-heading.av-av_heading-5e1bb4e2c977e97b14645873cdebaa13 .av-subheading{\nfont-size:15px;\n}\n<\/style>\n<div  class='av-special-heading av-av_heading-5e1bb4e2c977e97b14645873cdebaa13 av-special-heading-h3  avia-builder-el-9  el_before_av_iconlist  avia-builder-el-first '><h3 class='av-special-heading-tag '  itemprop=\"headline\"  >Fakta<\/h3><div class=\"special-heading-border\"><div class=\"special-heading-inner-border\"><\/div><\/div><\/div><br \/>\n\n<style type=\"text\/css\" data-created_by=\"avia_inline_auto\" id=\"style-css-av-av_iconlist-999a2d681d06b0992925b5a008e74484\">\n#top .avia-icon-list-container.av-av_iconlist-999a2d681d06b0992925b5a008e74484 .iconlist_icon{\ncolor:#3a3a3a;\nbackground-color:#f7f7f7;\nborder:1px solid #3a3a3a;\n}\n<\/style>\n<div  class='avia-icon-list-container av-av_iconlist-999a2d681d06b0992925b5a008e74484  avia-builder-el-10  el_after_av_heading  avia-builder-el-last '><ul class='avia-icon-list avia_animate_when_almost_visible avia-icon-list-left av-iconlist-big av-av_iconlist-999a2d681d06b0992925b5a008e74484 avia-iconlist-animate'>\n<li><div class='iconlist_icon av-av_iconlist_item-39b279e8171f6829e56095a29a82e327 avia-font-entypo-fontello'><span class='iconlist-char' aria-hidden='true' data-av_icon='\ue84d' data-av_iconfont='entypo-fontello'><\/span><\/div><article class=\"article-icon-entry \"  itemscope=\"itemscope\" itemtype=\"https:\/\/schema.org\/CreativeWork\" ><div class=\"iconlist_content_wrap\"><header class=\"entry-content-header\" aria-label=\"Icon: Visum\"><h4 class='av_iconlist_title iconlist_title  '  itemprop=\"headline\" >Visum<\/h4><\/header><div class='iconlist_content '  itemprop=\"text\" ><p><em>text.<\/em><\/p>\n<\/div><\/div><footer class=\"entry-footer\"><\/footer><\/article><div class=\"iconlist-timeline\"><\/div><\/li>\n<li><div class='iconlist_icon av-av_iconlist_item-e2f1d09a1cbbc00a097234998041fc3d avia-font-entypo-fontello'><span class='iconlist-char' aria-hidden='true' data-av_icon='\ue8cf' data-av_iconfont='entypo-fontello'><\/span><\/div><article class=\"article-icon-entry \"  itemscope=\"itemscope\" itemtype=\"https:\/\/schema.org\/CreativeWork\" ><div class=\"iconlist_content_wrap\"><header class=\"entry-content-header\" aria-label=\"Icon: Valuta\"><h4 class='av_iconlist_title iconlist_title  '  itemprop=\"headline\" >Valuta<\/h4><\/header><div class='iconlist_content '  itemprop=\"text\" ><p><em>Valuta<\/em><\/p>\n<\/div><\/div><footer class=\"entry-footer\"><\/footer><\/article><div class=\"iconlist-timeline\"><\/div><\/li>\n<li><div class='iconlist_icon av-av_iconlist_item-8d5312078593b0174c29e7a8047add13 avia-font-entypo-fontello'><span class='iconlist-char' aria-hidden='true' data-av_icon='\ue866' data-av_iconfont='entypo-fontello'><\/span><\/div><article class=\"article-icon-entry \"  itemscope=\"itemscope\" itemtype=\"https:\/\/schema.org\/CreativeWork\" ><div class=\"iconlist_content_wrap\"><header class=\"entry-content-header\" aria-label=\"Icon: Klimat\"><h4 class='av_iconlist_title iconlist_title  '  itemprop=\"headline\" >Klimat<\/h4><\/header><div class='iconlist_content '  itemprop=\"text\" ><p><em>Klimat<\/em><\/p>\n<\/div><\/div><footer class=\"entry-footer\"><\/footer><\/article><div class=\"iconlist-timeline\"><\/div><\/li>\n<\/ul><\/div><\/p><\/div><div class='av-flex-placeholder'><\/div>\n<style type=\"text\/css\" data-created_by=\"avia_inline_auto\" id=\"style-css-av-av_one_half-c99897e014b6ac50785e16af58e9b83d\">\n.flex_column.av-av_one_half-c99897e014b6ac50785e16af58e9b83d{\nborder-radius:0px 0px 0px 0px;\npadding:20px 20px 20px 20px;\nbackground-color:#f7f7f7;\n}\n<\/style>\n<div  class='flex_column av-av_one_half-c99897e014b6ac50785e16af58e9b83d av_one_half  avia-builder-el-11  el_after_av_one_half  avia-builder-el-last  flex_column_table_cell av-equal-height-column av-align-top  '     ><p>\n<style type=\"text\/css\" data-created_by=\"avia_inline_auto\" id=\"style-css-av-av_heading-a8f60ef72849b8b0cf4d08e012dead90\">\n#top .av-special-heading.av-av_heading-a8f60ef72849b8b0cf4d08e012dead90{\npadding-bottom:10px;\n}\nbody .av-special-heading.av-av_heading-a8f60ef72849b8b0cf4d08e012dead90 .av-special-heading-tag .heading-char{\nfont-size:25px;\n}\n.av-special-heading.av-av_heading-a8f60ef72849b8b0cf4d08e012dead90 .av-subheading{\nfont-size:15px;\n}\n<\/style>\n<div  class='av-special-heading av-av_heading-a8f60ef72849b8b0cf4d08e012dead90 av-special-heading-h3  avia-builder-el-12  el_before_av_sidebar  avia-builder-el-first '><h3 class='av-special-heading-tag '  itemprop=\"headline\"  >V\u00e4der<\/h3><div class=\"special-heading-border\"><div class=\"special-heading-inner-border\"><\/div><\/div><\/div><br \/>\n<div  class='avia-builder-widget-area clearfix  avia-builder-el-13  el_after_av_heading  avia-builder-el-last '><div id=\"weer_widget-12\" class=\"widget clearfix weer_widget\">\n        <div id=\"\"\n             class=\"weather_widget_wrap weer-widget weather_widget_style1\"\n             data-text-color='#000000'\n             data-background=\"#f7f7f7\"\n             data-width=\"100\"\n             data-header=\"\"\n             data-days=\"3\"\n             data-sunrise=\"false\"\n             data-wind=\"false\"\n             data-current=\"on\"\n             data-language=\"english\"\n             data-city=\"Scarborough\"\n             data-country=\"Trinidad And Tobago\">\n\n            <div class=\"weather_widget_placeholder\"><\/div>\n            <div style=\"font-size: 14px;text-align: center;padding-top: 6px;padding-bottom: 4px;background: rgba(0,0,0,0.03);\">\n                Powered by <a target=\"_blank\" href=\"https:\/\/www.weer1.com\">Weer1.com<\/a>\n            <\/div>\n        <\/div>\n        <\/div><\/div><\/p><\/div><\/div><!--close column table wrapper. Autoclose: 1 -->\n","protected":false},"excerpt":{"rendered":"","protected":false},"author":2,"featured_media":0,"parent":0,"menu_order":0,"comment_status":"open","ping_status":"open","template":"","meta":{"_vp_format_video_url":"","_vp_image_focal_point":[],"footnotes":""},"class_list":["post-33322","page","type-page","status-publish","hentry"],"_links":{"self":[{"href":"https:\/\/www.goinstyle.se\/tobago\/wp-json\/wp\/v2\/pages\/33322","targetHints":{"allow":["GET"]}}],"collection":[{"href":"https:\/\/www.goinstyle.se\/tobago\/wp-json\/wp\/v2\/pages"}],"about":[{"href":"https:\/\/www.goinstyle.se\/tobago\/wp-json\/wp\/v2\/types\/page"}],"author":[{"embeddable":true,"href":"https:\/\/www.goinstyle.se\/tobago\/wp-json\/wp\/v2\/users\/2"}],"replies":[{"embeddable":true,"href":"https:\/\/www.goinstyle.se\/tobago\/wp-json\/wp\/v2\/comments?post=33322"}],"version-history":[{"count":3,"href":"https:\/\/www.goinstyle.se\/tobago\/wp-json\/wp\/v2\/pages\/33322\/revisions"}],"predecessor-version":[{"id":42131,"href":"https:\/\/www.goinstyle.se\/tobago\/wp-json\/wp\/v2\/pages\/33322\/revisions\/42131"}],"wp:attachment":[{"href":"https:\/\/www.goinstyle.se\/tobago\/wp-json\/wp\/v2\/media?parent=33322"}],"curies":[{"name":"wp","href":"https:\/\/api.w.org\/{rel}","templated":true}]}}