{"id":25067,"date":"2017-05-11T14:16:47","date_gmt":"2017-05-11T14:16:47","guid":{"rendered":"http:\/\/www.goinstyle.se\/?page_id=25067\/"},"modified":"2018-06-27T15:53:18","modified_gmt":"2018-06-27T13:53:18","slug":"om-turks-caicos-2","status":"publish","type":"page","link":"https:\/\/www.goinstyle.se\/turkcaicos\/om-turks-caicos-2\/","title":{"rendered":"Om Turks &#038; Caicos"},"content":{"rendered":"\n<style type=\"text\/css\" data-created_by=\"avia_inline_auto\" id=\"style-css-av-av_section-633bc82b5aff30cfe1308a6f44219e38\">\n.avia-section.av-av_section-633bc82b5aff30cfe1308a6f44219e38{\nbackground-repeat:no-repeat;\nbackground-image:url(https:\/\/www.goinstyle.se\/wp-content\/uploads\/2017\/05\/turks_and_caicos_hav.jpg);\nbackground-position:50% 0%;\nbackground-attachment:scroll;\n}\n<\/style>\n<div id='av_section_1'  class='avia-section av-av_section-633bc82b5aff30cfe1308a6f44219e38 main_color avia-section-default avia-no-shadow  avia-builder-el-0  el_before_av_section  avia-builder-el-first  avia-full-stretch avia-bg-style-scroll container_wrap fullsize'  data-section-bg-repeat='stretch'><div class='container av-section-cont-open' ><main  role=\"main\" itemprop=\"mainContentOfPage\"  class='template-page content  av-content-full alpha units'><div class='post-entry post-entry-type-page post-entry-25067'><div class='entry-content-wrapper clearfix'>\n\n<style type=\"text\/css\" data-created_by=\"avia_inline_auto\" id=\"style-css-av-av_hr-a6de236e6c183bbbd700292deacd2b52\">\n#top .hr.hr-invisible.av-av_hr-a6de236e6c183bbbd700292deacd2b52{\nheight:20px;\n}\n<\/style>\n<div  class='hr av-av_hr-a6de236e6c183bbbd700292deacd2b52 hr-invisible  avia-builder-el-1  el_before_av_heading  avia-builder-el-first '><span class='hr-inner '><span class=\"hr-inner-style\"><\/span><\/span><\/div>\n\n<style type=\"text\/css\" data-created_by=\"avia_inline_auto\" id=\"style-css-av-av_heading-aa773fb8145215e85fa14731fc6c96a0\">\n#top .av-special-heading.av-av_heading-aa773fb8145215e85fa14731fc6c96a0{\npadding-bottom:10px;\ncolor:#ffffff;\nfont-size:40px;\n}\nbody .av-special-heading.av-av_heading-aa773fb8145215e85fa14731fc6c96a0 .av-special-heading-tag .heading-char{\nfont-size:25px;\n}\n#top #wrap_all .av-special-heading.av-av_heading-aa773fb8145215e85fa14731fc6c96a0 .av-special-heading-tag{\nfont-size:40px;\n}\n.av-special-heading.av-av_heading-aa773fb8145215e85fa14731fc6c96a0 .special-heading-inner-border{\nborder-color:#ffffff;\n}\n.av-special-heading.av-av_heading-aa773fb8145215e85fa14731fc6c96a0 .av-subheading{\nfont-size:15px;\n}\n\n@media only screen and (min-width: 480px) and (max-width: 767px){ \n#top #wrap_all .av-special-heading.av-av_heading-aa773fb8145215e85fa14731fc6c96a0 .av-special-heading-tag{\nfont-size:0.8em;\n}\n}\n\n@media only screen and (max-width: 479px){ \n#top #wrap_all .av-special-heading.av-av_heading-aa773fb8145215e85fa14731fc6c96a0 .av-special-heading-tag{\nfont-size:0.8em;\n}\n}\n<\/style>\n<div  class='av-special-heading av-av_heading-aa773fb8145215e85fa14731fc6c96a0 av-special-heading-h6 custom-color-heading blockquote modern-quote modern-centered  avia-builder-el-2  el_after_av_hr  avia-builder-el-last  av-inherit-size'><h6 class='av-special-heading-tag '  itemprop=\"headline\"  >Om Turks <span class='special_amp'>&amp;<\/span> Caicos<\/h6><div class=\"special-heading-border\"><div class=\"special-heading-inner-border\"><\/div><\/div><\/div>\n\n<\/div><\/div><\/main><!-- close content main element --><\/div><\/div><div id='divbred'  class='avia-section av-av_section-f69f9b9995685ee5a4eaf64d6d9c3d13 main_color avia-section-default avia-no-shadow  avia-builder-el-3  el_after_av_section  el_before_av_one_full  avia-bg-style-scroll container_wrap fullsize'  ><div class='container av-section-cont-open' ><div class='template-page content  av-content-full alpha units'><div class='post-entry post-entry-type-page post-entry-25067'><div class='entry-content-wrapper clearfix'>\n<section  class='av_textblock_section av-av_textblock-0366cc7376be6c9e82a3e9cc8987b64f '   itemscope=\"itemscope\" itemtype=\"https:\/\/schema.org\/CreativeWork\" ><div class='avia_textblock'  itemprop=\"text\" ><pre><code><nav aria-label=\"breadcrumbs\">\n            <div class=\"breadcrumb-container theme1\">\n                <ol>\n                    <li><a title=\"Du \u00e4r h\u00e4r:\" href=\"#\"><span>Du \u00e4r h\u00e4r:<\/span><\/a><span class=\"separator\">\u00bb<\/span><\/li>\n                    <\/ol>\n            <\/div>\n        <\/nav>    <script type=\"application\/ld+json\">\n        {\n            \"@context\": \"http:\/\/schema.org\",\n            \"@type\": \"BreadcrumbList\",\n            \"itemListElement\": [\n                 {\n                            \"@type\": \"ListItem\",\n                            \"position\": 1,\n                            \"item\": {\n                                \"@id\": \"#\",\n                                \"name\": \"Du \u00e4r h\u00e4r:\"\n                            }\n                        }\n                                                    ]\n        }\n    <\/script>\n   \n    <script>\n            <\/script>\n<\/code><\/pre>\n<\/div><\/section>\n<\/div><\/div><\/div><!-- close content main div --><\/div><\/div><div id='after_section_2'  class='main_color av_default_container_wrap container_wrap fullsize'  ><div class='container av-section-cont-open' ><div class='template-page content  av-content-full alpha units'><div class='post-entry post-entry-type-page post-entry-25067'><div class='entry-content-wrapper clearfix'>\n\n<style type=\"text\/css\" data-created_by=\"avia_inline_auto\" id=\"style-css-av-av_one_full-c3f0f78c26a863dc60f14a52019fd8b2\">\n#top .flex_column.av-av_one_full-c3f0f78c26a863dc60f14a52019fd8b2{\nmargin-top:0px;\nmargin-bottom:0px;\n}\n.flex_column.av-av_one_full-c3f0f78c26a863dc60f14a52019fd8b2{\nborder-radius:0px 0px 0px 0px;\npadding:0px 0px 0px 0px;\n}\n.responsive #top #wrap_all .flex_column.av-av_one_full-c3f0f78c26a863dc60f14a52019fd8b2{\nmargin-top:0px;\nmargin-bottom:0px;\n}\n<\/style>\n<div  class='flex_column av-av_one_full-c3f0f78c26a863dc60f14a52019fd8b2 av_one_full  avia-builder-el-5  el_after_av_section  el_before_av_hr  avia-builder-el-first  first flex_column_div av-zero-column-padding  '     ><section  class='av_textblock_section av-av_textblock-0366cc7376be6c9e82a3e9cc8987b64f '   itemscope=\"itemscope\" itemtype=\"https:\/\/schema.org\/CreativeWork\" ><div class='avia_textblock'  itemprop=\"text\" ><h1>Om Turks &amp; Caicos<\/h1>\n<p><strong>Resm\u00e5let<\/strong><br \/>\nTurks &amp; Caicos \u00e4r en \u00f6grupp best\u00e5ende av ett trettiotal \u00f6ar i tv\u00e5 grupper som tillh\u00f6r Storbritannien och ligger sydost om Bahamas och norr om Hispaniola (Haiti och Dominikanska Republiken). Med sitt l\u00e5gl\u00e4nta, flacka landskap med f\u00f6retr\u00e4desvis buskvegetation och en m\u00e4ngd kritvita, fina palmkantade sandstr\u00e4nder, \u00e4r Turks &amp; Caicos l\u00e4tt att ta till sitt hj\u00e4rta. Dessa attraktiva attribut har ocks\u00e5 gjort att fler och fler s\u00f6kt sig hit under senare \u00e5r! Ut\u00f6ver de givna f\u00f6rdelarna, m\u00e4rker du snabbt att befolkningen \u00e4r mycket v\u00e4nlig, att sanden \u00e4r extra vit och len med ett vatten som \u00e4r mest turkosbl\u00e5tt av allt du tidigare har sett!<br \/>\nDen mest folkrika delen \u00e4r \u00f6n Providenciales, dit ocks\u00e5 \u00f6verv\u00e4gande delen av bes\u00f6kare kommer. Huvudstaden Cockburn ligger p\u00e5 den lilla \u00f6n Grand Turk i sydost.<br \/>\nH\u00e4r finner du alla ingredienser f\u00f6r en full\u00e4ndad semester med sol &amp; bad i fokus, men i lika stor utstr\u00e4ckning om du \u00e4lskar vattensporter, snorkling och dykning! V\u00e5ra hotellval \u00e4r ocks\u00e5 grundade p\u00e5 standard, profil och helhetsstil f\u00f6r att ge en balanserad bild och upplevelse av detta paradis. Du v\u00e4ljer mellan ett lite mindre hotell eller kanske det lite st\u00f6rre. V\u00e5ra val \u00e4r enligt v\u00e5r kritiska bed\u00f6mning de b\u00e4sta och trevligaste i sin klass. Formatet \u00e4r ditt beslut.<\/p>\n<p><strong>N\u00f6jesliv, mat och dryck<\/strong><br \/>\nP\u00e5 \u00f6n Providenciales finner du ett stort utbud av restauranger f\u00f6r s\u00e5v\u00e4l vardagligare som lite festligare upplevelser. Faktum \u00e4r att Turks &amp; Caicos tillh\u00f6r de mest restaurangt\u00e4ta platserna i v\u00e4rlden! Bor du i omr\u00e5dena runt Grace Bay finner du ocks\u00e5 m\u00e5nga fina m\u00f6jligheter att njuta s\u00e5v\u00e4l japanskt, italienskt, franskt, marockanskt, indiskt, thail\u00e4ndskt och mer &#8211; av h\u00f6g klass. Med den utveckling som skett h\u00e4r, kan du l\u00e4tt njuta h\u00e4rliga fisk- och skaldjursr\u00e4tter lite varstans. Ofta i en ny, h\u00e4rlig kombination med klassiska smaker fr\u00e5n det internationella k\u00f6ket! Du skall absolut prova de olika variationerna av den lokala specialiteten &#8220;trumpetsn\u00e4cka&#8221; &#8211; en skaldjursm\u00e5ltid som kan vara i en sallad eller i friterad form. Pr\u00f6va och se! Annars \u00e4r den lokala matkulturen i viss m\u00e5n pr\u00e4glad av Jamaica och Bahamas traditioner.<br \/>\nN\u00f6jeslivet \u00e4r inget stort nummer h\u00e4r. Underh\u00e5llningen \u00e4r fr\u00e4mst i form av barer och restauranger som du helt s\u00e4kert har i n\u00e4rheten av var du bor. Det finns ett casino som dock inte skall ses som j\u00e4mf\u00f6rbar med n\u00e5got av de som finns i Las Vegas eller andra platser med spelprofil. H\u00e4r \u00e4r det mer jordn\u00e4ra n\u00f6jen och aktiviteter som g\u00e4ller.<\/p>\n<p class=\"western\"><strong>Sol och bad<\/strong><br \/>\nH\u00e4r finner du ett antal underbara str\u00e4nder, d\u00e4r t ex Grace Bay Beach \u00e4r rankad bland v\u00e4rldens finaste. P\u00e5 Providenciales finns \u00e4ven i Grace Bays \u00f6stra f\u00f6rl\u00e4ngning, stranden Leeward Beach som erbjuder samma turkosa vatten och fina, mjuka sand &#8211; men ger bes\u00f6karen mer sv\u00e4ngrum och avskildhet. V\u00e4rt att pr\u00f6va! V\u00e4ster om Grace Bay finner man en annan mycket fin strand i Bight Beach som ocks\u00e5 ger dig stora ytor och en h\u00e4rlig strandupplevelse. P\u00e5 andra delar av \u00f6n finner du \u00e4ven andra strandp\u00e4rlor som Sapodilla Bay p\u00e5 s\u00f6dra delen, Long Bay Beach p\u00e5 \u00f6stra delen &#8211; som \u00e4r kitesurfarnas favoritplats eller Taylor Bay Beach p\u00e5 s\u00f6dra delen av \u00f6n. F\u00f6r att n\u00e4mna n\u00e5gra exempel. Du som tycker om snorkling, skall absolut ta dig till Bight Reef eller Smiths Reef vid Turtle Cove. Dessa tv\u00e5 platser erbjuder dig utm\u00e4rkt snorkling!<br \/>\nVattnet \u00e4r varmt och sk\u00f6nt \u00e5ret runt med temperaturer p\u00e5 26-29 grader med ett klart vatten med den s\u00e5 attraktiva turkosbl\u00e5 f\u00e4rgen. H\u00e4r kan du se broschyrernas f\u00e4rgbilder i verkliga livet!<br \/>\nVi uppmanar till f\u00f6rsiktighet med l\u00e5ng exponering i solen och solskydd med h\u00f6g skyddsfaktor g\u00f6r sig mycket bra h\u00e4r.<\/p>\n<p class=\"western\"><strong>Sev\u00e4rdheter och aktiviteter<\/strong><br \/>\nTrots den relativt lilla arealen, finns det faktiskt hela \u00e5tta skyddade omr\u00e5den som \u00e4r v\u00e4rda att ta del av. Tre nationalparker, tre Naturreservat och tv\u00e5 historiska byggnadsminnen kan ge dig genuina naturupplevelser och bygga p\u00e5 dina intryck av historien. <em>Princess Alexandra National Park<\/em> omsluter b\u00e5de land och hav i omr\u00e5dena d\u00e4r str\u00e4nderna Bight Bay, Grace Bay och Leeward Beach ing\u00e5r. Den str\u00e4cker sig ocks\u00e5 ut i havsomr\u00e5det h\u00e4r och t\u00e4cker 2643 hektar. <em>Chalk Sound National Park<\/em> \u00e4r en spektakul\u00e4r lagun p\u00e5 s\u00f6dra \u00f6n som bjuder p\u00e5 hundratals sm\u00e5 klipp\u00f6ar och ett grunt turkosbl\u00e5tt vatten. Lagunen \u00e4r n\u00e4stan innesluten men f\u00f6rbinds med det \u00f6ppna havet genom en liten \u00f6ppen glipa. <em>Northwest Point National Park<\/em> p\u00e5 Providenciales v\u00e4stra sida bjuder dig p\u00e5 ett kargt och klippigt landskap som \u00e4r en kontrast till sandstr\u00e4nderna och gr\u00f6nskan. H\u00e4r kan du se m\u00e5nga klippformationer, grottor, v\u00e5tmark med f\u00e5gelliv och ett lite vildare, fascinerande hav. Naturreservaten <em>Frenchmens Creek<\/em> and <em>Pigeon Pond Reserve<\/em>, <em>Sapodilla Bay Hill Rock Carvings<\/em> och <em>Cheshire Hall Plantation<\/em> ger dig ytterligare dimensioner av platsen ur ett b\u00e5de natur- och historiskt perspektiv. Eftersom avst\u00e5nden \u00e4r relativt sm\u00e5, kan det vara perfekt att dela upp dagen mellan sol &amp; bad och andra sinnesh\u00f6jande upplevelser!<br \/>\nInte helt ov\u00e4ntat finns det aktiviteter av m\u00e5nga slag h\u00e4r, d\u00e4r naturligtvis dykning samt erk\u00e4nt utm\u00e4rkt snorkling och olika slags vattensporter dominerar. P\u00e5 och omkring hotellen finns ofta ocks\u00e5 aktiviteter av varierande slag f\u00f6r b\u00e5de barn, ungdomar och vuxna.<\/p>\n<p><strong>Historia<\/strong><br \/>\nDen ursprungliga befolkningen p\u00e5 Turks &amp; Caicos var Tainofolk som \u00e4ven var ursprungsbefolkning p\u00e5 flera andra karibiska \u00f6ar. Man anser att de tagit sig dit fr\u00e5n Hispaniola n\u00e5gon g\u00e5ng mellan 500 och 800 e Kr. Tillsammans med Tainofolk som tog sig fr\u00e5n Kuba till s\u00f6dra Bahamas vid samma tidpunkt, utvecklades de till Lucayafolket. Omkring \u00e5r 1200 \u00e5terskapades den ursprungliga balansen p\u00e5 Turks &amp; Caicos till att best\u00e5 av Tainos med ursprung p\u00e5 Hispaniola.<br \/>\nEfter spanjorernas int\u00e5g p\u00e5 1500-talet togs Taino- och Lucayafolket tillbaka till Hispaniola, vilket gjorde att Turks &amp; Caicos blev helt avfolkat omkring 1513 och f\u00f6rblev s\u00e5 till 1800-talet, under vilken period \u00f6arna gick fr\u00e5n spansk till fransk och sedan brittisk \u00e4go &#8211; utan n\u00e5gra bos\u00e4ttningar.<br \/>\nEfter en l\u00e4ngre period pr\u00e4glad av politisk turbulens, blev Turks &amp; Caicos en brittisk Kronkoloni i samband med att Jamaica fick sin sj\u00e4lvst\u00e4ndighet 1962. Sedan 1976 har \u00f6arna sitt eget parlament och har i stor utstr\u00e4ckning eget styre, men fortfarande tillh\u00f6rigt Storbritannien. Valutan \u00e4r dock ironiskt nog US Dollar.<\/p>\n<p><strong>Yta<\/strong><br \/>\n430 kvadratkilometer<\/p>\n<p><strong>Inv\u00e5nare<\/strong><br \/>\nCa 45000<\/p>\n<p><strong>Spr\u00e5k<\/strong><br \/>\nEngelska<\/p>\n<p><strong>Huvudstad<\/strong><br \/>\nCockburn Town<\/p>\n<p><strong>Klimat<\/strong><br \/>\nTurks &amp; Caicos har ett subtropiskt klimat d\u00e4r temperaturen ytterst s\u00e4llan understiger 20 grader. Dagstemperaturerna \u00e4r i intervallet 27-32 grader, d\u00e4r december-februari \u00e4r &#8220;svalast&#8221; och juli, augusti och september varmast. Dygnsmedeltemperatur i juli \u00e4r 27 och i januari 22 grader. Vattentemperaturen \u00e4r minst 26 och som mest 29 grader.<br \/>\nAntal soltimmar per dag varierar mellan 7 och 9, vilket inneb\u00e4r att \u00e4ven den lite mer nederb\u00f6rdsrika sommarperioden i huvudsak \u00e4r solig. N\u00e4r det \u00e4r nederb\u00f6rdsperiod, kommer ofta nederb\u00f6rden intensivt under en kortare tid.<\/p>\n<p><strong>Valuta<\/strong><br \/>\nUS Dollar<\/p>\n<p><strong>Kreditkort<\/strong><strong>:<\/strong><br \/>\nAlla etablerade kreditkort kan anv\u00e4ndas i m\u00e5nga butiker och restauranger. Uttagsautomater finns p\u00e5 st\u00f6rre platser, men det \u00e4r dock bra att ha kontanter till hands!<\/p>\n<p class=\"western\"><strong>Dricks<\/strong><strong>:<\/strong><br \/>\nLokal skatt med 11% tillkommer och vissa restauranger l\u00e4gger \u00e4ven p\u00e5 en serviceavgift med 5-15%. Om du \u00e4r n\u00f6jd med mat och service, \u00e4r 5-10% en l\u00e4mplig summa f\u00f6r dricks. Betalas l\u00e4mpligast med dollar i mindre val\u00f6rer.<\/p>\n<p><strong>Tidsskillnad<\/strong><strong>:<\/strong><br \/>\n-6 timmar under vinterhalv\u00e5ret och -5 timmar under sommarhalv\u00e5ret, j\u00e4mf\u00f6rt med svensk tid.<\/p>\n<p><strong>V\u00e4gar, trafik, kommunikation<\/strong><strong>:<\/strong><br \/>\nOm du vill ta dig snabbt mellan tv\u00e5 platser, \u00e4r taxi det b\u00e4sta s\u00e4ttet. F\u00f6r att se sig omkring, finns m\u00f6jligheter att hyra bil.<\/p>\n<p><strong>Elektricitet<\/strong><strong>:<\/strong><br \/>\n110 V. Adapter f\u00f6r medhavda elektriska apparater finns ofta p\u00e5 hotellen, men tag med internationell adapter f\u00f6r att vara p\u00e5 den s\u00e4kra sidan.<\/p>\n<p><strong>Lagar och lokala v\u00e4rderingar<\/strong><br \/>\nSom i alla l\u00e4nder finns nationella lagar, v\u00e4rderingar och lokala regler som man som bes\u00f6kare f\u00f6rv\u00e4ntas f\u00f6lja. Varje resen\u00e4r\/bes\u00f6kare har ansvar f\u00f6r att f\u00f6rvissa sig om aktuella f\u00f6rh\u00e5llningsregler och v\u00e4rderingar som ofta kan skilja sig en del mot vad vi \u00e4r vana vid. Vi rekommenderar dig att l\u00e4sa mer om regler, seder och bruk p\u00e5 respektive lands hemsida, samt \u00e4ven p\u00e5 Utrikesdepartementets hemsida med information om resor till utlandet.<\/p>\n<\/div><\/section><\/div>\n\n<style type=\"text\/css\" data-created_by=\"avia_inline_auto\" id=\"style-css-av-av_hr-0688d0b0b6ed2f8b057db7a8270206df\">\n#top .hr.hr-invisible.av-av_hr-0688d0b0b6ed2f8b057db7a8270206df{\nheight:50px;\n}\n<\/style>\n<div  class='hr av-av_hr-0688d0b0b6ed2f8b057db7a8270206df hr-invisible  avia-builder-el-7  el_after_av_one_full  el_before_av_one_half '><span class='hr-inner '><span class=\"hr-inner-style\"><\/span><\/span><\/div>\n<div class='flex_column_table av-av_one_half-eb22d586db4aa8536998fa6076f87d77 sc-av_one_half av-equal-height-column-flextable'>\n<style type=\"text\/css\" data-created_by=\"avia_inline_auto\" id=\"style-css-av-av_one_half-eb22d586db4aa8536998fa6076f87d77\">\n.flex_column.av-av_one_half-eb22d586db4aa8536998fa6076f87d77{\nborder-radius:0px 0px 0px 0px;\npadding:20px 20px 20px 20px;\nbackground-color:#f7f7f7;\n}\n<\/style>\n<div  class='flex_column av-av_one_half-eb22d586db4aa8536998fa6076f87d77 av_one_half  avia-builder-el-8  el_after_av_hr  el_before_av_one_half  first flex_column_table_cell av-equal-height-column av-align-top  '     ><p>\n<style type=\"text\/css\" data-created_by=\"avia_inline_auto\" id=\"style-css-av-av_heading-5e1bb4e2c977e97b14645873cdebaa13\">\n#top .av-special-heading.av-av_heading-5e1bb4e2c977e97b14645873cdebaa13{\npadding-bottom:10px;\n}\nbody .av-special-heading.av-av_heading-5e1bb4e2c977e97b14645873cdebaa13 .av-special-heading-tag .heading-char{\nfont-size:25px;\n}\n.av-special-heading.av-av_heading-5e1bb4e2c977e97b14645873cdebaa13 .av-subheading{\nfont-size:15px;\n}\n<\/style>\n<div  class='av-special-heading av-av_heading-5e1bb4e2c977e97b14645873cdebaa13 av-special-heading-h3  avia-builder-el-9  el_before_av_iconlist  avia-builder-el-first '><h3 class='av-special-heading-tag '  itemprop=\"headline\"  >Fakta<\/h3><div class=\"special-heading-border\"><div class=\"special-heading-inner-border\"><\/div><\/div><\/div><br \/>\n\n<style type=\"text\/css\" data-created_by=\"avia_inline_auto\" id=\"style-css-av-av_iconlist-999a2d681d06b0992925b5a008e74484\">\n#top .avia-icon-list-container.av-av_iconlist-999a2d681d06b0992925b5a008e74484 .iconlist_icon{\ncolor:#3a3a3a;\nbackground-color:#f7f7f7;\nborder:1px solid #3a3a3a;\n}\n<\/style>\n<div  class='avia-icon-list-container av-av_iconlist-999a2d681d06b0992925b5a008e74484  avia-builder-el-10  el_after_av_heading  avia-builder-el-last '><ul class='avia-icon-list avia_animate_when_almost_visible avia-icon-list-left av-iconlist-big av-av_iconlist-999a2d681d06b0992925b5a008e74484 avia-iconlist-animate'>\n<li><div class='iconlist_icon av-av_iconlist_item-39b279e8171f6829e56095a29a82e327 avia-font-entypo-fontello'><span class='iconlist-char' aria-hidden='true' data-av_icon='\ue84d' data-av_iconfont='entypo-fontello'><\/span><\/div><article class=\"article-icon-entry \"  itemscope=\"itemscope\" itemtype=\"https:\/\/schema.org\/CreativeWork\" ><div class=\"iconlist_content_wrap\"><header class=\"entry-content-header\" aria-label=\"Icon: Visum\"><h4 class='av_iconlist_title iconlist_title  '  itemprop=\"headline\" >Visum<\/h4><\/header><div class='iconlist_content '  itemprop=\"text\" ><p><em>Visumfritt i vistelse upp till 90 dagar f\u00f6r svenska\/nordiska medborgare. <\/em><\/p>\n<\/div><\/div><footer class=\"entry-footer\"><\/footer><\/article><div class=\"iconlist-timeline\"><\/div><\/li>\n<li><div class='iconlist_icon av-av_iconlist_item-e2f1d09a1cbbc00a097234998041fc3d avia-font-entypo-fontello'><span class='iconlist-char' aria-hidden='true' data-av_icon='\ue8cf' data-av_iconfont='entypo-fontello'><\/span><\/div><article class=\"article-icon-entry \"  itemscope=\"itemscope\" itemtype=\"https:\/\/schema.org\/CreativeWork\" ><div class=\"iconlist_content_wrap\"><header class=\"entry-content-header\" aria-label=\"Icon: Valuta\"><h4 class='av_iconlist_title iconlist_title  '  itemprop=\"headline\" >Valuta<\/h4><\/header><div class='iconlist_content '  itemprop=\"text\" ><p><em>Valuta:<br \/>\nUS Dollar<br \/>\n<\/em><\/p>\n<\/div><\/div><footer class=\"entry-footer\"><\/footer><\/article><div class=\"iconlist-timeline\"><\/div><\/li>\n<li><div class='iconlist_icon av-av_iconlist_item-8d5312078593b0174c29e7a8047add13 avia-font-entypo-fontello'><span class='iconlist-char' aria-hidden='true' data-av_icon='\ue866' data-av_iconfont='entypo-fontello'><\/span><\/div><article class=\"article-icon-entry \"  itemscope=\"itemscope\" itemtype=\"https:\/\/schema.org\/CreativeWork\" ><div class=\"iconlist_content_wrap\"><header class=\"entry-content-header\" aria-label=\"Icon: Klimat\"><h4 class='av_iconlist_title iconlist_title  '  itemprop=\"headline\" >Klimat<\/h4><\/header><div class='iconlist_content '  itemprop=\"text\" ><p><em>Klimat:<br \/>\nVarmt och sk\u00f6nt klimat hela \u00e5ret med dagstemperaturer mellan 26-30 grader. Vattentemperatur 26-29 \u00e5ret runt.<br \/>\nMest attraktiv reseperiod: November\/December &#8211; April\/Maj. Antalet soltimmar per dag: 6-8. Mest nederb\u00f6rd maj\/juni-oktober.<br \/>\n<\/em><\/p>\n<\/div><\/div><footer class=\"entry-footer\"><\/footer><\/article><div class=\"iconlist-timeline\"><\/div><\/li>\n<\/ul><\/div><\/p><\/div>\n<div class='av-flex-placeholder'><\/div>\n<style type=\"text\/css\" data-created_by=\"avia_inline_auto\" id=\"style-css-av-av_one_half-c99897e014b6ac50785e16af58e9b83d\">\n.flex_column.av-av_one_half-c99897e014b6ac50785e16af58e9b83d{\nborder-radius:0px 0px 0px 0px;\npadding:20px 20px 20px 20px;\nbackground-color:#f7f7f7;\n}\n<\/style>\n<div  class='flex_column av-av_one_half-c99897e014b6ac50785e16af58e9b83d av_one_half  avia-builder-el-11  el_after_av_one_half  el_before_av_hr  flex_column_table_cell av-equal-height-column av-align-top  '     ><p>\n<style type=\"text\/css\" data-created_by=\"avia_inline_auto\" id=\"style-css-av-av_heading-a8f60ef72849b8b0cf4d08e012dead90\">\n#top .av-special-heading.av-av_heading-a8f60ef72849b8b0cf4d08e012dead90{\npadding-bottom:10px;\n}\nbody .av-special-heading.av-av_heading-a8f60ef72849b8b0cf4d08e012dead90 .av-special-heading-tag .heading-char{\nfont-size:25px;\n}\n.av-special-heading.av-av_heading-a8f60ef72849b8b0cf4d08e012dead90 .av-subheading{\nfont-size:15px;\n}\n<\/style>\n<div  class='av-special-heading av-av_heading-a8f60ef72849b8b0cf4d08e012dead90 av-special-heading-h3  avia-builder-el-12  el_before_av_sidebar  avia-builder-el-first '><h3 class='av-special-heading-tag '  itemprop=\"headline\"  >V\u00e4der<\/h3><div class=\"special-heading-border\"><div class=\"special-heading-inner-border\"><\/div><\/div><\/div><br \/>\n<div  class='avia-builder-widget-area clearfix  avia-builder-el-13  el_after_av_heading  avia-builder-el-last '><div id=\"weer_widget-25\" class=\"widget clearfix weer_widget\">\n        <div id=\"\"\n             class=\"weather_widget_wrap weer-widget weather_widget_style1\"\n             data-text-color='#000000'\n             data-background=\"#f7f7f7\"\n             data-width=\"100\"\n             data-header=\"\"\n             data-days=\"3\"\n             data-sunrise=\"false\"\n             data-wind=\"false\"\n             data-current=\"on\"\n             data-language=\"english\"\n             data-city=\"Cockburn Town\"\n             data-country=\"Turks Islands\">\n\n            <div class=\"weather_widget_placeholder\"><\/div>\n            <div style=\"font-size: 14px;text-align: center;padding-top: 6px;padding-bottom: 4px;background: rgba(0,0,0,0.03);\">\n                Powered by <a target=\"_blank\" href=\"https:\/\/www.weer1.com\">Weer1.com<\/a>\n            <\/div>\n        <\/div>\n        <\/div><\/div><\/p><\/div><\/div><!--close column table wrapper. Autoclose: 1 -->\n\n<style type=\"text\/css\" data-created_by=\"avia_inline_auto\" id=\"style-css-av-av_hr-0688d0b0b6ed2f8b057db7a8270206df\">\n#top .hr.hr-invisible.av-av_hr-0688d0b0b6ed2f8b057db7a8270206df{\nheight:50px;\n}\n<\/style>\n<div  class='hr av-av_hr-0688d0b0b6ed2f8b057db7a8270206df hr-invisible  avia-builder-el-14  el_after_av_one_half  avia-builder-el-last '><span class='hr-inner '><span class=\"hr-inner-style\"><\/span><\/span><\/div>\n","protected":false},"excerpt":{"rendered":"","protected":false},"author":2,"featured_media":0,"parent":0,"menu_order":0,"comment_status":"closed","ping_status":"closed","template":"","meta":{"_vp_format_video_url":"","_vp_image_focal_point":[],"footnotes":""},"class_list":["post-25067","page","type-page","status-publish","hentry"],"_links":{"self":[{"href":"https:\/\/www.goinstyle.se\/turkcaicos\/wp-json\/wp\/v2\/pages\/25067","targetHints":{"allow":["GET"]}}],"collection":[{"href":"https:\/\/www.goinstyle.se\/turkcaicos\/wp-json\/wp\/v2\/pages"}],"about":[{"href":"https:\/\/www.goinstyle.se\/turkcaicos\/wp-json\/wp\/v2\/types\/page"}],"author":[{"embeddable":true,"href":"https:\/\/www.goinstyle.se\/turkcaicos\/wp-json\/wp\/v2\/users\/2"}],"replies":[{"embeddable":true,"href":"https:\/\/www.goinstyle.se\/turkcaicos\/wp-json\/wp\/v2\/comments?post=25067"}],"version-history":[{"count":15,"href":"https:\/\/www.goinstyle.se\/turkcaicos\/wp-json\/wp\/v2\/pages\/25067\/revisions"}],"predecessor-version":[{"id":33373,"href":"https:\/\/www.goinstyle.se\/turkcaicos\/wp-json\/wp\/v2\/pages\/25067\/revisions\/33373"}],"wp:attachment":[{"href":"https:\/\/www.goinstyle.se\/turkcaicos\/wp-json\/wp\/v2\/media?parent=25067"}],"curies":[{"name":"wp","href":"https:\/\/api.w.org\/{rel}","templated":true}]}}