{"id":25325,"date":"2016-11-24T08:37:52","date_gmt":"2016-11-24T08:37:52","guid":{"rendered":"http:\/\/www.goinstyle.se\/bra-att-veta\/vaccinationer\/"},"modified":"2023-08-15T16:33:25","modified_gmt":"2023-08-15T14:33:25","slug":"vaccinationer","status":"publish","type":"page","link":"https:\/\/www.goinstyle.se\/turkcaicos\/bra-att-veta\/vaccinationer\/","title":{"rendered":"Vaccinationer"},"content":{"rendered":"\n<style type=\"text\/css\" data-created_by=\"avia_inline_auto\" id=\"style-css-av-av_section-52b07f2947546f06cef88d437d8c830d\">\n.avia-section.av-av_section-52b07f2947546f06cef88d437d8c830d{\nbackground-repeat:no-repeat;\nbackground-image:url(https:\/\/www.goinstyle.se\/wp-content\/uploads\/2014\/02\/Maldiverna-instyle-5.jpg);\nbackground-position:50% 0%;\nbackground-attachment:scroll;\n}\n<\/style>\n<div id='av_section_1'  class='avia-section av-av_section-52b07f2947546f06cef88d437d8c830d main_color avia-section-default avia-no-shadow  avia-builder-el-0  el_before_av_one_half  avia-builder-el-first  avia-full-stretch avia-bg-style-scroll container_wrap fullsize'  data-section-bg-repeat='stretch'><div class='container av-section-cont-open' ><main  role=\"main\" itemprop=\"mainContentOfPage\"  class='template-page content  av-content-full alpha units'><div class='post-entry post-entry-type-page post-entry-25325'><div class='entry-content-wrapper clearfix'>\n\n<style type=\"text\/css\" data-created_by=\"avia_inline_auto\" id=\"style-css-av-av_hr-a6de236e6c183bbbd700292deacd2b52\">\n#top .hr.hr-invisible.av-av_hr-a6de236e6c183bbbd700292deacd2b52{\nheight:20px;\n}\n<\/style>\n<div  class='hr av-av_hr-a6de236e6c183bbbd700292deacd2b52 hr-invisible  avia-builder-el-1  el_before_av_heading  avia-builder-el-first '><span class='hr-inner '><span class=\"hr-inner-style\"><\/span><\/span><\/div>\n\n<style type=\"text\/css\" data-created_by=\"avia_inline_auto\" id=\"style-css-av-av_heading-adc8e88e2289e948b2beac9c93959657\">\n#top .av-special-heading.av-av_heading-adc8e88e2289e948b2beac9c93959657{\npadding-bottom:10px;\ncolor:#ffffff;\nfont-size:40px;\n}\nbody .av-special-heading.av-av_heading-adc8e88e2289e948b2beac9c93959657 .av-special-heading-tag .heading-char{\nfont-size:25px;\n}\n#top #wrap_all .av-special-heading.av-av_heading-adc8e88e2289e948b2beac9c93959657 .av-special-heading-tag{\nfont-size:40px;\n}\n.av-special-heading.av-av_heading-adc8e88e2289e948b2beac9c93959657 .special-heading-inner-border{\nborder-color:#ffffff;\n}\n.av-special-heading.av-av_heading-adc8e88e2289e948b2beac9c93959657 .av-subheading{\nfont-size:15px;\n}\n\n@media only screen and (min-width: 480px) and (max-width: 767px){ \n#top #wrap_all .av-special-heading.av-av_heading-adc8e88e2289e948b2beac9c93959657 .av-special-heading-tag{\nfont-size:0.8em;\n}\n}\n\n@media only screen and (max-width: 479px){ \n#top #wrap_all .av-special-heading.av-av_heading-adc8e88e2289e948b2beac9c93959657 .av-special-heading-tag{\nfont-size:0.8em;\n}\n}\n<\/style>\n<div  class='av-special-heading av-av_heading-adc8e88e2289e948b2beac9c93959657 av-special-heading-h6 custom-color-heading blockquote modern-quote modern-centered  avia-builder-el-2  el_after_av_hr  avia-builder-el-last  av-inherit-size'><h6 class='av-special-heading-tag '  itemprop=\"headline\"  >Vaccinationer<\/h6><div class=\"special-heading-border\"><div class=\"special-heading-inner-border\"><\/div><\/div><\/div>\n<\/div><\/div><\/main><!-- close content main element --><\/div><\/div><div id='after_section_1'  class='main_color av_default_container_wrap container_wrap fullsize'  ><div class='container av-section-cont-open' ><div class='template-page content  av-content-full alpha units'><div class='post-entry post-entry-type-page post-entry-25325'><div class='entry-content-wrapper clearfix'>\n\n<style type=\"text\/css\" data-created_by=\"avia_inline_auto\" id=\"style-css-av-av_one_half-6126cab7d8fab8d08143dd2dacdf673c\">\n.flex_column.av-av_one_half-6126cab7d8fab8d08143dd2dacdf673c{\nborder-radius:0px 0px 0px 0px;\npadding:0px 0px 0px 0px;\n}\n<\/style>\n<div  class='flex_column av-av_one_half-6126cab7d8fab8d08143dd2dacdf673c av_one_half  avia-builder-el-3  el_after_av_section  el_before_av_one_half  avia-builder-el-first  first flex_column_div av-zero-column-padding  '     ><section  class='av_textblock_section av-av_textblock-0366cc7376be6c9e82a3e9cc8987b64f '   itemscope=\"itemscope\" itemtype=\"https:\/\/schema.org\/CreativeWork\" ><div class='avia_textblock'  itemprop=\"text\" ><h1>Vaccinationer<\/h1>\n<p>Vilka vaccinationer som beh\u00f6vs \u00e4r beroende av resans l\u00e4ngd, resm\u00e5l och om du tidigare har vaccinerat dig mm. R\u00e5dg\u00f6r d\u00e4rf\u00f6r alltid med din l\u00e4kare eller vaccinationsklinik f\u00f6r att f\u00e5 information kring vad som g\u00e4ller vid just din resa.<\/p>\n<p>Du hittar bra information om vaccinationer p\u00e5 bl a Sjukv\u00e5rdsr\u00e5dgivningens sajt <a href=\"http:\/\/www.1177.se\/\" target=\"_blank\" rel=\"noopener\">www.1177.se<\/a>, <a href=\"http:\/\/www.vaccination.nu\/\" target=\"_blank\" rel=\"noopener\">www.vaccination.nu<\/a>\u00a0eller p\u00e5\u00a0<a href=\"http:\/\/www.vaccinationsguiden.se\/\" target=\"_blank\" rel=\"noopener\">www.vaccinationsguiden.se<\/a><\/p>\n<\/div><\/section><\/div>\n<style type=\"text\/css\" data-created_by=\"avia_inline_auto\" id=\"style-css-av-av_one_half-0aa7055fe62c3622faec82866afbaeb2\">\n.flex_column.av-av_one_half-0aa7055fe62c3622faec82866afbaeb2{\nborder-radius:0px 0px 0px 0px;\npadding:0px 0px 0px 0px;\n}\n<\/style>\n<div  class='flex_column av-av_one_half-0aa7055fe62c3622faec82866afbaeb2 av_one_half  avia-builder-el-5  el_after_av_one_half  avia-builder-el-last  flex_column_div av-zero-column-padding  '     ><\/div><\/p>\n","protected":false},"excerpt":{"rendered":"","protected":false},"author":2,"featured_media":0,"parent":25306,"menu_order":0,"comment_status":"closed","ping_status":"closed","template":"","meta":{"_vp_format_video_url":"","_vp_image_focal_point":[],"footnotes":""},"class_list":["post-25325","page","type-page","status-publish","hentry"],"_links":{"self":[{"href":"https:\/\/www.goinstyle.se\/turkcaicos\/wp-json\/wp\/v2\/pages\/25325","targetHints":{"allow":["GET"]}}],"collection":[{"href":"https:\/\/www.goinstyle.se\/turkcaicos\/wp-json\/wp\/v2\/pages"}],"about":[{"href":"https:\/\/www.goinstyle.se\/turkcaicos\/wp-json\/wp\/v2\/types\/page"}],"author":[{"embeddable":true,"href":"https:\/\/www.goinstyle.se\/turkcaicos\/wp-json\/wp\/v2\/users\/2"}],"replies":[{"embeddable":true,"href":"https:\/\/www.goinstyle.se\/turkcaicos\/wp-json\/wp\/v2\/comments?post=25325"}],"version-history":[{"count":3,"href":"https:\/\/www.goinstyle.se\/turkcaicos\/wp-json\/wp\/v2\/pages\/25325\/revisions"}],"predecessor-version":[{"id":30634,"href":"https:\/\/www.goinstyle.se\/turkcaicos\/wp-json\/wp\/v2\/pages\/25325\/revisions\/30634"}],"up":[{"embeddable":true,"href":"https:\/\/www.goinstyle.se\/turkcaicos\/wp-json\/wp\/v2\/pages\/25306"}],"wp:attachment":[{"href":"https:\/\/www.goinstyle.se\/turkcaicos\/wp-json\/wp\/v2\/media?parent=25325"}],"curies":[{"name":"wp","href":"https:\/\/api.w.org\/{rel}","templated":true}]}}