{"id":25430,"date":"2017-05-15T09:28:39","date_gmt":"2017-05-15T09:28:39","guid":{"rendered":"http:\/\/www.goinstyle.se\/?page_id=25430\/"},"modified":"2018-06-27T15:39:42","modified_gmt":"2018-06-27T13:39:42","slug":"om-zanzibar-2","status":"publish","type":"page","link":"https:\/\/www.goinstyle.se\/zanzibar\/om-zanzibar-2\/","title":{"rendered":"Om Zanzibar"},"content":{"rendered":"\n<style type=\"text\/css\" data-created_by=\"avia_inline_auto\" id=\"style-css-av-av_section-8eaa30a4cdaacf7cb4832bd8676c55b3\">\n.avia-section.av-av_section-8eaa30a4cdaacf7cb4832bd8676c55b3{\nbackground-repeat:no-repeat;\nbackground-image:url(https:\/\/www.goinstyle.se\/wp-content\/uploads\/2018\/03\/zanzibar.jpg);\nbackground-position:50% 100%;\nbackground-attachment:scroll;\n}\n<\/style>\n<div id='av_section_1'  class='avia-section av-av_section-8eaa30a4cdaacf7cb4832bd8676c55b3 main_color avia-section-default avia-no-shadow  avia-builder-el-0  el_before_av_section  avia-builder-el-first  avia-full-stretch avia-bg-style-scroll container_wrap fullsize'  data-section-bg-repeat='stretch'><div class='container av-section-cont-open' ><main  role=\"main\" itemprop=\"mainContentOfPage\"  class='template-page content  av-content-full alpha units'><div class='post-entry post-entry-type-page post-entry-25430'><div class='entry-content-wrapper clearfix'>\n\n<style type=\"text\/css\" data-created_by=\"avia_inline_auto\" id=\"style-css-av-av_hr-a6de236e6c183bbbd700292deacd2b52\">\n#top .hr.hr-invisible.av-av_hr-a6de236e6c183bbbd700292deacd2b52{\nheight:20px;\n}\n<\/style>\n<div  class='hr av-av_hr-a6de236e6c183bbbd700292deacd2b52 hr-invisible  avia-builder-el-1  el_before_av_heading  avia-builder-el-first '><span class='hr-inner '><span class=\"hr-inner-style\"><\/span><\/span><\/div>\n\n<style type=\"text\/css\" data-created_by=\"avia_inline_auto\" id=\"style-css-av-av_heading-1c00eac09d61406cf5d4b5141c24baec\">\n#top .av-special-heading.av-av_heading-1c00eac09d61406cf5d4b5141c24baec{\npadding-bottom:10px;\ncolor:#ffffff;\nfont-size:40px;\n}\nbody .av-special-heading.av-av_heading-1c00eac09d61406cf5d4b5141c24baec .av-special-heading-tag .heading-char{\nfont-size:25px;\n}\n#top #wrap_all .av-special-heading.av-av_heading-1c00eac09d61406cf5d4b5141c24baec .av-special-heading-tag{\nfont-size:40px;\n}\n.av-special-heading.av-av_heading-1c00eac09d61406cf5d4b5141c24baec .special-heading-inner-border{\nborder-color:#ffffff;\n}\n.av-special-heading.av-av_heading-1c00eac09d61406cf5d4b5141c24baec .av-subheading{\nfont-size:15px;\n}\n\n@media only screen and (min-width: 480px) and (max-width: 767px){ \n#top #wrap_all .av-special-heading.av-av_heading-1c00eac09d61406cf5d4b5141c24baec .av-special-heading-tag{\nfont-size:0.8em;\n}\n}\n\n@media only screen and (max-width: 479px){ \n#top #wrap_all .av-special-heading.av-av_heading-1c00eac09d61406cf5d4b5141c24baec .av-special-heading-tag{\nfont-size:0.8em;\n}\n}\n<\/style>\n<div  class='av-special-heading av-av_heading-1c00eac09d61406cf5d4b5141c24baec av-special-heading-h6 custom-color-heading blockquote modern-quote modern-centered  avia-builder-el-2  el_after_av_hr  avia-builder-el-last  av-inherit-size'><h6 class='av-special-heading-tag '  itemprop=\"headline\"  >Om Zanzibar<\/h6><div class=\"special-heading-border\"><div class=\"special-heading-inner-border\"><\/div><\/div><\/div>\n\n<\/div><\/div><\/main><!-- close content main element --><\/div><\/div><div id='av_section_2'  class='avia-section av-av_section-4812a9956d6b860f6d215a53234f5880 main_color avia-section-default avia-no-shadow  avia-builder-el-3  el_after_av_section  avia-builder-el-last  avia-bg-style-scroll container_wrap fullsize'  ><div class='container av-section-cont-open' ><div class='template-page content  av-content-full alpha units'><div class='post-entry post-entry-type-page post-entry-25430'><div class='entry-content-wrapper clearfix'>\n<section  class='av_textblock_section av-av_textblock-0366cc7376be6c9e82a3e9cc8987b64f '   itemscope=\"itemscope\" itemtype=\"https:\/\/schema.org\/CreativeWork\" ><div class='avia_textblock'  itemprop=\"text\" ><pre><code><nav aria-label=\"breadcrumbs\">\n            <div class=\"breadcrumb-container theme1\">\n                <ol>\n                    <li><a title=\"Du \u00e4r h\u00e4r:\" href=\"#\"><span>Du \u00e4r h\u00e4r:<\/span><\/a><span class=\"separator\">\u00bb<\/span><\/li>\n                    <\/ol>\n            <\/div>\n        <\/nav>    <script type=\"application\/ld+json\">\n        {\n            \"@context\": \"http:\/\/schema.org\",\n            \"@type\": \"BreadcrumbList\",\n            \"itemListElement\": [\n                 {\n                            \"@type\": \"ListItem\",\n                            \"position\": 1,\n                            \"item\": {\n                                \"@id\": \"#\",\n                                \"name\": \"Du \u00e4r h\u00e4r:\"\n                            }\n                        }\n                                                    ]\n        }\n    <\/script>\n   \n    <script>\n            <\/script>\n<\/code><\/pre>\n<\/div><\/section>\n\n<style type=\"text\/css\" data-created_by=\"avia_inline_auto\" id=\"style-css-av-av_one_full-c3f0f78c26a863dc60f14a52019fd8b2\">\n#top .flex_column.av-av_one_full-c3f0f78c26a863dc60f14a52019fd8b2{\nmargin-top:0px;\nmargin-bottom:0px;\n}\n.flex_column.av-av_one_full-c3f0f78c26a863dc60f14a52019fd8b2{\nborder-radius:0px 0px 0px 0px;\npadding:0px 0px 0px 0px;\n}\n.responsive #top #wrap_all .flex_column.av-av_one_full-c3f0f78c26a863dc60f14a52019fd8b2{\nmargin-top:0px;\nmargin-bottom:0px;\n}\n<\/style>\n<div  class='flex_column av-av_one_full-c3f0f78c26a863dc60f14a52019fd8b2 av_one_full  avia-builder-el-5  el_after_av_textblock  el_before_av_hr  first flex_column_div av-zero-column-padding  column-top-margin'     ><section  class='av_textblock_section av-av_textblock-0366cc7376be6c9e82a3e9cc8987b64f '   itemscope=\"itemscope\" itemtype=\"https:\/\/schema.org\/CreativeWork\" ><div class='avia_textblock'  itemprop=\"text\" ><h1>Om Zanzibar<\/h1>\n<p class=\"western\"><strong>Resm\u00e5let<\/strong><br \/>\nZanzibar tillh\u00f6r Tanzania och \u00e4r en \u00f6grupp som ligger utanf\u00f6r Tanzanias kust. Senast tillh\u00f6rde Zanzibar Storbritannien, men blev sj\u00e4lvst\u00e4ndigt 1963 d\u00e5 Zanzibar och Tanganyika bildade unionen Tanzania, d\u00e4r Zanzibar har ett sj\u00e4lvstyre. Zanzibar \u00e4r k\u00e4nt f\u00f6r sina m\u00e5nga fina kritvita sandstr\u00e4nder och turkost klart vatten med ett varmt och behagligt klimat \u00e5ret om. H\u00e4r finns ocks\u00e5 en l\u00e5ng och brokig historia, vilken du som bes\u00f6kare m\u00e4rker p\u00e5 olika s\u00e4tt \u2013 b\u00e5de p\u00e5 byggnader, historiska monument, befolkningen och matkulturen. F\u00f6r den som s\u00f6ker sol och bad men \u00e4ven \u00e4r nyfiken p\u00e5 historia, passar Zanzibar fint. Som det anst\u00e5r en \u00f6nation, kan du avnjuta m\u00e5nga goda fisk- och skaldjursr\u00e4tter h\u00e4r, men du finner \u00e4ven m\u00e5nga sp\u00e4nnande typiskt afrikanska r\u00e4tter d\u00e4r \u00f6ns historia som krydd\u00f6 visar sig.<\/p>\n<p><strong>N\u00f6jesliv, mat och dryck<\/strong><br \/>\nH\u00e4r r\u00e5der inget stoj och stim, Profilen \u00e4r v\u00e4ldigt avslappnad och n\u00f6jesliv i v\u00e5r bem\u00e4rkelse saknas i huvudsak. P\u00e5 de lokala restaurangerna best\u00e5r menyerna i huvudsak av fisk- och skaldjursr\u00e4tter, men ocks\u00e5 en hel del lokala r\u00e4tter och specialiteter. Med sin tradition som krydd\u00f6, kan du r\u00e4kna med smakfulla och sp\u00e4nnande kryddningar av maten du f\u00e5r serverad.<\/p>\n<p><strong>Sol &amp; Bad<br \/>\n<\/strong>Zanzibar \u00e4r v\u00e4rldsk\u00e4nt f\u00f6r sina m\u00e5nga och fina kritvita sandstr\u00e4nder med ett klart, turkosbl\u00e5tt vatten och fina snorklingsm\u00f6jligheter. P\u00e5 m\u00e5nga platser r\u00e5der det en relativt stor tidvattenskillnad, vilket kan vara v\u00e4rt att notera! Med ofta f\u00f6rekommande korallbotten, \u00e4r badskor bra att t\u00e4nka p\u00e5. Till de allm\u00e4nt mer k\u00e4nda str\u00e4nderna h\u00f6r Nakupenda Beach som n\u00e5s med en b\u00e5ttur p\u00e5 20 min fr\u00e5n Zanzibar. P\u00e5 den syd\u00f6stra delen finner du Paje Beach som erbjuder ett lugnt tempo och den allra finaste vita, mjuka pudersand du kan t\u00e4nka dig med kristallklart vatten. P\u00e5 \u00f6ns norra del finner du den ber\u00f6mda Nungwi Beach som av m\u00e5nga anses som \u201dett m\u00e5ste\u201d att bes\u00f6ka. Bara en kort promenad fr\u00e5n Ras Nungwi finner du underbara Kendwa Beach som \u00e4r lite lugnare och passar perfekt om man vill ta det lugnt i solen och bara njuta stunden.<\/p>\n<p class=\"western\"><strong>Sev\u00e4rdheter och aktiviteter<br \/>\n<\/strong>En av de mest givna sev\u00e4rdheterna \u00e4r <em>Stone Town<\/em> som \u00e4r en gammal del av Zanzibar City. Stone Town har en stark och mindre positiv historik sedan tiden med slavhandeln, men \u00e4r idag ett v\u00e4rldsarvsskyddat omr\u00e5de d\u00e4r tr\u00e5nga gr\u00e4nder, de gamla husen och mycket liv och r\u00f6relse med kryddmarknad mm skapar en trivsam och positiv atmosf\u00e4r.<br \/>\n<em>Cheetah\u00b4s Rock<\/em> \u00e4r en synnerligen annorlunda och positiv djurpark d\u00e4r det \u00e4r djuren som \u00e4r i fokus. H\u00e4r umg\u00e5s man med dem p\u00e5 deras villkor, vilket \u00e4r mycket positivt. H\u00e4r tr\u00e4ffar du leoparder, lejon, zebror och andra arter som verkligen m\u00e5r bra och njuter sin tillvaro!<br \/>\nEn trevlig utflyktsaktivitet kan vara att bes\u00f6ka det tidigare palatset <em>Mtoni Palace<\/em> d\u00e4r du f\u00e5r en guidad rundtur i det tidigare palatsets ruiner och avslutar dagen med en st\u00e4mningsfull musik- och dansf\u00f6rest\u00e4llning samt en grillbuff\u00e9 med drycker till.<br \/>\n<em>Changuu\/Prison Island<\/em> har en mindre roligt historia, men \u00e4r idag ett popul\u00e4rt utflyktsm\u00e5l f\u00f6r turister. H\u00e4r kan man se och \u00e4ven mata havssk\u00f6ldpaddor och snorklingen h\u00e4r \u00e4r enast\u00e5ende!<br \/>\n<em>Zanzibar Quad Adventure<\/em> \u00e4r ett fantastiskt trevligt och intressant s\u00e4tt att med fyrhjuling f\u00e5 uppleva hur lokalbefolkningen lever, bor och f\u00f6rs\u00f6rjer sig. H\u00e4r f\u00e5r du insikt i jordbruk, odling och folkets historia samt hur vardagen p\u00e5 \u00f6n kan se ut!<br \/>\nVarf\u00f6r inte utnyttja ridkunskaperna och njuta av en ridtur l\u00e4ngs stranden, i vattnet eller i omgivningen. En naturupplevelse och frihetsk\u00e4nsla som du ordnar genom <em>Maisha Mazuri Horse Riding Club<\/em>.<\/p>\n<p class=\"western\">P\u00e5 eller i n\u00e4rheten av de flesta av v\u00e5ra hotell finner du m\u00f6jligheter f\u00f6r snorkling och dykning som h\u00e4r \u00e4r av yppersta klass. Fr\u00e5ga g\u00e4rna p\u00e5 ditt hotell om hur du ordnar dessa aktiviteter b\u00e4st.<\/p>\n<p class=\"western\"><strong>Historia<br \/>\n<\/strong>Zanzibar har Bantufolket som ursprungsbefolkning och har sedan 900-talet d\u00e5 \u00f6arna \u00e4ven befolkades av Perser, skapat ett folk som kallas Shirazi. Shirazifolket har haft en stor roll i b\u00e5de handel och kultur i \u00d6stafrika och i de Swahilitalande l\u00e4nderna. Den starka influensen av Perser var extra stark med inv\u00e5nare fr\u00e5n Oman. Sultanen tog \u00f6ver styret h\u00e4r och utvecklade med tiden en stark och framg\u00e5ngsrik handel med kryddor, vilket ocks\u00e5 utvecklade en stor och omfattande slavhandel d\u00e4r man h\u00e4mtade arbetskraften fr\u00e5n det afrikanska fastlandet.<br \/>\nOmkring 1860 f\u00f6rklarades Zanzibar sj\u00e4lvst\u00e4ndigt och \u00f6ppnade upp f\u00f6r v\u00e4sterl\u00e4ndska influenser och kontakter. 1890 f\u00f6rklarades Zanzibar av Storbritannien som ett protektorat och slavhandeln kunde samtidigt avskaffas. Zanzibar blev sj\u00e4lvst\u00e4ndigt 1963 men tillh\u00f6r idag Tanzania med ett delvis eget sj\u00e4lvstyre med egen konstitution, parlament, regering och president.<\/p>\n<p class=\"western\"><strong>Yta<\/strong><br \/>\n1666 kvadratkilometer<\/p>\n<p class=\"western\"><strong>Inv\u00e5nare<\/strong><br \/>\nca 800 000<\/p>\n<p class=\"western\"><strong>Spr\u00e5k<\/strong><br \/>\nSwahili och engelska.<\/p>\n<p class=\"western\"><strong>Huvudstad<\/strong><br \/>\nZanzibar City.<br \/>\nTanzania: Dar es Salaam\/Dodoma<\/p>\n<p class=\"western\"><strong>Klimat<\/strong><br \/>\nTropiskt klimat med en dagstemperatur mellan 27 och 32 grader \u00f6ver hela \u00e5ret. Det f\u00f6rekommer tv\u00e5 regnperioder d\u00e4r den ena infaller mars-maj och den andra i november och december. Under regnperioderna faller nederb\u00f6rden mer intensivt, men ger \u00e4nd\u00e5 ett flertal soltimmar per dag. Under torrperioderna f\u00f6rekommer ocks\u00e5 regn, men i regel som kortare skurar. \u00d6ver \u00e5ret \u00e4r antalet soltimmar per dag 7-9. Vattentemperaturen h\u00e5ller alltid \u00f6ver 25 grader.<\/p>\n<p class=\"western\"><strong>Valuta<\/strong><br \/>\nTanzanian shilling (TZS). USD \u00e4r g\u00e5ngbart.<\/p>\n<p class=\"western\"><strong>Kreditkort<\/strong><br \/>\nDe vanliga\/st\u00f6rre kreditkorten fungerar p\u00e5 hotellen.<\/p>\n<p class=\"western\"><strong>Dricks<\/strong><br \/>\nR\u00e4kna med 5-10% som l\u00e4mplig dricks vid restaurangbes\u00f6k. F\u00f6r \u00f6vriga tj\u00e4nster som t ex v\u00e4skb\u00e4rare eller guider, l\u00e4mnas en i sammanhanget l\u00e4mplig slant kontant. Dricks f\u00f6r taxi med fast taxa, 10% (unders\u00f6k f\u00f6rst om fast eller f\u00f6rhandlingsbara tariffer g\u00e4ller).<\/p>\n<p class=\"western\"><strong>Tidsskillnad<\/strong><br \/>\n+2 timmar under vinterhalv\u00e5ret och +1 timme under sommarhalv\u00e5ret, j\u00e4mf\u00f6rt med svensk tid.<\/p>\n<p class=\"western\"><strong>V\u00e4gar, trafik<\/strong><br \/>\nH\u00e4r finns begr\u00e4nsade m\u00f6jligheter till hyrbil. Busslinjer finns, men r\u00e4kna inte med den punktlighet och komfort vi har h\u00e4r hemma.<\/p>\n<p class=\"western\"><strong>Elektricitet<\/strong><br \/>\n240 V. Internationell adapter \u00e4r bra att ta med sig.<\/p>\n<p class=\"western\"><strong>Lagar och lokala v\u00e4rderingar<\/strong><br \/>\nT\u00e4nk p\u00e5 att en stor del av befolkningen \u00e4r muslimer. F\u00f6r att visa respekt f\u00f6r lokala f\u00f6rh\u00e5llanden, rekommenderas du att vara relativt \u201dkl\u00e4dd\u201d med t\u00e4ckta axlar och ner till kn\u00e4na i allm\u00e4nna sammanhang. Att sola\/bada topless eller utan kl\u00e4der \u00e4r inte accepterat h\u00e4r.<br \/>\nVarje resen\u00e4r\/bes\u00f6kare har ansvar f\u00f6r att f\u00f6rvissa sig om aktuella f\u00f6rh\u00e5llningsregler och v\u00e4rderingar som ofta kan skilja sig en del mot vad vi \u00e4r vana vid. Vi rekommenderar dig att l\u00e4sa mer om regler, seder och bruk p\u00e5 respektive lands hemsida, samt \u00e4ven p\u00e5 Utrikesdepartementets hemsida med information om resor till utlandet. Dels \u00e4r det sk\u00f6nt att slippa otrevliga \u00f6verraskningar p\u00e5 plats &#8211; dessutom drar du dig l\u00e4rdom av landets kultur och traditioner.<\/p>\n<\/div><\/section><\/div>\n<style type=\"text\/css\" data-created_by=\"avia_inline_auto\" id=\"style-css-av-av_hr-0688d0b0b6ed2f8b057db7a8270206df\">\n#top .hr.hr-invisible.av-av_hr-0688d0b0b6ed2f8b057db7a8270206df{\nheight:50px;\n}\n<\/style>\n<div  class='hr av-av_hr-0688d0b0b6ed2f8b057db7a8270206df hr-invisible  avia-builder-el-7  el_after_av_one_full  el_before_av_one_half '><span class='hr-inner '><span class=\"hr-inner-style\"><\/span><\/span><\/div>\n<div class='flex_column_table av-av_one_half-eb22d586db4aa8536998fa6076f87d77 sc-av_one_half av-equal-height-column-flextable'>\n<style type=\"text\/css\" data-created_by=\"avia_inline_auto\" id=\"style-css-av-av_one_half-eb22d586db4aa8536998fa6076f87d77\">\n.flex_column.av-av_one_half-eb22d586db4aa8536998fa6076f87d77{\nborder-radius:0px 0px 0px 0px;\npadding:20px 20px 20px 20px;\nbackground-color:#f7f7f7;\n}\n<\/style>\n<div  class='flex_column av-av_one_half-eb22d586db4aa8536998fa6076f87d77 av_one_half  avia-builder-el-8  el_after_av_hr  el_before_av_one_half  first flex_column_table_cell av-equal-height-column av-align-top  '     ><p>\n<style type=\"text\/css\" data-created_by=\"avia_inline_auto\" id=\"style-css-av-av_heading-5e1bb4e2c977e97b14645873cdebaa13\">\n#top .av-special-heading.av-av_heading-5e1bb4e2c977e97b14645873cdebaa13{\npadding-bottom:10px;\n}\nbody .av-special-heading.av-av_heading-5e1bb4e2c977e97b14645873cdebaa13 .av-special-heading-tag .heading-char{\nfont-size:25px;\n}\n.av-special-heading.av-av_heading-5e1bb4e2c977e97b14645873cdebaa13 .av-subheading{\nfont-size:15px;\n}\n<\/style>\n<div  class='av-special-heading av-av_heading-5e1bb4e2c977e97b14645873cdebaa13 av-special-heading-h3  avia-builder-el-9  el_before_av_iconlist  avia-builder-el-first '><h3 class='av-special-heading-tag '  itemprop=\"headline\"  >Fakta<\/h3><div class=\"special-heading-border\"><div class=\"special-heading-inner-border\"><\/div><\/div><\/div><br \/>\n\n<style type=\"text\/css\" data-created_by=\"avia_inline_auto\" id=\"style-css-av-av_iconlist-999a2d681d06b0992925b5a008e74484\">\n#top .avia-icon-list-container.av-av_iconlist-999a2d681d06b0992925b5a008e74484 .iconlist_icon{\ncolor:#3a3a3a;\nbackground-color:#f7f7f7;\nborder:1px solid #3a3a3a;\n}\n<\/style>\n<div  class='avia-icon-list-container av-av_iconlist-999a2d681d06b0992925b5a008e74484  avia-builder-el-10  el_after_av_heading  avia-builder-el-last '><ul class='avia-icon-list avia_animate_when_almost_visible avia-icon-list-left av-iconlist-big av-av_iconlist-999a2d681d06b0992925b5a008e74484 avia-iconlist-animate'>\n<li><div class='iconlist_icon av-av_iconlist_item-39b279e8171f6829e56095a29a82e327 avia-font-entypo-fontello'><span class='iconlist-char' aria-hidden='true' data-av_icon='\ue84d' data-av_iconfont='entypo-fontello'><\/span><\/div><article class=\"article-icon-entry \"  itemscope=\"itemscope\" itemtype=\"https:\/\/schema.org\/CreativeWork\" ><div class=\"iconlist_content_wrap\"><header class=\"entry-content-header\" aria-label=\"Icon: Visum\"><h4 class='av_iconlist_title iconlist_title  '  itemprop=\"headline\" >Visum<\/h4><\/header><div class='iconlist_content '  itemprop=\"text\" ><p><em>Visum kr\u00e4vs och kostnad (ca 50 USD) erl\u00e4ggs i samband med ankomsten p\u00e5 flygplatsen.<br \/>\n<\/em><\/p>\n<\/div><\/div><footer class=\"entry-footer\"><\/footer><\/article><div class=\"iconlist-timeline\"><\/div><\/li>\n<li><div class='iconlist_icon av-av_iconlist_item-e2f1d09a1cbbc00a097234998041fc3d avia-font-entypo-fontello'><span class='iconlist-char' aria-hidden='true' data-av_icon='\ue8cf' data-av_iconfont='entypo-fontello'><\/span><\/div><article class=\"article-icon-entry \"  itemscope=\"itemscope\" itemtype=\"https:\/\/schema.org\/CreativeWork\" ><div class=\"iconlist_content_wrap\"><header class=\"entry-content-header\" aria-label=\"Icon: Valuta\"><h4 class='av_iconlist_title iconlist_title  '  itemprop=\"headline\" >Valuta<\/h4><\/header><div class='iconlist_content '  itemprop=\"text\" ><p><em>Valuta: Tanzanian Shilling (TZS). US Dollar kan ocks\u00e5 anv\u00e4ndas.<br \/>\n<\/em><\/p>\n<\/div><\/div><footer class=\"entry-footer\"><\/footer><\/article><div class=\"iconlist-timeline\"><\/div><\/li>\n<li><div class='iconlist_icon av-av_iconlist_item-8d5312078593b0174c29e7a8047add13 avia-font-entypo-fontello'><span class='iconlist-char' aria-hidden='true' data-av_icon='\ue866' data-av_iconfont='entypo-fontello'><\/span><\/div><article class=\"article-icon-entry \"  itemscope=\"itemscope\" itemtype=\"https:\/\/schema.org\/CreativeWork\" ><div class=\"iconlist_content_wrap\"><header class=\"entry-content-header\" aria-label=\"Icon: Klimat\"><h4 class='av_iconlist_title iconlist_title  '  itemprop=\"headline\" >Klimat<\/h4><\/header><div class='iconlist_content '  itemprop=\"text\" ><p><em>Klimat: Tropiskt klimat med 27-31 graders dagstemperatur \u00e5ret runt. Vattentemperatur omkring 27 grader. Regnperioder november-december och mars-maj med mer regelbunden nederb\u00f6rd. Oavsett regnperiod, 7-9 soltimmar per dag.<br \/>\n<\/em><\/p>\n<\/div><\/div><footer class=\"entry-footer\"><\/footer><\/article><div class=\"iconlist-timeline\"><\/div><\/li>\n<\/ul><\/div><\/p><\/div><div class='av-flex-placeholder'><\/div>\n<style type=\"text\/css\" data-created_by=\"avia_inline_auto\" id=\"style-css-av-av_one_half-c99897e014b6ac50785e16af58e9b83d\">\n.flex_column.av-av_one_half-c99897e014b6ac50785e16af58e9b83d{\nborder-radius:0px 0px 0px 0px;\npadding:20px 20px 20px 20px;\nbackground-color:#f7f7f7;\n}\n<\/style>\n<div  class='flex_column av-av_one_half-c99897e014b6ac50785e16af58e9b83d av_one_half  avia-builder-el-11  el_after_av_one_half  el_before_av_hr  flex_column_table_cell av-equal-height-column av-align-top  '     ><p>\n<style type=\"text\/css\" data-created_by=\"avia_inline_auto\" id=\"style-css-av-av_heading-a8f60ef72849b8b0cf4d08e012dead90\">\n#top .av-special-heading.av-av_heading-a8f60ef72849b8b0cf4d08e012dead90{\npadding-bottom:10px;\n}\nbody .av-special-heading.av-av_heading-a8f60ef72849b8b0cf4d08e012dead90 .av-special-heading-tag .heading-char{\nfont-size:25px;\n}\n.av-special-heading.av-av_heading-a8f60ef72849b8b0cf4d08e012dead90 .av-subheading{\nfont-size:15px;\n}\n<\/style>\n<div  class='av-special-heading av-av_heading-a8f60ef72849b8b0cf4d08e012dead90 av-special-heading-h3  avia-builder-el-12  el_before_av_sidebar  avia-builder-el-first '><h3 class='av-special-heading-tag '  itemprop=\"headline\"  >V\u00e4der<\/h3><div class=\"special-heading-border\"><div class=\"special-heading-inner-border\"><\/div><\/div><\/div><br \/>\n<div  class='avia-builder-widget-area clearfix  avia-builder-el-13  el_after_av_heading  avia-builder-el-last '><div id=\"weer_widget-23\" class=\"widget clearfix weer_widget\">\n        <div id=\"\"\n             class=\"weather_widget_wrap weer-widget weather_widget_style1\"\n             data-text-color='#000000'\n             data-background=\"#f7f7f7\"\n             data-width=\"100\"\n             data-header=\"\"\n             data-days=\"3\"\n             data-sunrise=\"false\"\n             data-wind=\"false\"\n             data-current=\"on\"\n             data-language=\"english\"\n             data-city=\"Zanzibar\"\n             data-country=\"Tanzania\">\n\n            <div class=\"weather_widget_placeholder\"><\/div>\n            <div style=\"font-size: 14px;text-align: center;padding-top: 6px;padding-bottom: 4px;background: rgba(0,0,0,0.03);\">\n                Powered by <a target=\"_blank\" href=\"https:\/\/www.weer1.com\">Weer1.com<\/a>\n            <\/div>\n        <\/div>\n        <\/div><\/div><\/p><\/div><\/div><!--close column table wrapper. Autoclose: 1 -->\n<style type=\"text\/css\" data-created_by=\"avia_inline_auto\" id=\"style-css-av-av_hr-0688d0b0b6ed2f8b057db7a8270206df\">\n#top .hr.hr-invisible.av-av_hr-0688d0b0b6ed2f8b057db7a8270206df{\nheight:50px;\n}\n<\/style>\n<div  class='hr av-av_hr-0688d0b0b6ed2f8b057db7a8270206df hr-invisible  avia-builder-el-14  el_after_av_one_half  avia-builder-el-last '><span class='hr-inner '><span class=\"hr-inner-style\"><\/span><\/span><\/div>\n\n","protected":false},"excerpt":{"rendered":"","protected":false},"author":2,"featured_media":0,"parent":0,"menu_order":0,"comment_status":"closed","ping_status":"closed","template":"","meta":{"_vp_format_video_url":"","_vp_image_focal_point":[],"footnotes":""},"class_list":["post-25430","page","type-page","status-publish","hentry"],"_links":{"self":[{"href":"https:\/\/www.goinstyle.se\/zanzibar\/wp-json\/wp\/v2\/pages\/25430","targetHints":{"allow":["GET"]}}],"collection":[{"href":"https:\/\/www.goinstyle.se\/zanzibar\/wp-json\/wp\/v2\/pages"}],"about":[{"href":"https:\/\/www.goinstyle.se\/zanzibar\/wp-json\/wp\/v2\/types\/page"}],"author":[{"embeddable":true,"href":"https:\/\/www.goinstyle.se\/zanzibar\/wp-json\/wp\/v2\/users\/2"}],"replies":[{"embeddable":true,"href":"https:\/\/www.goinstyle.se\/zanzibar\/wp-json\/wp\/v2\/comments?post=25430"}],"version-history":[{"count":9,"href":"https:\/\/www.goinstyle.se\/zanzibar\/wp-json\/wp\/v2\/pages\/25430\/revisions"}],"predecessor-version":[{"id":33357,"href":"https:\/\/www.goinstyle.se\/zanzibar\/wp-json\/wp\/v2\/pages\/25430\/revisions\/33357"}],"wp:attachment":[{"href":"https:\/\/www.goinstyle.se\/zanzibar\/wp-json\/wp\/v2\/media?parent=25430"}],"curies":[{"name":"wp","href":"https:\/\/api.w.org\/{rel}","templated":true}]}}